{"id":570,"date":"2023-02-08T09:37:09","date_gmt":"2023-02-08T08:37:09","guid":{"rendered":"https:\/\/cpcms.fr\/2022\/?page_id=570"},"modified":"2023-03-21T17:31:03","modified_gmt":"2023-03-21T16:31:03","slug":"stages","status":"publish","type":"page","link":"https:\/\/cpcms.fr\/2022\/stages\/","title":{"rendered":"Stages"},"content":{"rendered":"\t\t<div data-elementor-type=\"wp-page\" data-elementor-id=\"570\" class=\"elementor elementor-570\" data-elementor-post-type=\"page\">\n\t\t\t\t\t\t<section class=\"elementor-section elementor-top-section elementor-element elementor-element-6a9fdb9 elementor-section-boxed elementor-section-height-default elementor-section-height-default\" data-id=\"6a9fdb9\" data-element_type=\"section\">\n\t\t\t\t\t\t<div class=\"elementor-container elementor-column-gap-default\">\n\t\t\t\t\t<div class=\"elementor-column elementor-col-100 elementor-top-column elementor-element elementor-element-fbec5f5\" data-id=\"fbec5f5\" data-element_type=\"column\" data-settings=\"{&quot;background_background&quot;:&quot;classic&quot;}\">\n\t\t\t<div class=\"elementor-widget-wrap elementor-element-populated\">\n\t\t\t\t\t\t<div class=\"elementor-element elementor-element-5c8f62e elementor-widget elementor-widget-text-editor\" data-id=\"5c8f62e\" data-element_type=\"widget\" data-widget_type=\"text-editor.default\">\n\t\t\t\t<div class=\"elementor-widget-container\">\n\t\t\t\t\t\t\t\t\t<p><strong>Les ma\u00eetres de stage agr\u00e9\u00e9s<\/strong><\/p>\t\t\t\t\t\t\t\t<\/div>\n\t\t\t\t<\/div>\n\t\t\t\t\t<\/div>\n\t\t<\/div>\n\t\t\t\t\t<\/div>\n\t\t<\/section>\n\t\t\t\t<section class=\"elementor-section elementor-top-section elementor-element elementor-element-53e0294 elementor-section-boxed elementor-section-height-default elementor-section-height-default\" data-id=\"53e0294\" data-element_type=\"section\">\n\t\t\t\t\t\t<div class=\"elementor-container elementor-column-gap-default\">\n\t\t\t\t\t<div class=\"elementor-column elementor-col-100 elementor-top-column elementor-element elementor-element-5830c70\" data-id=\"5830c70\" data-element_type=\"column\">\n\t\t\t<div class=\"elementor-widget-wrap elementor-element-populated\">\n\t\t\t\t\t\t<div class=\"elementor-element elementor-element-c288b7f elementor-widget elementor-widget-text-editor\" data-id=\"c288b7f\" data-element_type=\"widget\" data-widget_type=\"text-editor.default\">\n\t\t\t\t<div class=\"elementor-widget-container\">\n\t\t\t\t\t\t\t\t\t<p>La liste des ma\u00eetres de stage de votre r\u00e9gion est disponible aupr\u00e8s de votre facult\u00e9.<\/p><p>Une<strong>\u00a0<a href=\"http:\/\/www.ordre.pharmacien.fr\/Nos-missions\/Le-role-de-l-Ordre-dans-les-missions-de-sante-publique\/Les-maitres-de-stage\/Cartographie-des-maitres-de-stage\">cartographie des ma\u00eetres de stage de m\u00e9tropole et des d\u00e9partements et collectivit\u00e9s d\u2019Outre-mer*<\/a><\/strong><strong>\u00a0<\/strong>est disponible sur le site du CNOP<strong>.<\/strong><\/p><p><em>* Guadeloupe, Martinique, Guyane, R\u00e9union, Mayotte, Saint-Pierre-Et-Miquelon et Wallis-Et-Futuna<\/em><\/p><p><strong>Cas particuliers<\/strong><\/p><p>Pour conna\u00eetre les ma\u00eetres de stage agr\u00e9\u00e9s en\u00a0<strong>Polyn\u00e9sie fran\u00e7aise\u00a0<\/strong>ou<strong>\u00a0Nouvelle-Cal\u00e9donie,<\/strong>\u00a0nous vous invitons \u00e0 contacter les Ordres locaux.<\/p><p>Polyn\u00e9sie fran\u00e7aise :\u00a0<a href=\"https:\/\/www.ordre-pharmaciens-polynesie.com\/\">Ordre des pharmaciens de Polyn\u00e9sie fran\u00e7aise<\/a><\/p><p>Nouvelle-Cal\u00e9donie :\u00a0<a href=\"https:\/\/www.copnc.nc\/\">Ordre des pharmaciens de Nouvelle-Cal\u00e9donie<\/a><\/p><p>Pour conna\u00eetre les\u00a0<strong>ma\u00eetres de stage agr\u00e9\u00e9s hors de France<\/strong>, nous vous invitons \u00e0 vous rapprocher de votre UFR de pharmacie.<\/p>\t\t\t\t\t\t\t\t<\/div>\n\t\t\t\t<\/div>\n\t\t\t\t\t<\/div>\n\t\t<\/div>\n\t\t\t\t\t<\/div>\n\t\t<\/section>\n\t\t\t\t<section class=\"elementor-section elementor-top-section elementor-element elementor-element-c163d47 elementor-section-boxed elementor-section-height-default elementor-section-height-default\" data-id=\"c163d47\" data-element_type=\"section\">\n\t\t\t\t\t\t<div class=\"elementor-container elementor-column-gap-default\">\n\t\t\t\t\t<div class=\"elementor-column elementor-col-100 elementor-top-column elementor-element elementor-element-8e21672\" data-id=\"8e21672\" data-element_type=\"column\" data-settings=\"{&quot;background_background&quot;:&quot;classic&quot;}\">\n\t\t\t<div class=\"elementor-widget-wrap elementor-element-populated\">\n\t\t\t\t\t\t<div class=\"elementor-element elementor-element-5cc3602 elementor-widget elementor-widget-text-editor\" data-id=\"5cc3602\" data-element_type=\"widget\" data-widget_type=\"text-editor.default\">\n\t\t\t\t<div class=\"elementor-widget-container\">\n\t\t\t\t\t\t\t\t\t<p><strong>Devenir ma\u00eetre de stage<\/strong><\/p>\t\t\t\t\t\t\t\t<\/div>\n\t\t\t\t<\/div>\n\t\t\t\t\t<\/div>\n\t\t<\/div>\n\t\t\t\t\t<\/div>\n\t\t<\/section>\n\t\t\t\t<section class=\"elementor-section elementor-top-section elementor-element elementor-element-e24f4c5 elementor-section-boxed elementor-section-height-default elementor-section-height-default\" data-id=\"e24f4c5\" data-element_type=\"section\">\n\t\t\t\t\t\t<div class=\"elementor-container elementor-column-gap-default\">\n\t\t\t\t\t<div class=\"elementor-column elementor-col-100 elementor-top-column elementor-element elementor-element-d363a7b\" data-id=\"d363a7b\" data-element_type=\"column\">\n\t\t\t<div class=\"elementor-widget-wrap elementor-element-populated\">\n\t\t\t\t\t\t<div class=\"elementor-element elementor-element-1f957ee elementor-widget elementor-widget-text-editor\" data-id=\"1f957ee\" data-element_type=\"widget\" data-widget_type=\"text-editor.default\">\n\t\t\t\t<div class=\"elementor-widget-container\">\n\t\t\t\t\t\t\t\t\t<p>Les pharmaciens sont agr\u00e9\u00e9s ma\u00eetres de stage par d\u00e9cision du directeur de l\u2019UFR dispensant des formations pharmaceutiques.<\/p><p><strong>La demande d\u2019agr\u00e9ment est donc adress\u00e9e par le pharmacien \u00e0 la Facult\u00e9 de pharmacie.<\/strong><\/p><p>L\u2019agr\u00e9ment doit \u00eatre renouvel\u00e9 tous les cinq ans, il est r\u00e9vocable par d\u00e9cision motiv\u00e9e du directeur de l\u2019unit\u00e9 de formation et de recherche dispensant des formations pharmaceutiques.<\/p><p>Le ma\u00eetre de stage doit signer\u00a0<strong>charte d\u2019engagement \u00a0(\u00a0<a href=\"http:\/\/cpcms.fr\/wp-content\/uploads\/2015\/03\/PROJET-CHARTE-DENGAGEMENT-DU-PHARMACIEN-MAITRE-DE-STAGE-1er-MARS-2021.pdf\">PROJET CHARTE D\u2019ENGAGEMENT DU PHARMACIEN MA\u00ceTRE DE STAGE- 1er MARS 2021<\/a>)\u00a0<\/strong>ainsi qu\u2019un contrat p\u00e9dagogique avec le directeur de l\u2019unit\u00e9 de formation et de recherche dispensant des formations pharmaceutiques, lequel fixera les objectifs p\u00e9dagogiques ainsi que les modalit\u00e9s pratiques du stage.<\/p>\t\t\t\t\t\t\t\t<\/div>\n\t\t\t\t<\/div>\n\t\t\t\t\t<\/div>\n\t\t<\/div>\n\t\t\t\t\t<\/div>\n\t\t<\/section>\n\t\t\t\t<section class=\"elementor-section elementor-top-section elementor-element elementor-element-781a31e elementor-section-boxed elementor-section-height-default elementor-section-height-default\" data-id=\"781a31e\" data-element_type=\"section\">\n\t\t\t\t\t\t<div class=\"elementor-container elementor-column-gap-default\">\n\t\t\t\t\t<div class=\"elementor-column elementor-col-100 elementor-top-column elementor-element elementor-element-fe1dd5e\" data-id=\"fe1dd5e\" data-element_type=\"column\">\n\t\t\t<div class=\"elementor-widget-wrap\">\n\t\t\t\t\t\t\t<\/div>\n\t\t<\/div>\n\t\t\t\t\t<\/div>\n\t\t<\/section>\n\t\t\t\t<section class=\"elementor-section elementor-top-section elementor-element elementor-element-d90cfc5 elementor-section-boxed elementor-section-height-default elementor-section-height-default\" data-id=\"d90cfc5\" data-element_type=\"section\">\n\t\t\t\t\t\t<div class=\"elementor-container elementor-column-gap-default\">\n\t\t\t\t\t<div class=\"elementor-column elementor-col-100 elementor-top-column elementor-element elementor-element-c9f937f\" data-id=\"c9f937f\" data-element_type=\"column\" data-settings=\"{&quot;background_background&quot;:&quot;classic&quot;}\">\n\t\t\t<div class=\"elementor-widget-wrap elementor-element-populated\">\n\t\t\t\t\t\t<div class=\"elementor-element elementor-element-f34bea0 elementor-widget elementor-widget-text-editor\" data-id=\"f34bea0\" data-element_type=\"widget\" data-widget_type=\"text-editor.default\">\n\t\t\t\t<div class=\"elementor-widget-container\">\n\t\t\t\t\t\t\t\t\t<p><strong>Qui peut \u00eatre agr\u00e9\u00e9 \u00ab\u00a0ma\u00eetre de stage\u00a0\u00bb ?<\/strong><\/p>\t\t\t\t\t\t\t\t<\/div>\n\t\t\t\t<\/div>\n\t\t\t\t\t<\/div>\n\t\t<\/div>\n\t\t\t\t\t<\/div>\n\t\t<\/section>\n\t\t\t\t<section class=\"elementor-section elementor-top-section elementor-element elementor-element-e19c285 elementor-section-boxed elementor-section-height-default elementor-section-height-default\" data-id=\"e19c285\" data-element_type=\"section\">\n\t\t\t\t\t\t<div class=\"elementor-container elementor-column-gap-default\">\n\t\t\t\t\t<div class=\"elementor-column elementor-col-100 elementor-top-column elementor-element elementor-element-1c46cc1\" data-id=\"1c46cc1\" data-element_type=\"column\">\n\t\t\t<div class=\"elementor-widget-wrap elementor-element-populated\">\n\t\t\t\t\t\t<div class=\"elementor-element elementor-element-a2a29da elementor-widget elementor-widget-text-editor\" data-id=\"a2a29da\" data-element_type=\"widget\" data-widget_type=\"text-editor.default\">\n\t\t\t\t<div class=\"elementor-widget-container\">\n\t\t\t\t\t\t\t\t\t<p><span>Peuvent \u00eatre agr\u00e9\u00e9s \u00ab\u00a0ma\u00eetres de stage\u00a0\u00bb les pharmaciens titulaires d\u2019une officine ouverte au public et\u00a0les pharmaciens g\u00e9rants des pharmacies mutualistes ou des pharmacies de soci\u00e9t\u00e9 de secours mini\u00e8res.<\/span><\/p>\t\t\t\t\t\t\t\t<\/div>\n\t\t\t\t<\/div>\n\t\t\t\t<div class=\"elementor-element elementor-element-232a183 elementor-widget elementor-widget-image\" data-id=\"232a183\" data-element_type=\"widget\" data-widget_type=\"image.default\">\n\t\t\t\t<div class=\"elementor-widget-container\">\n\t\t\t\t\t\t\t\t\t\t\t\t\t\t\t<img fetchpriority=\"high\" decoding=\"async\" width=\"1600\" height=\"600\" src=\"https:\/\/cpcms.fr\/2022\/wp-content\/uploads\/2023\/03\/stage-officine-1.jpg\" class=\"attachment-full size-full wp-image-1688\" alt=\"\" srcset=\"https:\/\/cpcms.fr\/2022\/wp-content\/uploads\/2023\/03\/stage-officine-1.jpg 1600w, https:\/\/cpcms.fr\/2022\/wp-content\/uploads\/2023\/03\/stage-officine-1-300x113.jpg 300w, https:\/\/cpcms.fr\/2022\/wp-content\/uploads\/2023\/03\/stage-officine-1-1024x384.jpg 1024w, https:\/\/cpcms.fr\/2022\/wp-content\/uploads\/2023\/03\/stage-officine-1-768x288.jpg 768w, https:\/\/cpcms.fr\/2022\/wp-content\/uploads\/2023\/03\/stage-officine-1-50x19.jpg 50w, https:\/\/cpcms.fr\/2022\/wp-content\/uploads\/2023\/03\/stage-officine-1-1536x576.jpg 1536w\" sizes=\"(max-width: 1600px) 100vw, 1600px\" \/>\t\t\t\t\t\t\t\t\t\t\t\t\t\t\t<\/div>\n\t\t\t\t<\/div>\n\t\t\t\t\t<\/div>\n\t\t<\/div>\n\t\t\t\t\t<\/div>\n\t\t<\/section>\n\t\t\t\t<section class=\"elementor-section elementor-top-section elementor-element elementor-element-c98e410 elementor-section-boxed elementor-section-height-default elementor-section-height-default\" data-id=\"c98e410\" data-element_type=\"section\">\n\t\t\t\t\t\t<div class=\"elementor-container elementor-column-gap-default\">\n\t\t\t\t\t<div class=\"elementor-column elementor-col-100 elementor-top-column elementor-element elementor-element-3a8d0c3\" data-id=\"3a8d0c3\" data-element_type=\"column\" data-settings=\"{&quot;background_background&quot;:&quot;classic&quot;}\">\n\t\t\t<div class=\"elementor-widget-wrap elementor-element-populated\">\n\t\t\t\t\t\t<div class=\"elementor-element elementor-element-ffa5fa8 elementor-widget elementor-widget-text-editor\" data-id=\"ffa5fa8\" data-element_type=\"widget\" data-widget_type=\"text-editor.default\">\n\t\t\t\t<div class=\"elementor-widget-container\">\n\t\t\t\t\t\t\t\t\t<p><strong>Quelles sont les conditions d\u2019exp\u00e9rience ?<\/strong><\/p>\t\t\t\t\t\t\t\t<\/div>\n\t\t\t\t<\/div>\n\t\t\t\t\t<\/div>\n\t\t<\/div>\n\t\t\t\t\t<\/div>\n\t\t<\/section>\n\t\t\t\t<section class=\"elementor-section elementor-top-section elementor-element elementor-element-e95d234 elementor-section-boxed elementor-section-height-default elementor-section-height-default\" data-id=\"e95d234\" data-element_type=\"section\">\n\t\t\t\t\t\t<div class=\"elementor-container elementor-column-gap-default\">\n\t\t\t\t\t<div class=\"elementor-column elementor-col-100 elementor-top-column elementor-element elementor-element-29acfee\" data-id=\"29acfee\" data-element_type=\"column\">\n\t\t\t<div class=\"elementor-widget-wrap elementor-element-populated\">\n\t\t\t\t\t\t<div class=\"elementor-element elementor-element-8878846 elementor-widget elementor-widget-text-editor\" data-id=\"8878846\" data-element_type=\"widget\" data-widget_type=\"text-editor.default\">\n\t\t\t\t<div class=\"elementor-widget-container\">\n\t\t\t\t\t\t\t\t\t<p>Ils doivent justifier de cinq ann\u00e9es d\u2019exercice officinal dont deux ann\u00e9es au moins en tant que titulaires ou pharmaciens g\u00e9rants de pharmacies mutualistes ou de pharmacies de soci\u00e9t\u00e9s de secours mini\u00e8res.<\/p>\t\t\t\t\t\t\t\t<\/div>\n\t\t\t\t<\/div>\n\t\t\t\t\t<\/div>\n\t\t<\/div>\n\t\t\t\t\t<\/div>\n\t\t<\/section>\n\t\t\t\t<section class=\"elementor-section elementor-top-section elementor-element elementor-element-4894f7a elementor-section-boxed elementor-section-height-default elementor-section-height-default\" data-id=\"4894f7a\" data-element_type=\"section\">\n\t\t\t\t\t\t<div class=\"elementor-container elementor-column-gap-default\">\n\t\t\t\t\t<div class=\"elementor-column elementor-col-100 elementor-top-column elementor-element elementor-element-837aa1b\" data-id=\"837aa1b\" data-element_type=\"column\" data-settings=\"{&quot;background_background&quot;:&quot;classic&quot;}\">\n\t\t\t<div class=\"elementor-widget-wrap elementor-element-populated\">\n\t\t\t\t\t\t<div class=\"elementor-element elementor-element-43944c2 elementor-widget elementor-widget-text-editor\" data-id=\"43944c2\" data-element_type=\"widget\" data-widget_type=\"text-editor.default\">\n\t\t\t\t<div class=\"elementor-widget-container\">\n\t\t\t\t\t\t\t\t\t<strong>R\u00f4le du conseil de l\u2019Ordre des pharmaciens dans l\u2019agr\u00e9ment :<\/strong>\t\t\t\t\t\t\t\t<\/div>\n\t\t\t\t<\/div>\n\t\t\t\t\t<\/div>\n\t\t<\/div>\n\t\t\t\t\t<\/div>\n\t\t<\/section>\n\t\t\t\t<section class=\"elementor-section elementor-top-section elementor-element elementor-element-e90945e elementor-section-boxed elementor-section-height-default elementor-section-height-default\" data-id=\"e90945e\" data-element_type=\"section\">\n\t\t\t\t\t\t<div class=\"elementor-container elementor-column-gap-default\">\n\t\t\t\t\t<div class=\"elementor-column elementor-col-100 elementor-top-column elementor-element elementor-element-a2f766d\" data-id=\"a2f766d\" data-element_type=\"column\">\n\t\t\t<div class=\"elementor-widget-wrap elementor-element-populated\">\n\t\t\t\t\t\t<div class=\"elementor-element elementor-element-064e304 elementor-widget elementor-widget-text-editor\" data-id=\"064e304\" data-element_type=\"widget\" data-widget_type=\"text-editor.default\">\n\t\t\t\t<div class=\"elementor-widget-container\">\n\t\t\t\t\t\t\t\t\t<p style=\"font-size: 14px;\">Le conseil de l\u2019Ordre des pharmaciens dont rel\u00e8ve le demandeur\u00a0<strong>donne un avis sur la demande d\u2019agr\u00e9ment qu\u2019il transmet au directeur de l\u2019UFR de pharmacie.\u00a0<\/strong>Il\u00a0fonde notamment son\u00a0analyse sur l\u2019exp\u00e9rience professionnelle requise, la moralit\u00e9 professionnelle et l\u2019actualisation des connaissances.<\/p><p style=\"font-size: 14px;\">Selon la section de l\u2019Ordre dont rel\u00e8ve le pharmacien, l\u2019avis est donn\u00e9 par\u00a0:<\/p><ul><li>Le Conseil R\u00e9gional de l\u2019Ordre des Pharmaciens (CROP) pour les pharmaciens titulaires d\u2019une officine ouverte au public de m\u00e9tropole<\/li><li>Le Conseil central E pour les pharmaciens titulaires d\u2019une officine ouverte au public des d\u00e9partements ou collectivit\u00e9s d\u2019outre-mer* via les d\u00e9l\u00e9gations. (*Guadeloupe, Martinique, Guyane, R\u00e9union, Mayotte, Saint-Pierre-Et-Miquelon et Wallis-Et-Futuna)<\/li><li>Le Conseil central D pour les pharmaciens g\u00e9rants de pharmacies mutualistes ou de pharmacie de soci\u00e9t\u00e9s de secours mini\u00e8res<\/li><\/ul><p style=\"font-size: 14px;\"><u>En savoir plus\u00a0<\/u>:<u>\u00a0<\/u><strong><a href=\"http:\/\/www.ordre.pharmacien.fr\/Nos-missions\/Le-role-de-l-Ordre-dans-les-missions-de-sante-publique\/Les-maitres-de-stage\" style=\"transition-property: all;\">R\u00f4le des conseils de l\u2019Ordre des pharmaciens dans les stages officinaux<\/a><\/strong><\/p><p style=\"font-size: 14px;\">Document \u00e9labor\u00e9 par le CPCMS:\u00a0<a href=\"http:\/\/cpcms.fr\/wp-content\/uploads\/2015\/03\/CRITERES-ORDINAUX-24032022.pdf\" style=\"transition-property: all;\">CRITERES ORDINAUX (mars 2022)<\/a><\/p>\t\t\t\t\t\t\t\t<\/div>\n\t\t\t\t<\/div>\n\t\t\t\t\t<\/div>\n\t\t<\/div>\n\t\t\t\t\t<\/div>\n\t\t<\/section>\n\t\t\t\t<section class=\"elementor-section elementor-top-section elementor-element elementor-element-818cd73 elementor-section-boxed elementor-section-height-default elementor-section-height-default\" data-id=\"818cd73\" data-element_type=\"section\">\n\t\t\t\t\t\t<div class=\"elementor-container elementor-column-gap-default\">\n\t\t\t\t\t<div class=\"elementor-column elementor-col-100 elementor-top-column elementor-element elementor-element-99b68b7\" data-id=\"99b68b7\" data-element_type=\"column\">\n\t\t\t<div class=\"elementor-widget-wrap elementor-element-populated\">\n\t\t\t\t\t\t<div class=\"elementor-element elementor-element-bede73a elementor-widget elementor-widget-image\" data-id=\"bede73a\" data-element_type=\"widget\" data-widget_type=\"image.default\">\n\t\t\t\t<div class=\"elementor-widget-container\">\n\t\t\t\t\t\t\t\t\t\t\t\t\t\t\t<img decoding=\"async\" width=\"1600\" height=\"600\" src=\"https:\/\/cpcms.fr\/2022\/wp-content\/uploads\/2023\/03\/stage-officine-2.jpg\" class=\"attachment-full size-full wp-image-1689\" alt=\"\" srcset=\"https:\/\/cpcms.fr\/2022\/wp-content\/uploads\/2023\/03\/stage-officine-2.jpg 1600w, https:\/\/cpcms.fr\/2022\/wp-content\/uploads\/2023\/03\/stage-officine-2-300x113.jpg 300w, https:\/\/cpcms.fr\/2022\/wp-content\/uploads\/2023\/03\/stage-officine-2-1024x384.jpg 1024w, https:\/\/cpcms.fr\/2022\/wp-content\/uploads\/2023\/03\/stage-officine-2-768x288.jpg 768w, https:\/\/cpcms.fr\/2022\/wp-content\/uploads\/2023\/03\/stage-officine-2-50x19.jpg 50w, https:\/\/cpcms.fr\/2022\/wp-content\/uploads\/2023\/03\/stage-officine-2-1536x576.jpg 1536w\" sizes=\"(max-width: 1600px) 100vw, 1600px\" \/>\t\t\t\t\t\t\t\t\t\t\t\t\t\t\t<\/div>\n\t\t\t\t<\/div>\n\t\t\t\t\t<\/div>\n\t\t<\/div>\n\t\t\t\t\t<\/div>\n\t\t<\/section>\n\t\t\t\t<section class=\"elementor-section elementor-top-section elementor-element elementor-element-9f0bade elementor-section-boxed elementor-section-height-default elementor-section-height-default\" data-id=\"9f0bade\" data-element_type=\"section\">\n\t\t\t\t\t\t<div class=\"elementor-container elementor-column-gap-default\">\n\t\t\t\t\t<div class=\"elementor-column elementor-col-100 elementor-top-column elementor-element elementor-element-0a1783a\" data-id=\"0a1783a\" data-element_type=\"column\" data-settings=\"{&quot;background_background&quot;:&quot;classic&quot;}\">\n\t\t\t<div class=\"elementor-widget-wrap elementor-element-populated\">\n\t\t\t\t\t\t<div class=\"elementor-element elementor-element-5823de0 elementor-widget elementor-widget-text-editor\" data-id=\"5823de0\" data-element_type=\"widget\" data-widget_type=\"text-editor.default\">\n\t\t\t\t<div class=\"elementor-widget-container\">\n\t\t\t\t\t\t\t\t\t<p><strong>Role du conseiller de stage dans l&rsquo;ag\u00e9rment<\/strong><\/p>\t\t\t\t\t\t\t\t<\/div>\n\t\t\t\t<\/div>\n\t\t\t\t\t<\/div>\n\t\t<\/div>\n\t\t\t\t\t<\/div>\n\t\t<\/section>\n\t\t\t\t<section class=\"elementor-section elementor-top-section elementor-element elementor-element-63b0291 elementor-section-boxed elementor-section-height-default elementor-section-height-default\" data-id=\"63b0291\" data-element_type=\"section\">\n\t\t\t\t\t\t<div class=\"elementor-container elementor-column-gap-default\">\n\t\t\t\t\t<div class=\"elementor-column elementor-col-100 elementor-top-column elementor-element elementor-element-01baacb\" data-id=\"01baacb\" data-element_type=\"column\">\n\t\t\t<div class=\"elementor-widget-wrap elementor-element-populated\">\n\t\t\t\t\t\t<div class=\"elementor-element elementor-element-bc25ea8 elementor-widget elementor-widget-text-editor\" data-id=\"bc25ea8\" data-element_type=\"widget\" data-widget_type=\"text-editor.default\">\n\t\t\t\t<div class=\"elementor-widget-container\">\n\t\t\t\t\t\t\t\t\t<p style=\"font-size: 14px;\">Le responsable universitaire de la formation \u00e0 l\u2019officine et le conseiller de stage donnent un avis motiv\u00e9 sur la nomination des ma\u00eetres de stage, apr\u00e8s visite des officines ouvertes au public ou des pharmacies mutualistes ou des pharmacies de soci\u00e9t\u00e9s de secours mini\u00e8res concern\u00e9es.<\/p><p style=\"font-size: 14px;\"><strong>Le Coll\u00e8ge a \u00e9labor\u00e9 un\u00a0<a href=\"http:\/\/cpcms.fr\/wp-content\/uploads\/2015\/03\/PROJET-QUESTIONNAIRE-AGREMENT-24032022.pdf\" style=\"transition-property: all;\">PROJET QUESTIONNAIRE AGREMENT (mars 2022)<\/a>.\u00a0<\/strong>Il est propos\u00e9 aux conseillers de stage afin de les aider dans d\u00e9cision. Il est mis \u00e0 votre disposition \u00e0 titre indicatif. Votre demande d\u2019agr\u00e9ment doit donc \u00eatre faite \u00e0 partir des documents fournis par vos interlocuteurs r\u00e9gionaux.<\/p><p style=\"font-size: 14px;\">Pour vous aider \u00e0 appr\u00e9hender le r\u00f4le d\u2019un ma\u00eetre de stage, vous pouvez \u00e9galement consulter le\u00a0<strong><a href=\"http:\/\/cpcms.fr\/wp-content\/uploads\/2015\/03\/Referention-du-pharmacien-MDS.pdf\" style=\"transition-property: all;\">R\u00e9f\u00e9rentiel du pharmacien MDS<\/a><\/strong>\u00a0\u00e9labor\u00e9 par le CPCMS.<\/p><p style=\"font-size: 14px;\"><em><u>Agr\u00e9ment d\u2019un pharmacien ne relevant de l\u2019Ordre des pharmaciens fran\u00e7ais :<\/u><\/em><\/p><p style=\"font-size: 14px;\"><em>Dans le cadre d\u2019un stage \u00e0 l\u2019\u00e9tranger, le ma\u00eetre de stage doit \u00eatre agr\u00e9\u00e9 par le directeur de l\u2019unit\u00e9 de formation et de recherche dispensant des formations pharmaceutiques. Le stage doit pr\u00e9senter toutes les garanties d\u2019une formation \u00e9quivalente \u00e0 celle offerte dans les officines situ\u00e9es en France. Pour l\u2019agr\u00e9ment d\u2019un pharmacien de Polyn\u00e9sie Fran\u00e7aise, un avis est demand\u00e9 au conseil de l\u2019ordre des pharmaciens de la Polyn\u00e9sie fran\u00e7aise.<\/em><\/p>\t\t\t\t\t\t\t\t<\/div>\n\t\t\t\t<\/div>\n\t\t\t\t\t<\/div>\n\t\t<\/div>\n\t\t\t\t\t<\/div>\n\t\t<\/section>\n\t\t\t\t<section class=\"elementor-section elementor-top-section elementor-element elementor-element-7f22187 elementor-section-boxed elementor-section-height-default elementor-section-height-default\" data-id=\"7f22187\" data-element_type=\"section\">\n\t\t\t\t\t\t<div class=\"elementor-container elementor-column-gap-default\">\n\t\t\t\t\t<div class=\"elementor-column elementor-col-100 elementor-top-column elementor-element elementor-element-073d5c8\" data-id=\"073d5c8\" data-element_type=\"column\" data-settings=\"{&quot;background_background&quot;:&quot;classic&quot;}\">\n\t\t\t<div class=\"elementor-widget-wrap elementor-element-populated\">\n\t\t\t\t\t\t<div class=\"elementor-element elementor-element-6b38bc3 elementor-widget elementor-widget-text-editor\" data-id=\"6b38bc3\" data-element_type=\"widget\" data-widget_type=\"text-editor.default\">\n\t\t\t\t<div class=\"elementor-widget-container\">\n\t\t\t\t\t\t\t\t\t<p><strong>Missionner un pharmacien adjoint d\u2019officine<\/strong><\/p>\t\t\t\t\t\t\t\t<\/div>\n\t\t\t\t<\/div>\n\t\t\t\t\t<\/div>\n\t\t<\/div>\n\t\t\t\t\t<\/div>\n\t\t<\/section>\n\t\t\t\t<section class=\"elementor-section elementor-top-section elementor-element elementor-element-5eec871 elementor-section-boxed elementor-section-height-default elementor-section-height-default\" data-id=\"5eec871\" data-element_type=\"section\">\n\t\t\t\t\t\t<div class=\"elementor-container elementor-column-gap-default\">\n\t\t\t\t\t<div class=\"elementor-column elementor-col-100 elementor-top-column elementor-element elementor-element-db6e5fb\" data-id=\"db6e5fb\" data-element_type=\"column\">\n\t\t\t<div class=\"elementor-widget-wrap elementor-element-populated\">\n\t\t\t\t\t\t<div class=\"elementor-element elementor-element-8ddf2d7 elementor-widget elementor-widget-text-editor\" data-id=\"8ddf2d7\" data-element_type=\"widget\" data-widget_type=\"text-editor.default\">\n\t\t\t\t<div class=\"elementor-widget-container\">\n\t\t\t\t\t\t\t\t\t<p>Un pharmacien adjoint ne peut pas avoir l\u2019agr\u00e9ment de ma\u00eetre de stage.\u00a0Cependant, si un ma\u00eetre de stage agr\u00e9\u00e9 souhaite missionner son\u00a0collaborateur pharmacien pour l\u2019accompagner dans la prise en charge d\u2019un stagiaire, cette mission sera formalis\u00e9e selon les<strong>\u00a0<a href=\"http:\/\/cpcms.fr\/wp-content\/uploads\/2015\/06\/DELEGATION_STAGE_phien_adjoint_maitre_de_stage_adjoint.pdf\" style=\"transition-property: all;\">recommandations suivantes<\/a>.<\/strong><\/p>\t\t\t\t\t\t\t\t<\/div>\n\t\t\t\t<\/div>\n\t\t\t\t\t<\/div>\n\t\t<\/div>\n\t\t\t\t\t<\/div>\n\t\t<\/section>\n\t\t\t\t<\/div>\n\t\t","protected":false},"excerpt":{"rendered":"<p>Les ma\u00eetres de stage agr\u00e9\u00e9s La liste des ma\u00eetres de stage de votre r\u00e9gion est disponible aupr\u00e8s de votre facult\u00e9. Une\u00a0cartographie des ma\u00eetres de stage de m\u00e9tropole et des d\u00e9partements et collectivit\u00e9s d\u2019Outre-mer*\u00a0est disponible sur le site du CNOP. * Guadeloupe, Martinique, Guyane, R\u00e9union, Mayotte, Saint-Pierre-Et-Miquelon et Wallis-Et-Futuna Cas particuliers [&hellip;]<\/p>\n","protected":false},"author":1,"featured_media":0,"parent":0,"menu_order":0,"comment_status":"closed","ping_status":"closed","template":"","meta":{"_monsterinsights_skip_tracking":false,"_monsterinsights_sitenote_active":false,"_monsterinsights_sitenote_note":"","_monsterinsights_sitenote_category":0,"footnotes":""},"class_list":["post-570","page","type-page","status-publish","hentry"],"aioseo_notices":[],"_links":{"self":[{"href":"https:\/\/cpcms.fr\/2022\/wp-json\/wp\/v2\/pages\/570","targetHints":{"allow":["GET"]}}],"collection":[{"href":"https:\/\/cpcms.fr\/2022\/wp-json\/wp\/v2\/pages"}],"about":[{"href":"https:\/\/cpcms.fr\/2022\/wp-json\/wp\/v2\/types\/page"}],"author":[{"embeddable":true,"href":"https:\/\/cpcms.fr\/2022\/wp-json\/wp\/v2\/users\/1"}],"replies":[{"embeddable":true,"href":"https:\/\/cpcms.fr\/2022\/wp-json\/wp\/v2\/comments?post=570"}],"version-history":[{"count":25,"href":"https:\/\/cpcms.fr\/2022\/wp-json\/wp\/v2\/pages\/570\/revisions"}],"predecessor-version":[{"id":1692,"href":"https:\/\/cpcms.fr\/2022\/wp-json\/wp\/v2\/pages\/570\/revisions\/1692"}],"wp:attachment":[{"href":"https:\/\/cpcms.fr\/2022\/wp-json\/wp\/v2\/media?parent=570"}],"curies":[{"name":"wp","href":"https:\/\/api.w.org\/{rel}","templated":true}]}}