{"id":572,"date":"2023-02-08T09:37:51","date_gmt":"2023-02-08T08:37:51","guid":{"rendered":"https:\/\/cpcms.fr\/2022\/?page_id=572"},"modified":"2023-03-20T14:49:39","modified_gmt":"2023-03-20T13:49:39","slug":"maitres-de-stages","status":"publish","type":"page","link":"https:\/\/cpcms.fr\/2022\/maitres-de-stages\/","title":{"rendered":"Ma\u00eetres de stages"},"content":{"rendered":"\t\t<div data-elementor-type=\"wp-page\" data-elementor-id=\"572\" class=\"elementor elementor-572\" data-elementor-post-type=\"page\">\n\t\t\t\t\t\t<section class=\"elementor-section elementor-top-section elementor-element elementor-element-2b4575bc elementor-section-boxed elementor-section-height-default elementor-section-height-default\" data-id=\"2b4575bc\" data-element_type=\"section\">\n\t\t\t\t\t\t<div class=\"elementor-container elementor-column-gap-default\">\n\t\t\t\t\t<div class=\"elementor-column elementor-col-100 elementor-top-column elementor-element elementor-element-794bb095\" data-id=\"794bb095\" data-element_type=\"column\">\n\t\t\t<div class=\"elementor-widget-wrap elementor-element-populated\">\n\t\t\t\t\t\t<div class=\"elementor-element elementor-element-6d80786d elementor-widget elementor-widget-text-editor\" data-id=\"6d80786d\" data-element_type=\"widget\" data-widget_type=\"text-editor.default\">\n\t\t\t\t<div class=\"elementor-widget-container\">\n\t\t\t\t\t\t\t\t\t<div id=\"wrapper\"><div id=\"content\"><div id=\"post-15\" class=\"page-content post-15 page type-page status-publish hentry\"><div class=\"container\"><p>Le cursus pharmaceutique comprend plusieurs stages dont la validation est obligatoire pour l\u2019obtention du Dipl\u00f4me d\u2019\u00c9tat de docteur en pharmacie.\u00a0<strong>Une partie d\u2019entre eux est r\u00e9alis\u00e9e en officine, chez un pharmacien agr\u00e9\u00e9 ma\u00eetre de stage par le Directeur de l\u2019UFR de pharmacie.<\/strong><\/p><p>L\u2019organisation et les modalit\u00e9s de validation des stages sont fix\u00e9es par le conseil de l\u2019UFR dispensant les formations pharmaceutiques et approuv\u00e9es par le pr\u00e9sident de l\u2019universit\u00e9. Pour leur validation, il est tenu compte des \u00e9valuations du ou des ma\u00eetres de stage figurant sur le carnet de stage.<\/p><\/div><\/div><\/div><\/div><footer id=\"footer\"><div class=\"container\"><div class=\"four columns\"><div id=\"text-7\" class=\"footer- widget_text\"><div class=\"textwidget\"><\/div><\/div><\/div><div class=\"four columns\"><\/div><div class=\"four columns\"><\/div><div class=\"four columns\"><div id=\"search-3\" class=\"footer- widget_search\"><\/div><\/div><\/div><\/footer>\t\t\t\t\t\t\t\t<\/div>\n\t\t\t\t<\/div>\n\t\t\t\t\t<\/div>\n\t\t<\/div>\n\t\t\t\t\t<\/div>\n\t\t<\/section>\n\t\t\t\t<section class=\"elementor-section elementor-top-section elementor-element elementor-element-fae60a5 elementor-section-boxed elementor-section-height-default elementor-section-height-default\" data-id=\"fae60a5\" data-element_type=\"section\">\n\t\t\t\t\t\t<div class=\"elementor-container elementor-column-gap-default\">\n\t\t\t\t\t<div class=\"elementor-column elementor-col-100 elementor-top-column elementor-element elementor-element-f5bc6ad\" data-id=\"f5bc6ad\" data-element_type=\"column\" data-settings=\"{&quot;background_background&quot;:&quot;classic&quot;}\">\n\t\t\t<div class=\"elementor-widget-wrap elementor-element-populated\">\n\t\t\t\t\t\t<div class=\"elementor-element elementor-element-a42f7bc elementor-widget elementor-widget-text-editor\" data-id=\"a42f7bc\" data-element_type=\"widget\" data-widget_type=\"text-editor.default\">\n\t\t\t\t<div class=\"elementor-widget-container\">\n\t\t\t\t\t\t\t\t\t<p><strong>Stage officinal d\u2019initiation (tronc commun)<\/strong><\/p>\t\t\t\t\t\t\t\t<\/div>\n\t\t\t\t<\/div>\n\t\t\t\t\t<\/div>\n\t\t<\/div>\n\t\t\t\t\t<\/div>\n\t\t<\/section>\n\t\t\t\t<section class=\"elementor-section elementor-top-section elementor-element elementor-element-1d853af elementor-section-boxed elementor-section-height-default elementor-section-height-default\" data-id=\"1d853af\" data-element_type=\"section\">\n\t\t\t\t\t\t<div class=\"elementor-container elementor-column-gap-default\">\n\t\t\t\t\t<div class=\"elementor-column elementor-col-100 elementor-top-column elementor-element elementor-element-9316f68\" data-id=\"9316f68\" data-element_type=\"column\">\n\t\t\t<div class=\"elementor-widget-wrap elementor-element-populated\">\n\t\t\t\t\t\t<div class=\"elementor-element elementor-element-b1c1ed8 elementor-widget elementor-widget-text-editor\" data-id=\"b1c1ed8\" data-element_type=\"widget\" data-widget_type=\"text-editor.default\">\n\t\t\t\t<div class=\"elementor-widget-container\">\n\t\t\t\t\t\t\t\t\t<p>Il s\u2019agit du premier stage des \u00e9tudes pharmaceutiques. Il permet un premier contact avec la profession de pharmacien d\u2019officine.<\/p><p>Ce stage:<\/p><ul><li>Est r\u00e9alis\u00e9 avant le d\u00e9but de la 3\u00e8me ann\u00e9e<\/li><li>Dure quatre semaines, \u00e0 temps complet<\/li><li>Est effectu\u00e9 en une ou deux p\u00e9riodes dans une m\u00eame officine ouverte au public ou dans une m\u00eame pharmacie mutualiste ou de secours mini\u00e8re.<\/li><\/ul><p><em>NB : A titre exceptionnel, le directeur de l\u2019unit\u00e9 de formation et de recherche dispensant des formations pharmaceutiques peut autoriser un candidat \u00e0 effectuer le stage dans une officine situ\u00e9e \u00e0 l\u2019\u00e9tranger, lorsque le titulaire de cette officine est possesseur du dipl\u00f4me d\u2019\u00c9tat fran\u00e7ais de pharmacien ou du dipl\u00f4me d\u2019\u00c9tat de docteur en pharmacie ou d\u2019un dipl\u00f4me permettant l\u2019exercice de la pharmacie d\u2019officine en France.<\/em><\/p><p><strong>Consulter le<a href=\"https:\/\/cpcms.fr\/guide-stage-initiation\/\">\u00a0\u00ab\u00a0Guide de stage officinal d\u2019initiation\u00a0\u00bb<\/a>\u00a0.<\/strong><\/p>\t\t\t\t\t\t\t\t<\/div>\n\t\t\t\t<\/div>\n\t\t\t\t\t<\/div>\n\t\t<\/div>\n\t\t\t\t\t<\/div>\n\t\t<\/section>\n\t\t\t\t<section class=\"elementor-section elementor-top-section elementor-element elementor-element-80fc48c elementor-section-boxed elementor-section-height-default elementor-section-height-default\" data-id=\"80fc48c\" data-element_type=\"section\">\n\t\t\t\t\t\t<div class=\"elementor-container elementor-column-gap-default\">\n\t\t\t\t\t<div class=\"elementor-column elementor-col-100 elementor-top-column elementor-element elementor-element-9be93cb\" data-id=\"9be93cb\" data-element_type=\"column\" data-settings=\"{&quot;background_background&quot;:&quot;classic&quot;}\">\n\t\t\t<div class=\"elementor-widget-wrap elementor-element-populated\">\n\t\t\t\t\t\t<div class=\"elementor-element elementor-element-f7968d3 elementor-widget elementor-widget-text-editor\" data-id=\"f7968d3\" data-element_type=\"widget\" data-widget_type=\"text-editor.default\">\n\t\t\t\t<div class=\"elementor-widget-container\">\n\t\t\t\t\t\t\t\t\t<p><strong>Les stages d\u2019application (tronc commun)<\/strong><\/p>\t\t\t\t\t\t\t\t<\/div>\n\t\t\t\t<\/div>\n\t\t\t\t\t<\/div>\n\t\t<\/div>\n\t\t\t\t\t<\/div>\n\t\t<\/section>\n\t\t\t\t<section class=\"elementor-section elementor-top-section elementor-element elementor-element-857f5bc elementor-section-boxed elementor-section-height-default elementor-section-height-default\" data-id=\"857f5bc\" data-element_type=\"section\">\n\t\t\t\t\t\t<div class=\"elementor-container elementor-column-gap-default\">\n\t\t\t\t\t<div class=\"elementor-column elementor-col-100 elementor-top-column elementor-element elementor-element-7eb1a6d\" data-id=\"7eb1a6d\" data-element_type=\"column\">\n\t\t\t<div class=\"elementor-widget-wrap elementor-element-populated\">\n\t\t\t\t\t\t<div class=\"elementor-element elementor-element-a0ee7b9 elementor-widget elementor-widget-text-editor\" data-id=\"a0ee7b9\" data-element_type=\"widget\" data-widget_type=\"text-editor.default\">\n\t\t\t\t<div class=\"elementor-widget-container\">\n\t\t\t\t\t\t\t\t\t<p>Ils se d\u00e9roulent en plusieurs semaines et ont pour objectif la mise en pratique d\u2019enseignements th\u00e9matiques.<\/p><p>Ils sont ainsi r\u00e9partis\u00a0:<\/p><ul><li>Minimum une semaine au cours de la 3\u00e8me ann\u00e9e<\/li><li>Minimum une semaine en 4\u00e8me ann\u00e9e en fonction de la dur\u00e9e du stage d\u2019application effectu\u00e9 en 3\u00e8me ann\u00e9e<\/li><\/ul><p>Leur mise en \u0153uvre est sp\u00e9cifique \u00e0 chaque facult\u00e9.<\/p><p>NB: Les stages d\u2019application peuvent \u00e9galement \u00eatre effectu\u00e9s dans un service hospitalier sous la responsabilit\u00e9 d\u2019un pharmacien<\/p>\t\t\t\t\t\t\t\t<\/div>\n\t\t\t\t<\/div>\n\t\t\t\t\t<\/div>\n\t\t<\/div>\n\t\t\t\t\t<\/div>\n\t\t<\/section>\n\t\t\t\t<section class=\"elementor-section elementor-top-section elementor-element elementor-element-3616534 elementor-section-boxed elementor-section-height-default elementor-section-height-default\" data-id=\"3616534\" data-element_type=\"section\">\n\t\t\t\t\t\t<div class=\"elementor-container elementor-column-gap-default\">\n\t\t\t\t\t<div class=\"elementor-column elementor-col-100 elementor-top-column elementor-element elementor-element-74e1728\" data-id=\"74e1728\" data-element_type=\"column\">\n\t\t\t<div class=\"elementor-widget-wrap elementor-element-populated\">\n\t\t\t\t\t\t<div class=\"elementor-element elementor-element-5685f3e elementor-widget elementor-widget-image\" data-id=\"5685f3e\" data-element_type=\"widget\" data-widget_type=\"image.default\">\n\t\t\t\t<div class=\"elementor-widget-container\">\n\t\t\t\t\t\t\t\t\t\t\t\t\t\t\t<img fetchpriority=\"high\" decoding=\"async\" width=\"2560\" height=\"640\" src=\"https:\/\/cpcms.fr\/2022\/wp-content\/uploads\/2023\/03\/stages-scaled.jpg\" class=\"attachment-full size-full wp-image-1547\" alt=\"\" srcset=\"https:\/\/cpcms.fr\/2022\/wp-content\/uploads\/2023\/03\/stages-scaled.jpg 2560w, https:\/\/cpcms.fr\/2022\/wp-content\/uploads\/2023\/03\/stages-300x75.jpg 300w, https:\/\/cpcms.fr\/2022\/wp-content\/uploads\/2023\/03\/stages-1024x256.jpg 1024w, https:\/\/cpcms.fr\/2022\/wp-content\/uploads\/2023\/03\/stages-768x192.jpg 768w, https:\/\/cpcms.fr\/2022\/wp-content\/uploads\/2023\/03\/stages-50x13.jpg 50w, https:\/\/cpcms.fr\/2022\/wp-content\/uploads\/2023\/03\/stages-1536x384.jpg 1536w, https:\/\/cpcms.fr\/2022\/wp-content\/uploads\/2023\/03\/stages-2048x512.jpg 2048w\" sizes=\"(max-width: 2560px) 100vw, 2560px\" \/>\t\t\t\t\t\t\t\t\t\t\t\t\t\t\t<\/div>\n\t\t\t\t<\/div>\n\t\t\t\t\t<\/div>\n\t\t<\/div>\n\t\t\t\t\t<\/div>\n\t\t<\/section>\n\t\t\t\t<section class=\"elementor-section elementor-top-section elementor-element elementor-element-d4a4326 elementor-section-boxed elementor-section-height-default elementor-section-height-default\" data-id=\"d4a4326\" data-element_type=\"section\">\n\t\t\t\t\t\t<div class=\"elementor-container elementor-column-gap-default\">\n\t\t\t\t\t<div class=\"elementor-column elementor-col-100 elementor-top-column elementor-element elementor-element-a4d3d23\" data-id=\"a4d3d23\" data-element_type=\"column\" data-settings=\"{&quot;background_background&quot;:&quot;classic&quot;}\">\n\t\t\t<div class=\"elementor-widget-wrap elementor-element-populated\">\n\t\t\t\t\t\t<div class=\"elementor-element elementor-element-2d55ae2 elementor-widget elementor-widget-text-editor\" data-id=\"2d55ae2\" data-element_type=\"widget\" data-widget_type=\"text-editor.default\">\n\t\t\t\t<div class=\"elementor-widget-container\">\n\t\t\t\t\t\t\t\t\t<strong>Stage de pratique professionnelle (parcours officine)<\/strong>\t\t\t\t\t\t\t\t<\/div>\n\t\t\t\t<\/div>\n\t\t\t\t\t<\/div>\n\t\t<\/div>\n\t\t\t\t\t<\/div>\n\t\t<\/section>\n\t\t\t\t<section class=\"elementor-section elementor-top-section elementor-element elementor-element-f1da25a elementor-section-boxed elementor-section-height-default elementor-section-height-default\" data-id=\"f1da25a\" data-element_type=\"section\">\n\t\t\t\t\t\t<div class=\"elementor-container elementor-column-gap-default\">\n\t\t\t\t\t<div class=\"elementor-column elementor-col-100 elementor-top-column elementor-element elementor-element-8dfed0d\" data-id=\"8dfed0d\" data-element_type=\"column\">\n\t\t\t<div class=\"elementor-widget-wrap elementor-element-populated\">\n\t\t\t\t\t\t<div class=\"elementor-element elementor-element-c03e088 elementor-widget elementor-widget-text-editor\" data-id=\"c03e088\" data-element_type=\"widget\" data-widget_type=\"text-editor.default\">\n\t\t\t\t<div class=\"elementor-widget-container\">\n\t\t\t\t\t\t\t\t\t<p>Il s\u2019agit du dernier stage pour les \u00e9tudiant ayant choisi le parcours \u00ab officine \u00bb avant leur entr\u00e9e dans la vie active. Il permet d\u2019acqu\u00e9rir une expertise approfondie de la pratique de la pharmacie d\u2019officine au contact du ma\u00eetre de stage.<\/p><p><u>Ce stage\u00a0:<\/u><\/p><p>Est effectu\u00e9 dans une officine, une pharmacie mutualiste ou une pharmacie d\u2019une soci\u00e9t\u00e9 de secours mini\u00e8re, dont le titulaire ou le pharmacien g\u00e9rant est agr\u00e9\u00e9 ma\u00eetre de stage\u00a0;<\/p><ul><li>Est d\u2019une dur\u00e9e de six mois \u00e0 temps plein accompli de mani\u00e8re continue.<\/li><li>Peut, apr\u00e8s avis des conseillers de stage, \u00eatre accompli dans deux officines en deux p\u00e9riodes de trois mois\u00a0;<\/li><li>Le stagiaire re\u00e7oit une indemnit\u00e9 mensuelle de l\u2019officine (gratification)<\/li><\/ul><p><em>NB\u00a0: Les \u00e9tudiants peuvent, sur leur demande et avec l\u2019accord du directeur de l\u2019UFR concern\u00e9, accomplir leur stage dans un \u00e9tablissement situ\u00e9 hors de France. sous r\u00e9serve de l\u2019agr\u00e9ment de celui-ci par le pr\u00e9sident de l\u2019universit\u00e9, sur proposition du directeur de l\u2019unit\u00e9 de formation et de recherche dispensant des formations pharmaceutiques et apr\u00e8s signature d\u2019une convention entre l\u2019universit\u00e9 et cet \u00e9tablissement d\u00e9finissant les conditions d\u2019organisation de ce stage en vue de sa validation. Lorsque ce stage est effectu\u00e9 dans une officine situ\u00e9e \u00e0 l\u2019\u00e9tranger, il doit \u00eatre compl\u00e9t\u00e9 par un stage d\u2019au moins trois mois en France chez un ma\u00eetre de stage agr\u00e9\u00e9.<\/em><\/p><p>Depuis la rentr\u00e9e universitaire 2019, une m\u00eame officine peut accueillir concomitamment un stagiaire inscrit en troisi\u00e8me cycle court (stage de pratique professionnelle), un stagiaire en formation d\u2019initiation officinale et un stagiaire en formation d\u2019application.<\/p><p><strong>Consulter le\u00a0<a href=\"https:\/\/cpcms.fr\/guide-stage\/\">\u00ab Guide de stage de pratique professionnelle en officine \u00bb<\/a>.<\/strong><\/p>\t\t\t\t\t\t\t\t<\/div>\n\t\t\t\t<\/div>\n\t\t\t\t\t<\/div>\n\t\t<\/div>\n\t\t\t\t\t<\/div>\n\t\t<\/section>\n\t\t\t\t<section class=\"elementor-section elementor-top-section elementor-element elementor-element-4fa06eb elementor-section-boxed elementor-section-height-default elementor-section-height-default\" data-id=\"4fa06eb\" data-element_type=\"section\">\n\t\t\t\t\t\t<div class=\"elementor-container elementor-column-gap-default\">\n\t\t\t\t\t<div class=\"elementor-column elementor-col-100 elementor-top-column elementor-element elementor-element-3ed449b\" data-id=\"3ed449b\" data-element_type=\"column\">\n\t\t\t<div class=\"elementor-widget-wrap elementor-element-populated\">\n\t\t\t\t\t\t<div class=\"elementor-element elementor-element-5c9ed33 elementor-widget elementor-widget-image\" data-id=\"5c9ed33\" data-element_type=\"widget\" data-widget_type=\"image.default\">\n\t\t\t\t<div class=\"elementor-widget-container\">\n\t\t\t\t\t\t\t\t\t\t\t\t\t\t\t<img decoding=\"async\" width=\"2560\" height=\"640\" src=\"https:\/\/cpcms.fr\/2022\/wp-content\/uploads\/2023\/03\/Texte-loi-scaled.jpg\" class=\"attachment-full size-full wp-image-1548\" alt=\"\" srcset=\"https:\/\/cpcms.fr\/2022\/wp-content\/uploads\/2023\/03\/Texte-loi-scaled.jpg 2560w, https:\/\/cpcms.fr\/2022\/wp-content\/uploads\/2023\/03\/Texte-loi-300x75.jpg 300w, https:\/\/cpcms.fr\/2022\/wp-content\/uploads\/2023\/03\/Texte-loi-1024x256.jpg 1024w, https:\/\/cpcms.fr\/2022\/wp-content\/uploads\/2023\/03\/Texte-loi-768x192.jpg 768w, https:\/\/cpcms.fr\/2022\/wp-content\/uploads\/2023\/03\/Texte-loi-50x13.jpg 50w, https:\/\/cpcms.fr\/2022\/wp-content\/uploads\/2023\/03\/Texte-loi-1536x384.jpg 1536w, https:\/\/cpcms.fr\/2022\/wp-content\/uploads\/2023\/03\/Texte-loi-2048x512.jpg 2048w\" sizes=\"(max-width: 2560px) 100vw, 2560px\" \/>\t\t\t\t\t\t\t\t\t\t\t\t\t\t\t<\/div>\n\t\t\t\t<\/div>\n\t\t\t\t\t<\/div>\n\t\t<\/div>\n\t\t\t\t\t<\/div>\n\t\t<\/section>\n\t\t\t\t<section class=\"elementor-section elementor-top-section elementor-element elementor-element-f590683 elementor-section-boxed elementor-section-height-default elementor-section-height-default\" data-id=\"f590683\" data-element_type=\"section\">\n\t\t\t\t\t\t<div class=\"elementor-container elementor-column-gap-default\">\n\t\t\t\t\t<div class=\"elementor-column elementor-col-100 elementor-top-column elementor-element elementor-element-b448996\" data-id=\"b448996\" data-element_type=\"column\" data-settings=\"{&quot;background_background&quot;:&quot;classic&quot;}\">\n\t\t\t<div class=\"elementor-widget-wrap elementor-element-populated\">\n\t\t\t\t\t\t<div class=\"elementor-element elementor-element-2dfee91 elementor-widget elementor-widget-text-editor\" data-id=\"2dfee91\" data-element_type=\"widget\" data-widget_type=\"text-editor.default\">\n\t\t\t\t<div class=\"elementor-widget-container\">\n\t\t\t\t\t\t\t\t\t<strong>Textes relatifs aux stages officinaux<\/strong>\t\t\t\t\t\t\t\t<\/div>\n\t\t\t\t<\/div>\n\t\t\t\t\t<\/div>\n\t\t<\/div>\n\t\t\t\t\t<\/div>\n\t\t<\/section>\n\t\t\t\t<section class=\"elementor-section elementor-top-section elementor-element elementor-element-37fa96c elementor-section-boxed elementor-section-height-default elementor-section-height-default\" data-id=\"37fa96c\" data-element_type=\"section\">\n\t\t\t\t\t\t<div class=\"elementor-container elementor-column-gap-default\">\n\t\t\t\t\t<div class=\"elementor-column elementor-col-100 elementor-top-column elementor-element elementor-element-c8f44bf\" data-id=\"c8f44bf\" data-element_type=\"column\">\n\t\t\t<div class=\"elementor-widget-wrap elementor-element-populated\">\n\t\t\t\t\t\t<div class=\"elementor-element elementor-element-addb5f3 elementor-widget elementor-widget-text-editor\" data-id=\"addb5f3\" data-element_type=\"widget\" data-widget_type=\"text-editor.default\">\n\t\t\t\t<div class=\"elementor-widget-container\">\n\t\t\t\t\t\t\t\t\t<ul><li><a href=\"https:\/\/www.legifrance.gouv.fr\/affichTexte.do?cidTexte=JORFTEXT000023850773&amp;dateTexte=20200618\">Arr\u00eat\u00e9 du 22 mars 2011 modifi\u00e9 relatif au r\u00e9gime des \u00e9tudes en vue du dipl\u00f4me de formation g\u00e9n\u00e9rale en sciences pharmaceutiques<\/a><\/li><li><a href=\"http:\/\/cpcms.fr\/wp-content\/uploads\/2015\/03\/BO_annexes_28avril2011.pdf\" target=\"_blank\" rel=\"noopener noreferrer\">BO annexes 28 avril 2011<\/a><\/li><li><a href=\"https:\/\/www.legifrance.gouv.fr\/affichTexte.do?cidTexte=JORFTEXT000027356819&amp;dateTexte=20200618\">Arr\u00eat\u00e9 du 8 avril 2013 modifi\u00e9 relatif au r\u00e9gime des \u00e9tudes en vue du dipl\u00f4me d\u2019Etat de docteur en pharmacie<\/a><\/li><li><a href=\"http:\/\/cpcms.fr\/wp-content\/uploads\/2015\/03\/BO_16_mai_13_annexe-arrete-etudes.pdf\" target=\"_blank\" rel=\"noopener noreferrer\">BO annexes 16 mai 2013<\/a><\/li><\/ul>\t\t\t\t\t\t\t\t<\/div>\n\t\t\t\t<\/div>\n\t\t\t\t\t<\/div>\n\t\t<\/div>\n\t\t\t\t\t<\/div>\n\t\t<\/section>\n\t\t\t\t<\/div>\n\t\t","protected":false},"excerpt":{"rendered":"<p>Le cursus pharmaceutique comprend plusieurs stages dont la validation est obligatoire pour l\u2019obtention du Dipl\u00f4me d\u2019\u00c9tat de docteur en pharmacie.\u00a0Une partie d\u2019entre eux est r\u00e9alis\u00e9e en officine, chez un pharmacien agr\u00e9\u00e9 ma\u00eetre de stage par le Directeur de l\u2019UFR de pharmacie. L\u2019organisation et les modalit\u00e9s de validation des stages sont [&hellip;]<\/p>\n","protected":false},"author":1,"featured_media":0,"parent":0,"menu_order":0,"comment_status":"closed","ping_status":"closed","template":"","meta":{"_monsterinsights_skip_tracking":false,"_monsterinsights_sitenote_active":false,"_monsterinsights_sitenote_note":"","_monsterinsights_sitenote_category":0,"footnotes":""},"class_list":["post-572","page","type-page","status-publish","hentry"],"aioseo_notices":[],"_links":{"self":[{"href":"https:\/\/cpcms.fr\/2022\/wp-json\/wp\/v2\/pages\/572","targetHints":{"allow":["GET"]}}],"collection":[{"href":"https:\/\/cpcms.fr\/2022\/wp-json\/wp\/v2\/pages"}],"about":[{"href":"https:\/\/cpcms.fr\/2022\/wp-json\/wp\/v2\/types\/page"}],"author":[{"embeddable":true,"href":"https:\/\/cpcms.fr\/2022\/wp-json\/wp\/v2\/users\/1"}],"replies":[{"embeddable":true,"href":"https:\/\/cpcms.fr\/2022\/wp-json\/wp\/v2\/comments?post=572"}],"version-history":[{"count":47,"href":"https:\/\/cpcms.fr\/2022\/wp-json\/wp\/v2\/pages\/572\/revisions"}],"predecessor-version":[{"id":1593,"href":"https:\/\/cpcms.fr\/2022\/wp-json\/wp\/v2\/pages\/572\/revisions\/1593"}],"wp:attachment":[{"href":"https:\/\/cpcms.fr\/2022\/wp-json\/wp\/v2\/media?parent=572"}],"curies":[{"name":"wp","href":"https:\/\/api.w.org\/{rel}","templated":true}]}}