{"id":577,"date":"2023-02-08T09:39:38","date_gmt":"2023-02-08T08:39:38","guid":{"rendered":"https:\/\/cpcms.fr\/2022\/?page_id=577"},"modified":"2023-03-21T14:48:47","modified_gmt":"2023-03-21T13:48:47","slug":"formations","status":"publish","type":"page","link":"https:\/\/cpcms.fr\/2022\/formations\/","title":{"rendered":"Formations"},"content":{"rendered":"\t\t<div data-elementor-type=\"wp-page\" data-elementor-id=\"577\" class=\"elementor elementor-577\" data-elementor-post-type=\"page\">\n\t\t\t\t\t\t<section class=\"elementor-section elementor-top-section elementor-element elementor-element-6160766 elementor-section-boxed elementor-section-height-default elementor-section-height-default\" data-id=\"6160766\" data-element_type=\"section\">\n\t\t\t\t\t\t<div class=\"elementor-container elementor-column-gap-default\">\n\t\t\t\t\t<div class=\"elementor-column elementor-col-100 elementor-top-column elementor-element elementor-element-53115aa\" data-id=\"53115aa\" data-element_type=\"column\">\n\t\t\t<div class=\"elementor-widget-wrap elementor-element-populated\">\n\t\t\t\t\t\t<div class=\"elementor-element elementor-element-e1b7f52 elementor-widget elementor-widget-text-editor\" data-id=\"e1b7f52\" data-element_type=\"widget\" data-widget_type=\"text-editor.default\">\n\t\t\t\t<div class=\"elementor-widget-container\">\n\t\t\t\t\t\t\t\t\t<h3 style=\"color: #333333;\">Formez-vous en ligne sur la Cha\u00eene du Froid<\/h3><p style=\"font-size: 14px;\">Ce programme de formation est destin\u00e9 aux \u00e9tudiants de 6<sup>\u00e8me<\/sup>ann\u00e9e.\u00a0<\/p>\t\t\t\t\t\t\t\t<\/div>\n\t\t\t\t<\/div>\n\t\t\t\t<div class=\"elementor-element elementor-element-c5ec39f elementor-widget elementor-widget-button\" data-id=\"c5ec39f\" data-element_type=\"widget\" data-widget_type=\"button.default\">\n\t\t\t\t<div class=\"elementor-widget-container\">\n\t\t\t\t\t\t\t\t\t<div class=\"elementor-button-wrapper\">\n\t\t\t\t\t<a class=\"elementor-button elementor-button-link elementor-size-sm\" href=\"https:\/\/cpcms.fr\/eformations\/\">\n\t\t\t\t\t\t<span class=\"elementor-button-content-wrapper\">\n\t\t\t\t\t\t<span class=\"elementor-button-icon\">\n\t\t\t\t<i aria-hidden=\"true\" class=\"far fa-arrow-alt-circle-down\"><\/i>\t\t\t<\/span>\n\t\t\t\t\t\t\t\t\t<span class=\"elementor-button-text\">Acc\u00e9der \u00e0 la formation en ligne !<\/span>\n\t\t\t\t\t<\/span>\n\t\t\t\t\t<\/a>\n\t\t\t\t<\/div>\n\t\t\t\t\t\t\t\t<\/div>\n\t\t\t\t<\/div>\n\t\t\t\t\t<\/div>\n\t\t<\/div>\n\t\t\t\t\t<\/div>\n\t\t<\/section>\n\t\t\t\t<section class=\"elementor-section elementor-top-section elementor-element elementor-element-986cf2b elementor-section-boxed elementor-section-height-default elementor-section-height-default\" data-id=\"986cf2b\" data-element_type=\"section\">\n\t\t\t\t\t\t<div class=\"elementor-container elementor-column-gap-default\">\n\t\t\t\t\t<div class=\"elementor-column elementor-col-25 elementor-top-column elementor-element elementor-element-e8f0832\" data-id=\"e8f0832\" data-element_type=\"column\">\n\t\t\t<div class=\"elementor-widget-wrap elementor-element-populated\">\n\t\t\t\t\t\t<div class=\"elementor-element elementor-element-54cca82 elementor-widget elementor-widget-image\" data-id=\"54cca82\" data-element_type=\"widget\" data-widget_type=\"image.default\">\n\t\t\t\t<div class=\"elementor-widget-container\">\n\t\t\t\t\t\t\t\t\t\t\t\t\t\t\t<img decoding=\"async\" width=\"250\" height=\"153\" src=\"https:\/\/cpcms.fr\/2022\/wp-content\/uploads\/2023\/03\/Capture-01.jpg\" class=\"attachment-large size-large wp-image-1656\" alt=\"\" srcset=\"https:\/\/cpcms.fr\/2022\/wp-content\/uploads\/2023\/03\/Capture-01.jpg 250w, https:\/\/cpcms.fr\/2022\/wp-content\/uploads\/2023\/03\/Capture-01-50x31.jpg 50w\" sizes=\"(max-width: 250px) 100vw, 250px\" \/>\t\t\t\t\t\t\t\t\t\t\t\t\t\t\t<\/div>\n\t\t\t\t<\/div>\n\t\t\t\t\t<\/div>\n\t\t<\/div>\n\t\t\t\t<div class=\"elementor-column elementor-col-25 elementor-top-column elementor-element elementor-element-f95fe11\" data-id=\"f95fe11\" data-element_type=\"column\">\n\t\t\t<div class=\"elementor-widget-wrap elementor-element-populated\">\n\t\t\t\t\t\t<div class=\"elementor-element elementor-element-1d925fb elementor-widget elementor-widget-image\" data-id=\"1d925fb\" data-element_type=\"widget\" data-widget_type=\"image.default\">\n\t\t\t\t<div class=\"elementor-widget-container\">\n\t\t\t\t\t\t\t\t\t\t\t\t\t\t\t<img decoding=\"async\" width=\"250\" height=\"153\" src=\"https:\/\/cpcms.fr\/2022\/wp-content\/uploads\/2023\/03\/Capture-02.jpg\" class=\"attachment-large size-large wp-image-1657\" alt=\"\" srcset=\"https:\/\/cpcms.fr\/2022\/wp-content\/uploads\/2023\/03\/Capture-02.jpg 250w, https:\/\/cpcms.fr\/2022\/wp-content\/uploads\/2023\/03\/Capture-02-50x31.jpg 50w\" sizes=\"(max-width: 250px) 100vw, 250px\" \/>\t\t\t\t\t\t\t\t\t\t\t\t\t\t\t<\/div>\n\t\t\t\t<\/div>\n\t\t\t\t\t<\/div>\n\t\t<\/div>\n\t\t\t\t<div class=\"elementor-column elementor-col-25 elementor-top-column elementor-element elementor-element-d70907d\" data-id=\"d70907d\" data-element_type=\"column\">\n\t\t\t<div class=\"elementor-widget-wrap elementor-element-populated\">\n\t\t\t\t\t\t<div class=\"elementor-element elementor-element-cd814a6 elementor-widget elementor-widget-image\" data-id=\"cd814a6\" data-element_type=\"widget\" data-widget_type=\"image.default\">\n\t\t\t\t<div class=\"elementor-widget-container\">\n\t\t\t\t\t\t\t\t\t\t\t\t\t\t\t<img decoding=\"async\" width=\"250\" height=\"153\" src=\"https:\/\/cpcms.fr\/2022\/wp-content\/uploads\/2023\/03\/Capture-03.jpg\" class=\"attachment-large size-large wp-image-1658\" alt=\"\" srcset=\"https:\/\/cpcms.fr\/2022\/wp-content\/uploads\/2023\/03\/Capture-03.jpg 250w, https:\/\/cpcms.fr\/2022\/wp-content\/uploads\/2023\/03\/Capture-03-50x31.jpg 50w\" sizes=\"(max-width: 250px) 100vw, 250px\" \/>\t\t\t\t\t\t\t\t\t\t\t\t\t\t\t<\/div>\n\t\t\t\t<\/div>\n\t\t\t\t\t<\/div>\n\t\t<\/div>\n\t\t\t\t<div class=\"elementor-column elementor-col-25 elementor-top-column elementor-element elementor-element-996d41d\" data-id=\"996d41d\" data-element_type=\"column\">\n\t\t\t<div class=\"elementor-widget-wrap elementor-element-populated\">\n\t\t\t\t\t\t<div class=\"elementor-element elementor-element-7718412 elementor-widget elementor-widget-image\" data-id=\"7718412\" data-element_type=\"widget\" data-widget_type=\"image.default\">\n\t\t\t\t<div class=\"elementor-widget-container\">\n\t\t\t\t\t\t\t\t\t\t\t\t\t\t\t<img loading=\"lazy\" decoding=\"async\" width=\"250\" height=\"153\" src=\"https:\/\/cpcms.fr\/2022\/wp-content\/uploads\/2023\/03\/Capture-04.jpg\" class=\"attachment-large size-large wp-image-1659\" alt=\"\" srcset=\"https:\/\/cpcms.fr\/2022\/wp-content\/uploads\/2023\/03\/Capture-04.jpg 250w, https:\/\/cpcms.fr\/2022\/wp-content\/uploads\/2023\/03\/Capture-04-50x31.jpg 50w\" sizes=\"(max-width: 250px) 100vw, 250px\" \/>\t\t\t\t\t\t\t\t\t\t\t\t\t\t\t<\/div>\n\t\t\t\t<\/div>\n\t\t\t\t\t<\/div>\n\t\t<\/div>\n\t\t\t\t\t<\/div>\n\t\t<\/section>\n\t\t\t\t<\/div>\n\t\t","protected":false},"excerpt":{"rendered":"<p>Formez-vous en ligne sur la Cha\u00eene du Froid Ce programme de formation est destin\u00e9 aux \u00e9tudiants de 6\u00e8meann\u00e9e.\u00a0 Acc\u00e9der \u00e0 la formation en ligne !<\/p>\n","protected":false},"author":1,"featured_media":0,"parent":0,"menu_order":0,"comment_status":"closed","ping_status":"closed","template":"","meta":{"_monsterinsights_skip_tracking":false,"_monsterinsights_sitenote_active":false,"_monsterinsights_sitenote_note":"","_monsterinsights_sitenote_category":0,"footnotes":""},"class_list":["post-577","page","type-page","status-publish","hentry"],"aioseo_notices":[],"_links":{"self":[{"href":"https:\/\/cpcms.fr\/2022\/wp-json\/wp\/v2\/pages\/577","targetHints":{"allow":["GET"]}}],"collection":[{"href":"https:\/\/cpcms.fr\/2022\/wp-json\/wp\/v2\/pages"}],"about":[{"href":"https:\/\/cpcms.fr\/2022\/wp-json\/wp\/v2\/types\/page"}],"author":[{"embeddable":true,"href":"https:\/\/cpcms.fr\/2022\/wp-json\/wp\/v2\/users\/1"}],"replies":[{"embeddable":true,"href":"https:\/\/cpcms.fr\/2022\/wp-json\/wp\/v2\/comments?post=577"}],"version-history":[{"count":11,"href":"https:\/\/cpcms.fr\/2022\/wp-json\/wp\/v2\/pages\/577\/revisions"}],"predecessor-version":[{"id":1665,"href":"https:\/\/cpcms.fr\/2022\/wp-json\/wp\/v2\/pages\/577\/revisions\/1665"}],"wp:attachment":[{"href":"https:\/\/cpcms.fr\/2022\/wp-json\/wp\/v2\/media?parent=577"}],"curies":[{"name":"wp","href":"https:\/\/api.w.org\/{rel}","templated":true}]}}