{"id":784,"date":"2023-02-14T11:43:39","date_gmt":"2023-02-14T10:43:39","guid":{"rendered":"https:\/\/cpcms.fr\/2022\/?page_id=784"},"modified":"2023-03-29T10:17:48","modified_gmt":"2023-03-29T08:17:48","slug":"le-ri","status":"publish","type":"page","link":"https:\/\/cpcms.fr\/2022\/le-ri\/","title":{"rendered":"Le RI"},"content":{"rendered":"\t\t<div data-elementor-type=\"wp-page\" data-elementor-id=\"784\" class=\"elementor elementor-784\" data-elementor-post-type=\"page\">\n\t\t\t\t\t\t<section class=\"elementor-section elementor-top-section elementor-element elementor-element-34e9b7c elementor-section-boxed elementor-section-height-default elementor-section-height-default\" data-id=\"34e9b7c\" data-element_type=\"section\" data-settings=\"{&quot;background_background&quot;:&quot;classic&quot;}\">\n\t\t\t\t\t\t<div class=\"elementor-container elementor-column-gap-default\">\n\t\t\t\t\t<div class=\"elementor-column elementor-col-100 elementor-top-column elementor-element elementor-element-1662f5e\" data-id=\"1662f5e\" data-element_type=\"column\">\n\t\t\t<div class=\"elementor-widget-wrap elementor-element-populated\">\n\t\t\t\t\t\t<div class=\"elementor-element elementor-element-fb1af82 elementor-widget elementor-widget-text-editor\" data-id=\"fb1af82\" data-element_type=\"widget\" data-widget_type=\"text-editor.default\">\n\t\t\t\t<div class=\"elementor-widget-container\">\n\t\t\t\t\t\t\t\t\t<h1 style=\"text-align: center;\"><span style=\"color: #ffffff;\">R\u00e8glement int\u00e9rieur<\/span><\/h1><h3 style=\"text-align: center;\"><span style=\"color: #ffffff;\">Coll\u00e8ge des Pharmaciens Conseillers et Ma\u00eetres de Stage (CPCMS)<\/span><\/h3><p style=\"text-align: center;\"><span style=\"color: #ffffff;\">Adopt\u00e9 par l\u2019assembl\u00e9e g\u00e9n\u00e9rale extraordinaire du 15\/09\/2016<\/span><\/p>\t\t\t\t\t\t\t\t<\/div>\n\t\t\t\t<\/div>\n\t\t\t\t\t<\/div>\n\t\t<\/div>\n\t\t\t\t\t<\/div>\n\t\t<\/section>\n\t\t\t\t<section class=\"elementor-section elementor-top-section elementor-element elementor-element-931b46c elementor-section-boxed elementor-section-height-default elementor-section-height-default\" data-id=\"931b46c\" data-element_type=\"section\">\n\t\t\t\t\t\t<div class=\"elementor-container elementor-column-gap-default\">\n\t\t\t\t\t<div class=\"elementor-column elementor-col-100 elementor-top-column elementor-element elementor-element-7ce109c\" data-id=\"7ce109c\" data-element_type=\"column\" data-settings=\"{&quot;background_background&quot;:&quot;classic&quot;}\">\n\t\t\t<div class=\"elementor-widget-wrap elementor-element-populated\">\n\t\t\t\t\t\t<div class=\"elementor-element elementor-element-7c5ed2b elementor-widget elementor-widget-text-editor\" data-id=\"7c5ed2b\" data-element_type=\"widget\" data-widget_type=\"text-editor.default\">\n\t\t\t\t<div class=\"elementor-widget-container\">\n\t\t\t\t\t\t\t\t\t<p><strong>Article 1 \u2013 Agr\u00e9ment des nouveaux membres<\/strong><\/p>\t\t\t\t\t\t\t\t<\/div>\n\t\t\t\t<\/div>\n\t\t\t\t\t<\/div>\n\t\t<\/div>\n\t\t\t\t\t<\/div>\n\t\t<\/section>\n\t\t\t\t<section class=\"elementor-section elementor-top-section elementor-element elementor-element-e9ca68f elementor-section-boxed elementor-section-height-default elementor-section-height-default\" data-id=\"e9ca68f\" data-element_type=\"section\">\n\t\t\t\t\t\t<div class=\"elementor-container elementor-column-gap-default\">\n\t\t\t\t\t<div class=\"elementor-column elementor-col-100 elementor-top-column elementor-element elementor-element-cc341ac\" data-id=\"cc341ac\" data-element_type=\"column\">\n\t\t\t<div class=\"elementor-widget-wrap elementor-element-populated\">\n\t\t\t\t\t\t<div class=\"elementor-element elementor-element-e261222 elementor-widget elementor-widget-text-editor\" data-id=\"e261222\" data-element_type=\"widget\" data-widget_type=\"text-editor.default\">\n\t\t\t\t<div class=\"elementor-widget-container\">\n\t\t\t\t\t\t\t\t\t<p>Pour \u00eatre agr\u00e9\u00e9 membre du CPCMS, la demande doit en \u00eatre formul\u00e9e par courrier ou courrier \u00e9lectronique aupr\u00e8s du Coll\u00e8ge.<\/p><p>Le bureau statue lors de chacune de ses r\u00e9unions sur les demandes d\u2019admission pr\u00e9sent\u00e9es.<\/p>\t\t\t\t\t\t\t\t<\/div>\n\t\t\t\t<\/div>\n\t\t\t\t\t<\/div>\n\t\t<\/div>\n\t\t\t\t\t<\/div>\n\t\t<\/section>\n\t\t\t\t<section class=\"elementor-section elementor-top-section elementor-element elementor-element-7980d4a elementor-section-boxed elementor-section-height-default elementor-section-height-default\" data-id=\"7980d4a\" data-element_type=\"section\">\n\t\t\t\t\t\t<div class=\"elementor-container elementor-column-gap-default\">\n\t\t\t\t\t<div class=\"elementor-column elementor-col-100 elementor-top-column elementor-element elementor-element-7302a79\" data-id=\"7302a79\" data-element_type=\"column\" data-settings=\"{&quot;background_background&quot;:&quot;classic&quot;}\">\n\t\t\t<div class=\"elementor-widget-wrap elementor-element-populated\">\n\t\t\t\t\t\t<div class=\"elementor-element elementor-element-5f1d613 elementor-widget elementor-widget-text-editor\" data-id=\"5f1d613\" data-element_type=\"widget\" data-widget_type=\"text-editor.default\">\n\t\t\t\t<div class=\"elementor-widget-container\">\n\t\t\t\t\t\t\t\t\t<p><strong>Article 2 \u2013 Perte de la qualit\u00e9 de membre<\/strong><\/p>\t\t\t\t\t\t\t\t<\/div>\n\t\t\t\t<\/div>\n\t\t\t\t\t<\/div>\n\t\t<\/div>\n\t\t\t\t\t<\/div>\n\t\t<\/section>\n\t\t\t\t<section class=\"elementor-section elementor-top-section elementor-element elementor-element-652a82b elementor-section-boxed elementor-section-height-default elementor-section-height-default\" data-id=\"652a82b\" data-element_type=\"section\">\n\t\t\t\t\t\t<div class=\"elementor-container elementor-column-gap-default\">\n\t\t\t\t\t<div class=\"elementor-column elementor-col-100 elementor-top-column elementor-element elementor-element-0008bd0\" data-id=\"0008bd0\" data-element_type=\"column\">\n\t\t\t<div class=\"elementor-widget-wrap elementor-element-populated\">\n\t\t\t\t\t\t<div class=\"elementor-element elementor-element-a6aea49 elementor-widget elementor-widget-text-editor\" data-id=\"a6aea49\" data-element_type=\"widget\" data-widget_type=\"text-editor.default\">\n\t\t\t\t<div class=\"elementor-widget-container\">\n\t\t\t\t\t\t\t\t\t<p>1. La d\u00e9mission doit \u00eatre adress\u00e9e par courrier ou courrier \u00e9lectronique au pr\u00e9sident du coll\u00e8ge. Elle n\u2019a pas \u00e0 \u00eatre motiv\u00e9e par le membre d\u00e9missionnaire.<\/p><p>2. Comme indiqu\u00e9 \u00e0 l\u2019article 7 des statuts, l\u2019exclusion d\u2019un membre peut \u00eatre prononc\u00e9e par le bureau. Sont notamment r\u00e9put\u00e9s constituer des motifs d\u2019exclusion:<\/p><p>\u2013 une condamnation p\u00e9nale ou disciplinaire ;<\/p><p>\u2013 toute action de nature \u00e0 porter pr\u00e9judice, directement ou indirectement, aux activit\u00e9s de l\u2019association ou \u00e0 sa r\u00e9putation ;<\/p><p>\u2013 la non-participation r\u00e9p\u00e9t\u00e9e et non motiv\u00e9e aux activit\u00e9s de l\u2019association ;<\/p><p>\u2013 le non-paiement de cotisation apr\u00e8s rappels \u00e0 l\u2019int\u00e9ress\u00e9.<\/p><p>3. En cas de d\u00e9c\u00e8s d\u2019un membre, les h\u00e9ritiers ou les l\u00e9gataires ne peuvent pr\u00e9tendre \u00e0 un quelconque maintien dans l\u2019association.<\/p><p>La cotisation vers\u00e9e \u00e0 l\u2019association est d\u00e9finitivement acquise, m\u00eame cas en cas de d\u00e9mission, d\u2019exclusion, ou de d\u00e9c\u00e8s d\u2019un membre en cours d\u2019ann\u00e9e.<\/p>\t\t\t\t\t\t\t\t<\/div>\n\t\t\t\t<\/div>\n\t\t\t\t\t<\/div>\n\t\t<\/div>\n\t\t\t\t\t<\/div>\n\t\t<\/section>\n\t\t\t\t<section class=\"elementor-section elementor-top-section elementor-element elementor-element-b9407dd elementor-section-boxed elementor-section-height-default elementor-section-height-default\" data-id=\"b9407dd\" data-element_type=\"section\">\n\t\t\t\t\t\t<div class=\"elementor-container elementor-column-gap-default\">\n\t\t\t\t\t<div class=\"elementor-column elementor-col-100 elementor-top-column elementor-element elementor-element-d75ac25\" data-id=\"d75ac25\" data-element_type=\"column\" data-settings=\"{&quot;background_background&quot;:&quot;classic&quot;}\">\n\t\t\t<div class=\"elementor-widget-wrap elementor-element-populated\">\n\t\t\t\t\t\t<div class=\"elementor-element elementor-element-3a9a847 elementor-widget elementor-widget-text-editor\" data-id=\"3a9a847\" data-element_type=\"widget\" data-widget_type=\"text-editor.default\">\n\t\t\t\t<div class=\"elementor-widget-container\">\n\t\t\t\t\t\t\t\t\t<p><strong>Article 3 \u2013 Convocations<\/strong><\/p>\t\t\t\t\t\t\t\t<\/div>\n\t\t\t\t<\/div>\n\t\t\t\t\t<\/div>\n\t\t<\/div>\n\t\t\t\t\t<\/div>\n\t\t<\/section>\n\t\t\t\t<section class=\"elementor-section elementor-top-section elementor-element elementor-element-a100774 elementor-section-boxed elementor-section-height-default elementor-section-height-default\" data-id=\"a100774\" data-element_type=\"section\">\n\t\t\t\t\t\t<div class=\"elementor-container elementor-column-gap-default\">\n\t\t\t\t\t<div class=\"elementor-column elementor-col-100 elementor-top-column elementor-element elementor-element-e393830\" data-id=\"e393830\" data-element_type=\"column\">\n\t\t\t<div class=\"elementor-widget-wrap elementor-element-populated\">\n\t\t\t\t\t\t<div class=\"elementor-element elementor-element-8089035 elementor-widget elementor-widget-text-editor\" data-id=\"8089035\" data-element_type=\"widget\" data-widget_type=\"text-editor.default\">\n\t\t\t\t<div class=\"elementor-widget-container\">\n\t\t\t\t\t\t\t\t\t<p>Les convocations sont adress\u00e9es par courriel \u00e0 l\u2019ensemble des membres du Coll\u00e8ge au moins 2 semaines avant la tenue des diff\u00e9rentes assembl\u00e9es ou r\u00e9unions.<\/p>\t\t\t\t\t\t\t\t<\/div>\n\t\t\t\t<\/div>\n\t\t\t\t\t<\/div>\n\t\t<\/div>\n\t\t\t\t\t<\/div>\n\t\t<\/section>\n\t\t\t\t<section class=\"elementor-section elementor-top-section elementor-element elementor-element-4cf9a24 elementor-section-boxed elementor-section-height-default elementor-section-height-default\" data-id=\"4cf9a24\" data-element_type=\"section\">\n\t\t\t\t\t\t<div class=\"elementor-container elementor-column-gap-default\">\n\t\t\t\t\t<div class=\"elementor-column elementor-col-100 elementor-top-column elementor-element elementor-element-53f151e\" data-id=\"53f151e\" data-element_type=\"column\" data-settings=\"{&quot;background_background&quot;:&quot;classic&quot;}\">\n\t\t\t<div class=\"elementor-widget-wrap elementor-element-populated\">\n\t\t\t\t\t\t<div class=\"elementor-element elementor-element-cfd6283 elementor-widget elementor-widget-text-editor\" data-id=\"cfd6283\" data-element_type=\"widget\" data-widget_type=\"text-editor.default\">\n\t\t\t\t<div class=\"elementor-widget-container\">\n\t\t\t\t\t\t\t\t\t<p><strong>Article 4 \u2013 Modalit\u00e9s applicables aux votes<\/strong><\/p>\t\t\t\t\t\t\t\t<\/div>\n\t\t\t\t<\/div>\n\t\t\t\t\t<\/div>\n\t\t<\/div>\n\t\t\t\t\t<\/div>\n\t\t<\/section>\n\t\t\t\t<section class=\"elementor-section elementor-top-section elementor-element elementor-element-a2c7fb6 elementor-section-boxed elementor-section-height-default elementor-section-height-default\" data-id=\"a2c7fb6\" data-element_type=\"section\">\n\t\t\t\t\t\t<div class=\"elementor-container elementor-column-gap-default\">\n\t\t\t\t\t<div class=\"elementor-column elementor-col-100 elementor-top-column elementor-element elementor-element-d8c4bd4\" data-id=\"d8c4bd4\" data-element_type=\"column\">\n\t\t\t<div class=\"elementor-widget-wrap elementor-element-populated\">\n\t\t\t\t\t\t<div class=\"elementor-element elementor-element-dfa545c elementor-widget elementor-widget-text-editor\" data-id=\"dfa545c\" data-element_type=\"widget\" data-widget_type=\"text-editor.default\">\n\t\t\t\t<div class=\"elementor-widget-container\">\n\t\t\t\t\t\t\t\t\t<p>Seuls les membres \u00e0 jour de leur cotisation ont un droit de vote.<\/p><p>1. Quorum :<\/p><p>Le quorum est un pourcentage du nombre de membres du Coll\u00e8ge.<\/p><p>Les votes ne sont valides que si le quorum est atteint au moment du vote.<\/p><p><\/p><p>1.1. Pour les Assembl\u00e9es G\u00e9n\u00e9rales et r\u00e9unions pl\u00e9ni\u00e8res :<\/p><p>La moiti\u00e9 des membres est n\u00e9cessaire pour que le Coll\u00e8ge d\u00e9lib\u00e8re valablement.<\/p><p><\/p><p>1.2. Pour les Assembl\u00e9es G\u00e9n\u00e9rales Extraordinaires<\/p><p>Les deux tiers des membres sont n\u00e9cessaires pour que le Coll\u00e8ge d\u00e9lib\u00e8re valablement.<\/p><p><\/p><p>2. Votes des membres pr\u00e9sents<\/p><p>Les membres pr\u00e9sents votent \u00e0 main lev\u00e9e. Toutefois, un scrutin secret doit \u00eatre organis\u00e9 en cas de<\/p><p>demande d\u2019un des membres pr\u00e9sents.<\/p><p><\/p><p>3. Votes par procuration<\/p><p>Si un membre de l\u2019association ne peut assister personnellement \u00e0 une assembl\u00e9e, il peut s\u2019y faire<\/p><p>repr\u00e9senter par un mandataire qu\u2019il aura d\u00e9sign\u00e9 par \u00e9crit.<\/p>\t\t\t\t\t\t\t\t<\/div>\n\t\t\t\t<\/div>\n\t\t\t\t\t<\/div>\n\t\t<\/div>\n\t\t\t\t\t<\/div>\n\t\t<\/section>\n\t\t\t\t<section class=\"elementor-section elementor-top-section elementor-element elementor-element-d44e2b9 elementor-section-boxed elementor-section-height-default elementor-section-height-default\" data-id=\"d44e2b9\" data-element_type=\"section\">\n\t\t\t\t\t\t<div class=\"elementor-container elementor-column-gap-default\">\n\t\t\t\t\t<div class=\"elementor-column elementor-col-100 elementor-top-column elementor-element elementor-element-16c55a0\" data-id=\"16c55a0\" data-element_type=\"column\" data-settings=\"{&quot;background_background&quot;:&quot;classic&quot;}\">\n\t\t\t<div class=\"elementor-widget-wrap elementor-element-populated\">\n\t\t\t\t\t\t<div class=\"elementor-element elementor-element-ba4b1dc elementor-widget elementor-widget-text-editor\" data-id=\"ba4b1dc\" data-element_type=\"widget\" data-widget_type=\"text-editor.default\">\n\t\t\t\t<div class=\"elementor-widget-container\">\n\t\t\t\t\t\t\t\t\t<p><strong>Article 5 \u2013 Fonctionnement du bureau<\/strong><\/p>\t\t\t\t\t\t\t\t<\/div>\n\t\t\t\t<\/div>\n\t\t\t\t\t<\/div>\n\t\t<\/div>\n\t\t\t\t\t<\/div>\n\t\t<\/section>\n\t\t\t\t<section class=\"elementor-section elementor-top-section elementor-element elementor-element-b2ac4bb elementor-section-boxed elementor-section-height-default elementor-section-height-default\" data-id=\"b2ac4bb\" data-element_type=\"section\">\n\t\t\t\t\t\t<div class=\"elementor-container elementor-column-gap-default\">\n\t\t\t\t\t<div class=\"elementor-column elementor-col-100 elementor-top-column elementor-element elementor-element-0efd7e9\" data-id=\"0efd7e9\" data-element_type=\"column\">\n\t\t\t<div class=\"elementor-widget-wrap elementor-element-populated\">\n\t\t\t\t\t\t<div class=\"elementor-element elementor-element-704babe elementor-widget elementor-widget-text-editor\" data-id=\"704babe\" data-element_type=\"widget\" data-widget_type=\"text-editor.default\">\n\t\t\t\t<div class=\"elementor-widget-container\">\n\t\t\t\t\t\t\t\t\t<p>Le bureau se r\u00e9unit aussi souvent que n\u00e9cessaire.<\/p><p>Les d\u00e9cisions sont prises \u00e0 la majorit\u00e9 de ses membres.<\/p><p>En cas d\u2019\u00e9galit\u00e9 des voix, celle du pr\u00e9sident est pr\u00e9pond\u00e9rante.<\/p><p>Toute d\u00e9cision du bureau doit \u00eatre communiqu\u00e9e \u00e0 la r\u00e9union pl\u00e9ni\u00e8re suivante.<\/p>\t\t\t\t\t\t\t\t<\/div>\n\t\t\t\t<\/div>\n\t\t\t\t\t<\/div>\n\t\t<\/div>\n\t\t\t\t\t<\/div>\n\t\t<\/section>\n\t\t\t\t<section class=\"elementor-section elementor-top-section elementor-element elementor-element-244135d elementor-section-boxed elementor-section-height-default elementor-section-height-default\" data-id=\"244135d\" data-element_type=\"section\">\n\t\t\t\t\t\t<div class=\"elementor-container elementor-column-gap-default\">\n\t\t\t\t\t<div class=\"elementor-column elementor-col-100 elementor-top-column elementor-element elementor-element-101a525\" data-id=\"101a525\" data-element_type=\"column\" data-settings=\"{&quot;background_background&quot;:&quot;classic&quot;}\">\n\t\t\t<div class=\"elementor-widget-wrap elementor-element-populated\">\n\t\t\t\t\t\t<div class=\"elementor-element elementor-element-6845853 elementor-widget elementor-widget-text-editor\" data-id=\"6845853\" data-element_type=\"widget\" data-widget_type=\"text-editor.default\">\n\t\t\t\t<div class=\"elementor-widget-container\">\n\t\t\t\t\t\t\t\t\t<p><strong>Article 6 \u2013 Indemnit\u00e9s de remboursement<\/strong><\/p>\t\t\t\t\t\t\t\t<\/div>\n\t\t\t\t<\/div>\n\t\t\t\t\t<\/div>\n\t\t<\/div>\n\t\t\t\t\t<\/div>\n\t\t<\/section>\n\t\t\t\t<section class=\"elementor-section elementor-top-section elementor-element elementor-element-43db32e elementor-section-boxed elementor-section-height-default elementor-section-height-default\" data-id=\"43db32e\" data-element_type=\"section\">\n\t\t\t\t\t\t<div class=\"elementor-container elementor-column-gap-default\">\n\t\t\t\t\t<div class=\"elementor-column elementor-col-100 elementor-top-column elementor-element elementor-element-f6cc59d\" data-id=\"f6cc59d\" data-element_type=\"column\">\n\t\t\t<div class=\"elementor-widget-wrap elementor-element-populated\">\n\t\t\t\t\t\t<div class=\"elementor-element elementor-element-93c28ef elementor-widget elementor-widget-text-editor\" data-id=\"93c28ef\" data-element_type=\"widget\" data-widget_type=\"text-editor.default\">\n\t\t\t\t<div class=\"elementor-widget-container\">\n\t\t\t\t\t\t\t\t\t<p>Les membres \u00e9lus du bureau et\/ou des membres individuels \u00e0 titre particulier et sur d\u00e9cision du bureau, peuvent pr\u00e9tendre au remboursement de frais engag\u00e9s dans le cadre de leurs fonctions, travaux ou missions et sur justificatifs. Le r\u00e9gime le plus \u00e9conomique doit primer.<\/p>\t\t\t\t\t\t\t\t<\/div>\n\t\t\t\t<\/div>\n\t\t\t\t\t<\/div>\n\t\t<\/div>\n\t\t\t\t\t<\/div>\n\t\t<\/section>\n\t\t\t\t<section class=\"elementor-section elementor-top-section elementor-element elementor-element-603b651 elementor-section-boxed elementor-section-height-default elementor-section-height-default\" data-id=\"603b651\" data-element_type=\"section\">\n\t\t\t\t\t\t<div class=\"elementor-container elementor-column-gap-default\">\n\t\t\t\t\t<div class=\"elementor-column elementor-col-100 elementor-top-column elementor-element elementor-element-aa57b96\" data-id=\"aa57b96\" data-element_type=\"column\" data-settings=\"{&quot;background_background&quot;:&quot;classic&quot;}\">\n\t\t\t<div class=\"elementor-widget-wrap elementor-element-populated\">\n\t\t\t\t\t\t<div class=\"elementor-element elementor-element-f10bc6f elementor-widget elementor-widget-text-editor\" data-id=\"f10bc6f\" data-element_type=\"widget\" data-widget_type=\"text-editor.default\">\n\t\t\t\t<div class=\"elementor-widget-container\">\n\t\t\t\t\t\t\t\t\t<p><strong>Article 7 \u2013 Commissions de travail<\/strong><\/p>\t\t\t\t\t\t\t\t<\/div>\n\t\t\t\t<\/div>\n\t\t\t\t\t<\/div>\n\t\t<\/div>\n\t\t\t\t\t<\/div>\n\t\t<\/section>\n\t\t\t\t<section class=\"elementor-section elementor-top-section elementor-element elementor-element-7d39ce9 elementor-section-boxed elementor-section-height-default elementor-section-height-default\" data-id=\"7d39ce9\" data-element_type=\"section\">\n\t\t\t\t\t\t<div class=\"elementor-container elementor-column-gap-default\">\n\t\t\t\t\t<div class=\"elementor-column elementor-col-100 elementor-top-column elementor-element elementor-element-d045950\" data-id=\"d045950\" data-element_type=\"column\">\n\t\t\t<div class=\"elementor-widget-wrap elementor-element-populated\">\n\t\t\t\t\t\t<div class=\"elementor-element elementor-element-f65c321 elementor-widget elementor-widget-text-editor\" data-id=\"f65c321\" data-element_type=\"widget\" data-widget_type=\"text-editor.default\">\n\t\t\t\t<div class=\"elementor-widget-container\">\n\t\t\t\t\t\t\t\t\t<p>Des commissions de travail peuvent \u00eatre constitu\u00e9es par d\u00e9cision du bureau.<\/p><p>Leurs travaux doivent \u00eatre approuv\u00e9s en r\u00e9union pl\u00e9ni\u00e8re.<\/p>\t\t\t\t\t\t\t\t<\/div>\n\t\t\t\t<\/div>\n\t\t\t\t\t<\/div>\n\t\t<\/div>\n\t\t\t\t\t<\/div>\n\t\t<\/section>\n\t\t\t\t<section class=\"elementor-section elementor-top-section elementor-element elementor-element-c5c0e5f elementor-section-boxed elementor-section-height-default elementor-section-height-default\" data-id=\"c5c0e5f\" data-element_type=\"section\">\n\t\t\t\t\t\t<div class=\"elementor-container elementor-column-gap-default\">\n\t\t\t\t\t<div class=\"elementor-column elementor-col-100 elementor-top-column elementor-element elementor-element-5c71dba\" data-id=\"5c71dba\" data-element_type=\"column\" data-settings=\"{&quot;background_background&quot;:&quot;classic&quot;}\">\n\t\t\t<div class=\"elementor-widget-wrap elementor-element-populated\">\n\t\t\t\t\t\t<div class=\"elementor-element elementor-element-1863f1b elementor-widget elementor-widget-text-editor\" data-id=\"1863f1b\" data-element_type=\"widget\" data-widget_type=\"text-editor.default\">\n\t\t\t\t<div class=\"elementor-widget-container\">\n\t\t\t\t\t\t\t\t\t<p><strong>Article 8 \u2013 Modifications du r\u00e8glement int\u00e9rieur<\/strong><\/p>\t\t\t\t\t\t\t\t<\/div>\n\t\t\t\t<\/div>\n\t\t\t\t\t<\/div>\n\t\t<\/div>\n\t\t\t\t\t<\/div>\n\t\t<\/section>\n\t\t\t\t<section class=\"elementor-section elementor-top-section elementor-element elementor-element-5b32bc2 elementor-section-boxed elementor-section-height-default elementor-section-height-default\" data-id=\"5b32bc2\" data-element_type=\"section\">\n\t\t\t\t\t\t<div class=\"elementor-container elementor-column-gap-default\">\n\t\t\t\t\t<div class=\"elementor-column elementor-col-100 elementor-top-column elementor-element elementor-element-4aaa66f\" data-id=\"4aaa66f\" data-element_type=\"column\">\n\t\t\t<div class=\"elementor-widget-wrap elementor-element-populated\">\n\t\t\t\t\t\t<div class=\"elementor-element elementor-element-ddd53b3 elementor-widget elementor-widget-text-editor\" data-id=\"ddd53b3\" data-element_type=\"widget\" data-widget_type=\"text-editor.default\">\n\t\t\t\t<div class=\"elementor-widget-container\">\n\t\t\t\t\t\t\t\t\t<p>Le pr\u00e9sent r\u00e8glement int\u00e9rieur pourra \u00eatre modifi\u00e9 sur proposition du bureau en r\u00e9union pl\u00e9ni\u00e8re \u00e0 la majorit\u00e9 simple des membres pr\u00e9sents ou repr\u00e9sent\u00e9s.<\/p>\t\t\t\t\t\t\t\t<\/div>\n\t\t\t\t<\/div>\n\t\t\t\t\t<\/div>\n\t\t<\/div>\n\t\t\t\t\t<\/div>\n\t\t<\/section>\n\t\t\t\t<\/div>\n\t\t","protected":false},"excerpt":{"rendered":"<p>R\u00e8glement int\u00e9rieur Coll\u00e8ge des Pharmaciens Conseillers et Ma\u00eetres de Stage (CPCMS) Adopt\u00e9 par l\u2019assembl\u00e9e g\u00e9n\u00e9rale extraordinaire du 15\/09\/2016 Article 1 \u2013 Agr\u00e9ment des nouveaux membres Pour \u00eatre agr\u00e9\u00e9 membre du CPCMS, la demande doit en \u00eatre formul\u00e9e par courrier ou courrier \u00e9lectronique aupr\u00e8s du Coll\u00e8ge. Le bureau statue lors de [&hellip;]<\/p>\n","protected":false},"author":1,"featured_media":0,"parent":0,"menu_order":0,"comment_status":"closed","ping_status":"closed","template":"page-templates\/template-pagebuilder-full-width.php","meta":{"_monsterinsights_skip_tracking":false,"_monsterinsights_sitenote_active":false,"_monsterinsights_sitenote_note":"","_monsterinsights_sitenote_category":0,"footnotes":""},"class_list":["post-784","page","type-page","status-publish","hentry"],"aioseo_notices":[],"_links":{"self":[{"href":"https:\/\/cpcms.fr\/2022\/wp-json\/wp\/v2\/pages\/784","targetHints":{"allow":["GET"]}}],"collection":[{"href":"https:\/\/cpcms.fr\/2022\/wp-json\/wp\/v2\/pages"}],"about":[{"href":"https:\/\/cpcms.fr\/2022\/wp-json\/wp\/v2\/types\/page"}],"author":[{"embeddable":true,"href":"https:\/\/cpcms.fr\/2022\/wp-json\/wp\/v2\/users\/1"}],"replies":[{"embeddable":true,"href":"https:\/\/cpcms.fr\/2022\/wp-json\/wp\/v2\/comments?post=784"}],"version-history":[{"count":22,"href":"https:\/\/cpcms.fr\/2022\/wp-json\/wp\/v2\/pages\/784\/revisions"}],"predecessor-version":[{"id":4431,"href":"https:\/\/cpcms.fr\/2022\/wp-json\/wp\/v2\/pages\/784\/revisions\/4431"}],"wp:attachment":[{"href":"https:\/\/cpcms.fr\/2022\/wp-json\/wp\/v2\/media?parent=784"}],"curies":[{"name":"wp","href":"https:\/\/api.w.org\/{rel}","templated":true}]}}