{"id":788,"date":"2023-02-14T11:44:09","date_gmt":"2023-02-14T10:44:09","guid":{"rendered":"https:\/\/cpcms.fr\/2022\/?page_id=788"},"modified":"2025-01-20T09:01:12","modified_gmt":"2025-01-20T08:01:12","slug":"prix-du-college","status":"publish","type":"page","link":"https:\/\/cpcms.fr\/2022\/prix-du-college\/","title":{"rendered":"Prix du Coll\u00e8ge"},"content":{"rendered":"\t\t<div data-elementor-type=\"wp-page\" data-elementor-id=\"788\" class=\"elementor elementor-788\" data-elementor-post-type=\"page\">\n\t\t\t\t\t\t<section class=\"elementor-section elementor-top-section elementor-element elementor-element-853e4ce elementor-section-boxed elementor-section-height-default elementor-section-height-default\" data-id=\"853e4ce\" data-element_type=\"section\">\n\t\t\t\t\t\t<div class=\"elementor-container elementor-column-gap-default\">\n\t\t\t\t\t<div class=\"elementor-column elementor-col-100 elementor-top-column elementor-element elementor-element-0c184a0\" data-id=\"0c184a0\" data-element_type=\"column\">\n\t\t\t<div class=\"elementor-widget-wrap elementor-element-populated\">\n\t\t\t\t\t\t<div class=\"elementor-element elementor-element-d677826 elementor-widget elementor-widget-image\" data-id=\"d677826\" data-element_type=\"widget\" data-widget_type=\"image.default\">\n\t\t\t\t<div class=\"elementor-widget-container\">\n\t\t\t\t\t\t\t\t\t\t\t\t\t\t\t<img fetchpriority=\"high\" decoding=\"async\" width=\"750\" height=\"629\" src=\"https:\/\/cpcms.fr\/2022\/wp-content\/uploads\/2024\/02\/420080889_747782820567862_4991977765104163218_n-768x644.png\" class=\"attachment-medium_large size-medium_large wp-image-6123\" alt=\"\" srcset=\"https:\/\/cpcms.fr\/2022\/wp-content\/uploads\/2024\/02\/420080889_747782820567862_4991977765104163218_n-768x644.png 768w, https:\/\/cpcms.fr\/2022\/wp-content\/uploads\/2024\/02\/420080889_747782820567862_4991977765104163218_n-300x251.png 300w, https:\/\/cpcms.fr\/2022\/wp-content\/uploads\/2024\/02\/420080889_747782820567862_4991977765104163218_n-50x42.png 50w, https:\/\/cpcms.fr\/2022\/wp-content\/uploads\/2024\/02\/420080889_747782820567862_4991977765104163218_n.png 940w\" sizes=\"(max-width: 750px) 100vw, 750px\" \/>\t\t\t\t\t\t\t\t\t\t\t\t\t\t\t<\/div>\n\t\t\t\t<\/div>\n\t\t\t\t\t<\/div>\n\t\t<\/div>\n\t\t\t\t\t<\/div>\n\t\t<\/section>\n\t\t\t\t<section class=\"elementor-section elementor-top-section elementor-element elementor-element-eb82cc7 elementor-section-boxed elementor-section-height-default elementor-section-height-default\" data-id=\"eb82cc7\" data-element_type=\"section\">\n\t\t\t\t\t\t<div class=\"elementor-container elementor-column-gap-default\">\n\t\t\t\t\t<div class=\"elementor-column elementor-col-100 elementor-top-column elementor-element elementor-element-a7f17c8\" data-id=\"a7f17c8\" data-element_type=\"column\" data-settings=\"{&quot;background_background&quot;:&quot;classic&quot;}\">\n\t\t\t<div class=\"elementor-widget-wrap elementor-element-populated\">\n\t\t\t\t\t\t<div class=\"elementor-element elementor-element-0d2bc6b elementor-widget elementor-widget-text-editor\" data-id=\"0d2bc6b\" data-element_type=\"widget\" data-widget_type=\"text-editor.default\">\n\t\t\t\t<div class=\"elementor-widget-container\">\n\t\t\t\t\t\t\t\t\t<h4 style=\"text-align: center;\"><span style=\"color: #000000;\"><strong>Vid\u00e9os prim\u00e9es les ann\u00e9es pr\u00e9c\u00e9dentes<\/strong><\/span><\/h4>\t\t\t\t\t\t\t\t<\/div>\n\t\t\t\t<\/div>\n\t\t\t\t\t<\/div>\n\t\t<\/div>\n\t\t\t\t\t<\/div>\n\t\t<\/section>\n\t\t\t\t<section class=\"elementor-section elementor-top-section elementor-element elementor-element-2e1994f elementor-section-boxed elementor-section-height-default elementor-section-height-default\" data-id=\"2e1994f\" data-element_type=\"section\">\n\t\t\t\t\t\t<div class=\"elementor-container elementor-column-gap-default\">\n\t\t\t\t\t<div class=\"elementor-column elementor-col-50 elementor-top-column elementor-element elementor-element-8c02644\" data-id=\"8c02644\" data-element_type=\"column\">\n\t\t\t<div class=\"elementor-widget-wrap elementor-element-populated\">\n\t\t\t\t\t\t<div class=\"elementor-element elementor-element-19798ce elementor-widget elementor-widget-video\" data-id=\"19798ce\" data-element_type=\"widget\" data-settings=\"{&quot;youtube_url&quot;:&quot;https:\\\/\\\/www.youtube.com\\\/shorts\\\/2r-W9exehYY&quot;,&quot;video_type&quot;:&quot;youtube&quot;,&quot;controls&quot;:&quot;yes&quot;}\" data-widget_type=\"video.default\">\n\t\t\t\t<div class=\"elementor-widget-container\">\n\t\t\t\t\t\t\t<div class=\"elementor-wrapper elementor-open-inline\">\n\t\t\t<div class=\"elementor-video\"><\/div>\t\t<\/div>\n\t\t\t\t\t\t<\/div>\n\t\t\t\t<\/div>\n\t\t\t\t\t<\/div>\n\t\t<\/div>\n\t\t\t\t<div class=\"elementor-column elementor-col-50 elementor-top-column elementor-element elementor-element-63ff202\" data-id=\"63ff202\" data-element_type=\"column\">\n\t\t\t<div class=\"elementor-widget-wrap elementor-element-populated\">\n\t\t\t\t\t\t<div class=\"elementor-element elementor-element-e86048c elementor-widget elementor-widget-video\" data-id=\"e86048c\" data-element_type=\"widget\" data-settings=\"{&quot;youtube_url&quot;:&quot;https:\\\/\\\/www.youtube.com\\\/watch?v=7D9t0i0yLx0&quot;,&quot;video_type&quot;:&quot;youtube&quot;,&quot;controls&quot;:&quot;yes&quot;}\" data-widget_type=\"video.default\">\n\t\t\t\t<div class=\"elementor-widget-container\">\n\t\t\t\t\t\t\t<div class=\"elementor-wrapper elementor-open-inline\">\n\t\t\t<div class=\"elementor-video\"><\/div>\t\t<\/div>\n\t\t\t\t\t\t<\/div>\n\t\t\t\t<\/div>\n\t\t\t\t\t<\/div>\n\t\t<\/div>\n\t\t\t\t\t<\/div>\n\t\t<\/section>\n\t\t\t\t<section class=\"elementor-section elementor-top-section elementor-element elementor-element-dbfd2ed elementor-section-boxed elementor-section-height-default elementor-section-height-default\" data-id=\"dbfd2ed\" data-element_type=\"section\">\n\t\t\t\t\t\t<div class=\"elementor-container elementor-column-gap-default\">\n\t\t\t\t\t<div class=\"elementor-column elementor-col-100 elementor-top-column elementor-element elementor-element-7d1fc5c\" data-id=\"7d1fc5c\" data-element_type=\"column\" data-settings=\"{&quot;background_background&quot;:&quot;classic&quot;}\">\n\t\t\t<div class=\"elementor-widget-wrap elementor-element-populated\">\n\t\t\t\t\t\t<div class=\"elementor-element elementor-element-9975bac elementor-widget elementor-widget-text-editor\" data-id=\"9975bac\" data-element_type=\"widget\" data-widget_type=\"text-editor.default\">\n\t\t\t\t<div class=\"elementor-widget-container\">\n\t\t\t\t\t\t\t\t\t<h4 style=\"text-align: center;\"><span style=\"color: #000000;\"><strong>MON TOUR DE STAGE EN 180 SECONDES<\/strong><\/span><\/h4>\t\t\t\t\t\t\t\t<\/div>\n\t\t\t\t<\/div>\n\t\t\t\t\t<\/div>\n\t\t<\/div>\n\t\t\t\t\t<\/div>\n\t\t<\/section>\n\t\t\t\t<section class=\"elementor-section elementor-top-section elementor-element elementor-element-61ba4c2 elementor-section-boxed elementor-section-height-default elementor-section-height-default\" data-id=\"61ba4c2\" data-element_type=\"section\">\n\t\t\t\t\t\t<div class=\"elementor-container elementor-column-gap-default\">\n\t\t\t\t\t<div class=\"elementor-column elementor-col-100 elementor-top-column elementor-element elementor-element-4405652\" data-id=\"4405652\" data-element_type=\"column\">\n\t\t\t<div class=\"elementor-widget-wrap elementor-element-populated\">\n\t\t\t\t\t\t<div class=\"elementor-element elementor-element-f6d1e01 elementor-widget elementor-widget-text-editor\" data-id=\"f6d1e01\" data-element_type=\"widget\" data-widget_type=\"text-editor.default\">\n\t\t\t\t<div class=\"elementor-widget-container\">\n\t\t\t\t\t\t\t\t\t<p><span>Ce prix\u00a0 r\u00e9compense une pr\u00e9sentation vid\u00e9o, r\u00e9alis\u00e9e par un \u00e9tudiant, relative au stage de Pratique Professionnelle en 6<\/span><sup>\u00e8me<\/sup><span>\u00a0<\/span><span>ann\u00e9e des \u00e9tudes de Pharmacie.<\/span><\/p>\t\t\t\t\t\t\t\t<\/div>\n\t\t\t\t<\/div>\n\t\t\t\t\t<\/div>\n\t\t<\/div>\n\t\t\t\t\t<\/div>\n\t\t<\/section>\n\t\t\t\t<section class=\"elementor-section elementor-top-section elementor-element elementor-element-33a1c15 elementor-section-boxed elementor-section-height-default elementor-section-height-default\" data-id=\"33a1c15\" data-element_type=\"section\">\n\t\t\t\t\t\t<div class=\"elementor-container elementor-column-gap-default\">\n\t\t\t\t\t<div class=\"elementor-column elementor-col-100 elementor-top-column elementor-element elementor-element-af9261d\" data-id=\"af9261d\" data-element_type=\"column\" data-settings=\"{&quot;background_background&quot;:&quot;classic&quot;}\">\n\t\t\t<div class=\"elementor-widget-wrap elementor-element-populated\">\n\t\t\t\t\t\t<div class=\"elementor-element elementor-element-7a0f2b1 elementor-widget elementor-widget-text-editor\" data-id=\"7a0f2b1\" data-element_type=\"widget\" data-widget_type=\"text-editor.default\">\n\t\t\t\t<div class=\"elementor-widget-container\">\n\t\t\t\t\t\t\t\t\t<h5 style=\"text-align: center;\"><span>Le th\u00e8me 2024 est <strong><span>\u00ab Pourquoi l\u2019officine, c\u2019est pour moi ? \u00bb<\/span><\/strong><\/span><\/h5>\t\t\t\t\t\t\t\t<\/div>\n\t\t\t\t<\/div>\n\t\t\t\t\t<\/div>\n\t\t<\/div>\n\t\t\t\t\t<\/div>\n\t\t<\/section>\n\t\t\t\t<section class=\"elementor-section elementor-top-section elementor-element elementor-element-ef89045 elementor-section-boxed elementor-section-height-default elementor-section-height-default\" data-id=\"ef89045\" data-element_type=\"section\">\n\t\t\t\t\t\t<div class=\"elementor-container elementor-column-gap-default\">\n\t\t\t\t\t<div class=\"elementor-column elementor-col-100 elementor-top-column elementor-element elementor-element-a6858c7\" data-id=\"a6858c7\" data-element_type=\"column\">\n\t\t\t<div class=\"elementor-widget-wrap elementor-element-populated\">\n\t\t\t\t\t\t<div class=\"elementor-element elementor-element-15f766a elementor-widget elementor-widget-text-editor\" data-id=\"15f766a\" data-element_type=\"widget\" data-widget_type=\"text-editor.default\">\n\t\t\t\t<div class=\"elementor-widget-container\">\n\t\t\t\t\t\t\t\t\t<p>D\u2019un format de 3 minutes maximum, cette pr\u00e9sentation aura pour vocation d\u2019exposer le v\u00e9cu de l\u2019\u00e9tudiant durant son stage (pratique professionnelle du pharmacien d\u2019officine, dispensation des m\u00e9dicaments, \u00e9ducation pour la sant\u00e9 publique, relation avec le malade et les professionnels de sant\u00e9\u2026). Le laur\u00e9at re\u00e7oit une r\u00e9compense de 1\u00a0000 euros.<\/p><p><em>Tous les \u00e9tudiants inscrits en facult\u00e9 de pharmacie en 6<sup>\u00e8me<\/sup><span>\u00a0<\/span>ann\u00e9e, parcours officine au cours de l\u2019ann\u00e9e 2023\/2024 peuvent concourir selon les modalit\u00e9s d\u00e9crites dans le r\u00e8glement ci-dessous.<\/em><\/p>\t\t\t\t\t\t\t\t<\/div>\n\t\t\t\t<\/div>\n\t\t\t\t\t<\/div>\n\t\t<\/div>\n\t\t\t\t\t<\/div>\n\t\t<\/section>\n\t\t\t\t<section class=\"elementor-section elementor-top-section elementor-element elementor-element-e4637c0 elementor-section-boxed elementor-section-height-default elementor-section-height-default\" data-id=\"e4637c0\" data-element_type=\"section\">\n\t\t\t\t\t\t<div class=\"elementor-container elementor-column-gap-default\">\n\t\t\t\t\t<div class=\"elementor-column elementor-col-100 elementor-top-column elementor-element elementor-element-f3fed8f\" data-id=\"f3fed8f\" data-element_type=\"column\">\n\t\t\t<div class=\"elementor-widget-wrap elementor-element-populated\">\n\t\t\t\t\t\t<div class=\"elementor-element elementor-element-add35a2 elementor-button-align-stretch elementor-widget elementor-widget-form\" data-id=\"add35a2\" data-element_type=\"widget\" data-settings=\"{&quot;step_next_label&quot;:&quot;Suivant&quot;,&quot;step_previous_label&quot;:&quot;Pr\\u00e9c\\u00e9dent&quot;,&quot;button_width&quot;:&quot;100&quot;,&quot;step_type&quot;:&quot;number_text&quot;,&quot;step_icon_shape&quot;:&quot;circle&quot;}\" data-widget_type=\"form.default\">\n\t\t\t\t<div class=\"elementor-widget-container\">\n\t\t\t\t\t\t\t<form class=\"elementor-form\" method=\"post\" name=\"Nouveau formulaire\" aria-label=\"Nouveau formulaire\">\n\t\t\t<input type=\"hidden\" name=\"post_id\" value=\"788\"\/>\n\t\t\t<input type=\"hidden\" name=\"form_id\" value=\"add35a2\"\/>\n\t\t\t<input type=\"hidden\" name=\"referer_title\" value=\"Prix du Coll\u00e8ge\" \/>\n\n\t\t\t\t\t\t\t<input type=\"hidden\" name=\"queried_id\" value=\"788\"\/>\n\t\t\t\n\t\t\t<div class=\"elementor-form-fields-wrapper elementor-labels-above\">\n\t\t\t\t\t\t\t\t<div class=\"elementor-field-type-text elementor-field-group elementor-column elementor-field-group-name elementor-col-100\">\n\t\t\t\t\t\t\t\t\t\t\t\t<label for=\"form-field-name\" class=\"elementor-field-label\">\n\t\t\t\t\t\t\t\tNom\t\t\t\t\t\t\t<\/label>\n\t\t\t\t\t\t\t\t\t\t\t\t\t\t<input size=\"1\" type=\"text\" name=\"form_fields[name]\" id=\"form-field-name\" class=\"elementor-field elementor-size-sm  elementor-field-textual\" placeholder=\"Nom\">\n\t\t\t\t\t\t\t\t\t\t\t<\/div>\n\t\t\t\t\t\t\t\t<div class=\"elementor-field-type-email elementor-field-group elementor-column elementor-field-group-email elementor-col-100 elementor-field-required\">\n\t\t\t\t\t\t\t\t\t\t\t\t<label for=\"form-field-email\" class=\"elementor-field-label\">\n\t\t\t\t\t\t\t\tE-mail\t\t\t\t\t\t\t<\/label>\n\t\t\t\t\t\t\t\t\t\t\t\t\t\t<input size=\"1\" type=\"email\" name=\"form_fields[email]\" id=\"form-field-email\" class=\"elementor-field elementor-size-sm  elementor-field-textual\" placeholder=\"E-mail\" required=\"required\">\n\t\t\t\t\t\t\t\t\t\t\t<\/div>\n\t\t\t\t\t\t\t\t<div class=\"elementor-field-type-textarea elementor-field-group elementor-column elementor-field-group-message elementor-col-100\">\n\t\t\t\t\t\t\t\t\t\t\t\t<label for=\"form-field-message\" class=\"elementor-field-label\">\n\t\t\t\t\t\t\t\tMessage\t\t\t\t\t\t\t<\/label>\n\t\t\t\t\t\t<textarea class=\"elementor-field-textual elementor-field  elementor-size-sm\" name=\"form_fields[message]\" id=\"form-field-message\" rows=\"4\" placeholder=\"Message\"><\/textarea>\t\t\t\t<\/div>\n\t\t\t\t\t\t\t\t<div class=\"elementor-field-type-upload elementor-field-group elementor-column elementor-field-group-field_c47d167 elementor-col-100\">\n\t\t\t\t\t\t\t\t\t\t\t\t<label for=\"form-field-field_c47d167\" class=\"elementor-field-label\">\n\t\t\t\t\t\t\t\tVotre Vid\u00e9o !\t\t\t\t\t\t\t<\/label>\n\t\t\t\t\t\t\t\t<input type=\"file\" name=\"form_fields[field_c47d167]\" id=\"form-field-field_c47d167\" class=\"elementor-field elementor-size-sm  elementor-upload-field\">\n\n\t\t\t\t\t\t<\/div>\n\t\t\t\t\t\t\t\t<div class=\"elementor-field-type-recaptcha_v3 elementor-field-group elementor-column elementor-field-group-field_7cdb629 elementor-col-100 recaptcha_v3-bottomright\">\n\t\t\t\t\t<div class=\"elementor-field\" id=\"form-field-field_7cdb629\"><div class=\"elementor-g-recaptcha\" data-sitekey=\"6Le7B60ZAAAAAH2yDQQ_emPIJ38JPsvYzTkX1EDd\" data-type=\"v3\" data-action=\"Form\" data-badge=\"bottomright\" data-size=\"invisible\"><\/div><\/div>\t\t\t\t<\/div>\n\t\t\t\t\t\t\t\t<div class=\"elementor-field-group elementor-column elementor-field-type-submit elementor-col-100 e-form__buttons\">\n\t\t\t\t\t<button class=\"elementor-button elementor-size-sm\" type=\"submit\">\n\t\t\t\t\t\t<span class=\"elementor-button-content-wrapper\">\n\t\t\t\t\t\t\t\t\t\t\t\t\t\t\t\t\t\t\t\t\t\t<span class=\"elementor-button-text\">Je participe en envoyant ma vid\u00e9o !<\/span>\n\t\t\t\t\t\t\t\t\t\t\t\t\t<\/span>\n\t\t\t\t\t<\/button>\n\t\t\t\t<\/div>\n\t\t\t<\/div>\n\t\t<\/form>\n\t\t\t\t\t\t<\/div>\n\t\t\t\t<\/div>\n\t\t\t\t\t<\/div>\n\t\t<\/div>\n\t\t\t\t\t<\/div>\n\t\t<\/section>\n\t\t\t\t<section class=\"elementor-section elementor-top-section elementor-element elementor-element-9daf42e elementor-section-boxed elementor-section-height-default elementor-section-height-default\" data-id=\"9daf42e\" data-element_type=\"section\">\n\t\t\t\t\t\t<div class=\"elementor-container elementor-column-gap-default\">\n\t\t\t\t\t<div class=\"elementor-column elementor-col-100 elementor-top-column elementor-element elementor-element-a48f0f9\" data-id=\"a48f0f9\" data-element_type=\"column\" data-settings=\"{&quot;background_background&quot;:&quot;classic&quot;}\">\n\t\t\t<div class=\"elementor-widget-wrap elementor-element-populated\">\n\t\t\t\t\t\t<div class=\"elementor-element elementor-element-b6abf14 elementor-widget elementor-widget-text-editor\" data-id=\"b6abf14\" data-element_type=\"widget\" data-widget_type=\"text-editor.default\">\n\t\t\t\t<div class=\"elementor-widget-container\">\n\t\t\t\t\t\t\t\t\t<h5><strong>R\u00e8glement du Prix du Coll\u00e8ge des Pharmaciens Conseillers et Ma\u00eetres de stage<\/strong><\/h5>\t\t\t\t\t\t\t\t<\/div>\n\t\t\t\t<\/div>\n\t\t\t\t\t<\/div>\n\t\t<\/div>\n\t\t\t\t\t<\/div>\n\t\t<\/section>\n\t\t\t\t<section class=\"elementor-section elementor-top-section elementor-element elementor-element-f46f21e elementor-section-boxed elementor-section-height-default elementor-section-height-default\" data-id=\"f46f21e\" data-element_type=\"section\">\n\t\t\t\t\t\t<div class=\"elementor-container elementor-column-gap-default\">\n\t\t\t\t\t<div class=\"elementor-column elementor-col-100 elementor-top-column elementor-element elementor-element-352b256\" data-id=\"352b256\" data-element_type=\"column\">\n\t\t\t<div class=\"elementor-widget-wrap elementor-element-populated\">\n\t\t\t\t\t\t<div class=\"elementor-element elementor-element-e6cf738 elementor-widget elementor-widget-text-editor\" data-id=\"e6cf738\" data-element_type=\"widget\" data-widget_type=\"text-editor.default\">\n\t\t\t\t<div class=\"elementor-widget-container\">\n\t\t\t\t\t\t\t\t\t<p><strong>Article 1\u00a0: Descriptif et objet<\/strong><\/p><p>Le Prix du Coll\u00e8ge des Pharmaciens Conseillers et Ma\u00eetres de stage est un prix annuel d\u00e9cern\u00e9 par le Coll\u00e8ge des Pharmaciens et Conseillers Ma\u00eetres de stage, Association loi 1901, dont le si\u00e8ge est 4, avenue Ruysda\u00ebl, 75 379 PARIS Cedex 08. Il est destin\u00e9 \u00e0 r\u00e9compenser une pr\u00e9sentation vid\u00e9o, r\u00e9alis\u00e9e par un \u00e9tudiant, relative au stage de Pratique Professionnelle en 6<sup>\u00e8me<\/sup><span>\u00a0<\/span>ann\u00e9e des \u00e9tudes de Pharmacie. D\u2019un format de 3 minutes maximum, cette pr\u00e9sentation aura pour vocation d\u2019exposer le v\u00e9cu de l\u2019\u00e9tudiant durant son stage (pratique professionnelle du pharmacien d\u2019officine, dispensation des m\u00e9dicaments, \u00e9ducation pour la sant\u00e9 publique, relation avec le malade et les professionnels de sant\u00e9\u2026).<\/p><p>Le th\u00e8me 2023 est \u00ab Pourquoi l\u2019officine, c\u2019est pour moi ?\u00bb.<\/p><p><strong>Article 2\u00a0: Candidatures<\/strong><\/p><p>Tout \u00e9tudiant r\u00e9guli\u00e8rement inscrit en facult\u00e9 de pharmacie en 6<sup>\u00e8me<\/sup><span>\u00a0<\/span>ann\u00e9e, parcours officine, au cours de l\u2019ann\u00e9e 2023 \u2013 2024, est libre de concourir. Une participation collective est accept\u00e9e. Dans cette hypoth\u00e8se, elle sera consid\u00e9r\u00e9e au m\u00eame titre qu\u2019une participation individuelle et ne pourra pr\u00e9tendre qu\u2019\u00e0 la m\u00eame dotation.<\/p><p>Les personnes d\u00e9sirant postuler \u00e0 ce prix doivent obligatoirement faire acte de candidature sur le site du Coll\u00e8ge des Pharmaciens Conseillers et Ma\u00eetres de stage\u00a0:<span>\u00a0<\/span><a href=\"http:\/\/cpcms.fr\/\">http:\/\/cpcms.fr\/<\/a><span>\u00a0<\/span><strong>avant le 31 juillet 2024<\/strong>.<\/p><p><strong>Article 3\u00a0: Conditions de participation<\/strong><\/p><p>Le participant est tenu de respecter la l\u00e9gislation sur la propri\u00e9t\u00e9 intellectuelle, notamment en ce qui concerne les contenus pr\u00e9existants incorpor\u00e9s, le cas \u00e9ch\u00e9ant, \u00e0 sa vid\u00e9o\u00a0(images, extraits, musique,\u2026).<\/p><p>Il est recommand\u00e9 d\u2019utiliser des contenus libres de droit ou d\u2019avoir obtenu l\u2019autorisation pr\u00e9alable des ayants droit.<\/p><p>Les vid\u00e9os r\u00e9v\u00e9lant une absence de consentement de la personne film\u00e9e seront exclues. Aucun \u00e9l\u00e9ment visuel portant atteinte \u00e0 la vie priv\u00e9e ou au droit \u00e0 l\u2019image de tiers ne doit figurer sur la cr\u00e9ation. Les participants doivent obtenir l\u2019autorisation pr\u00e9alable et \u00e9crite de toute personne qu\u2019ils auront choisi de filmer, celle-ci devant \u00eatre majeure (voir mod\u00e8le d\u2019autorisation sur le site).<\/p><p>Aucun \u00e9l\u00e9ment visuel ne doit comporter d\u2019\u00e9l\u00e9ment \u00e0 caract\u00e8re diffamatoire, injurieux, pornographique, raciste, x\u00e9nophobe, choquant, contraire \u00e0 la loi ou portant atteinte aux bonnes m\u0153urs ainsi que tout \u00e9l\u00e9ment d\u00e9nigrant ou susceptible de porter atteinte, de quelque mani\u00e8re que ce soit, \u00e0 l\u2019image, \u00e0 la vie priv\u00e9e, \u00e0 l\u2019honneur, \u00e0 la r\u00e9putation et\/ou \u00e0 la consid\u00e9ration de toute personne physique ou morale. Aucune cigarette, boisson alcoolis\u00e9e ou autre produit prohib\u00e9 ne devra \u00eatre visible.<\/p><p>Toute apparition ou mention de marque commerciale, de logo ou d\u2019objet et de mat\u00e9riel soumis \u00e0 des droits de propri\u00e9t\u00e9 intellectuelle ne devra pas avoir de caract\u00e8re publicitaire. Les vid\u00e9os ne pourront pas, non plus, emprunter ou reprendre, en tout ou partie, des \u00e9l\u00e9ments appartenant \u00e0 une autre vid\u00e9o ou \u00e0 un autre film existant.<\/p><p>Les vid\u00e9os ne devront pas \u00eatre contraires \u00e0 la r\u00e9glementation et \u00e0 la l\u00e9gislation en vigueur.<\/p><p>La vid\u00e9o laur\u00e9ate pourra \u00eatre largement diffus\u00e9e ult\u00e9rieurement sans autre formalit\u00e9 que l\u2019inscription \u00e0 concourir qui vaut acceptation implicite.<\/p><p><strong>Article 4\u00a0: Jury<\/strong><\/p><p>Le jury est compos\u00e9 des membres suivants\u00a0:<\/p><p>\u2013 le Pr\u00e9sident du Coll\u00e8ge des Pharmaciens Conseillers et Ma\u00eetres de stage qui sera le Pr\u00e9sident du jury<\/p><p>\u2013 Cinq membres de ce Coll\u00e8ge dont un repr\u00e9sentant des \u00e9tudiants, deux pharmaciens ma\u00eetres de stage et deux conseillers de stage universitaires.<\/p><p><strong>Article 5\u00a0: Examen des dossiers et d\u00e9lib\u00e9ration du jury<\/strong><\/p><p>Suite \u00e0 la r\u00e9ception des vid\u00e9os, le Pr\u00e9sident du Coll\u00e8ge des Pharmaciens Conseillers et Ma\u00eetres de stage r\u00e9unira le jury qui op\u00e9rera en deux temps.<\/p><p>En premier lieu, chaque vid\u00e9o sera not\u00e9e en fonction de crit\u00e8res pr\u00e9alablement d\u00e9finis tels que la pertinence du sujet, la qualit\u00e9 de l\u2019image et du son, le ton employ\u00e9,\u2026<\/p><p>Ensuite, un vote \u00e0 bulletin secret d\u00e9signera le laur\u00e9at parmi les 3 meilleures vid\u00e9os. Le jury apportera une attention particuli\u00e8re \u00e0 la cr\u00e9ativit\u00e9, l\u2019inspiration, l\u2019\u00e9motion, la bienveillance et l\u2019humour.<\/p><p>En cas d\u2019\u00e9galit\u00e9, la voix du Pr\u00e9sident du jury est souveraine.<\/p><p>Les d\u00e9lib\u00e9rations du jury sont secr\u00e8tes et souveraines.<\/p><p>Le jury se r\u00e9serve le droit de ne pas attribuer de prix.<\/p><p><strong>Article 6\u00a0: Dotation<\/strong><\/p><p>Le prix du Coll\u00e8ge des Pharmaciens Conseillers et Ma\u00eetres de stage est constitu\u00e9 d\u2019une r\u00e9compense de<span>\u00a0<\/span><strong>1\u00a0000 euros<\/strong>.<\/p><p><strong>Article 7 : Remise du prix<\/strong><\/p><p>Le prix du Coll\u00e8ge des Pharmaciens Conseillers et Ma\u00eetres de stage est remis par le Pr\u00e9sident du Coll\u00e8ge au cours d\u2019une s\u00e9ance statutaire qui se tient dans les locaux du Conseil national de l\u2019Ordre des Pharmaciens.<\/p><p><strong>Article 8\u00a0: Administration<\/strong><\/p><p>Le secr\u00e9tariat du Prix 2022 du Coll\u00e8ge des Pharmaciens Conseillers et Ma\u00eetres de stage peut \u00eatre contact\u00e9 \u00e0 l\u2019adresse suivante<strong>:<span>\u00a0<\/span><\/strong><a href=\"mailto:pharmaciens.maitres.stage@gmail.com?subject=Contact%20webmaster\"><strong>pharmaciens.maitres.stage@gmail.com<\/strong><\/a>3<\/p>\t\t\t\t\t\t\t\t<\/div>\n\t\t\t\t<\/div>\n\t\t\t\t\t<\/div>\n\t\t<\/div>\n\t\t\t\t\t<\/div>\n\t\t<\/section>\n\t\t\t\t<\/div>\n\t\t","protected":false},"excerpt":{"rendered":"<p>Vid\u00e9os prim\u00e9es les ann\u00e9es pr\u00e9c\u00e9dentes https:\/\/www.youtube.com\/shorts\/2r-W9exehYYhttps:\/\/www.youtube.com\/watch?v=7D9t0i0yLx0 MON TOUR DE STAGE EN 180 SECONDES Ce prix\u00a0 r\u00e9compense une pr\u00e9sentation vid\u00e9o, r\u00e9alis\u00e9e par un \u00e9tudiant, relative au stage de Pratique Professionnelle en 6\u00e8me\u00a0ann\u00e9e des \u00e9tudes de Pharmacie. Le th\u00e8me 2024 est \u00ab Pourquoi l\u2019officine, c\u2019est pour moi ? \u00bb D\u2019un format de [&hellip;]<\/p>\n","protected":false},"author":1,"featured_media":0,"parent":0,"menu_order":0,"comment_status":"closed","ping_status":"closed","template":"","meta":{"_monsterinsights_skip_tracking":false,"_monsterinsights_sitenote_active":false,"_monsterinsights_sitenote_note":"","_monsterinsights_sitenote_category":0,"footnotes":""},"class_list":["post-788","page","type-page","status-publish","hentry"],"aioseo_notices":[],"_links":{"self":[{"href":"https:\/\/cpcms.fr\/2022\/wp-json\/wp\/v2\/pages\/788","targetHints":{"allow":["GET"]}}],"collection":[{"href":"https:\/\/cpcms.fr\/2022\/wp-json\/wp\/v2\/pages"}],"about":[{"href":"https:\/\/cpcms.fr\/2022\/wp-json\/wp\/v2\/types\/page"}],"author":[{"embeddable":true,"href":"https:\/\/cpcms.fr\/2022\/wp-json\/wp\/v2\/users\/1"}],"replies":[{"embeddable":true,"href":"https:\/\/cpcms.fr\/2022\/wp-json\/wp\/v2\/comments?post=788"}],"version-history":[{"count":46,"href":"https:\/\/cpcms.fr\/2022\/wp-json\/wp\/v2\/pages\/788\/revisions"}],"predecessor-version":[{"id":6872,"href":"https:\/\/cpcms.fr\/2022\/wp-json\/wp\/v2\/pages\/788\/revisions\/6872"}],"wp:attachment":[{"href":"https:\/\/cpcms.fr\/2022\/wp-json\/wp\/v2\/media?parent=788"}],"curies":[{"name":"wp","href":"https:\/\/api.w.org\/{rel}","templated":true}]}}