{"id":790,"date":"2023-02-14T11:44:29","date_gmt":"2023-02-14T10:44:29","guid":{"rendered":"https:\/\/cpcms.fr\/2022\/?page_id=790"},"modified":"2023-03-29T15:44:58","modified_gmt":"2023-03-29T13:44:58","slug":"les-differents-stages","status":"publish","type":"page","link":"https:\/\/cpcms.fr\/2022\/les-differents-stages\/","title":{"rendered":"Les diff\u00e9rents stages"},"content":{"rendered":"\t\t<div data-elementor-type=\"wp-page\" data-elementor-id=\"790\" class=\"elementor elementor-790\" data-elementor-post-type=\"page\">\n\t\t\t\t\t\t<section class=\"elementor-section elementor-top-section elementor-element elementor-element-0bace98 elementor-section-boxed elementor-section-height-default elementor-section-height-default\" data-id=\"0bace98\" data-element_type=\"section\" data-settings=\"{&quot;background_background&quot;:&quot;classic&quot;}\">\n\t\t\t\t\t\t<div class=\"elementor-container elementor-column-gap-default\">\n\t\t\t\t\t<div class=\"elementor-column elementor-col-100 elementor-top-column elementor-element elementor-element-267a066\" data-id=\"267a066\" data-element_type=\"column\">\n\t\t\t<div class=\"elementor-widget-wrap\">\n\t\t\t\t\t\t\t<\/div>\n\t\t<\/div>\n\t\t\t\t\t<\/div>\n\t\t<\/section>\n\t\t\t\t<section class=\"elementor-section elementor-top-section elementor-element elementor-element-18795b1 elementor-section-boxed elementor-section-height-default elementor-section-height-default\" data-id=\"18795b1\" data-element_type=\"section\">\n\t\t\t\t\t\t<div class=\"elementor-container elementor-column-gap-default\">\n\t\t\t\t\t<div class=\"elementor-column elementor-col-100 elementor-top-column elementor-element elementor-element-4cb7c34\" data-id=\"4cb7c34\" data-element_type=\"column\">\n\t\t\t<div class=\"elementor-widget-wrap elementor-element-populated\">\n\t\t\t\t\t\t<div class=\"elementor-element elementor-element-72d4571 elementor-widget elementor-widget-text-editor\" data-id=\"72d4571\" data-element_type=\"widget\" data-widget_type=\"text-editor.default\">\n\t\t\t\t<div class=\"elementor-widget-container\">\n\t\t\t\t\t\t\t\t\tLe cursus pharmaceutique comprend plusieurs stages dont la validation est obligatoire pour l\u2019obtention du Dipl\u00f4me d\u2019\u00c9tat de docteur en pharmacie.<span>\u00a0<\/span><strong>Une partie d\u2019entre eux est r\u00e9alis\u00e9e en officine, chez un pharmacien agr\u00e9\u00e9 ma\u00eetre de stage par le Directeur de l\u2019UFR de pharmacie.<\/strong>\nL\u2019organisation et les modalit\u00e9s de validation des stages sont fix\u00e9es par le conseil de l\u2019UFR dispensant les formations pharmaceutiques et approuv\u00e9es par le pr\u00e9sident de l\u2019universit\u00e9. Pour leur validation, il est tenu compte des \u00e9valuations du ou des ma\u00eetres de stage figurant sur le carnet de stage.\n\n<strong><span>Stage officinal d\u2019initiation (tronc commun)<\/span><\/strong>\n\nIl s\u2019agit du premier stage des \u00e9tudes pharmaceutiques. Il permet un premier contact avec la profession de pharmacien d\u2019officine.\n\n<span>Ce stage:<\/span>\n<ul>\n \t<li>Est r\u00e9alis\u00e9 avant le d\u00e9but de la 3\u00e8me ann\u00e9e<\/li>\n \t<li>Dure quatre semaines, \u00e0 temps complet<\/li>\n \t<li>Est effectu\u00e9 en une ou deux p\u00e9riodes dans une m\u00eame officine ouverte au public ou dans une m\u00eame pharmacie mutualiste ou de secours mini\u00e8re.<\/li>\n<\/ul>\n<em>NB : A titre exceptionnel, le directeur de l\u2019unit\u00e9 de formation et de recherche dispensant des formations pharmaceutiques peut autoriser un candidat \u00e0 effectuer le stage dans une officine situ\u00e9e \u00e0 l\u2019\u00e9tranger, lorsque le titulaire de cette officine est possesseur du dipl\u00f4me d\u2019\u00c9tat fran\u00e7ais de pharmacien ou du dipl\u00f4me d\u2019\u00c9tat de docteur en pharmacie ou d\u2019un dipl\u00f4me permettant l\u2019exercice de la pharmacie d\u2019officine en France.<\/em>\n\n<strong>Consulter le<a href=\"https:\/\/cpcms.fr\/guide-stage-initiation\/\"><span>\u00a0<\/span>\u00ab\u00a0Guide de stage officinal d\u2019initiation\u00a0\u00bb<\/a><span>\u00a0<\/span>.<\/strong>\n<h3><a href=\"http:\/\/cpcms.fr\/wp-content\/uploads\/2015\/03\/fotolia_80298258.jpg\"><img loading=\"lazy\" decoding=\"async\" loading=\"lazy\" class=\" size-medium wp-image-240 alignleft\" src=\"http:\/\/cpcms.fr\/wp-content\/uploads\/2015\/03\/fotolia_80298258-300x200.jpg\" alt=\"Pharmacists looking a medication for a prescription\" width=\"300\" height=\"200\" srcset=\"https:\/\/cpcms.fr\/wp-content\/uploads\/2015\/03\/fotolia_80298258-300x200.jpg 300w, https:\/\/cpcms.fr\/wp-content\/uploads\/2015\/03\/fotolia_80298258.jpg 500w\" sizes=\"auto, (max-width: 300px) 100vw, 300px\" \/><\/a><\/h3>\n<h3><strong><span>Les stages d\u2019application (tronc commun)<\/span><\/strong><\/h3>\nIls se d\u00e9roulent en plusieurs semaines et ont pour objectif la mise en pratique d\u2019enseignements th\u00e9matiques.\n\nIls sont ainsi r\u00e9partis\u00a0:\n<ul>\n \t<li>Minimum une semaine au cours de la 3\u00e8me ann\u00e9e<\/li>\n \t<li>Minimum une semaine en 4\u00e8me ann\u00e9e en fonction de la dur\u00e9e du stage d\u2019application effectu\u00e9 en 3\u00e8me ann\u00e9e<\/li>\n<\/ul>\nLeur mise en \u0153uvre est sp\u00e9cifique \u00e0 chaque facult\u00e9.\n\nNB: Les stages d\u2019application peuvent \u00e9galement \u00eatre effectu\u00e9s dans un service hospitalier sous la responsabilit\u00e9 d\u2019un pharmacien\n<h3><\/h3>\n<h3><span><strong>Stage de pratique professionnelle (parcours officine)\n<\/strong><\/span><\/h3>\nIl s\u2019agit du dernier stage pour les \u00e9tudiant ayant choisi le parcours \u00ab officine \u00bb avant leur entr\u00e9e dans la vie active. Il permet d\u2019acqu\u00e9rir une expertise approfondie de la pratique de la pharmacie d\u2019officine au contact du ma\u00eetre de stage.\n\n<u>Ce stage\u00a0:<\/u>\n\nEst effectu\u00e9 dans une officine, une pharmacie mutualiste ou une pharmacie d\u2019une soci\u00e9t\u00e9 de secours mini\u00e8re, dont le titulaire ou le pharmacien g\u00e9rant est agr\u00e9\u00e9 ma\u00eetre de stage\u00a0;\n<ul>\n \t<li>Est d\u2019une dur\u00e9e de six mois \u00e0 temps plein accompli de mani\u00e8re continue.<\/li>\n \t<li>Peut, apr\u00e8s avis des conseillers de stage, \u00eatre accompli dans deux officines en deux p\u00e9riodes de trois mois\u00a0;<\/li>\n \t<li>Le stagiaire re\u00e7oit une indemnit\u00e9 mensuelle de l\u2019officine (gratification)<\/li>\n<\/ul>\n<em>NB\u00a0: Les \u00e9tudiants peuvent, sur leur demande et avec l\u2019accord du directeur de l\u2019UFR concern\u00e9, accomplir leur stage dans un \u00e9tablissement situ\u00e9 hors de France. sous r\u00e9serve de l\u2019agr\u00e9ment de celui-ci par le pr\u00e9sident de l\u2019universit\u00e9, sur proposition du directeur de l\u2019unit\u00e9 de formation et de recherche dispensant des formations pharmaceutiques et apr\u00e8s signature d\u2019une convention entre l\u2019universit\u00e9 et cet \u00e9tablissement d\u00e9finissant les conditions d\u2019organisation de ce stage en vue de sa validation. Lorsque ce stage est effectu\u00e9 dans une officine situ\u00e9e \u00e0 l\u2019\u00e9tranger, i<span>l doit \u00eatre compl\u00e9t\u00e9 par un stage d\u2019au moins trois mois en France chez un ma\u00eetre de stage agr\u00e9\u00e9.<\/span><\/em>\n\n<span>Depuis la rentr\u00e9e universitaire 2019, une m\u00eame officine peut accueillir concomitamment un stagiaire inscrit en troisi\u00e8me cycle court (stage de pratique professionnelle), un stagiaire en formation d\u2019initiation officinale et un stagiaire en formation d\u2019application.<\/span>\n\n<strong>Consulter le<span>\u00a0<\/span><a href=\"https:\/\/cpcms.fr\/guide-stage\/\">\u00ab Guide de stage de pratique professionnelle en officine \u00bb<\/a>.<\/strong>\n<div>\n<h3>Textes relatifs aux stages officinaux<\/h3>\n<ul>\n \t<li><a href=\"https:\/\/www.legifrance.gouv.fr\/affichTexte.do?cidTexte=JORFTEXT000023850773&amp;dateTexte=20200618\">Arr\u00eat\u00e9 du 22 mars 2011 modifi\u00e9 relatif au r\u00e9gime des \u00e9tudes en vue du dipl\u00f4me de formation g\u00e9n\u00e9rale en sciences pharmaceutiques<\/a><\/li>\n \t<li><a href=\"http:\/\/cpcms.fr\/wp-content\/uploads\/2015\/03\/BO_annexes_28avril2011.pdf\" target=\"_blank\" rel=\"noopener noreferrer\">BO annexes 28 avril 2011<\/a><\/li>\n \t<li><a href=\"https:\/\/www.legifrance.gouv.fr\/affichTexte.do?cidTexte=JORFTEXT000027356819&amp;dateTexte=20200618\">Arr\u00eat\u00e9 du 8 avril 2013 modifi\u00e9 relatif au r\u00e9gime des \u00e9tudes en vue du dipl\u00f4me d\u2019Etat de docteur en pharmacie<\/a><\/li>\n \t<li><a href=\"http:\/\/cpcms.fr\/wp-content\/uploads\/2015\/03\/BO_16_mai_13_annexe-arrete-etudes.pdf\" target=\"_blank\" rel=\"noopener noreferrer\">BO annexes 16 mai 2013<\/a><\/li>\n<\/ul>\n<\/div>\t\t\t\t\t\t\t\t<\/div>\n\t\t\t\t<\/div>\n\t\t\t\t\t<\/div>\n\t\t<\/div>\n\t\t\t\t\t<\/div>\n\t\t<\/section>\n\t\t\t\t<\/div>\n\t\t","protected":false},"excerpt":{"rendered":"<p>Le cursus pharmaceutique comprend plusieurs stages dont la validation est obligatoire pour l\u2019obtention du Dipl\u00f4me d\u2019\u00c9tat de docteur en pharmacie.\u00a0Une partie d\u2019entre eux est r\u00e9alis\u00e9e en officine, chez un pharmacien agr\u00e9\u00e9 ma\u00eetre de stage par le Directeur de l\u2019UFR de pharmacie. L\u2019organisation et les modalit\u00e9s de validation des stages sont [&hellip;]<\/p>\n","protected":false},"author":1,"featured_media":0,"parent":0,"menu_order":0,"comment_status":"closed","ping_status":"closed","template":"page-templates\/template-pagebuilder-full-width.php","meta":{"_monsterinsights_skip_tracking":false,"_monsterinsights_sitenote_active":false,"_monsterinsights_sitenote_note":"","_monsterinsights_sitenote_category":0,"footnotes":""},"class_list":["post-790","page","type-page","status-publish","hentry"],"aioseo_notices":[],"_links":{"self":[{"href":"https:\/\/cpcms.fr\/2022\/wp-json\/wp\/v2\/pages\/790","targetHints":{"allow":["GET"]}}],"collection":[{"href":"https:\/\/cpcms.fr\/2022\/wp-json\/wp\/v2\/pages"}],"about":[{"href":"https:\/\/cpcms.fr\/2022\/wp-json\/wp\/v2\/types\/page"}],"author":[{"embeddable":true,"href":"https:\/\/cpcms.fr\/2022\/wp-json\/wp\/v2\/users\/1"}],"replies":[{"embeddable":true,"href":"https:\/\/cpcms.fr\/2022\/wp-json\/wp\/v2\/comments?post=790"}],"version-history":[{"count":19,"href":"https:\/\/cpcms.fr\/2022\/wp-json\/wp\/v2\/pages\/790\/revisions"}],"predecessor-version":[{"id":4571,"href":"https:\/\/cpcms.fr\/2022\/wp-json\/wp\/v2\/pages\/790\/revisions\/4571"}],"wp:attachment":[{"href":"https:\/\/cpcms.fr\/2022\/wp-json\/wp\/v2\/media?parent=790"}],"curies":[{"name":"wp","href":"https:\/\/api.w.org\/{rel}","templated":true}]}}