{"id":802,"date":"2023-02-14T11:46:27","date_gmt":"2023-02-14T10:46:27","guid":{"rendered":"https:\/\/cpcms.fr\/2022\/?page_id=802"},"modified":"2023-10-19T14:23:04","modified_gmt":"2023-10-19T12:23:04","slug":"devenir-maitre-de-stage","status":"publish","type":"page","link":"https:\/\/cpcms.fr\/2022\/devenir-maitre-de-stage\/","title":{"rendered":"Devenir Ma\u00eetre de stage"},"content":{"rendered":"\t\t<div data-elementor-type=\"wp-page\" data-elementor-id=\"802\" class=\"elementor elementor-802\" data-elementor-post-type=\"page\">\n\t\t\t\t\t\t<section class=\"elementor-section elementor-top-section elementor-element elementor-element-f5f9803 elementor-section-boxed elementor-section-height-default elementor-section-height-default\" data-id=\"f5f9803\" data-element_type=\"section\" data-settings=\"{&quot;background_background&quot;:&quot;classic&quot;}\">\n\t\t\t\t\t\t<div class=\"elementor-container elementor-column-gap-default\">\n\t\t\t\t\t<div class=\"elementor-column elementor-col-100 elementor-top-column elementor-element elementor-element-7a9f6bf\" data-id=\"7a9f6bf\" data-element_type=\"column\">\n\t\t\t<div class=\"elementor-widget-wrap elementor-element-populated\">\n\t\t\t\t\t\t<div class=\"elementor-element elementor-element-a2f4134 elementor-widget elementor-widget-heading\" data-id=\"a2f4134\" data-element_type=\"widget\" data-widget_type=\"heading.default\">\n\t\t\t\t<div class=\"elementor-widget-container\">\n\t\t\t\t\t<h1 class=\"elementor-heading-title elementor-size-default\">R\u00e9f\u00e9rentiel du Ma\u00eetre de Stage<\/h1>\t\t\t\t<\/div>\n\t\t\t\t<\/div>\n\t\t\t\t\t<\/div>\n\t\t<\/div>\n\t\t\t\t\t<\/div>\n\t\t<\/section>\n\t\t\t\t<section class=\"elementor-section elementor-top-section elementor-element elementor-element-a442593 elementor-section-boxed elementor-section-height-default elementor-section-height-default\" data-id=\"a442593\" data-element_type=\"section\">\n\t\t\t\t\t\t<div class=\"elementor-container elementor-column-gap-default\">\n\t\t\t\t\t<div class=\"elementor-column elementor-col-100 elementor-top-column elementor-element elementor-element-3f9b351\" data-id=\"3f9b351\" data-element_type=\"column\">\n\t\t\t<div class=\"elementor-widget-wrap elementor-element-populated\">\n\t\t\t\t\t\t<div class=\"elementor-element elementor-element-5f9189c elementor-widget elementor-widget-text-editor\" data-id=\"5f9189c\" data-element_type=\"widget\" data-widget_type=\"text-editor.default\">\n\t\t\t\t<div class=\"elementor-widget-container\">\n\t\t\t\t\t\t\t\t\t<p><span style=\"font-size: inherit;\">Professionnel de sant\u00e9 aux multiples comp\u00e9tences, le pharmacien d\u2019officine a un contact direct et privil\u00e9gi\u00e9 avec sa patient\u00e8le. Si l\u2019exercice de \u00ab\u00a0l\u2019art pharmaceutique\u00a0\u00bb dans toute sa pl\u00e9nitude s\u2019acquiert quotidiennement au fil des ann\u00e9es, ce sont les stages qui en sont le socle fondateur. Au-del\u00e0 de la formation th\u00e9orique universitaire, la qualit\u00e9 de l\u2019exercice professionnel du futur pharmacien d\u00e9pend en grande partie du \u00ab savoir-faire \u00bb et du \u00ab savoir \u00eatre \u00bb transmis par son ma\u00eetre de stage. Les stages doivent donc permettre aux \u00e9tudiants d\u2019appr\u00e9hender toute la diversit\u00e9 de l\u2019exercice pharmaceutique : application des connaissances scientifiques, mais aussi sens des responsabilit\u00e9s, \u00e9coute des patients, relation avec les autres professionnels<\/span><span style=\"font-size: inherit;\">\u00a0<\/span><em style=\"font-size: inherit;\">de sant\u00e9 et loyaut\u00e9 confraternelle.<\/em><\/p><p><\/p>\t\t\t\t\t\t\t\t<\/div>\n\t\t\t\t<\/div>\n\t\t\t\t\t<\/div>\n\t\t<\/div>\n\t\t\t\t\t<\/div>\n\t\t<\/section>\n\t\t\t\t<section class=\"elementor-section elementor-top-section elementor-element elementor-element-943ab12 elementor-section-boxed elementor-section-height-default elementor-section-height-default\" data-id=\"943ab12\" data-element_type=\"section\">\n\t\t\t\t\t\t<div class=\"elementor-container elementor-column-gap-default\">\n\t\t\t\t\t<div class=\"elementor-column elementor-col-100 elementor-top-column elementor-element elementor-element-9b8f84b\" data-id=\"9b8f84b\" data-element_type=\"column\">\n\t\t\t<div class=\"elementor-widget-wrap elementor-element-populated\">\n\t\t\t\t\t\t<div class=\"elementor-element elementor-element-fe459a2 elementor-widget elementor-widget-image\" data-id=\"fe459a2\" data-element_type=\"widget\" data-widget_type=\"image.default\">\n\t\t\t\t<div class=\"elementor-widget-container\">\n\t\t\t\t\t\t\t\t\t\t\t\t\t\t\t<img fetchpriority=\"high\" decoding=\"async\" width=\"1600\" height=\"600\" src=\"https:\/\/cpcms.fr\/2022\/wp-content\/uploads\/2023\/03\/medicaments.jpg\" class=\"attachment-full size-full wp-image-1619\" alt=\"\" srcset=\"https:\/\/cpcms.fr\/2022\/wp-content\/uploads\/2023\/03\/medicaments.jpg 1600w, https:\/\/cpcms.fr\/2022\/wp-content\/uploads\/2023\/03\/medicaments-300x113.jpg 300w, https:\/\/cpcms.fr\/2022\/wp-content\/uploads\/2023\/03\/medicaments-1024x384.jpg 1024w, https:\/\/cpcms.fr\/2022\/wp-content\/uploads\/2023\/03\/medicaments-768x288.jpg 768w, https:\/\/cpcms.fr\/2022\/wp-content\/uploads\/2023\/03\/medicaments-50x19.jpg 50w, https:\/\/cpcms.fr\/2022\/wp-content\/uploads\/2023\/03\/medicaments-1536x576.jpg 1536w\" sizes=\"(max-width: 1600px) 100vw, 1600px\" \/>\t\t\t\t\t\t\t\t\t\t\t\t\t\t\t<\/div>\n\t\t\t\t<\/div>\n\t\t\t\t\t<\/div>\n\t\t<\/div>\n\t\t\t\t\t<\/div>\n\t\t<\/section>\n\t\t\t\t<section class=\"elementor-section elementor-top-section elementor-element elementor-element-a7d91ba elementor-section-boxed elementor-section-height-default elementor-section-height-default\" data-id=\"a7d91ba\" data-element_type=\"section\">\n\t\t\t\t\t\t<div class=\"elementor-container elementor-column-gap-default\">\n\t\t\t\t\t<div class=\"elementor-column elementor-col-100 elementor-top-column elementor-element elementor-element-363b8e8\" data-id=\"363b8e8\" data-element_type=\"column\">\n\t\t\t<div class=\"elementor-widget-wrap elementor-element-populated\">\n\t\t\t\t\t\t<div class=\"elementor-element elementor-element-2a9c121 elementor-widget elementor-widget-text-editor\" data-id=\"2a9c121\" data-element_type=\"widget\" data-widget_type=\"text-editor.default\">\n\t\t\t\t<div class=\"elementor-widget-container\">\n\t\t\t\t\t\t\t\t\t<p>Ce r\u00e9f\u00e9rentiel du ma\u00eetre de stage du CPCMS se veut un outil mis \u00e0 la disposition de tous les pharmaciens\u00a0d\u2019officine,\u00a0d\u00e9j\u00e0 ma\u00eetres\u00a0de stages ou d\u00e9sirant le devenir. Il d\u00e9crit pr\u00e9cis\u00e9ment les diff\u00e9rents stages qui peuvent avoir lieu en officine. Il\u00a0pr\u00e9cise \u00e9galement\u00a0le r\u00f4le du ma\u00eetre de stage ainsi que les qualit\u00e9s n\u00e9cessaires pour accomplir cette t\u00e2che essentielle \u00e0 la formation de nos futurs confr\u00e8res. Il indique les d\u00e9marches \u00e0 accomplir pour obtenir ou renouveler son agr\u00e9ment.\u00a0 Enfin,\u00a0il donne des pistes organisationnelles pour pr\u00e9parer, conduire et \u00e9valuer les stages.<\/p><p>Le Coll\u00e8ge vous met \u00e0 disposition ce guide pour vous aider dans votre r\u00f4le de Ma\u00eetre de Stage.<\/p>\t\t\t\t\t\t\t\t<\/div>\n\t\t\t\t<\/div>\n\t\t\t\t<div class=\"elementor-element elementor-element-dbe250b elementor-align-left elementor-widget elementor-widget-button\" data-id=\"dbe250b\" data-element_type=\"widget\" data-widget_type=\"button.default\">\n\t\t\t\t<div class=\"elementor-widget-container\">\n\t\t\t\t\t\t\t\t\t<div class=\"elementor-button-wrapper\">\n\t\t\t\t\t<a class=\"elementor-button elementor-button-link elementor-size-sm\" href=\"https:\/\/cpcms.fr\/2022\/wp-content\/uploads\/2023\/06\/Referentiel-du-pharmacien-MDS.pdf\">\n\t\t\t\t\t\t<span class=\"elementor-button-content-wrapper\">\n\t\t\t\t\t\t<span class=\"elementor-button-icon\">\n\t\t\t\t<i aria-hidden=\"true\" class=\"far fa-arrow-alt-circle-down\"><\/i>\t\t\t<\/span>\n\t\t\t\t\t\t\t\t\t<span class=\"elementor-button-text\">R\u00e9f\u00e9rentiel du pharmacien Ma\u00eetre de stage<\/span>\n\t\t\t\t\t<\/span>\n\t\t\t\t\t<\/a>\n\t\t\t\t<\/div>\n\t\t\t\t\t\t\t\t<\/div>\n\t\t\t\t<\/div>\n\t\t\t\t<div class=\"elementor-element elementor-element-9b6cef1 elementor-align-left elementor-widget elementor-widget-button\" data-id=\"9b6cef1\" data-element_type=\"widget\" data-widget_type=\"button.default\">\n\t\t\t\t<div class=\"elementor-widget-container\">\n\t\t\t\t\t\t\t\t\t<div class=\"elementor-button-wrapper\">\n\t\t\t\t\t<a class=\"elementor-button elementor-button-link elementor-size-sm\" href=\"https:\/\/cpcms.fr\/2022\/wp-content\/uploads\/2023\/10\/Charte-dengagement-MDS_Octobre-23.pdf\" target=\"_blank\">\n\t\t\t\t\t\t<span class=\"elementor-button-content-wrapper\">\n\t\t\t\t\t\t<span class=\"elementor-button-icon\">\n\t\t\t\t<i aria-hidden=\"true\" class=\"far fa-arrow-alt-circle-down\"><\/i>\t\t\t<\/span>\n\t\t\t\t\t\t\t\t\t<span class=\"elementor-button-text\">Charte d'engagement pharmacien ma\u00eetre de stage<\/span>\n\t\t\t\t\t<\/span>\n\t\t\t\t\t<\/a>\n\t\t\t\t<\/div>\n\t\t\t\t\t\t\t\t<\/div>\n\t\t\t\t<\/div>\n\t\t\t\t<div class=\"elementor-element elementor-element-7438b12 elementor-align-left elementor-widget elementor-widget-button\" data-id=\"7438b12\" data-element_type=\"widget\" data-widget_type=\"button.default\">\n\t\t\t\t<div class=\"elementor-widget-container\">\n\t\t\t\t\t\t\t\t\t<div class=\"elementor-button-wrapper\">\n\t\t\t\t\t<a class=\"elementor-button elementor-button-link elementor-size-sm\" href=\"https:\/\/cpcms.fr\/2022\/wp-content\/uploads\/2023\/10\/charte_VSS_CDD.pdf\" target=\"_blank\">\n\t\t\t\t\t\t<span class=\"elementor-button-content-wrapper\">\n\t\t\t\t\t\t<span class=\"elementor-button-icon\">\n\t\t\t\t<i aria-hidden=\"true\" class=\"far fa-arrow-alt-circle-down\"><\/i>\t\t\t<\/span>\n\t\t\t\t\t\t\t\t\t<span class=\"elementor-button-text\">Charte d'engagement pour la pr\u00e9vention des VSS<\/span>\n\t\t\t\t\t<\/span>\n\t\t\t\t\t<\/a>\n\t\t\t\t<\/div>\n\t\t\t\t\t\t\t\t<\/div>\n\t\t\t\t<\/div>\n\t\t\t\t\t<\/div>\n\t\t<\/div>\n\t\t\t\t\t<\/div>\n\t\t<\/section>\n\t\t\t\t<\/div>\n\t\t","protected":false},"excerpt":{"rendered":"<p>R\u00e9f\u00e9rentiel du Ma\u00eetre de Stage Professionnel de sant\u00e9 aux multiples comp\u00e9tences, le pharmacien d\u2019officine a un contact direct et privil\u00e9gi\u00e9 avec sa patient\u00e8le. Si l\u2019exercice de \u00ab\u00a0l\u2019art pharmaceutique\u00a0\u00bb dans toute sa pl\u00e9nitude s\u2019acquiert quotidiennement au fil des ann\u00e9es, ce sont les stages qui en sont le socle fondateur. Au-del\u00e0 de [&hellip;]<\/p>\n","protected":false},"author":1,"featured_media":0,"parent":0,"menu_order":0,"comment_status":"closed","ping_status":"closed","template":"page-templates\/template-pagebuilder-full-width.php","meta":{"_monsterinsights_skip_tracking":false,"_monsterinsights_sitenote_active":false,"_monsterinsights_sitenote_note":"","_monsterinsights_sitenote_category":0,"footnotes":""},"class_list":["post-802","page","type-page","status-publish","hentry"],"aioseo_notices":[],"_links":{"self":[{"href":"https:\/\/cpcms.fr\/2022\/wp-json\/wp\/v2\/pages\/802","targetHints":{"allow":["GET"]}}],"collection":[{"href":"https:\/\/cpcms.fr\/2022\/wp-json\/wp\/v2\/pages"}],"about":[{"href":"https:\/\/cpcms.fr\/2022\/wp-json\/wp\/v2\/types\/page"}],"author":[{"embeddable":true,"href":"https:\/\/cpcms.fr\/2022\/wp-json\/wp\/v2\/users\/1"}],"replies":[{"embeddable":true,"href":"https:\/\/cpcms.fr\/2022\/wp-json\/wp\/v2\/comments?post=802"}],"version-history":[{"count":52,"href":"https:\/\/cpcms.fr\/2022\/wp-json\/wp\/v2\/pages\/802\/revisions"}],"predecessor-version":[{"id":5637,"href":"https:\/\/cpcms.fr\/2022\/wp-json\/wp\/v2\/pages\/802\/revisions\/5637"}],"wp:attachment":[{"href":"https:\/\/cpcms.fr\/2022\/wp-json\/wp\/v2\/media?parent=802"}],"curies":[{"name":"wp","href":"https:\/\/api.w.org\/{rel}","templated":true}]}}