{"id":804,"date":"2023-02-14T11:46:45","date_gmt":"2023-02-14T10:46:45","guid":{"rendered":"https:\/\/cpcms.fr\/2022\/?page_id=804"},"modified":"2023-04-28T09:32:03","modified_gmt":"2023-04-28T07:32:03","slug":"se-rendre-visible","status":"publish","type":"page","link":"https:\/\/cpcms.fr\/2022\/se-rendre-visible\/","title":{"rendered":"Se rendre visible"},"content":{"rendered":"\t\t<div data-elementor-type=\"wp-page\" data-elementor-id=\"804\" class=\"elementor elementor-804\" data-elementor-post-type=\"page\">\n\t\t\t\t\t\t<section class=\"elementor-section elementor-top-section elementor-element elementor-element-3c5dba1 elementor-section-boxed elementor-section-height-default elementor-section-height-default\" data-id=\"3c5dba1\" data-element_type=\"section\" data-settings=\"{&quot;background_background&quot;:&quot;classic&quot;}\">\n\t\t\t\t\t\t<div class=\"elementor-container elementor-column-gap-default\">\n\t\t\t\t\t<div class=\"elementor-column elementor-col-100 elementor-top-column elementor-element elementor-element-442e39b\" data-id=\"442e39b\" data-element_type=\"column\">\n\t\t\t<div class=\"elementor-widget-wrap elementor-element-populated\">\n\t\t\t\t\t\t\t<\/div>\n\t\t<\/div>\n\t\t\t\t\t<\/div>\n\t\t<\/section>\n\t\t\t\t<section class=\"elementor-section elementor-top-section elementor-element elementor-element-0a1fbba elementor-section-boxed elementor-section-height-default elementor-section-height-default\" data-id=\"0a1fbba\" data-element_type=\"section\">\n\t\t\t\t\t\t<div class=\"elementor-container elementor-column-gap-default\">\n\t\t\t\t\t<div class=\"elementor-column elementor-col-100 elementor-top-column elementor-element elementor-element-74bf71c\" data-id=\"74bf71c\" data-element_type=\"column\">\n\t\t\t<div class=\"elementor-widget-wrap elementor-element-populated\">\n\t\t\t\t\t\t<div class=\"elementor-element elementor-element-5b90490 elementor-widget elementor-widget-text-editor\" data-id=\"5b90490\" data-element_type=\"widget\" data-widget_type=\"text-editor.default\">\n\t\t\t\t<div class=\"elementor-widget-container\">\n\t\t\t\t\t\t\t\t\t<p>Cette fiche* a \u00e9t\u00e9 \u00e9labor\u00e9e pour r\u00e9pondre \u00e0 la question fr\u00e9quente des \u00e9tudiants,<\/p><blockquote><p>\u00ab Est-ce que vous pouvez m\u2019indiquer un bon ma\u00eetre de stage ? \u00bb<\/p><\/blockquote><p>Elle est destin\u00e9e \u00e0 aider les futurs stagiaires \u00e0 choisir leur ma\u00eetre de stage en les informant sur leur parcours, leur singularit\u00e9, leur exp\u00e9rience et leur localisation. Nous ne doutons pas de votre motivation \u00e0 en faire usage et vous remercions de participer \u00e0 sa propagation.<\/p>\t\t\t\t\t\t\t\t<\/div>\n\t\t\t\t<\/div>\n\t\t\t\t\t<\/div>\n\t\t<\/div>\n\t\t\t\t\t<\/div>\n\t\t<\/section>\n\t\t\t\t<section class=\"elementor-section elementor-top-section elementor-element elementor-element-62ac71e elementor-section-boxed elementor-section-height-default elementor-section-height-default\" data-id=\"62ac71e\" data-element_type=\"section\">\n\t\t\t\t\t\t<div class=\"elementor-container elementor-column-gap-default\">\n\t\t\t\t\t<div class=\"elementor-column elementor-col-50 elementor-top-column elementor-element elementor-element-399ae5e\" data-id=\"399ae5e\" data-element_type=\"column\">\n\t\t\t<div class=\"elementor-widget-wrap elementor-element-populated\">\n\t\t\t\t\t\t<div class=\"elementor-element elementor-element-37b7909 elementor-align-center elementor-widget elementor-widget-button\" data-id=\"37b7909\" data-element_type=\"widget\" data-widget_type=\"button.default\">\n\t\t\t\t<div class=\"elementor-widget-container\">\n\t\t\t\t\t\t\t\t\t<div class=\"elementor-button-wrapper\">\n\t\t\t\t\t<a class=\"elementor-button elementor-button-link elementor-size-sm\" href=\"https:\/\/cpcms.fr\/2022\/fiche-informative\/\">\n\t\t\t\t\t\t<span class=\"elementor-button-content-wrapper\">\n\t\t\t\t\t\t\t\t\t<span class=\"elementor-button-text\">Cr\u00e9er une Fiche Informative<\/span>\n\t\t\t\t\t<\/span>\n\t\t\t\t\t<\/a>\n\t\t\t\t<\/div>\n\t\t\t\t\t\t\t\t<\/div>\n\t\t\t\t<\/div>\n\t\t\t\t\t<\/div>\n\t\t<\/div>\n\t\t\t\t<div class=\"elementor-column elementor-col-50 elementor-top-column elementor-element elementor-element-199ba3f\" data-id=\"199ba3f\" data-element_type=\"column\">\n\t\t\t<div class=\"elementor-widget-wrap elementor-element-populated\">\n\t\t\t\t\t\t<div class=\"elementor-element elementor-element-2067f8c elementor-align-center elementor-widget elementor-widget-button\" data-id=\"2067f8c\" data-element_type=\"widget\" data-widget_type=\"button.default\">\n\t\t\t\t<div class=\"elementor-widget-container\">\n\t\t\t\t\t\t\t\t\t<div class=\"elementor-button-wrapper\">\n\t\t\t\t\t<a class=\"elementor-button elementor-button-link elementor-size-sm\" href=\"https:\/\/cpcms.fr\/2022\/fiche-informative-existante\/\">\n\t\t\t\t\t\t<span class=\"elementor-button-content-wrapper\">\n\t\t\t\t\t\t\t\t\t<span class=\"elementor-button-text\">Modifier une Fiche Informative existante<\/span>\n\t\t\t\t\t<\/span>\n\t\t\t\t\t<\/a>\n\t\t\t\t<\/div>\n\t\t\t\t\t\t\t\t<\/div>\n\t\t\t\t<\/div>\n\t\t\t\t\t<\/div>\n\t\t<\/div>\n\t\t\t\t\t<\/div>\n\t\t<\/section>\n\t\t\t\t<section class=\"elementor-section elementor-top-section elementor-element elementor-element-35ddac6 elementor-section-boxed elementor-section-height-default elementor-section-height-default\" data-id=\"35ddac6\" data-element_type=\"section\">\n\t\t\t\t\t\t<div class=\"elementor-container elementor-column-gap-default\">\n\t\t\t\t\t<div class=\"elementor-column elementor-col-100 elementor-top-column elementor-element elementor-element-6c3045d\" data-id=\"6c3045d\" data-element_type=\"column\">\n\t\t\t<div class=\"elementor-widget-wrap elementor-element-populated\">\n\t\t\t\t\t\t<div class=\"elementor-element elementor-element-ff69f59 elementor-widget elementor-widget-image\" data-id=\"ff69f59\" data-element_type=\"widget\" data-widget_type=\"image.default\">\n\t\t\t\t<div class=\"elementor-widget-container\">\n\t\t\t\t\t\t\t\t\t\t\t\t\t\t\t<img fetchpriority=\"high\" decoding=\"async\" width=\"750\" height=\"264\" src=\"https:\/\/cpcms.fr\/2022\/wp-content\/uploads\/2023\/04\/fiche-shutterstock_234693088-1024x360.jpeg\" class=\"attachment-large size-large wp-image-5233\" alt=\"\" srcset=\"https:\/\/cpcms.fr\/2022\/wp-content\/uploads\/2023\/04\/fiche-shutterstock_234693088-1024x360.jpeg 1024w, https:\/\/cpcms.fr\/2022\/wp-content\/uploads\/2023\/04\/fiche-shutterstock_234693088-300x105.jpeg 300w, https:\/\/cpcms.fr\/2022\/wp-content\/uploads\/2023\/04\/fiche-shutterstock_234693088-768x270.jpeg 768w, https:\/\/cpcms.fr\/2022\/wp-content\/uploads\/2023\/04\/fiche-shutterstock_234693088-50x18.jpeg 50w, https:\/\/cpcms.fr\/2022\/wp-content\/uploads\/2023\/04\/fiche-shutterstock_234693088.jpeg 1050w\" sizes=\"(max-width: 750px) 100vw, 750px\" \/>\t\t\t\t\t\t\t\t\t\t\t\t\t\t\t<\/div>\n\t\t\t\t<\/div>\n\t\t\t\t\t<\/div>\n\t\t<\/div>\n\t\t\t\t\t<\/div>\n\t\t<\/section>\n\t\t\t\t<section class=\"elementor-section elementor-top-section elementor-element elementor-element-0c9e45a elementor-section-boxed elementor-section-height-default elementor-section-height-default\" data-id=\"0c9e45a\" data-element_type=\"section\">\n\t\t\t\t\t\t<div class=\"elementor-container elementor-column-gap-default\">\n\t\t\t\t\t<div class=\"elementor-column elementor-col-100 elementor-top-column elementor-element elementor-element-23f9393\" data-id=\"23f9393\" data-element_type=\"column\">\n\t\t\t<div class=\"elementor-widget-wrap elementor-element-populated\">\n\t\t\t\t\t\t<div class=\"elementor-element elementor-element-6bc9b47 elementor-widget elementor-widget-text-editor\" data-id=\"6bc9b47\" data-element_type=\"widget\" data-widget_type=\"text-editor.default\">\n\t\t\t\t<div class=\"elementor-widget-container\">\n\t\t\t\t\t\t\t\t\t<p><em>*Cette fiche n\u2019est pas un document administratif ou contractuel comme la demande d\u2019agr\u00e9ment.<\/em><\/p>\t\t\t\t\t\t\t\t<\/div>\n\t\t\t\t<\/div>\n\t\t\t\t\t<\/div>\n\t\t<\/div>\n\t\t\t\t\t<\/div>\n\t\t<\/section>\n\t\t\t\t<\/div>\n\t\t","protected":false},"excerpt":{"rendered":"<p>Cette fiche* a \u00e9t\u00e9 \u00e9labor\u00e9e pour r\u00e9pondre \u00e0 la question fr\u00e9quente des \u00e9tudiants, \u00ab Est-ce que vous pouvez m\u2019indiquer un bon ma\u00eetre de stage ? \u00bb Elle est destin\u00e9e \u00e0 aider les futurs stagiaires \u00e0 choisir leur ma\u00eetre de stage en les informant sur leur parcours, leur singularit\u00e9, leur exp\u00e9rience [&hellip;]<\/p>\n","protected":false},"author":1,"featured_media":0,"parent":0,"menu_order":0,"comment_status":"closed","ping_status":"closed","template":"page-templates\/template-pagebuilder-full-width.php","meta":{"_monsterinsights_skip_tracking":false,"_monsterinsights_sitenote_active":false,"_monsterinsights_sitenote_note":"","_monsterinsights_sitenote_category":0,"footnotes":""},"class_list":["post-804","page","type-page","status-publish","hentry"],"aioseo_notices":[],"_links":{"self":[{"href":"https:\/\/cpcms.fr\/2022\/wp-json\/wp\/v2\/pages\/804","targetHints":{"allow":["GET"]}}],"collection":[{"href":"https:\/\/cpcms.fr\/2022\/wp-json\/wp\/v2\/pages"}],"about":[{"href":"https:\/\/cpcms.fr\/2022\/wp-json\/wp\/v2\/types\/page"}],"author":[{"embeddable":true,"href":"https:\/\/cpcms.fr\/2022\/wp-json\/wp\/v2\/users\/1"}],"replies":[{"embeddable":true,"href":"https:\/\/cpcms.fr\/2022\/wp-json\/wp\/v2\/comments?post=804"}],"version-history":[{"count":7,"href":"https:\/\/cpcms.fr\/2022\/wp-json\/wp\/v2\/pages\/804\/revisions"}],"predecessor-version":[{"id":5236,"href":"https:\/\/cpcms.fr\/2022\/wp-json\/wp\/v2\/pages\/804\/revisions\/5236"}],"wp:attachment":[{"href":"https:\/\/cpcms.fr\/2022\/wp-json\/wp\/v2\/media?parent=804"}],"curies":[{"name":"wp","href":"https:\/\/api.w.org\/{rel}","templated":true}]}}