{"id":806,"date":"2023-02-14T11:47:03","date_gmt":"2023-02-14T10:47:03","guid":{"rendered":"https:\/\/cpcms.fr\/2022\/?page_id=806"},"modified":"2023-10-19T14:27:15","modified_gmt":"2023-10-19T12:27:15","slug":"les-conseillers-de-stage","status":"publish","type":"page","link":"https:\/\/cpcms.fr\/2022\/les-conseillers-de-stage\/","title":{"rendered":"Les conseillers de stage"},"content":{"rendered":"\t\t<div data-elementor-type=\"wp-page\" data-elementor-id=\"806\" class=\"elementor elementor-806\" data-elementor-post-type=\"page\">\n\t\t\t\t\t\t<section class=\"elementor-section elementor-top-section elementor-element elementor-element-0621022 elementor-section-boxed elementor-section-height-default elementor-section-height-default\" data-id=\"0621022\" data-element_type=\"section\" data-settings=\"{&quot;background_background&quot;:&quot;gradient&quot;}\">\n\t\t\t\t\t\t<div class=\"elementor-container elementor-column-gap-default\">\n\t\t\t\t\t<div class=\"elementor-column elementor-col-100 elementor-top-column elementor-element elementor-element-6dde6cb\" data-id=\"6dde6cb\" data-element_type=\"column\">\n\t\t\t<div class=\"elementor-widget-wrap elementor-element-populated\">\n\t\t\t\t\t\t<div class=\"elementor-element elementor-element-9f6e0ba elementor-widget elementor-widget-heading\" data-id=\"9f6e0ba\" data-element_type=\"widget\" data-widget_type=\"heading.default\">\n\t\t\t\t<div class=\"elementor-widget-container\">\n\t\t\t\t\t<h1 class=\"elementor-heading-title elementor-size-default\">Devenir conseiller de stage<\/h1>\t\t\t\t<\/div>\n\t\t\t\t<\/div>\n\t\t\t\t\t<\/div>\n\t\t<\/div>\n\t\t\t\t\t<\/div>\n\t\t<\/section>\n\t\t\t\t<section class=\"elementor-section elementor-top-section elementor-element elementor-element-c885ed0 elementor-section-boxed elementor-section-height-default elementor-section-height-default\" data-id=\"c885ed0\" data-element_type=\"section\">\n\t\t\t\t\t\t<div class=\"elementor-container elementor-column-gap-default\">\n\t\t\t\t\t<div class=\"elementor-column elementor-col-100 elementor-top-column elementor-element elementor-element-ab2462d\" data-id=\"ab2462d\" data-element_type=\"column\" data-settings=\"{&quot;background_background&quot;:&quot;classic&quot;}\">\n\t\t\t<div class=\"elementor-widget-wrap elementor-element-populated\">\n\t\t\t\t\t\t<div class=\"elementor-element elementor-element-8edb8a8 elementor-widget elementor-widget-text-editor\" data-id=\"8edb8a8\" data-element_type=\"widget\" data-widget_type=\"text-editor.default\">\n\t\t\t\t<div class=\"elementor-widget-container\">\n\t\t\t\t\t\t\t\t\t<p><strong>Devenir conseiller de stage<\/strong><\/p>\t\t\t\t\t\t\t\t<\/div>\n\t\t\t\t<\/div>\n\t\t\t\t\t<\/div>\n\t\t<\/div>\n\t\t\t\t\t<\/div>\n\t\t<\/section>\n\t\t\t\t<section class=\"elementor-section elementor-top-section elementor-element elementor-element-f3b714b elementor-section-boxed elementor-section-height-default elementor-section-height-default\" data-id=\"f3b714b\" data-element_type=\"section\">\n\t\t\t\t\t\t<div class=\"elementor-container elementor-column-gap-default\">\n\t\t\t\t\t<div class=\"elementor-column elementor-col-100 elementor-top-column elementor-element elementor-element-2ad7890\" data-id=\"2ad7890\" data-element_type=\"column\">\n\t\t\t<div class=\"elementor-widget-wrap elementor-element-populated\">\n\t\t\t\t\t\t<div class=\"elementor-element elementor-element-2824c80 elementor-widget elementor-widget-text-editor\" data-id=\"2824c80\" data-element_type=\"widget\" data-widget_type=\"text-editor.default\">\n\t\t\t\t<div class=\"elementor-widget-container\">\n\t\t\t\t\t\t\t\t\t<p>Les conseillers de stage sont d\u00e9sign\u00e9s par le directeur de l\u2019UFR de pharmacie.<\/p><p>Ils sont de deux types :<\/p><ul><li><span style=\"font-size: inherit;\">Les <span style=\"text-decoration: underline;\"><strong>conseillers de stage universitaires<\/strong><\/span> sont des enseignants titulaires du dipl\u00f4me d\u2019Etat de pharmacien ou du dipl\u00f4me d\u2019Etat de docteur en pharmacie ayant au moins trois ans d\u2019anciennet\u00e9 dans leurs fonctions.<\/span><\/li><li><span style=\"font-size: inherit;\">Les <strong><span style=\"text-decoration: underline;\">conseillers de stage officinaux<\/span><\/strong> sont des pharmaciens ma\u00eetres de stage agr\u00e9\u00e9s ayant form\u00e9 des stagiaires pendant au moins trois ann\u00e9es cons\u00e9cutives ou non.<\/span><\/li><\/ul>\t\t\t\t\t\t\t\t<\/div>\n\t\t\t\t<\/div>\n\t\t\t\t\t<\/div>\n\t\t<\/div>\n\t\t\t\t\t<\/div>\n\t\t<\/section>\n\t\t\t\t<section class=\"elementor-section elementor-top-section elementor-element elementor-element-986c22b elementor-section-boxed elementor-section-height-default elementor-section-height-default\" data-id=\"986c22b\" data-element_type=\"section\">\n\t\t\t\t\t\t<div class=\"elementor-container elementor-column-gap-default\">\n\t\t\t\t\t<div class=\"elementor-column elementor-col-100 elementor-top-column elementor-element elementor-element-e689872\" data-id=\"e689872\" data-element_type=\"column\">\n\t\t\t<div class=\"elementor-widget-wrap elementor-element-populated\">\n\t\t\t\t\t\t<div class=\"elementor-element elementor-element-b25fa2f elementor-widget elementor-widget-image\" data-id=\"b25fa2f\" data-element_type=\"widget\" data-widget_type=\"image.default\">\n\t\t\t\t<div class=\"elementor-widget-container\">\n\t\t\t\t\t\t\t\t\t\t\t\t\t\t\t<img fetchpriority=\"high\" decoding=\"async\" width=\"1600\" height=\"600\" src=\"https:\/\/cpcms.fr\/2022\/wp-content\/uploads\/2023\/03\/Conseiller-stage.jpg\" class=\"attachment-full size-full wp-image-1640\" alt=\"\" srcset=\"https:\/\/cpcms.fr\/2022\/wp-content\/uploads\/2023\/03\/Conseiller-stage.jpg 1600w, https:\/\/cpcms.fr\/2022\/wp-content\/uploads\/2023\/03\/Conseiller-stage-300x113.jpg 300w, https:\/\/cpcms.fr\/2022\/wp-content\/uploads\/2023\/03\/Conseiller-stage-1024x384.jpg 1024w, https:\/\/cpcms.fr\/2022\/wp-content\/uploads\/2023\/03\/Conseiller-stage-768x288.jpg 768w, https:\/\/cpcms.fr\/2022\/wp-content\/uploads\/2023\/03\/Conseiller-stage-50x19.jpg 50w, https:\/\/cpcms.fr\/2022\/wp-content\/uploads\/2023\/03\/Conseiller-stage-1536x576.jpg 1536w\" sizes=\"(max-width: 1600px) 100vw, 1600px\" \/>\t\t\t\t\t\t\t\t\t\t\t\t\t\t\t<\/div>\n\t\t\t\t<\/div>\n\t\t\t\t\t<\/div>\n\t\t<\/div>\n\t\t\t\t\t<\/div>\n\t\t<\/section>\n\t\t\t\t<section class=\"elementor-section elementor-top-section elementor-element elementor-element-ddd5043 elementor-section-boxed elementor-section-height-default elementor-section-height-default\" data-id=\"ddd5043\" data-element_type=\"section\">\n\t\t\t\t\t\t<div class=\"elementor-container elementor-column-gap-default\">\n\t\t\t\t\t<div class=\"elementor-column elementor-col-100 elementor-top-column elementor-element elementor-element-f6b6bea\" data-id=\"f6b6bea\" data-element_type=\"column\" data-settings=\"{&quot;background_background&quot;:&quot;classic&quot;}\">\n\t\t\t<div class=\"elementor-widget-wrap elementor-element-populated\">\n\t\t\t\t\t\t<div class=\"elementor-element elementor-element-7cb39cc elementor-widget elementor-widget-text-editor\" data-id=\"7cb39cc\" data-element_type=\"widget\" data-widget_type=\"text-editor.default\">\n\t\t\t\t<div class=\"elementor-widget-container\">\n\t\t\t\t\t\t\t\t\t<p><strong>R\u00f4le des conseillers de stage<\/strong><\/p>\t\t\t\t\t\t\t\t<\/div>\n\t\t\t\t<\/div>\n\t\t\t\t\t<\/div>\n\t\t<\/div>\n\t\t\t\t\t<\/div>\n\t\t<\/section>\n\t\t\t\t<section class=\"elementor-section elementor-top-section elementor-element elementor-element-350827d elementor-section-boxed elementor-section-height-default elementor-section-height-default\" data-id=\"350827d\" data-element_type=\"section\">\n\t\t\t\t\t\t<div class=\"elementor-container elementor-column-gap-default\">\n\t\t\t\t\t<div class=\"elementor-column elementor-col-100 elementor-top-column elementor-element elementor-element-7fa264f\" data-id=\"7fa264f\" data-element_type=\"column\">\n\t\t\t<div class=\"elementor-widget-wrap elementor-element-populated\">\n\t\t\t\t\t\t<div class=\"elementor-element elementor-element-1f5c7b4 elementor-widget elementor-widget-text-editor\" data-id=\"1f5c7b4\" data-element_type=\"widget\" data-widget_type=\"text-editor.default\">\n\t\t\t\t<div class=\"elementor-widget-container\">\n\t\t\t\t\t\t\t\t\t<ul><li>Avec le responsable universitaire de la formation \u00e0 l\u2019officine,\u00a0 ils donnent un avis motiv\u00e9 sur la nomination des ma\u00eetres de stage, apr\u00e8s visite des officines ouvertes au public ou des pharmacies mutualistes ou des pharmacies de soci\u00e9t\u00e9s de secours mini\u00e8res concern\u00e9es.<\/li><li><span style=\"font-size: inherit;\">Ils participent au suivi des \u00e9tudiants en stage et \u00e0 l\u2019examen de validation de stage.<\/span><\/li><\/ul>\t\t\t\t\t\t\t\t<\/div>\n\t\t\t\t<\/div>\n\t\t\t\t\t<\/div>\n\t\t<\/div>\n\t\t\t\t\t<\/div>\n\t\t<\/section>\n\t\t\t\t<section class=\"elementor-section elementor-top-section elementor-element elementor-element-48f2754 elementor-section-boxed elementor-section-height-default elementor-section-height-default\" data-id=\"48f2754\" data-element_type=\"section\">\n\t\t\t\t\t\t<div class=\"elementor-container elementor-column-gap-default\">\n\t\t\t\t\t<div class=\"elementor-column elementor-col-100 elementor-top-column elementor-element elementor-element-fd1448f\" data-id=\"fd1448f\" data-element_type=\"column\" data-settings=\"{&quot;background_background&quot;:&quot;classic&quot;}\">\n\t\t\t<div class=\"elementor-widget-wrap elementor-element-populated\">\n\t\t\t\t\t\t<div class=\"elementor-element elementor-element-d6e7153 elementor-widget elementor-widget-text-editor\" data-id=\"d6e7153\" data-element_type=\"widget\" data-widget_type=\"text-editor.default\">\n\t\t\t\t<div class=\"elementor-widget-container\">\n\t\t\t\t\t\t\t\t\t<p><strong>Documents \u00e9labor\u00e9s par le Coll\u00e8ge<\/strong><\/p>\t\t\t\t\t\t\t\t<\/div>\n\t\t\t\t<\/div>\n\t\t\t\t\t<\/div>\n\t\t<\/div>\n\t\t\t\t\t<\/div>\n\t\t<\/section>\n\t\t\t\t<section class=\"elementor-section elementor-top-section elementor-element elementor-element-75592c8 elementor-section-boxed elementor-section-height-default elementor-section-height-default\" data-id=\"75592c8\" data-element_type=\"section\">\n\t\t\t\t\t\t<div class=\"elementor-container elementor-column-gap-default\">\n\t\t\t\t\t<div class=\"elementor-column elementor-col-100 elementor-top-column elementor-element elementor-element-3c106f1\" data-id=\"3c106f1\" data-element_type=\"column\">\n\t\t\t<div class=\"elementor-widget-wrap elementor-element-populated\">\n\t\t\t\t\t\t<div class=\"elementor-element elementor-element-92ee238 elementor-widget elementor-widget-text-editor\" data-id=\"92ee238\" data-element_type=\"widget\" data-widget_type=\"text-editor.default\">\n\t\t\t\t<div class=\"elementor-widget-container\">\n\t\t\t\t\t\t\t\t\t<ul>\n<li><a href=\"https:\/\/cpcms.fr\/2022\/wp-content\/uploads\/2023\/05\/PROJET-QUESTIONNAIRE-AGREMENT-24032022.pdf\" target=\"_blank\" rel=\"noopener\" style=\"transition-property: all;\">Dossier de demande d&rsquo;agr\u00e9ment de pharmacien ma\u00eetre de stage (mars 2022)<\/a><\/li>\n<li><a href=\"https:\/\/cpcms.fr\/2022\/wp-content\/uploads\/2023\/05\/PROJET-DOSSIER-DE-VISITE-DE-L-OFFICINE-24032022.pdf\" target=\"_blank\" rel=\"noopener\" style=\"transition-property: all;\">Proposition de dossier de visite \u00e0 l&rsquo;officine \u00e0 destination des UFR de pharmacie (mars 2022)<\/a><\/li>\n<li><a href=\"https:\/\/cpcms.fr\/2022\/wp-content\/uploads\/2023\/10\/Charte-dengagement-MDS_Octobre-23.pdf\">Charte d&rsquo;engagement du pharmacien d&rsquo;officine agr\u00e9\u00e9 ma\u00eetre de stage (octobre 2023)<\/a><\/li>\n<li><a href=\"https:\/\/cpcms.fr\/2022\/wp-content\/uploads\/2023\/05\/CRITERES-ORDINAUX-24032022.pdf\" target=\"_blank\" rel=\"noopener\" style=\"transition-property: all;\">Proposition de document de synth\u00e8se de l&rsquo;avis du conseil de l&rsquo;Ordre des Pharmaciens sur la demande d&rsquo;agr\u00e9ment (mars 2022)<\/a><\/li>\n<\/ul>\t\t\t\t\t\t\t\t<\/div>\n\t\t\t\t<\/div>\n\t\t\t\t\t<\/div>\n\t\t<\/div>\n\t\t\t\t\t<\/div>\n\t\t<\/section>\n\t\t\t\t<\/div>\n\t\t","protected":false},"excerpt":{"rendered":"<p>Devenir conseiller de stage Devenir conseiller de stage Les conseillers de stage sont d\u00e9sign\u00e9s par le directeur de l\u2019UFR de pharmacie. Ils sont de deux types : Les conseillers de stage universitaires sont des enseignants titulaires du dipl\u00f4me d\u2019Etat de pharmacien ou du dipl\u00f4me d\u2019Etat de docteur en pharmacie ayant [&hellip;]<\/p>\n","protected":false},"author":1,"featured_media":0,"parent":0,"menu_order":0,"comment_status":"closed","ping_status":"closed","template":"elementor_header_footer","meta":{"_monsterinsights_skip_tracking":false,"_monsterinsights_sitenote_active":false,"_monsterinsights_sitenote_note":"","_monsterinsights_sitenote_category":0,"footnotes":""},"class_list":["post-806","page","type-page","status-publish","hentry"],"aioseo_notices":[],"_links":{"self":[{"href":"https:\/\/cpcms.fr\/2022\/wp-json\/wp\/v2\/pages\/806","targetHints":{"allow":["GET"]}}],"collection":[{"href":"https:\/\/cpcms.fr\/2022\/wp-json\/wp\/v2\/pages"}],"about":[{"href":"https:\/\/cpcms.fr\/2022\/wp-json\/wp\/v2\/types\/page"}],"author":[{"embeddable":true,"href":"https:\/\/cpcms.fr\/2022\/wp-json\/wp\/v2\/users\/1"}],"replies":[{"embeddable":true,"href":"https:\/\/cpcms.fr\/2022\/wp-json\/wp\/v2\/comments?post=806"}],"version-history":[{"count":50,"href":"https:\/\/cpcms.fr\/2022\/wp-json\/wp\/v2\/pages\/806\/revisions"}],"predecessor-version":[{"id":5640,"href":"https:\/\/cpcms.fr\/2022\/wp-json\/wp\/v2\/pages\/806\/revisions\/5640"}],"wp:attachment":[{"href":"https:\/\/cpcms.fr\/2022\/wp-json\/wp\/v2\/media?parent=806"}],"curies":[{"name":"wp","href":"https:\/\/api.w.org\/{rel}","templated":true}]}}