{"id":812,"date":"2023-02-14T11:48:37","date_gmt":"2023-02-14T10:48:37","guid":{"rendered":"https:\/\/cpcms.fr\/2022\/?page_id=812"},"modified":"2024-04-02T18:38:21","modified_gmt":"2024-04-02T16:38:21","slug":"le-college","status":"publish","type":"page","link":"https:\/\/cpcms.fr\/2022\/","title":{"rendered":"Le Coll\u00e8ge"},"content":{"rendered":"\t\t<div data-elementor-type=\"wp-page\" data-elementor-id=\"812\" class=\"elementor elementor-812\" data-elementor-post-type=\"page\">\n\t\t\t\t\t\t<section class=\"elementor-section elementor-top-section elementor-element elementor-element-a63802e elementor-section-boxed elementor-section-height-default elementor-section-height-default\" data-id=\"a63802e\" data-element_type=\"section\">\n\t\t\t\t\t\t<div class=\"elementor-container elementor-column-gap-default\">\n\t\t\t\t\t<div class=\"elementor-column elementor-col-50 elementor-top-column elementor-element elementor-element-5e47e521\" data-id=\"5e47e521\" data-element_type=\"column\">\n\t\t\t<div class=\"elementor-widget-wrap elementor-element-populated\">\n\t\t\t\t\t\t<div class=\"elementor-element elementor-element-2369595b elementor-widget__width-initial elementor-widget elementor-widget-text-editor\" data-id=\"2369595b\" data-element_type=\"widget\" data-widget_type=\"text-editor.default\">\n\t\t\t\t<div class=\"elementor-widget-container\">\n\t\t\t\t\t\t\t\t\t<p><br><\/p><p><span style=\"font-size: inherit;\">Fond\u00e9 en 1986, le&nbsp;<\/span><b style=\"font-size: inherit;\">Coll\u00e8ge des Pharmaciens Conseillers et Ma\u00eetres de stage<\/b><span style=\"font-size: inherit;\">&nbsp;est une F\u00e9d\u00e9ration des Associations r\u00e9gionales des Ma\u00eetres de stage. Son si\u00e8ge social est situ\u00e9 4, avenue Ruysda\u00ebl 75008 PARIS dans les locaux du CNOP.<\/span><br><\/p>\n<p>Le travail men\u00e9 par le Coll\u00e8ge &nbsp;des Pharmaciens Conseillers et Ma\u00eetres de stage a la particularit\u00e9 d\u2019\u00e9maner d\u2019une r\u00e9flexion conjointe entre des pharmaciens d\u2019officine et des universitaires en collaboration avec des \u00e9tudiants en pharmacie.<\/p>\n<p>Le pr\u00e9sident de la Conf\u00e9rence des Doyens des facult\u00e9s de pharmacie de France, les pr\u00e9sidents des Conseils centraux des sections A, D et E de l\u2019ordre National des Pharmaciens et le pr\u00e9sident de l\u2019ANEPF en sont membres de droit.<\/p>\t\t\t\t\t\t\t\t<\/div>\n\t\t\t\t<\/div>\n\t\t\t\t\t<\/div>\n\t\t<\/div>\n\t\t\t\t<div class=\"elementor-column elementor-col-50 elementor-top-column elementor-element elementor-element-786d891\" data-id=\"786d891\" data-element_type=\"column\">\n\t\t\t<div class=\"elementor-widget-wrap elementor-element-populated\">\n\t\t\t\t\t\t<div class=\"elementor-element elementor-element-3881ab3 elementor-widget elementor-widget-video\" data-id=\"3881ab3\" data-element_type=\"widget\" data-settings=\"{&quot;video_type&quot;:&quot;hosted&quot;,&quot;controls&quot;:&quot;yes&quot;}\" data-widget_type=\"video.default\">\n\t\t\t\t<div class=\"elementor-widget-container\">\n\t\t\t\t\t\t\t<div class=\"e-hosted-video elementor-wrapper elementor-open-inline\">\n\t\t\t\t\t<video class=\"elementor-video\" src=\"https:\/\/cpcms.fr\/2022\/wp-content\/uploads\/2024\/03\/Video-de-Presentation-CPCMS.mp4\" controls=\"\" preload=\"metadata\" controlsList=\"nodownload\"><\/video>\n\t\t\t\t<\/div>\n\t\t\t\t\t\t<\/div>\n\t\t\t\t<\/div>\n\t\t\t\t\t<\/div>\n\t\t<\/div>\n\t\t\t\t\t<\/div>\n\t\t<\/section>\n\t\t\t\t<section class=\"elementor-section elementor-top-section elementor-element elementor-element-0b99547 elementor-section-boxed elementor-section-height-default elementor-section-height-default\" data-id=\"0b99547\" data-element_type=\"section\">\n\t\t\t\t\t\t<div class=\"elementor-container elementor-column-gap-default\">\n\t\t\t\t\t<div class=\"elementor-column elementor-col-100 elementor-top-column elementor-element elementor-element-7f9f69f\" data-id=\"7f9f69f\" data-element_type=\"column\">\n\t\t\t<div class=\"elementor-widget-wrap elementor-element-populated\">\n\t\t\t\t\t\t<div class=\"elementor-element elementor-element-6f3a243 elementor-widget elementor-widget-text-editor\" data-id=\"6f3a243\" data-element_type=\"widget\" data-widget_type=\"text-editor.default\">\n\t\t\t\t<div class=\"elementor-widget-container\">\n\t\t\t\t\t\t\t\t\t<p align=\"JUSTIFY\" style=\"font-size: 14px;\"><b>Le CPCMS\u00a0<\/b>m\u00e8ne depuis plus de trente\u00a0ans un important travail sur les stages officinaux r\u00e9alis\u00e9s par les \u00e9tudiants durant leur cursus pharmaceutique ayant abouti \u00e0\u00a0:<\/p><ul><li>La d\u00e9finition des programmes de stage par objectifs,<\/li><li>La r\u00e9daction de guides de stage r\u00e9guli\u00e8rement actualis\u00e9s,<\/li><li>La r\u00e9vision des modalit\u00e9s d\u2019agr\u00e9ment des Ma\u00eetres de stage.<\/li><\/ul><p style=\"font-size: 14px;\"><span style=\"font-weight: bold;\">Le Coll\u00e8ge \u00a0des Pharmaciens Conseillers et Ma\u00eetres de stage<\/span>\u00a0a pour objectifs :<\/p><ul><li>De repr\u00e9senter coll\u00e9gialement les associations r\u00e9gionales de pharmaciens conseillers et ma\u00eetres de stage;<\/li><li>D\u2019\u00e9tudier toutes questions relatives aux stages professionnels officinaux ;<\/li><li>D\u2019\u00eatre pour toute question relevant de sa comp\u00e9tence, l\u2019interlocuteur privil\u00e9gi\u00e9 de l\u2019Ordre\u00a0national des pharmaciens, des organismes professionnels, des pouvoirs publics et de la\u00a0Conf\u00e9rence des Doyens de Pharmacie ;<\/li><li>De collaborer \u00e0 la formation professionnelle des \u00e9tudiants stagiaires en pharmacie\u00a0d\u2019officine ;<\/li><li>De contribuer \u00e0 la formation continue des pharmaciens conseillers et ma\u00eetres de stage ;<\/li><li>De d\u00e9cerner des prix le cas \u00e9ch\u00e9ant.<\/li><\/ul>\t\t\t\t\t\t\t\t<\/div>\n\t\t\t\t<\/div>\n\t\t\t\t\t<\/div>\n\t\t<\/div>\n\t\t\t\t\t<\/div>\n\t\t<\/section>\n\t\t\t\t<section class=\"elementor-section elementor-top-section elementor-element elementor-element-2924cd3 elementor-section-boxed elementor-section-height-default elementor-section-height-default\" data-id=\"2924cd3\" data-element_type=\"section\">\n\t\t\t\t\t\t<div class=\"elementor-container elementor-column-gap-default\">\n\t\t\t\t\t<div class=\"elementor-column elementor-col-100 elementor-top-column elementor-element elementor-element-dfc4963\" data-id=\"dfc4963\" data-element_type=\"column\">\n\t\t\t<div class=\"elementor-widget-wrap elementor-element-populated\">\n\t\t\t\t\t\t<div class=\"elementor-element elementor-element-66b6270 elementor-widget elementor-widget-image\" data-id=\"66b6270\" data-element_type=\"widget\" data-widget_type=\"image.default\">\n\t\t\t\t<div class=\"elementor-widget-container\">\n\t\t\t\t\t\t\t\t\t\t\t\t\t\t\t<img fetchpriority=\"high\" decoding=\"async\" width=\"1600\" height=\"400\" src=\"https:\/\/cpcms.fr\/2022\/wp-content\/uploads\/2023\/03\/College-01.jpg\" class=\"attachment-full size-full wp-image-1252\" alt=\"\" srcset=\"https:\/\/cpcms.fr\/2022\/wp-content\/uploads\/2023\/03\/College-01.jpg 1600w, https:\/\/cpcms.fr\/2022\/wp-content\/uploads\/2023\/03\/College-01-300x75.jpg 300w, https:\/\/cpcms.fr\/2022\/wp-content\/uploads\/2023\/03\/College-01-1024x256.jpg 1024w, https:\/\/cpcms.fr\/2022\/wp-content\/uploads\/2023\/03\/College-01-768x192.jpg 768w, https:\/\/cpcms.fr\/2022\/wp-content\/uploads\/2023\/03\/College-01-50x13.jpg 50w, https:\/\/cpcms.fr\/2022\/wp-content\/uploads\/2023\/03\/College-01-1536x384.jpg 1536w\" sizes=\"(max-width: 1600px) 100vw, 1600px\" \/>\t\t\t\t\t\t\t\t\t\t\t\t\t\t\t<\/div>\n\t\t\t\t<\/div>\n\t\t\t\t\t<\/div>\n\t\t<\/div>\n\t\t\t\t\t<\/div>\n\t\t<\/section>\n\t\t\t\t<section class=\"elementor-section elementor-top-section elementor-element elementor-element-411fd83 elementor-section-boxed elementor-section-height-default elementor-section-height-default\" data-id=\"411fd83\" data-element_type=\"section\">\n\t\t\t\t\t\t<div class=\"elementor-container elementor-column-gap-default\">\n\t\t\t\t\t<div class=\"elementor-column elementor-col-100 elementor-top-column elementor-element elementor-element-a8888c2\" data-id=\"a8888c2\" data-element_type=\"column\">\n\t\t\t<div class=\"elementor-widget-wrap\">\n\t\t\t\t\t\t\t<\/div>\n\t\t<\/div>\n\t\t\t\t\t<\/div>\n\t\t<\/section>\n\t\t\t\t<\/div>\n\t\t","protected":false},"excerpt":{"rendered":"<p>Fond\u00e9 en 1986, le&nbsp;Coll\u00e8ge des Pharmaciens Conseillers et Ma\u00eetres de stage&nbsp;est une F\u00e9d\u00e9ration des Associations r\u00e9gionales des Ma\u00eetres de stage. Son si\u00e8ge social est situ\u00e9 4, avenue Ruysda\u00ebl 75008 PARIS dans les locaux du CNOP. Le travail men\u00e9 par le Coll\u00e8ge &nbsp;des Pharmaciens Conseillers et Ma\u00eetres de stage a la [&hellip;]<\/p>\n","protected":false},"author":1,"featured_media":0,"parent":0,"menu_order":0,"comment_status":"closed","ping_status":"closed","template":"","meta":{"_monsterinsights_skip_tracking":false,"_monsterinsights_sitenote_active":false,"_monsterinsights_sitenote_note":"","_monsterinsights_sitenote_category":0,"footnotes":""},"class_list":["post-812","page","type-page","status-publish","hentry"],"aioseo_notices":[],"_links":{"self":[{"href":"https:\/\/cpcms.fr\/2022\/wp-json\/wp\/v2\/pages\/812","targetHints":{"allow":["GET"]}}],"collection":[{"href":"https:\/\/cpcms.fr\/2022\/wp-json\/wp\/v2\/pages"}],"about":[{"href":"https:\/\/cpcms.fr\/2022\/wp-json\/wp\/v2\/types\/page"}],"author":[{"embeddable":true,"href":"https:\/\/cpcms.fr\/2022\/wp-json\/wp\/v2\/users\/1"}],"replies":[{"embeddable":true,"href":"https:\/\/cpcms.fr\/2022\/wp-json\/wp\/v2\/comments?post=812"}],"version-history":[{"count":17,"href":"https:\/\/cpcms.fr\/2022\/wp-json\/wp\/v2\/pages\/812\/revisions"}],"predecessor-version":[{"id":6420,"href":"https:\/\/cpcms.fr\/2022\/wp-json\/wp\/v2\/pages\/812\/revisions\/6420"}],"wp:attachment":[{"href":"https:\/\/cpcms.fr\/2022\/wp-json\/wp\/v2\/media?parent=812"}],"curies":[{"name":"wp","href":"https:\/\/api.w.org\/{rel}","templated":true}]}}