{"id":14,"date":"2023-03-09T11:44:11","date_gmt":"2023-03-09T10:44:11","guid":{"rendered":"https:\/\/cpcms.fr\/associations\/amiens\/?page_id=14"},"modified":"2025-03-14T15:33:17","modified_gmt":"2025-03-14T14:33:17","slug":"comptes-rendus","status":"publish","type":"page","link":"https:\/\/cpcms.fr\/associations\/amiens\/comptes-rendus\/","title":{"rendered":"Comptes-rendus"},"content":{"rendered":"\t\t<div data-elementor-type=\"wp-page\" data-elementor-id=\"14\" class=\"elementor elementor-14\">\n\t\t\t\t\t\t\t\t\t<section class=\"elementor-section elementor-top-section elementor-element elementor-element-755c216 elementor-section-boxed elementor-section-height-default elementor-section-height-default\" data-id=\"755c216\" data-element_type=\"section\">\n\t\t\t\t\t\t<div class=\"elementor-container elementor-column-gap-default\">\n\t\t\t\t\t<div class=\"elementor-column elementor-col-100 elementor-top-column elementor-element elementor-element-52dea8f\" data-id=\"52dea8f\" data-element_type=\"column\">\n\t\t\t<div class=\"elementor-widget-wrap elementor-element-populated\">\n\t\t\t\t\t\t\t\t<div class=\"elementor-element elementor-element-e8c0a0c elementor-widget elementor-widget-text-editor\" data-id=\"e8c0a0c\" data-element_type=\"widget\" data-widget_type=\"text-editor.default\">\n\t\t\t\t<div class=\"elementor-widget-container\">\n\t\t\t<style>\/*! elementor - v3.11.5 - 14-03-2023 *\/\n.elementor-widget-text-editor.elementor-drop-cap-view-stacked .elementor-drop-cap{background-color:#818a91;color:#fff}.elementor-widget-text-editor.elementor-drop-cap-view-framed .elementor-drop-cap{color:#818a91;border:3px solid;background-color:transparent}.elementor-widget-text-editor:not(.elementor-drop-cap-view-default) .elementor-drop-cap{margin-top:8px}.elementor-widget-text-editor:not(.elementor-drop-cap-view-default) .elementor-drop-cap-letter{width:1em;height:1em}.elementor-widget-text-editor .elementor-drop-cap{float:left;text-align:center;line-height:1;font-size:50px}.elementor-widget-text-editor .elementor-drop-cap-letter{display:inline-block}<\/style>\t\t\t\t<p><strong>Comptes rendus des Assembl\u00e9es G\u00e9n\u00e9rales:<\/strong><\/p><ul><li>Assembl\u00e9e g\u00e9n\u00e9rale annuelle du 27 janvier 2025:<a href=\"https:\/\/cpcms.fr\/associations\/amiens\/wp-content\/uploads\/2025\/03\/pv_cpcms-01_2025.pdf\">\u00a0pv_cpcms 01_2025<\/a><\/li><li><a href=\"https:\/\/cpcms.fr\/associations\/amiens\/wp-content\/uploads\/2024\/07\/ag-du-30012023.pdf\">ag du 30012023<\/a><\/li><\/ul>\t\t\t\t\t\t<\/div>\n\t\t\t\t<\/div>\n\t\t\t\t\t<\/div>\n\t\t<\/div>\n\t\t\t\t\t\t\t<\/div>\n\t\t<\/section>\n\t\t\t\t<section class=\"elementor-section elementor-top-section elementor-element elementor-element-34e8fce elementor-section-boxed elementor-section-height-default elementor-section-height-default\" data-id=\"34e8fce\" data-element_type=\"section\">\n\t\t\t\t\t\t<div class=\"elementor-container elementor-column-gap-default\">\n\t\t\t\t\t<div class=\"elementor-column elementor-col-100 elementor-top-column elementor-element elementor-element-f004214\" data-id=\"f004214\" data-element_type=\"column\">\n\t\t\t<div class=\"elementor-widget-wrap elementor-element-populated\">\n\t\t\t\t\t\t\t\t<div class=\"elementor-element elementor-element-f31aa91 elementor-widget elementor-widget-text-editor\" data-id=\"f31aa91\" data-element_type=\"widget\" data-widget_type=\"text-editor.default\">\n\t\t\t\t<div class=\"elementor-widget-container\">\n\t\t\t\t\t\t\t<p>mai 2023<\/p><h3>Le mot du pr\u00e9sident:<\/h3><p>\u00a0\u00a0\u00a0\u00a0\u00a0 Notre Association Coll\u00e8ge des Pharmaciens Conseillers et des Ma\u00eetres de Stage de Picardie a vu le jour le 17 juillet 2001. Cr\u00e9\u00e9e par Eric Housieaux, elle a pour objectif :<\/p><p>\u00a0 -de g\u00e9rer les stages en pharmacie, leur organisation et leur perfectionnement<\/p><p>\u00a0 &#8211; de d\u00e9fendre les int\u00e9r\u00eats de ses membres et de les repr\u00e9senter aupr\u00e8s des pouvoirs publics, universit\u00e9s, Ordre des Pharmaciens\u2026<\/p><p>\u00a0 &#8211; d\u2019aider \u00e0 la formation professionnelle des \u00e9tudiants stagiaires et \u00e0 l\u2019organisation d\u2019examens cliniques,<\/p><p>\u00a0 -d\u2019organiser et de participer \u00e0 l\u2019enseignement post-universitaire des pharmaciens.<\/p><p>C\u2019est de main de ma\u00eetre que l\u2019ancien pr\u00e9sident a accompli pendant 20 ans l\u2019ensemble de ces t\u00e2ches en cumulant \u00e0 la fois la gestion de l\u2019association , l\u2019organisation de tous les examens et stages et l\u2019ensemble des cours pour les \u00e9tudiants de la fili\u00e8re Officine dans leur derni\u00e8re ann\u00e9e. Dans la continuit\u00e9, le Coll\u00e8ge a int\u00e9gr\u00e9 l\u2019association nationale afin de mieux appr\u00e9hender les probl\u00e9matiques rencontr\u00e9es au fil des ann\u00e9es.<\/p><p>Avec le d\u00e9part en retraite d\u2019Eric, il \u00e9tait difficile de lui trouver un rempla\u00e7ant capable d\u2019en assumer autant.<\/p><p>C\u2019est seulement en se r\u00e9partissant le travail entre nous qu\u2019on y est arriv\u00e9 : un bureau pour s\u2019occuper de toutes les t\u00e2ches administratives et de ses repr\u00e9sentations, deux enseignantes Sophie Revaux et Nathalie Lemaire pour participer aux cours sp\u00e9cifiques de la fili\u00e8re officine et l\u2019appui du directeur de l\u2019UFR de pharmacie, Jean-Marc Chillon et de ses enseignants pour le reste. La d\u00e9l\u00e9gation a permis \u00e0 chacun de se r\u00e9aliser sans \u00eatre surcharg\u00e9 et permettra \u00e0 l\u2019association de durer dans le temps.<\/p><p>Le pr\u00e9sident actuel, Fr\u00e9d\u00e9ric Carton<\/p>\t\t\t\t\t\t<\/div>\n\t\t\t\t<\/div>\n\t\t\t\t\t<\/div>\n\t\t<\/div>\n\t\t\t\t\t\t\t<\/div>\n\t\t<\/section>\n\t\t\t\t\t\t\t<\/div>\n\t\t","protected":false},"excerpt":{"rendered":"<p>Comptes rendus des Assembl\u00e9es G\u00e9n\u00e9rales: Assembl\u00e9e g\u00e9n\u00e9rale annuelle du 27 janvier 2025:\u00a0pv_cpcms 01_2025 ag du 30012023 mai 2023 Le mot du pr\u00e9sident: \u00a0\u00a0\u00a0\u00a0\u00a0 Notre Association Coll\u00e8ge des Pharmaciens Conseillers et des Ma\u00eetres de Stage de Picardie a vu le jour le 17 juillet 2001. Cr\u00e9\u00e9e par Eric Housieaux, elle a [&hellip;]<\/p>\n","protected":false},"author":1,"featured_media":0,"parent":0,"menu_order":0,"comment_status":"closed","ping_status":"closed","template":"page-templates\/template-pagebuilder-full-width.php","meta":{"footnotes":""},"class_list":["post-14","page","type-page","status-publish","hentry"],"_links":{"self":[{"href":"https:\/\/cpcms.fr\/associations\/amiens\/wp-json\/wp\/v2\/pages\/14","targetHints":{"allow":["GET"]}}],"collection":[{"href":"https:\/\/cpcms.fr\/associations\/amiens\/wp-json\/wp\/v2\/pages"}],"about":[{"href":"https:\/\/cpcms.fr\/associations\/amiens\/wp-json\/wp\/v2\/types\/page"}],"author":[{"embeddable":true,"href":"https:\/\/cpcms.fr\/associations\/amiens\/wp-json\/wp\/v2\/users\/1"}],"replies":[{"embeddable":true,"href":"https:\/\/cpcms.fr\/associations\/amiens\/wp-json\/wp\/v2\/comments?post=14"}],"version-history":[{"count":19,"href":"https:\/\/cpcms.fr\/associations\/amiens\/wp-json\/wp\/v2\/pages\/14\/revisions"}],"predecessor-version":[{"id":477,"href":"https:\/\/cpcms.fr\/associations\/amiens\/wp-json\/wp\/v2\/pages\/14\/revisions\/477"}],"wp:attachment":[{"href":"https:\/\/cpcms.fr\/associations\/amiens\/wp-json\/wp\/v2\/media?parent=14"}],"curies":[{"name":"wp","href":"https:\/\/api.w.org\/{rel}","templated":true}]}}