{"id":8,"date":"2023-03-09T11:43:20","date_gmt":"2023-03-09T10:43:20","guid":{"rendered":"https:\/\/cpcms.fr\/associations\/amiens\/?page_id=8"},"modified":"2023-06-22T18:27:39","modified_gmt":"2023-06-22T16:27:39","slug":"bureau","status":"publish","type":"page","link":"https:\/\/cpcms.fr\/associations\/amiens\/bureau\/","title":{"rendered":"Bureau"},"content":{"rendered":"\t\t<div data-elementor-type=\"wp-page\" data-elementor-id=\"8\" class=\"elementor elementor-8\">\n\t\t\t\t\t\t\t\t\t<section class=\"elementor-section elementor-top-section elementor-element elementor-element-1b36b24 elementor-section-boxed elementor-section-height-default elementor-section-height-default\" data-id=\"1b36b24\" data-element_type=\"section\">\n\t\t\t\t\t\t<div class=\"elementor-container elementor-column-gap-default\">\n\t\t\t\t\t<div class=\"elementor-column elementor-col-100 elementor-top-column elementor-element elementor-element-16a699f\" data-id=\"16a699f\" data-element_type=\"column\">\n\t\t\t<div class=\"elementor-widget-wrap elementor-element-populated\">\n\t\t\t\t\t\t\t\t<div class=\"elementor-element elementor-element-42f662b elementor-widget elementor-widget-text-editor\" data-id=\"42f662b\" data-element_type=\"widget\" data-widget_type=\"text-editor.default\">\n\t\t\t\t<div class=\"elementor-widget-container\">\n\t\t\t<style>\/*! elementor - v3.11.5 - 14-03-2023 *\/\n.elementor-widget-text-editor.elementor-drop-cap-view-stacked .elementor-drop-cap{background-color:#818a91;color:#fff}.elementor-widget-text-editor.elementor-drop-cap-view-framed .elementor-drop-cap{color:#818a91;border:3px solid;background-color:transparent}.elementor-widget-text-editor:not(.elementor-drop-cap-view-default) .elementor-drop-cap{margin-top:8px}.elementor-widget-text-editor:not(.elementor-drop-cap-view-default) .elementor-drop-cap-letter{width:1em;height:1em}.elementor-widget-text-editor .elementor-drop-cap{float:left;text-align:center;line-height:1;font-size:50px}.elementor-widget-text-editor .elementor-drop-cap-letter{display:inline-block}<\/style>\t\t\t\t<h3 class=\"western\" align=\"center\"><span style=\"font-size: medium;\"><b>COLLEGE DES MAITRES DE STAGE DE PICARDIE<br \/><\/b><\/span><span style=\"font-size: medium;\"><b>COMPOSITION DU BUREAU <\/b><\/span><b style=\"font-size: medium; font-family: 'Comic Sans MS', cursive; color: inherit;\">2022-2023<\/b><\/h3>\t\t\t\t\t\t<\/div>\n\t\t\t\t<\/div>\n\t\t\t\t\t<\/div>\n\t\t<\/div>\n\t\t\t\t\t\t\t<\/div>\n\t\t<\/section>\n\t\t\t\t<section class=\"elementor-section elementor-top-section elementor-element elementor-element-87a8155 elementor-section-boxed elementor-section-height-default elementor-section-height-default\" data-id=\"87a8155\" data-element_type=\"section\">\n\t\t\t\t\t\t<div class=\"elementor-container elementor-column-gap-default\">\n\t\t\t\t\t<div class=\"elementor-column elementor-col-33 elementor-top-column elementor-element elementor-element-adfec73\" data-id=\"adfec73\" data-element_type=\"column\">\n\t\t\t<div class=\"elementor-widget-wrap elementor-element-populated\">\n\t\t\t\t\t\t\t\t<div class=\"elementor-element elementor-element-4d2ace1 elementor-widget elementor-widget-image\" data-id=\"4d2ace1\" data-element_type=\"widget\" data-widget_type=\"image.default\">\n\t\t\t\t<div class=\"elementor-widget-container\">\n\t\t\t<style>\/*! elementor - v3.11.5 - 14-03-2023 *\/\n.elementor-widget-image{text-align:center}.elementor-widget-image a{display:inline-block}.elementor-widget-image a img[src$=\".svg\"]{width:48px}.elementor-widget-image img{vertical-align:middle;display:inline-block}<\/style>\t\t\t\t\t\t\t\t\t\t\t\t<img decoding=\"async\" src=\"https:\/\/cpcms.fr\/associations\/amiens\/wp-content\/uploads\/elementor\/thumbs\/IMG_58351-q79fwj3l02gq3n36ze70ehrnjdmwbai6rck356ku80.jpg\" title=\"IMG_58351\" alt=\"IMG_58351\" loading=\"lazy\" \/>\t\t\t\t\t\t\t\t\t\t\t\t\t\t\t<\/div>\n\t\t\t\t<\/div>\n\t\t\t\t<div class=\"elementor-element elementor-element-c1c78e5 elementor-widget elementor-widget-text-editor\" data-id=\"c1c78e5\" data-element_type=\"widget\" data-widget_type=\"text-editor.default\">\n\t\t\t\t<div class=\"elementor-widget-container\">\n\t\t\t\t\t\t\t<p style=\"text-align: center;\"><strong>Fr\u00e9d\u00e9ric CARTON<\/strong> <br \/>(Pr\u00e9sident)<br \/>2016 &#8211; 2025 <\/p>\t\t\t\t\t\t<\/div>\n\t\t\t\t<\/div>\n\t\t\t\t\t<\/div>\n\t\t<\/div>\n\t\t\t\t<div class=\"elementor-column elementor-col-33 elementor-top-column elementor-element elementor-element-3931822\" data-id=\"3931822\" data-element_type=\"column\">\n\t\t\t<div class=\"elementor-widget-wrap elementor-element-populated\">\n\t\t\t\t\t\t\t\t<div class=\"elementor-element elementor-element-1951ddb elementor-widget elementor-widget-image\" data-id=\"1951ddb\" data-element_type=\"widget\" data-widget_type=\"image.default\">\n\t\t\t\t<div class=\"elementor-widget-container\">\n\t\t\t\t\t\t\t\t\t\t\t\t\t\t\t<img decoding=\"async\" src=\"https:\/\/cpcms.fr\/associations\/amiens\/wp-content\/uploads\/elementor\/thumbs\/jmc-q7bgz62w03lys5xtwi2umnstwjjyk1ygfssivi3sao.jpg\" title=\"jmc\" alt=\"jmc\" loading=\"lazy\" \/>\t\t\t\t\t\t\t\t\t\t\t\t\t\t\t<\/div>\n\t\t\t\t<\/div>\n\t\t\t\t<div class=\"elementor-element elementor-element-cdca98e elementor-widget elementor-widget-text-editor\" data-id=\"cdca98e\" data-element_type=\"widget\" data-widget_type=\"text-editor.default\">\n\t\t\t\t<div class=\"elementor-widget-container\">\n\t\t\t\t\t\t\t<p style=\"text-align: center;\"><strong>Jean-Marc CHILLON (Directeur de l\u2019UFR de Pharmacie)<\/strong><br \/>(Vice-pr\u00e9sident) <br \/>2013 &#8211; 2025<\/p>\t\t\t\t\t\t<\/div>\n\t\t\t\t<\/div>\n\t\t\t\t\t<\/div>\n\t\t<\/div>\n\t\t\t\t<div class=\"elementor-column elementor-col-33 elementor-top-column elementor-element elementor-element-0bcfb1f\" data-id=\"0bcfb1f\" data-element_type=\"column\">\n\t\t\t<div class=\"elementor-widget-wrap elementor-element-populated\">\n\t\t\t\t\t\t\t\t<div class=\"elementor-element elementor-element-14f8e52 elementor-widget elementor-widget-image\" data-id=\"14f8e52\" data-element_type=\"widget\" data-widget_type=\"image.default\">\n\t\t\t\t<div class=\"elementor-widget-container\">\n\t\t\t\t\t\t\t\t\t\t\t\t\t\t\t<img loading=\"lazy\" decoding=\"async\" width=\"194\" height=\"194\" src=\"https:\/\/cpcms.fr\/associations\/amiens\/wp-content\/uploads\/2023\/03\/Pharmacienne-02.png\" class=\"attachment-large size-large wp-image-84\" alt=\"\" srcset=\"https:\/\/cpcms.fr\/associations\/amiens\/wp-content\/uploads\/2023\/03\/Pharmacienne-02.png 194w, https:\/\/cpcms.fr\/associations\/amiens\/wp-content\/uploads\/2023\/03\/Pharmacienne-02-150x150.png 150w\" sizes=\"auto, (max-width: 194px) 100vw, 194px\" \/>\t\t\t\t\t\t\t\t\t\t\t\t\t\t\t<\/div>\n\t\t\t\t<\/div>\n\t\t\t\t<div class=\"elementor-element elementor-element-0a17271 elementor-widget elementor-widget-text-editor\" data-id=\"0a17271\" data-element_type=\"widget\" data-widget_type=\"text-editor.default\">\n\t\t\t\t<div class=\"elementor-widget-container\">\n\t\t\t\t\t\t\t<p style=\"text-align: center;\"><strong>Alice GHIGHI<\/strong> <br \/>(Vice-pr\u00e9sidente)<br \/>2023-2026<\/p>\t\t\t\t\t\t<\/div>\n\t\t\t\t<\/div>\n\t\t\t\t\t<\/div>\n\t\t<\/div>\n\t\t\t\t\t\t\t<\/div>\n\t\t<\/section>\n\t\t\t\t<section class=\"elementor-section elementor-top-section elementor-element elementor-element-2f6dd66 elementor-section-boxed elementor-section-height-default elementor-section-height-default\" data-id=\"2f6dd66\" data-element_type=\"section\">\n\t\t\t\t\t\t<div class=\"elementor-container elementor-column-gap-default\">\n\t\t\t\t\t<div class=\"elementor-column elementor-col-33 elementor-top-column elementor-element elementor-element-97cb6a0\" data-id=\"97cb6a0\" data-element_type=\"column\">\n\t\t\t<div class=\"elementor-widget-wrap elementor-element-populated\">\n\t\t\t\t\t\t\t\t<div class=\"elementor-element elementor-element-1ec6356 elementor-widget elementor-widget-image\" data-id=\"1ec6356\" data-element_type=\"widget\" data-widget_type=\"image.default\">\n\t\t\t\t<div class=\"elementor-widget-container\">\n\t\t\t\t\t\t\t\t\t\t\t\t\t\t\t<img decoding=\"async\" src=\"https:\/\/cpcms.fr\/associations\/amiens\/wp-content\/uploads\/elementor\/thumbs\/IMG_20230531_091501-q79i89jztr3ad3gj137k0v2wm2x10lxd9sq97kf9xc.jpg\" title=\"IMG_20230531_091501\" alt=\"IMG_20230531_091501\" loading=\"lazy\" \/>\t\t\t\t\t\t\t\t\t\t\t\t\t\t\t<\/div>\n\t\t\t\t<\/div>\n\t\t\t\t<div class=\"elementor-element elementor-element-73e49e0 elementor-widget elementor-widget-text-editor\" data-id=\"73e49e0\" data-element_type=\"widget\" data-widget_type=\"text-editor.default\">\n\t\t\t\t<div class=\"elementor-widget-container\">\n\t\t\t\t\t\t\t<p style=\"text-align: center;\"><strong>\u00a0Thomas LEOURIER<\/strong> <br \/>(Vice-pr\u00e9sident) <br \/>2018 &#8211; 2024<\/p>\t\t\t\t\t\t<\/div>\n\t\t\t\t<\/div>\n\t\t\t\t\t<\/div>\n\t\t<\/div>\n\t\t\t\t<div class=\"elementor-column elementor-col-33 elementor-top-column elementor-element elementor-element-4d7d663\" data-id=\"4d7d663\" data-element_type=\"column\">\n\t\t\t<div class=\"elementor-widget-wrap elementor-element-populated\">\n\t\t\t\t\t\t\t\t<div class=\"elementor-element elementor-element-bcc2e50 elementor-widget elementor-widget-image\" data-id=\"bcc2e50\" data-element_type=\"widget\" data-widget_type=\"image.default\">\n\t\t\t\t<div class=\"elementor-widget-container\">\n\t\t\t\t\t\t\t\t\t\t\t\t\t\t\t<img decoding=\"async\" src=\"https:\/\/cpcms.fr\/associations\/amiens\/wp-content\/uploads\/elementor\/thumbs\/jfh-q7c3ea5weshjy9k8xdqbmzlkrde7zq53en1xsxe1hc.jpg\" title=\"jfh\" alt=\"jfh\" loading=\"lazy\" \/>\t\t\t\t\t\t\t\t\t\t\t\t\t\t\t<\/div>\n\t\t\t\t<\/div>\n\t\t\t\t<div class=\"elementor-element elementor-element-f30c2e3 elementor-widget elementor-widget-text-editor\" data-id=\"f30c2e3\" data-element_type=\"widget\" data-widget_type=\"text-editor.default\">\n\t\t\t\t<div class=\"elementor-widget-container\">\n\t\t\t\t\t\t\t<p style=\"text-align: center;\"><strong>\u00a0Jean-Fran\u00e7ois ARTHAUD<\/strong><br \/>(Tr\u00e9sorier) <br \/>2022 \u2013 2025<\/p>\t\t\t\t\t\t<\/div>\n\t\t\t\t<\/div>\n\t\t\t\t\t<\/div>\n\t\t<\/div>\n\t\t\t\t<div class=\"elementor-column elementor-col-33 elementor-top-column elementor-element elementor-element-4e90e13\" data-id=\"4e90e13\" data-element_type=\"column\">\n\t\t\t<div class=\"elementor-widget-wrap elementor-element-populated\">\n\t\t\t\t\t\t\t\t<div class=\"elementor-element elementor-element-a44b902 elementor-widget elementor-widget-image\" data-id=\"a44b902\" data-element_type=\"widget\" data-widget_type=\"image.default\">\n\t\t\t\t<div class=\"elementor-widget-container\">\n\t\t\t\t\t\t\t\t\t\t\t\t\t\t\t<img loading=\"lazy\" decoding=\"async\" width=\"194\" height=\"194\" src=\"https:\/\/cpcms.fr\/associations\/amiens\/wp-content\/uploads\/2023\/03\/Pharmacienne-04.png\" class=\"attachment-large size-large wp-image-86\" alt=\"\" srcset=\"https:\/\/cpcms.fr\/associations\/amiens\/wp-content\/uploads\/2023\/03\/Pharmacienne-04.png 194w, https:\/\/cpcms.fr\/associations\/amiens\/wp-content\/uploads\/2023\/03\/Pharmacienne-04-150x150.png 150w\" sizes=\"auto, (max-width: 194px) 100vw, 194px\" \/>\t\t\t\t\t\t\t\t\t\t\t\t\t\t\t<\/div>\n\t\t\t\t<\/div>\n\t\t\t\t<div class=\"elementor-element elementor-element-b9f53ac elementor-widget elementor-widget-text-editor\" data-id=\"b9f53ac\" data-element_type=\"widget\" data-widget_type=\"text-editor.default\">\n\t\t\t\t<div class=\"elementor-widget-container\">\n\t\t\t\t\t\t\t<p style=\"text-align: center;\"><strong>Ang\u00e9lique LEMAIRE<\/strong> <br \/>(Secr\u00e9taire) <br \/>2021 &#8211; 2024<\/p>\t\t\t\t\t\t<\/div>\n\t\t\t\t<\/div>\n\t\t\t\t\t<\/div>\n\t\t<\/div>\n\t\t\t\t\t\t\t<\/div>\n\t\t<\/section>\n\t\t\t\t<section class=\"elementor-section elementor-top-section elementor-element elementor-element-3940edc elementor-section-boxed elementor-section-height-default elementor-section-height-default\" data-id=\"3940edc\" data-element_type=\"section\">\n\t\t\t\t\t\t<div class=\"elementor-container elementor-column-gap-default\">\n\t\t\t\t\t<div class=\"elementor-column elementor-col-33 elementor-top-column elementor-element elementor-element-5dfd63f\" data-id=\"5dfd63f\" data-element_type=\"column\">\n\t\t\t<div class=\"elementor-widget-wrap elementor-element-populated\">\n\t\t\t\t\t\t\t\t<div class=\"elementor-element elementor-element-26a9aec elementor-widget elementor-widget-image\" data-id=\"26a9aec\" data-element_type=\"widget\" data-widget_type=\"image.default\">\n\t\t\t\t<div class=\"elementor-widget-container\">\n\t\t\t\t\t\t\t\t\t\t\t\t\t\t\t<img loading=\"lazy\" decoding=\"async\" width=\"194\" height=\"194\" src=\"https:\/\/cpcms.fr\/associations\/amiens\/wp-content\/uploads\/2023\/03\/Pharmacien-02.png\" class=\"attachment-large size-large wp-image-80\" alt=\"\" srcset=\"https:\/\/cpcms.fr\/associations\/amiens\/wp-content\/uploads\/2023\/03\/Pharmacien-02.png 194w, https:\/\/cpcms.fr\/associations\/amiens\/wp-content\/uploads\/2023\/03\/Pharmacien-02-150x150.png 150w\" sizes=\"auto, (max-width: 194px) 100vw, 194px\" \/>\t\t\t\t\t\t\t\t\t\t\t\t\t\t\t<\/div>\n\t\t\t\t<\/div>\n\t\t\t\t<div class=\"elementor-element elementor-element-e37b512 elementor-widget elementor-widget-text-editor\" data-id=\"e37b512\" data-element_type=\"widget\" data-widget_type=\"text-editor.default\">\n\t\t\t\t<div class=\"elementor-widget-container\">\n\t\t\t\t\t\t\t<p style=\"text-align: center;\"><strong>Lo\u00efc BRIGAUDEAU\u00a0<\/strong><br \/>2014 &#8211; 2023\u00a0<\/p>\t\t\t\t\t\t<\/div>\n\t\t\t\t<\/div>\n\t\t\t\t\t<\/div>\n\t\t<\/div>\n\t\t\t\t<div class=\"elementor-column elementor-col-33 elementor-top-column elementor-element elementor-element-9433549\" data-id=\"9433549\" data-element_type=\"column\">\n\t\t\t<div class=\"elementor-widget-wrap elementor-element-populated\">\n\t\t\t\t\t\t\t\t<div class=\"elementor-element elementor-element-5adf0a4 elementor-widget elementor-widget-image\" data-id=\"5adf0a4\" data-element_type=\"widget\" data-widget_type=\"image.default\">\n\t\t\t\t<div class=\"elementor-widget-container\">\n\t\t\t\t\t\t\t\t\t\t\t\t\t\t\t<img decoding=\"async\" src=\"https:\/\/cpcms.fr\/associations\/amiens\/wp-content\/uploads\/elementor\/thumbs\/eb-q80bf3y98iwgnlq8v3qil497ha577lhnipjx3yxjpc.jpg\" title=\"eb\" alt=\"????????????????????????????????????\" loading=\"lazy\" \/>\t\t\t\t\t\t\t\t\t\t\t\t\t\t\t<\/div>\n\t\t\t\t<\/div>\n\t\t\t\t<div class=\"elementor-element elementor-element-9f97db2 elementor-widget elementor-widget-text-editor\" data-id=\"9f97db2\" data-element_type=\"widget\" data-widget_type=\"text-editor.default\">\n\t\t\t\t<div class=\"elementor-widget-container\">\n\t\t\t\t\t\t\t<p style=\"text-align: center;\"><strong>Etienne Brochot<\/strong><br \/>2023-2026<\/p>\t\t\t\t\t\t<\/div>\n\t\t\t\t<\/div>\n\t\t\t\t\t<\/div>\n\t\t<\/div>\n\t\t\t\t<div class=\"elementor-column elementor-col-33 elementor-top-column elementor-element elementor-element-1ca9922\" data-id=\"1ca9922\" data-element_type=\"column\">\n\t\t\t<div class=\"elementor-widget-wrap elementor-element-populated\">\n\t\t\t\t\t\t\t\t<div class=\"elementor-element elementor-element-836f9e2 elementor-widget elementor-widget-image\" data-id=\"836f9e2\" data-element_type=\"widget\" data-widget_type=\"image.default\">\n\t\t\t\t<div class=\"elementor-widget-container\">\n\t\t\t\t\t\t\t\t\t\t\t\t\t\t\t<img loading=\"lazy\" decoding=\"async\" width=\"194\" height=\"194\" src=\"https:\/\/cpcms.fr\/associations\/amiens\/wp-content\/uploads\/2023\/03\/Pharmacienne-03.png\" class=\"attachment-large size-large wp-image-85\" alt=\"\" srcset=\"https:\/\/cpcms.fr\/associations\/amiens\/wp-content\/uploads\/2023\/03\/Pharmacienne-03.png 194w, https:\/\/cpcms.fr\/associations\/amiens\/wp-content\/uploads\/2023\/03\/Pharmacienne-03-150x150.png 150w\" sizes=\"auto, (max-width: 194px) 100vw, 194px\" \/>\t\t\t\t\t\t\t\t\t\t\t\t\t\t\t<\/div>\n\t\t\t\t<\/div>\n\t\t\t\t<div class=\"elementor-element elementor-element-314a9d7 elementor-widget elementor-widget-text-editor\" data-id=\"314a9d7\" data-element_type=\"widget\" data-widget_type=\"text-editor.default\">\n\t\t\t\t<div class=\"elementor-widget-container\">\n\t\t\t\t\t\t\t<p style=\"text-align: center;\"><strong>Dominique DENANCY<\/strong><br \/>2023-2026<\/p>\t\t\t\t\t\t<\/div>\n\t\t\t\t<\/div>\n\t\t\t\t\t<\/div>\n\t\t<\/div>\n\t\t\t\t\t\t\t<\/div>\n\t\t<\/section>\n\t\t\t\t<section class=\"elementor-section elementor-top-section elementor-element elementor-element-a583cd9 elementor-section-boxed elementor-section-height-default elementor-section-height-default\" data-id=\"a583cd9\" data-element_type=\"section\">\n\t\t\t\t\t\t<div class=\"elementor-container elementor-column-gap-default\">\n\t\t\t\t\t<div class=\"elementor-column elementor-col-33 elementor-top-column elementor-element elementor-element-671e1b5\" data-id=\"671e1b5\" data-element_type=\"column\">\n\t\t\t<div class=\"elementor-widget-wrap elementor-element-populated\">\n\t\t\t\t\t\t\t\t<div class=\"elementor-element elementor-element-8e31678 elementor-widget elementor-widget-image\" data-id=\"8e31678\" data-element_type=\"widget\" data-widget_type=\"image.default\">\n\t\t\t\t<div class=\"elementor-widget-container\">\n\t\t\t\t\t\t\t\t\t\t\t\t\t\t\t<img loading=\"lazy\" decoding=\"async\" width=\"194\" height=\"194\" src=\"https:\/\/cpcms.fr\/associations\/amiens\/wp-content\/uploads\/2023\/03\/Pharmacienne-02.png\" class=\"attachment-large size-large wp-image-84\" alt=\"\" srcset=\"https:\/\/cpcms.fr\/associations\/amiens\/wp-content\/uploads\/2023\/03\/Pharmacienne-02.png 194w, https:\/\/cpcms.fr\/associations\/amiens\/wp-content\/uploads\/2023\/03\/Pharmacienne-02-150x150.png 150w\" sizes=\"auto, (max-width: 194px) 100vw, 194px\" \/>\t\t\t\t\t\t\t\t\t\t\t\t\t\t\t<\/div>\n\t\t\t\t<\/div>\n\t\t\t\t<div class=\"elementor-element elementor-element-39a014c elementor-widget elementor-widget-text-editor\" data-id=\"39a014c\" data-element_type=\"widget\" data-widget_type=\"text-editor.default\">\n\t\t\t\t<div class=\"elementor-widget-container\">\n\t\t\t\t\t\t\t<p style=\"text-align: center;\"><strong>Claire Mention<\/strong><br \/>2023-2026<\/p>\t\t\t\t\t\t<\/div>\n\t\t\t\t<\/div>\n\t\t\t\t\t<\/div>\n\t\t<\/div>\n\t\t\t\t<div class=\"elementor-column elementor-col-33 elementor-top-column elementor-element elementor-element-246f04c\" data-id=\"246f04c\" data-element_type=\"column\">\n\t\t\t<div class=\"elementor-widget-wrap elementor-element-populated\">\n\t\t\t\t\t\t\t\t<div class=\"elementor-element elementor-element-26eab1b elementor-widget elementor-widget-image\" data-id=\"26eab1b\" data-element_type=\"widget\" data-widget_type=\"image.default\">\n\t\t\t\t<div class=\"elementor-widget-container\">\n\t\t\t\t\t\t\t\t\t\t\t\t\t\t\t<img loading=\"lazy\" decoding=\"async\" width=\"194\" height=\"194\" src=\"https:\/\/cpcms.fr\/associations\/amiens\/wp-content\/uploads\/2023\/03\/Pharmacienne-01.png\" class=\"attachment-large size-large wp-image-83\" alt=\"\" srcset=\"https:\/\/cpcms.fr\/associations\/amiens\/wp-content\/uploads\/2023\/03\/Pharmacienne-01.png 194w, https:\/\/cpcms.fr\/associations\/amiens\/wp-content\/uploads\/2023\/03\/Pharmacienne-01-150x150.png 150w\" sizes=\"auto, (max-width: 194px) 100vw, 194px\" \/>\t\t\t\t\t\t\t\t\t\t\t\t\t\t\t<\/div>\n\t\t\t\t<\/div>\n\t\t\t\t<div class=\"elementor-element elementor-element-2804080 elementor-widget elementor-widget-text-editor\" data-id=\"2804080\" data-element_type=\"widget\" data-widget_type=\"text-editor.default\">\n\t\t\t\t<div class=\"elementor-widget-container\">\n\t\t\t\t\t\t\t<p style=\"text-align: center;\"><strong>Sophie REVAUX\u00a0<\/strong><br \/>2023-2026<\/p>\t\t\t\t\t\t<\/div>\n\t\t\t\t<\/div>\n\t\t\t\t\t<\/div>\n\t\t<\/div>\n\t\t\t\t<div class=\"elementor-column elementor-col-33 elementor-top-column elementor-element elementor-element-3b1a092\" data-id=\"3b1a092\" data-element_type=\"column\">\n\t\t\t<div class=\"elementor-widget-wrap elementor-element-populated\">\n\t\t\t\t\t\t\t\t<div class=\"elementor-element elementor-element-128aeb9 elementor-widget elementor-widget-image\" data-id=\"128aeb9\" data-element_type=\"widget\" data-widget_type=\"image.default\">\n\t\t\t\t<div class=\"elementor-widget-container\">\n\t\t\t\t\t\t\t\t\t\t\t\t\t\t\t<img loading=\"lazy\" decoding=\"async\" width=\"194\" height=\"194\" src=\"https:\/\/cpcms.fr\/associations\/amiens\/wp-content\/uploads\/2023\/03\/Pharmacienne-04.png\" class=\"attachment-large size-large wp-image-86\" alt=\"\" srcset=\"https:\/\/cpcms.fr\/associations\/amiens\/wp-content\/uploads\/2023\/03\/Pharmacienne-04.png 194w, https:\/\/cpcms.fr\/associations\/amiens\/wp-content\/uploads\/2023\/03\/Pharmacienne-04-150x150.png 150w\" sizes=\"auto, (max-width: 194px) 100vw, 194px\" \/>\t\t\t\t\t\t\t\t\t\t\t\t\t\t\t<\/div>\n\t\t\t\t<\/div>\n\t\t\t\t<div class=\"elementor-element elementor-element-d28b89f elementor-widget elementor-widget-text-editor\" data-id=\"d28b89f\" data-element_type=\"widget\" data-widget_type=\"text-editor.default\">\n\t\t\t\t<div class=\"elementor-widget-container\">\n\t\t\t\t\t\t\t<p style=\"text-align: center;\"><strong>Sophie Duban<\/strong><br \/>\u00a02023-2026<\/p>\t\t\t\t\t\t<\/div>\n\t\t\t\t<\/div>\n\t\t\t\t\t<\/div>\n\t\t<\/div>\n\t\t\t\t\t\t\t<\/div>\n\t\t<\/section>\n\t\t\t\t<section class=\"elementor-section elementor-top-section elementor-element elementor-element-6fee10f elementor-section-boxed elementor-section-height-default elementor-section-height-default\" data-id=\"6fee10f\" data-element_type=\"section\">\n\t\t\t\t\t\t<div class=\"elementor-container elementor-column-gap-default\">\n\t\t\t\t\t<div class=\"elementor-column elementor-col-33 elementor-top-column elementor-element elementor-element-8805306\" data-id=\"8805306\" data-element_type=\"column\">\n\t\t\t<div class=\"elementor-widget-wrap elementor-element-populated\">\n\t\t\t\t\t\t\t\t<div class=\"elementor-element elementor-element-e1f9363 elementor-widget elementor-widget-image\" data-id=\"e1f9363\" data-element_type=\"widget\" data-widget_type=\"image.default\">\n\t\t\t\t<div class=\"elementor-widget-container\">\n\t\t\t\t\t\t\t\t\t\t\t\t\t\t\t<img decoding=\"async\" src=\"https:\/\/cpcms.fr\/associations\/amiens\/wp-content\/uploads\/elementor\/thumbs\/aaa-q7a46if9lgvn73kyjoe1ag3vpzw6bt5el5k048purk.jpg\" title=\"aaa\" alt=\"aaa\" loading=\"lazy\" \/>\t\t\t\t\t\t\t\t\t\t\t\t\t\t\t<\/div>\n\t\t\t\t<\/div>\n\t\t\t\t<div class=\"elementor-element elementor-element-d73031c elementor-widget elementor-widget-text-editor\" data-id=\"d73031c\" data-element_type=\"widget\" data-widget_type=\"text-editor.default\">\n\t\t\t\t<div class=\"elementor-widget-container\">\n\t\t\t\t\t\t\t<p class=\"western\" style=\"text-align: center;\"><strong>Ludivine RICCI\u00a0<\/strong><br \/>2022-2025<\/p>\t\t\t\t\t\t<\/div>\n\t\t\t\t<\/div>\n\t\t\t\t\t<\/div>\n\t\t<\/div>\n\t\t\t\t<div class=\"elementor-column elementor-col-33 elementor-top-column elementor-element elementor-element-10470d5\" data-id=\"10470d5\" data-element_type=\"column\">\n\t\t\t<div class=\"elementor-widget-wrap elementor-element-populated\">\n\t\t\t\t\t\t\t\t<div class=\"elementor-element elementor-element-c6c6ad5 elementor-widget elementor-widget-image\" data-id=\"c6c6ad5\" data-element_type=\"widget\" data-widget_type=\"image.default\">\n\t\t\t\t<div class=\"elementor-widget-container\">\n\t\t\t\t\t\t\t\t\t\t\t\t\t\t\t<img loading=\"lazy\" decoding=\"async\" width=\"169\" height=\"200\" src=\"https:\/\/cpcms.fr\/associations\/amiens\/wp-content\/uploads\/2023\/06\/NL-e1687451207836.jpg\" class=\"attachment-large size-large wp-image-296\" alt=\"\" \/>\t\t\t\t\t\t\t\t\t\t\t\t\t\t\t<\/div>\n\t\t\t\t<\/div>\n\t\t\t\t<div class=\"elementor-element elementor-element-a6d2597 elementor-widget elementor-widget-text-editor\" data-id=\"a6d2597\" data-element_type=\"widget\" data-widget_type=\"text-editor.default\">\n\t\t\t\t<div class=\"elementor-widget-container\">\n\t\t\t\t\t\t\t<p style=\"text-align: center;\"><strong>Nathalie Lemaire<\/strong><br \/>2022-2025<\/p>\t\t\t\t\t\t<\/div>\n\t\t\t\t<\/div>\n\t\t\t\t\t<\/div>\n\t\t<\/div>\n\t\t\t\t<div class=\"elementor-column elementor-col-33 elementor-top-column elementor-element elementor-element-2f866c9\" data-id=\"2f866c9\" data-element_type=\"column\">\n\t\t\t<div class=\"elementor-widget-wrap elementor-element-populated\">\n\t\t\t\t\t\t\t\t<div class=\"elementor-element elementor-element-82b7615 elementor-widget elementor-widget-image\" data-id=\"82b7615\" data-element_type=\"widget\" data-widget_type=\"image.default\">\n\t\t\t\t<div class=\"elementor-widget-container\">\n\t\t\t\t\t\t\t\t\t\t\t\t\t\t\t<img loading=\"lazy\" decoding=\"async\" width=\"194\" height=\"194\" src=\"https:\/\/cpcms.fr\/associations\/amiens\/wp-content\/uploads\/2023\/03\/Pharmacienne-02.png\" class=\"attachment-large size-large wp-image-84\" alt=\"\" srcset=\"https:\/\/cpcms.fr\/associations\/amiens\/wp-content\/uploads\/2023\/03\/Pharmacienne-02.png 194w, https:\/\/cpcms.fr\/associations\/amiens\/wp-content\/uploads\/2023\/03\/Pharmacienne-02-150x150.png 150w\" sizes=\"auto, (max-width: 194px) 100vw, 194px\" \/>\t\t\t\t\t\t\t\t\t\t\t\t\t\t\t<\/div>\n\t\t\t\t<\/div>\n\t\t\t\t<div class=\"elementor-element elementor-element-6d53d93 elementor-widget elementor-widget-text-editor\" data-id=\"6d53d93\" data-element_type=\"widget\" data-widget_type=\"text-editor.default\">\n\t\t\t\t<div class=\"elementor-widget-container\">\n\t\t\t\t\t\t\t<p style=\"text-align: center;\"><strong>S\u00e9gol\u00e8ne DEMOULIN<\/strong><br \/>2022 \u2013 2025<\/p>\t\t\t\t\t\t<\/div>\n\t\t\t\t<\/div>\n\t\t\t\t\t<\/div>\n\t\t<\/div>\n\t\t\t\t\t\t\t<\/div>\n\t\t<\/section>\n\t\t\t\t\t\t\t<\/div>\n\t\t","protected":false},"excerpt":{"rendered":"<p>COLLEGE DES MAITRES DE STAGE DE PICARDIECOMPOSITION DU BUREAU 2022-2023 Fr\u00e9d\u00e9ric CARTON (Pr\u00e9sident)2016 &#8211; 2025 Jean-Marc CHILLON (Directeur de l\u2019UFR de Pharmacie)(Vice-pr\u00e9sident) 2013 &#8211; 2025 Alice GHIGHI (Vice-pr\u00e9sidente)2023-2026 \u00a0Thomas LEOURIER (Vice-pr\u00e9sident) 2018 &#8211; 2024 \u00a0Jean-Fran\u00e7ois ARTHAUD(Tr\u00e9sorier) 2022 \u2013 2025 Ang\u00e9lique LEMAIRE (Secr\u00e9taire) 2021 &#8211; 2024 Lo\u00efc BRIGAUDEAU\u00a02014 &#8211; 2023\u00a0 Etienne [&hellip;]<\/p>\n","protected":false},"author":1,"featured_media":0,"parent":0,"menu_order":0,"comment_status":"closed","ping_status":"closed","template":"page-templates\/template-pagebuilder-full-width.php","meta":{"footnotes":""},"class_list":["post-8","page","type-page","status-publish","hentry"],"_links":{"self":[{"href":"https:\/\/cpcms.fr\/associations\/amiens\/wp-json\/wp\/v2\/pages\/8","targetHints":{"allow":["GET"]}}],"collection":[{"href":"https:\/\/cpcms.fr\/associations\/amiens\/wp-json\/wp\/v2\/pages"}],"about":[{"href":"https:\/\/cpcms.fr\/associations\/amiens\/wp-json\/wp\/v2\/types\/page"}],"author":[{"embeddable":true,"href":"https:\/\/cpcms.fr\/associations\/amiens\/wp-json\/wp\/v2\/users\/1"}],"replies":[{"embeddable":true,"href":"https:\/\/cpcms.fr\/associations\/amiens\/wp-json\/wp\/v2\/comments?post=8"}],"version-history":[{"count":52,"href":"https:\/\/cpcms.fr\/associations\/amiens\/wp-json\/wp\/v2\/pages\/8\/revisions"}],"predecessor-version":[{"id":299,"href":"https:\/\/cpcms.fr\/associations\/amiens\/wp-json\/wp\/v2\/pages\/8\/revisions\/299"}],"wp:attachment":[{"href":"https:\/\/cpcms.fr\/associations\/amiens\/wp-json\/wp\/v2\/media?parent=8"}],"curies":[{"name":"wp","href":"https:\/\/api.w.org\/{rel}","templated":true}]}}