{"id":11,"date":"2023-02-23T10:56:07","date_gmt":"2023-02-23T09:56:07","guid":{"rendered":"https:\/\/cpcms.fr\/associations\/angers\/?page_id=11"},"modified":"2025-07-01T11:11:58","modified_gmt":"2025-07-01T09:11:58","slug":"bureau","status":"publish","type":"page","link":"https:\/\/cpcms.fr\/associations\/angers\/bureau\/","title":{"rendered":"Bureau"},"content":{"rendered":"\t\t<div data-elementor-type=\"wp-page\" data-elementor-id=\"11\" class=\"elementor elementor-11\" data-elementor-post-type=\"page\">\n\t\t\t\t\t\t<section class=\"elementor-section elementor-top-section elementor-element elementor-element-deb7d90 elementor-section-boxed elementor-section-height-default elementor-section-height-default\" data-id=\"deb7d90\" data-element_type=\"section\">\n\t\t\t\t\t\t<div class=\"elementor-container elementor-column-gap-default\">\n\t\t\t\t\t<div class=\"elementor-column elementor-col-25 elementor-top-column elementor-element elementor-element-f7425e3\" data-id=\"f7425e3\" data-element_type=\"column\">\n\t\t\t<div class=\"elementor-widget-wrap elementor-element-populated\">\n\t\t\t\t\t\t<div class=\"elementor-element elementor-element-3c71f23 elementor-widget elementor-widget-image\" data-id=\"3c71f23\" data-element_type=\"widget\" data-widget_type=\"image.default\">\n\t\t\t\t<div class=\"elementor-widget-container\">\n\t\t\t\t\t\t\t\t\t\t\t\t\t\t\t<img decoding=\"async\" width=\"194\" height=\"194\" src=\"https:\/\/cpcms.fr\/associations\/angers\/wp-content\/uploads\/2023\/02\/Pharmacienne-01.png\" class=\"attachment-large size-large wp-image-127\" alt=\"\" srcset=\"https:\/\/cpcms.fr\/associations\/angers\/wp-content\/uploads\/2023\/02\/Pharmacienne-01.png 194w, https:\/\/cpcms.fr\/associations\/angers\/wp-content\/uploads\/2023\/02\/Pharmacienne-01-150x150.png 150w\" sizes=\"(max-width: 194px) 100vw, 194px\" \/>\t\t\t\t\t\t\t\t\t\t\t\t\t\t\t<\/div>\n\t\t\t\t<\/div>\n\t\t\t\t\t<\/div>\n\t\t<\/div>\n\t\t\t\t<div class=\"elementor-column elementor-col-25 elementor-top-column elementor-element elementor-element-f739a03\" data-id=\"f739a03\" data-element_type=\"column\">\n\t\t\t<div class=\"elementor-widget-wrap elementor-element-populated\">\n\t\t\t\t\t\t<div class=\"elementor-element elementor-element-b7dab67 elementor-widget elementor-widget-image\" data-id=\"b7dab67\" data-element_type=\"widget\" data-widget_type=\"image.default\">\n\t\t\t\t<div class=\"elementor-widget-container\">\n\t\t\t\t\t\t\t\t\t\t\t\t\t\t\t<img decoding=\"async\" width=\"194\" height=\"194\" src=\"https:\/\/cpcms.fr\/associations\/angers\/wp-content\/uploads\/2023\/12\/Pharmacienne-04.png\" class=\"attachment-large size-large wp-image-338\" alt=\"\" srcset=\"https:\/\/cpcms.fr\/associations\/angers\/wp-content\/uploads\/2023\/12\/Pharmacienne-04.png 194w, https:\/\/cpcms.fr\/associations\/angers\/wp-content\/uploads\/2023\/12\/Pharmacienne-04-150x150.png 150w\" sizes=\"(max-width: 194px) 100vw, 194px\" \/>\t\t\t\t\t\t\t\t\t\t\t\t\t\t\t<\/div>\n\t\t\t\t<\/div>\n\t\t\t\t\t<\/div>\n\t\t<\/div>\n\t\t\t\t<div class=\"elementor-column elementor-col-25 elementor-top-column elementor-element elementor-element-080a687\" data-id=\"080a687\" data-element_type=\"column\">\n\t\t\t<div class=\"elementor-widget-wrap elementor-element-populated\">\n\t\t\t\t\t\t<div class=\"elementor-element elementor-element-12d50b5 elementor-widget elementor-widget-image\" data-id=\"12d50b5\" data-element_type=\"widget\" data-widget_type=\"image.default\">\n\t\t\t\t<div class=\"elementor-widget-container\">\n\t\t\t\t\t\t\t\t\t\t\t\t\t\t\t<img decoding=\"async\" width=\"194\" height=\"194\" src=\"https:\/\/cpcms.fr\/associations\/angers\/wp-content\/uploads\/2023\/02\/Pharmacien-02.png\" class=\"attachment-large size-large wp-image-130\" alt=\"\" srcset=\"https:\/\/cpcms.fr\/associations\/angers\/wp-content\/uploads\/2023\/02\/Pharmacien-02.png 194w, https:\/\/cpcms.fr\/associations\/angers\/wp-content\/uploads\/2023\/02\/Pharmacien-02-150x150.png 150w\" sizes=\"(max-width: 194px) 100vw, 194px\" \/>\t\t\t\t\t\t\t\t\t\t\t\t\t\t\t<\/div>\n\t\t\t\t<\/div>\n\t\t\t\t\t<\/div>\n\t\t<\/div>\n\t\t\t\t<div class=\"elementor-column elementor-col-25 elementor-top-column elementor-element elementor-element-8a9f75e\" data-id=\"8a9f75e\" data-element_type=\"column\">\n\t\t\t<div class=\"elementor-widget-wrap elementor-element-populated\">\n\t\t\t\t\t\t<div class=\"elementor-element elementor-element-7b4ec8c elementor-widget elementor-widget-image\" data-id=\"7b4ec8c\" data-element_type=\"widget\" data-widget_type=\"image.default\">\n\t\t\t\t<div class=\"elementor-widget-container\">\n\t\t\t\t\t\t\t\t\t\t\t\t\t\t\t<img loading=\"lazy\" decoding=\"async\" width=\"194\" height=\"194\" src=\"https:\/\/cpcms.fr\/associations\/angers\/wp-content\/uploads\/2023\/02\/Pharmacienne-03.png\" class=\"attachment-large size-large wp-image-129\" alt=\"\" srcset=\"https:\/\/cpcms.fr\/associations\/angers\/wp-content\/uploads\/2023\/02\/Pharmacienne-03.png 194w, https:\/\/cpcms.fr\/associations\/angers\/wp-content\/uploads\/2023\/02\/Pharmacienne-03-150x150.png 150w\" sizes=\"(max-width: 194px) 100vw, 194px\" \/>\t\t\t\t\t\t\t\t\t\t\t\t\t\t\t<\/div>\n\t\t\t\t<\/div>\n\t\t\t\t\t<\/div>\n\t\t<\/div>\n\t\t\t\t\t<\/div>\n\t\t<\/section>\n\t\t\t\t<section class=\"elementor-section elementor-top-section elementor-element elementor-element-a04b006 elementor-section-boxed elementor-section-height-default elementor-section-height-default\" data-id=\"a04b006\" data-element_type=\"section\">\n\t\t\t\t\t\t<div class=\"elementor-container elementor-column-gap-default\">\n\t\t\t\t\t<div class=\"elementor-column elementor-col-25 elementor-top-column elementor-element elementor-element-8e8d3c9\" data-id=\"8e8d3c9\" data-element_type=\"column\">\n\t\t\t<div class=\"elementor-widget-wrap elementor-element-populated\">\n\t\t\t\t\t\t<div class=\"elementor-element elementor-element-2843a83 elementor-widget elementor-widget-text-editor\" data-id=\"2843a83\" data-element_type=\"widget\" data-widget_type=\"text-editor.default\">\n\t\t\t\t<div class=\"elementor-widget-container\">\n\t\t\t\t\t\t\t\t\t<p style=\"text-align: center;\"><span style=\"color: #000000; font-family: 'Open Sans', Arial, sans-serif; font-size: 14px; text-align: justify; background-color: #ffffff;\"><strong>Nathalie DILE\u00a0<\/strong><br \/><\/span><span style=\"background-color: #ffffff; color: #000000; font-family: 'Open Sans', Arial, sans-serif; font-size: 14px; text-align: justify; font-weight: var( --e-global-typography-text-font-weight );\">Co-p<\/span><span style=\"background-color: #ffffff; color: #000000; font-family: 'Open Sans', Arial, sans-serif; font-size: 14px; text-align: justify; font-weight: var( --e-global-typography-text-font-weight );\">r\u00e9sidente<\/span><\/p>\t\t\t\t\t\t\t\t<\/div>\n\t\t\t\t<\/div>\n\t\t\t\t\t<\/div>\n\t\t<\/div>\n\t\t\t\t<div class=\"elementor-column elementor-col-25 elementor-top-column elementor-element elementor-element-ca31765\" data-id=\"ca31765\" data-element_type=\"column\">\n\t\t\t<div class=\"elementor-widget-wrap elementor-element-populated\">\n\t\t\t\t\t\t<div class=\"elementor-element elementor-element-c40fd50 elementor-widget elementor-widget-text-editor\" data-id=\"c40fd50\" data-element_type=\"widget\" data-widget_type=\"text-editor.default\">\n\t\t\t\t<div class=\"elementor-widget-container\">\n\t\t\t\t\t\t\t\t\t<p style=\"text-align: center;\"><span style=\"color: #000000; font-family: 'Open Sans', Arial, sans-serif; font-size: 14px; text-align: justify; background-color: #ffffff;\"><b>Aur\u00e9lie HERLIN\u00a0<\/b><br \/><\/span><span style=\"font-weight: var( --e-global-typography-text-font-weight ); background-color: #ffffff; color: #000000; font-family: 'Open Sans', Arial, sans-serif; font-size: 14px; text-align: justify;\">Co-pr\u00e9sidente<\/span><\/p>\t\t\t\t\t\t\t\t<\/div>\n\t\t\t\t<\/div>\n\t\t\t\t\t<\/div>\n\t\t<\/div>\n\t\t\t\t<div class=\"elementor-column elementor-col-25 elementor-top-column elementor-element elementor-element-d135b9f\" data-id=\"d135b9f\" data-element_type=\"column\">\n\t\t\t<div class=\"elementor-widget-wrap elementor-element-populated\">\n\t\t\t\t\t\t<div class=\"elementor-element elementor-element-ae4d8bd elementor-widget elementor-widget-text-editor\" data-id=\"ae4d8bd\" data-element_type=\"widget\" data-widget_type=\"text-editor.default\">\n\t\t\t\t<div class=\"elementor-widget-container\">\n\t\t\t\t\t\t\t\t\t<p style=\"text-align: center;\"><span style=\"color: #000000; font-family: 'Open Sans', Arial, sans-serif; font-size: 14px; text-align: justify; background-color: #ffffff;\"><b>Arthur PIRAUX\u00a0<\/b><br \/><\/span><span style=\"font-weight: var( --e-global-typography-text-font-weight ); background-color: #ffffff; color: #000000; font-family: 'Open Sans', Arial, sans-serif; font-size: 14px; text-align: justify;\">Tr\u00e9sorier<\/span><\/p>\t\t\t\t\t\t\t\t<\/div>\n\t\t\t\t<\/div>\n\t\t\t\t\t<\/div>\n\t\t<\/div>\n\t\t\t\t<div class=\"elementor-column elementor-col-25 elementor-top-column elementor-element elementor-element-024881a\" data-id=\"024881a\" data-element_type=\"column\">\n\t\t\t<div class=\"elementor-widget-wrap elementor-element-populated\">\n\t\t\t\t\t\t<div class=\"elementor-element elementor-element-4c33d1d elementor-widget elementor-widget-text-editor\" data-id=\"4c33d1d\" data-element_type=\"widget\" data-widget_type=\"text-editor.default\">\n\t\t\t\t<div class=\"elementor-widget-container\">\n\t\t\t\t\t\t\t\t\t<p style=\"text-align: center;\"><span style=\"color: #000000; font-family: 'Open Sans', Arial, sans-serif; text-align: justify; background-color: #ffffff;\"><strong>Nadine BESNIER<\/strong><br \/><\/span><span style=\"background-color: #ffffff; color: #000000; font-family: 'Open Sans', Arial, sans-serif; text-align: justify;\">Secr\u00e9taire<\/span><\/p>\t\t\t\t\t\t\t\t<\/div>\n\t\t\t\t<\/div>\n\t\t\t\t\t<\/div>\n\t\t<\/div>\n\t\t\t\t\t<\/div>\n\t\t<\/section>\n\t\t\t\t<section class=\"elementor-section elementor-top-section elementor-element elementor-element-b8c3112 elementor-section-boxed elementor-section-height-default elementor-section-height-default\" data-id=\"b8c3112\" data-element_type=\"section\">\n\t\t\t\t\t\t<div class=\"elementor-container elementor-column-gap-default\">\n\t\t\t\t\t<div class=\"elementor-column elementor-col-25 elementor-top-column elementor-element elementor-element-526d008\" data-id=\"526d008\" data-element_type=\"column\">\n\t\t\t<div class=\"elementor-widget-wrap elementor-element-populated\">\n\t\t\t\t\t\t<div class=\"elementor-element elementor-element-da7601e elementor-widget elementor-widget-image\" data-id=\"da7601e\" data-element_type=\"widget\" data-widget_type=\"image.default\">\n\t\t\t\t<div class=\"elementor-widget-container\">\n\t\t\t\t\t\t\t\t\t\t\t\t\t\t\t<img decoding=\"async\" width=\"194\" height=\"194\" src=\"https:\/\/cpcms.fr\/associations\/angers\/wp-content\/uploads\/2023\/02\/Pharmacien-02.png\" class=\"attachment-large size-large wp-image-130\" alt=\"\" srcset=\"https:\/\/cpcms.fr\/associations\/angers\/wp-content\/uploads\/2023\/02\/Pharmacien-02.png 194w, https:\/\/cpcms.fr\/associations\/angers\/wp-content\/uploads\/2023\/02\/Pharmacien-02-150x150.png 150w\" sizes=\"(max-width: 194px) 100vw, 194px\" \/>\t\t\t\t\t\t\t\t\t\t\t\t\t\t\t<\/div>\n\t\t\t\t<\/div>\n\t\t\t\t\t<\/div>\n\t\t<\/div>\n\t\t\t\t<div class=\"elementor-column elementor-col-25 elementor-top-column elementor-element elementor-element-1dc5a4b\" data-id=\"1dc5a4b\" data-element_type=\"column\">\n\t\t\t<div class=\"elementor-widget-wrap elementor-element-populated\">\n\t\t\t\t\t\t<div class=\"elementor-element elementor-element-6917ea1 elementor-widget elementor-widget-image\" data-id=\"6917ea1\" data-element_type=\"widget\" data-widget_type=\"image.default\">\n\t\t\t\t<div class=\"elementor-widget-container\">\n\t\t\t\t\t\t\t\t\t\t\t\t\t\t\t<img loading=\"lazy\" decoding=\"async\" width=\"194\" height=\"194\" src=\"https:\/\/cpcms.fr\/associations\/angers\/wp-content\/uploads\/2023\/02\/Pharmacien-01-1.png\" class=\"attachment-large size-large wp-image-128\" alt=\"\" srcset=\"https:\/\/cpcms.fr\/associations\/angers\/wp-content\/uploads\/2023\/02\/Pharmacien-01-1.png 194w, https:\/\/cpcms.fr\/associations\/angers\/wp-content\/uploads\/2023\/02\/Pharmacien-01-1-150x150.png 150w\" sizes=\"(max-width: 194px) 100vw, 194px\" \/>\t\t\t\t\t\t\t\t\t\t\t\t\t\t\t<\/div>\n\t\t\t\t<\/div>\n\t\t\t\t\t<\/div>\n\t\t<\/div>\n\t\t\t\t<div class=\"elementor-column elementor-col-25 elementor-top-column elementor-element elementor-element-3d22825\" data-id=\"3d22825\" data-element_type=\"column\">\n\t\t\t<div class=\"elementor-widget-wrap elementor-element-populated\">\n\t\t\t\t\t\t<div class=\"elementor-element elementor-element-3491772 elementor-widget elementor-widget-image\" data-id=\"3491772\" data-element_type=\"widget\" data-widget_type=\"image.default\">\n\t\t\t\t<div class=\"elementor-widget-container\">\n\t\t\t\t\t\t\t\t\t\t\t\t\t\t\t<img loading=\"lazy\" decoding=\"async\" width=\"194\" height=\"194\" src=\"https:\/\/cpcms.fr\/associations\/angers\/wp-content\/uploads\/2023\/02\/Pharmacienne-02.png\" class=\"attachment-large size-large wp-image-136\" alt=\"\" srcset=\"https:\/\/cpcms.fr\/associations\/angers\/wp-content\/uploads\/2023\/02\/Pharmacienne-02.png 194w, https:\/\/cpcms.fr\/associations\/angers\/wp-content\/uploads\/2023\/02\/Pharmacienne-02-150x150.png 150w\" sizes=\"(max-width: 194px) 100vw, 194px\" \/>\t\t\t\t\t\t\t\t\t\t\t\t\t\t\t<\/div>\n\t\t\t\t<\/div>\n\t\t\t\t\t<\/div>\n\t\t<\/div>\n\t\t\t\t<div class=\"elementor-column elementor-col-25 elementor-top-column elementor-element elementor-element-72ca67e\" data-id=\"72ca67e\" data-element_type=\"column\">\n\t\t\t<div class=\"elementor-widget-wrap elementor-element-populated\">\n\t\t\t\t\t\t<div class=\"elementor-element elementor-element-89ded17 elementor-widget elementor-widget-image\" data-id=\"89ded17\" data-element_type=\"widget\" data-widget_type=\"image.default\">\n\t\t\t\t<div class=\"elementor-widget-container\">\n\t\t\t\t\t\t\t\t\t\t\t\t\t\t\t<img loading=\"lazy\" decoding=\"async\" width=\"194\" height=\"194\" src=\"https:\/\/cpcms.fr\/associations\/angers\/wp-content\/uploads\/2023\/02\/Pharmacien-03.png\" class=\"attachment-large size-large wp-image-135\" alt=\"\" srcset=\"https:\/\/cpcms.fr\/associations\/angers\/wp-content\/uploads\/2023\/02\/Pharmacien-03.png 194w, https:\/\/cpcms.fr\/associations\/angers\/wp-content\/uploads\/2023\/02\/Pharmacien-03-150x150.png 150w\" sizes=\"(max-width: 194px) 100vw, 194px\" \/>\t\t\t\t\t\t\t\t\t\t\t\t\t\t\t<\/div>\n\t\t\t\t<\/div>\n\t\t\t\t\t<\/div>\n\t\t<\/div>\n\t\t\t\t\t<\/div>\n\t\t<\/section>\n\t\t\t\t<section class=\"elementor-section elementor-top-section elementor-element elementor-element-6d823c0 elementor-section-boxed elementor-section-height-default elementor-section-height-default\" data-id=\"6d823c0\" data-element_type=\"section\">\n\t\t\t\t\t\t<div class=\"elementor-container elementor-column-gap-default\">\n\t\t\t\t\t<div class=\"elementor-column elementor-col-25 elementor-top-column elementor-element elementor-element-e2300d0\" data-id=\"e2300d0\" data-element_type=\"column\">\n\t\t\t<div class=\"elementor-widget-wrap elementor-element-populated\">\n\t\t\t\t\t\t<div class=\"elementor-element elementor-element-af43495 elementor-widget elementor-widget-text-editor\" data-id=\"af43495\" data-element_type=\"widget\" data-widget_type=\"text-editor.default\">\n\t\t\t\t<div class=\"elementor-widget-container\">\n\t\t\t\t\t\t\t\t\t<p style=\"text-align: center;\"><span style=\"text-align: justify; background-color: #ffffff;\"><span style=\"color: #000000; font-family: 'Open Sans', Arial, sans-serif;\"><b>Thomas AVRIL<\/b><br \/><\/span><\/span><span style=\"caret-color: #000000; color: #000000; font-family: 'Open Sans', Arial, sans-serif; text-align: justify; background-color: #ffffff;\">VP Ma\u00eetres de stage<\/span><\/p>\t\t\t\t\t\t\t\t<\/div>\n\t\t\t\t<\/div>\n\t\t\t\t\t<\/div>\n\t\t<\/div>\n\t\t\t\t<div class=\"elementor-column elementor-col-25 elementor-top-column elementor-element elementor-element-d5fdd94\" data-id=\"d5fdd94\" data-element_type=\"column\">\n\t\t\t<div class=\"elementor-widget-wrap elementor-element-populated\">\n\t\t\t\t\t\t<div class=\"elementor-element elementor-element-40e370f elementor-widget elementor-widget-text-editor\" data-id=\"40e370f\" data-element_type=\"widget\" data-widget_type=\"text-editor.default\">\n\t\t\t\t<div class=\"elementor-widget-container\">\n\t\t\t\t\t\t\t\t\t<p style=\"text-align: center;\"><span style=\"color: #000000; font-family: 'Open Sans', Arial, sans-serif; font-size: 14px; text-align: justify; background-color: #ffffff;\"><b>Nicolas CLERE<\/b><span style=\"font-weight: bolder;\">\u00a0<\/span><br \/><\/span><span style=\"caret-color: #000000; color: #000000; font-family: 'Open Sans', Arial, sans-serif; text-align: justify; background-color: #ffffff;\">VP Conseiller universitaire<\/span><\/p>\t\t\t\t\t\t\t\t<\/div>\n\t\t\t\t<\/div>\n\t\t\t\t\t<\/div>\n\t\t<\/div>\n\t\t\t\t<div class=\"elementor-column elementor-col-25 elementor-top-column elementor-element elementor-element-ff00556\" data-id=\"ff00556\" data-element_type=\"column\">\n\t\t\t<div class=\"elementor-widget-wrap elementor-element-populated\">\n\t\t\t\t\t\t<div class=\"elementor-element elementor-element-dfc1089 elementor-widget elementor-widget-text-editor\" data-id=\"dfc1089\" data-element_type=\"widget\" data-widget_type=\"text-editor.default\">\n\t\t\t\t<div class=\"elementor-widget-container\">\n\t\t\t\t\t\t\t\t\t<p style=\"text-align: center;\"><span style=\"color: #000000; font-family: 'Open Sans', Arial, sans-serif; font-size: 14px; text-align: justify; background-color: #ffffff;\"><b>B\u00e9rang\u00e8re FLOTTE<\/b><br \/><\/span><span style=\"caret-color: #000000; color: #000000; font-family: 'Open Sans', Arial, sans-serif; text-align: justify; background-color: #ffffff;\">Ma\u00eetre de stage<\/span><\/p>\t\t\t\t\t\t\t\t<\/div>\n\t\t\t\t<\/div>\n\t\t\t\t\t<\/div>\n\t\t<\/div>\n\t\t\t\t<div class=\"elementor-column elementor-col-25 elementor-top-column elementor-element elementor-element-7476e51\" data-id=\"7476e51\" data-element_type=\"column\">\n\t\t\t<div class=\"elementor-widget-wrap elementor-element-populated\">\n\t\t\t\t\t\t<div class=\"elementor-element elementor-element-6a964eb elementor-widget elementor-widget-text-editor\" data-id=\"6a964eb\" data-element_type=\"widget\" data-widget_type=\"text-editor.default\">\n\t\t\t\t<div class=\"elementor-widget-container\">\n\t\t\t\t\t\t\t\t\t<p style=\"text-align: center;\"><span style=\"text-align: justify; background-color: #ffffff;\"><span style=\"color: #000000; font-family: 'Open Sans', Arial, sans-serif; font-size: 14px;\"><b>Fran\u00e7ois-Lo\u00efc PICHARD<\/b><br \/><\/span><\/span><span style=\"caret-color: #000000; color: #000000; font-family: 'Open Sans', Arial, sans-serif; text-align: justify; background-color: #ffffff;\">Ma\u00eetre de stage<\/span><\/p>\t\t\t\t\t\t\t\t<\/div>\n\t\t\t\t<\/div>\n\t\t\t\t\t<\/div>\n\t\t<\/div>\n\t\t\t\t\t<\/div>\n\t\t<\/section>\n\t\t\t\t<section class=\"elementor-section elementor-top-section elementor-element elementor-element-2de8a77 elementor-section-boxed elementor-section-height-default elementor-section-height-default\" data-id=\"2de8a77\" data-element_type=\"section\">\n\t\t\t\t\t\t<div class=\"elementor-container elementor-column-gap-default\">\n\t\t\t\t\t<div class=\"elementor-column elementor-col-100 elementor-top-column elementor-element elementor-element-807de30\" data-id=\"807de30\" data-element_type=\"column\">\n\t\t\t<div class=\"elementor-widget-wrap elementor-element-populated\">\n\t\t\t\t\t\t<div class=\"elementor-element elementor-element-71c1216 elementor-widget-divider--view-line elementor-widget elementor-widget-divider\" data-id=\"71c1216\" data-element_type=\"widget\" data-widget_type=\"divider.default\">\n\t\t\t\t<div class=\"elementor-widget-container\">\n\t\t\t\t\t\t\t<div class=\"elementor-divider\">\n\t\t\t<span class=\"elementor-divider-separator\">\n\t\t\t\t\t\t<\/span>\n\t\t<\/div>\n\t\t\t\t\t\t<\/div>\n\t\t\t\t<\/div>\n\t\t\t\t\t<\/div>\n\t\t<\/div>\n\t\t\t\t\t<\/div>\n\t\t<\/section>\n\t\t\t\t<section class=\"elementor-section elementor-top-section elementor-element elementor-element-9037c9f elementor-section-boxed elementor-section-height-default elementor-section-height-default\" data-id=\"9037c9f\" data-element_type=\"section\">\n\t\t\t\t\t\t<div class=\"elementor-container elementor-column-gap-default\">\n\t\t\t\t\t<div class=\"elementor-column elementor-col-50 elementor-top-column elementor-element elementor-element-23be99a\" data-id=\"23be99a\" data-element_type=\"column\">\n\t\t\t<div class=\"elementor-widget-wrap elementor-element-populated\">\n\t\t\t\t\t\t<div class=\"elementor-element elementor-element-b2e884a elementor-widget elementor-widget-heading\" data-id=\"b2e884a\" data-element_type=\"widget\" data-widget_type=\"heading.default\">\n\t\t\t\t<div class=\"elementor-widget-container\">\n\t\t\t\t\t<h2 class=\"elementor-heading-title elementor-size-default\">GT  agr\u00e9ment MDS :<\/h2>\t\t\t\t<\/div>\n\t\t\t\t<\/div>\n\t\t\t\t\t<\/div>\n\t\t<\/div>\n\t\t\t\t<div class=\"elementor-column elementor-col-50 elementor-top-column elementor-element elementor-element-9cdc97f\" data-id=\"9cdc97f\" data-element_type=\"column\">\n\t\t\t<div class=\"elementor-widget-wrap elementor-element-populated\">\n\t\t\t\t\t\t<div class=\"elementor-element elementor-element-bbaa191 elementor-widget elementor-widget-heading\" data-id=\"bbaa191\" data-element_type=\"widget\" data-widget_type=\"heading.default\">\n\t\t\t\t<div class=\"elementor-widget-container\">\n\t\t\t\t\t<h2 class=\"elementor-heading-title elementor-size-default\">GT m\u00e9diation :<\/h2>\t\t\t\t<\/div>\n\t\t\t\t<\/div>\n\t\t\t\t\t<\/div>\n\t\t<\/div>\n\t\t\t\t\t<\/div>\n\t\t<\/section>\n\t\t\t\t<section class=\"elementor-section elementor-top-section elementor-element elementor-element-eb44b04 elementor-section-boxed elementor-section-height-default elementor-section-height-default\" data-id=\"eb44b04\" data-element_type=\"section\">\n\t\t\t\t\t\t<div class=\"elementor-container elementor-column-gap-default\">\n\t\t\t\t\t<div class=\"elementor-column elementor-col-50 elementor-top-column elementor-element elementor-element-c0f9f52\" data-id=\"c0f9f52\" data-element_type=\"column\">\n\t\t\t<div class=\"elementor-widget-wrap elementor-element-populated\">\n\t\t\t\t\t\t<div class=\"elementor-element elementor-element-a9b9247 elementor-widget elementor-widget-text-editor\" data-id=\"a9b9247\" data-element_type=\"widget\" data-widget_type=\"text-editor.default\">\n\t\t\t\t<div class=\"elementor-widget-container\">\n\t\t\t\t\t\t\t\t\t<ul><li data-aria-posinset=\"1\" data-aria-level=\"2\"><b><span data-contrast=\"auto\"><span>Pilotage<span>\u00a0<\/span><\/span><\/span><\/b><span data-contrast=\"auto\"><span>: S\u00e9bastien FAURE<\/span><\/span><span>\u00a0<\/span><\/li><li data-aria-posinset=\"2\" data-aria-level=\"2\"><span data-contrast=\"auto\"><span>Aur\u00e9lie HERLIN<\/span><\/span><span>\u00a0<\/span><\/li><li data-aria-posinset=\"3\" data-aria-level=\"2\"><span data-contrast=\"auto\"><span>Fran\u00e7ois Lo\u00efc PICHARD<\/span><\/span><span>\u00a0<\/span><\/li><li data-aria-posinset=\"4\" data-aria-level=\"2\"><span data-contrast=\"auto\"><span>Nathalie DILE<\/span><\/span><span>\u00a0<\/span><\/li><\/ul>\t\t\t\t\t\t\t\t<\/div>\n\t\t\t\t<\/div>\n\t\t\t\t\t<\/div>\n\t\t<\/div>\n\t\t\t\t<div class=\"elementor-column elementor-col-50 elementor-top-column elementor-element elementor-element-7e23527\" data-id=\"7e23527\" data-element_type=\"column\">\n\t\t\t<div class=\"elementor-widget-wrap elementor-element-populated\">\n\t\t\t\t\t\t<div class=\"elementor-element elementor-element-da8942a elementor-widget elementor-widget-text-editor\" data-id=\"da8942a\" data-element_type=\"widget\" data-widget_type=\"text-editor.default\">\n\t\t\t\t<div class=\"elementor-widget-container\">\n\t\t\t\t\t\t\t\t\t<ul><li data-aria-posinset=\"1\" data-aria-level=\"2\"><b><span data-contrast=\"auto\"><span>Pilotage<span>\u00a0<\/span><\/span><\/span><\/b><span data-contrast=\"auto\"><span>: Nicolas CLERE<\/span><\/span><span>\u00a0<\/span><\/li><li data-aria-posinset=\"2\" data-aria-level=\"2\"><span data-contrast=\"auto\"><span>Thomas AVRIL (49)<\/span><\/span><span>\u00a0<\/span><\/li><li data-aria-posinset=\"3\" data-aria-level=\"2\"><span data-contrast=\"auto\"><span>B\u00e9rang\u00e8re FLOTTE (72)<\/span><\/span><span>\u00a0<\/span><\/li><li data-aria-posinset=\"4\" data-aria-level=\"2\"><span data-contrast=\"auto\"><span>Nadine BESNIER (53)<\/span><\/span><span>\u00a0<\/span><\/li><\/ul>\t\t\t\t\t\t\t\t<\/div>\n\t\t\t\t<\/div>\n\t\t\t\t\t<\/div>\n\t\t<\/div>\n\t\t\t\t\t<\/div>\n\t\t<\/section>\n\t\t\t\t<\/div>\n\t\t","protected":false},"excerpt":{"rendered":"<p>Nathalie DILE\u00a0Co-pr\u00e9sidente Aur\u00e9lie HERLIN\u00a0Co-pr\u00e9sidente Arthur PIRAUX\u00a0Tr\u00e9sorier Nadine BESNIERSecr\u00e9taire Thomas AVRILVP Ma\u00eetres de stage Nicolas CLERE\u00a0VP Conseiller universitaire B\u00e9rang\u00e8re FLOTTEMa\u00eetre de stage Fran\u00e7ois-Lo\u00efc PICHARDMa\u00eetre de stage GT agr\u00e9ment MDS : GT m\u00e9diation : Pilotage\u00a0: S\u00e9bastien FAURE\u00a0 Aur\u00e9lie HERLIN\u00a0 Fran\u00e7ois Lo\u00efc PICHARD\u00a0 Nathalie DILE\u00a0 Pilotage\u00a0: Nicolas CLERE\u00a0 Thomas AVRIL (49)\u00a0 B\u00e9rang\u00e8re FLOTTE [&hellip;]<\/p>\n","protected":false},"author":1,"featured_media":0,"parent":0,"menu_order":0,"comment_status":"closed","ping_status":"closed","template":"","meta":{"footnotes":""},"class_list":["post-11","page","type-page","status-publish","hentry"],"_links":{"self":[{"href":"https:\/\/cpcms.fr\/associations\/angers\/wp-json\/wp\/v2\/pages\/11","targetHints":{"allow":["GET"]}}],"collection":[{"href":"https:\/\/cpcms.fr\/associations\/angers\/wp-json\/wp\/v2\/pages"}],"about":[{"href":"https:\/\/cpcms.fr\/associations\/angers\/wp-json\/wp\/v2\/types\/page"}],"author":[{"embeddable":true,"href":"https:\/\/cpcms.fr\/associations\/angers\/wp-json\/wp\/v2\/users\/1"}],"replies":[{"embeddable":true,"href":"https:\/\/cpcms.fr\/associations\/angers\/wp-json\/wp\/v2\/comments?post=11"}],"version-history":[{"count":40,"href":"https:\/\/cpcms.fr\/associations\/angers\/wp-json\/wp\/v2\/pages\/11\/revisions"}],"predecessor-version":[{"id":436,"href":"https:\/\/cpcms.fr\/associations\/angers\/wp-json\/wp\/v2\/pages\/11\/revisions\/436"}],"wp:attachment":[{"href":"https:\/\/cpcms.fr\/associations\/angers\/wp-json\/wp\/v2\/media?parent=11"}],"curies":[{"name":"wp","href":"https:\/\/api.w.org\/{rel}","templated":true}]}}