{"id":13,"date":"2023-02-23T10:56:24","date_gmt":"2023-02-23T09:56:24","guid":{"rendered":"https:\/\/cpcms.fr\/associations\/angers\/?page_id=13"},"modified":"2023-03-16T09:33:19","modified_gmt":"2023-03-16T08:33:19","slug":"statuts-ri","status":"publish","type":"page","link":"https:\/\/cpcms.fr\/associations\/angers\/statuts-ri\/","title":{"rendered":"Statuts\/RI"},"content":{"rendered":"\t\t<div data-elementor-type=\"wp-page\" data-elementor-id=\"13\" class=\"elementor elementor-13\" data-elementor-post-type=\"page\">\n\t\t\t\t\t\t<section class=\"elementor-section elementor-top-section elementor-element elementor-element-02a2f17 elementor-section-boxed elementor-section-height-default elementor-section-height-default\" data-id=\"02a2f17\" data-element_type=\"section\">\n\t\t\t\t\t\t<div class=\"elementor-container elementor-column-gap-default\">\n\t\t\t\t\t<div class=\"elementor-column elementor-col-100 elementor-top-column elementor-element elementor-element-39482e7\" data-id=\"39482e7\" data-element_type=\"column\">\n\t\t\t<div class=\"elementor-widget-wrap elementor-element-populated\">\n\t\t\t\t\t\t<div class=\"elementor-element elementor-element-ec0ab99 elementor-drop-cap-yes elementor-drop-cap-view-default elementor-widget elementor-widget-text-editor\" data-id=\"ec0ab99\" data-element_type=\"widget\" data-settings=\"{&quot;drop_cap&quot;:&quot;yes&quot;}\" data-widget_type=\"text-editor.default\">\n\t\t\t\t<div class=\"elementor-widget-container\">\n\t\t\t\t\t\t\t\t\t<h1 style=\"text-align: center;\"><span style=\"color: #5ca152;\"><strong>STATUTS<\/strong><\/span><\/h1><p><span style=\"color: #5ca152;\"><strong>Article 1er &#8211; Nom de l&rsquo;association\u00a0<\/strong><\/span><\/p><p>Sous le nom de Coll\u00e8ge des conseillers et Ma\u00eetres de stage en Pharmacie d&rsquo;Angers (C2OMPA), il est fond\u00e9, pr\u00e8s du d\u00e9partement Pharmacie de l&rsquo;UFR Sant\u00e9 d&rsquo;Angers, une association en vue d&rsquo;assurer la formation professionnelle des \u00e9tudiants stagiaires en pharmacie d&rsquo;officine.\u00a0<\/p><p>Elle est r\u00e9gie par la loi du 1er juillet 1901 et du d\u00e9cret du 16 ao\u00fbt 1901.\u00a0<\/p><p><span style=\"color: #5ca152;\"><strong>Article 2 &#8211; Objet de l&rsquo;association<\/strong>\u00a0<\/span><\/p><p>Cette association a pour objet :\u00a0<\/p><ul><li>d&rsquo;\u00e9tudier toutes questions int\u00e9ressant les stages en pharmacie, leur organisation, leur perfectionnement et de formuler des propositions ou des v\u0153ux en ce sens;<\/li><li>de participer \u00e0 la formation des \u00e9tudiants stagiaires par toute mesure pouvant se rapporter \u00e0 l&rsquo;enseignement ou \u00e0 la bonne pratique du stage;<\/li><li>d&rsquo;organiser et de participer \u00e0 l&rsquo;enseignement post-universitaire des pharmaciens dans le cadre de la formation continue;<\/li><li>de d\u00e9fendre les int\u00e9r\u00eats de ses membres (en ce qu&rsquo;ils tiennent aux questions de stage) et de les repr\u00e9senter aupr\u00e8s de l&rsquo;Universit\u00e9 d&rsquo;Angers, de l&rsquo;Ordre des Pharmaciens, du Coll\u00e8ge des Pharmaciens et Conseillers Ma\u00eetres de Stage, et de toute autre organisation professionnelle;<\/li><li>de promouvoir et d&rsquo;animer les projets n\u00e9cessitant une implication professionnelle des pharmaciens et de prendre toute initiative de nature \u00e0 favoriser la r\u00e9alisation de ces projets.<\/li><\/ul><div><div><span style=\"color: #5ca152;\"><strong>Article 3 &#8211; Si\u00e8ge social\u00a0<\/strong><\/span><\/div><div>\u00a0<\/div><div>Le si\u00e8ge social de l&rsquo;association est fix\u00e9 au D\u00e9partement de Pharmacie- UFR Sant\u00e9- 16 Bd Daviers -49 100 Angers et peut \u00eatre transf\u00e9r\u00e9 en tout autre lieu sur d\u00e9cision du bureau.\u00a0<\/div><div>\u00a0<\/div><div><strong><span style=\"color: #5ca152;\">Article 4 &#8211; Dur\u00e9e\u00a0<\/span><\/strong><\/div><div>\u00a0<\/div><div>La dur\u00e9e de l&rsquo;association est illimit\u00e9e\u00a0<\/div><div>\u00a0<\/div><div><span style=\"color: #5ca152;\"><strong>Article 5 &#8211; Composition et Conditions d&rsquo;admission\u00a0<\/strong><\/span><\/div><div>\u00a0<\/div><div><strong>Membres de droit\u00a0<\/strong><\/div><\/div><ul><li>le Pr\u00e9sident du Conseil R\u00e9gional de l&rsquo;Ordre des Pharmaciens des Pays de Loire ou son repr\u00e9sentant qu&rsquo;il d\u00e9signe;<\/li><li>le Directeur du d\u00e9partement pharmacie de l&rsquo;UFR Sant\u00e9 d&rsquo;Angers ou son repr\u00e9sentant qu&rsquo;il d\u00e9signe;<\/li><li>le ou les responsables de la fili\u00e8re officine et des stages en officine.<\/li><\/ul><p><strong>Membres actifs<\/strong><\/p><ul><li>tout pharmacien agr\u00e9\u00e9 comme ma\u00eetre de stage dans le ressort du D\u00e9partement de Pharmacie de l&rsquo;UFR Sant\u00e9, admis de plein droit par le bureau au titre de membre actif;<\/li><li>tout enseignant ayant qualit\u00e9 de conseiller de stage universitaire.<\/li><\/ul><p><strong>Membres associ\u00e9s<\/strong><\/p><ul><li>les conseillers et ma\u00eetres de stage en retraite ;<\/li><li>les enseignants du d\u00e9partement Pharmacie de l&rsquo;UFR Sant\u00e9;<\/li><li>les pharmaciens dipl\u00f4m\u00e9s d&rsquo;Angers et ayant valid\u00e9 le stage officinal de 5\u00e8me ann\u00e9e dans les deux derni\u00e8res ann\u00e9es.<\/li><\/ul><p><strong>Membres bienfaiteurs<\/strong> : toute personne physique ou morale contribuant aux ressources financi\u00e8res du coll\u00e8ge. Les demandes d&rsquo;adh\u00e9sion sont examin\u00e9es par le bureau.<\/p><p><span style=\"color: #5ca152;\"><strong>Article 6 &#8211; Radiation des membres<\/strong><\/span><\/p><p>La qualit\u00e9 de membre se perd par :<\/p><ul><li>d\u00e9mission;<\/li><li>perte de la qualit\u00e9 au titre de laquelle est \u00e9ventuellement faite la d\u00e9signation;<\/li><li>exclusion prononc\u00e9e selon les modalit\u00e9s pr\u00e9cis\u00e9es dans le r\u00e8glement int\u00e9rieur.<\/li><\/ul><p><span style=\"color: #5ca152;\"><strong>Article 7 &#8211; Ressources financi\u00e8res<\/strong><\/span><\/p><p>Les ressources de l&rsquo;association comprennent :<\/p><ul><li>Le montant des cotisations fix\u00e9es chaque ann\u00e9e par l&rsquo;Assembl\u00e9e G\u00e9n\u00e9rale sur proposition du bureau. Les membres de droit, les membres associ\u00e9s et les membres bienfaiteurs sont dispens\u00e9s de cotisation.<\/li><li>Les subventions \u00e9ventuellement consenties;<\/li><li>Les produits des activit\u00e9s, formations et manifestations organis\u00e9es au profit de l&rsquo;association.<\/li><\/ul><p>Ces fonds sont employ\u00e9s aux frais d&rsquo;administration, convocations et d\u00e9placements, communication, cotisation au Coll\u00e8ge Fran\u00e7ais des Pharmaciens et Conseillers Ma\u00eetres de Stage. Ils peuvent aussi \u00eatre allou\u00e9s aux r\u00e9compenses, prix et subventions professionnelles, formations et plus g\u00e9n\u00e9ralement \u00e0 toutes mesures ou actions relevant de l&rsquo;objet propre de l&rsquo;association.<\/p><p><strong><span style=\"color: #5ca152;\">Article 8 &#8211; Administration de l&rsquo;association<\/span><\/strong><\/p><p>Les pr\u00e9sents statuts pr\u00e9voient que l&rsquo;association est g\u00e9r\u00e9e par un bureau et une assembl\u00e9e g\u00e9n\u00e9rale.<\/p><p><strong>Bureau<\/strong><\/p><p>Le bureau est constitu\u00e9 de :<\/p><ul><li>un pr\u00e9sident ;<\/li><li>deux vice-pr\u00e9sidents, l&rsquo;un repr\u00e9sentant les pharmaciens conseillers de stage et l&rsquo;autre les pharmaciens agr\u00e9\u00e9s ma\u00eetres de stage ;<\/li><li>un secr\u00e9taire ;<\/li><li>un tr\u00e8sorier<\/li><li>deux membres conseillers de stage universitaires.<\/li><\/ul><p>Le bureau constitue l&rsquo;ex\u00e9cutif de l&rsquo;association. Le pouvoir de ses membres s&rsquo;exerce coll\u00e9gialement et les d\u00e9cisions sont prises \u00e0 la majorit\u00e9 de des membres. Le bureau assure la gestion courante de l&rsquo;association. Il se r\u00e9unit aussi souvent que l&rsquo;int\u00e9r\u00eat de l&rsquo;association l&rsquo;exige et sur convocation du Pr\u00e9sident. li lui revient de veiller \u00e0 la mise en \u0153uvre des d\u00e9lib\u00e9rations de l&rsquo;Assembl\u00e9e G\u00e9n\u00e9rale, et au bon fonctionnement des statuts ainsi que du r\u00e8glement int\u00e9rieur.<\/p><p><strong><span style=\"color: #5ca152;\">Assembl\u00e9e g\u00e9n\u00e9rale ordinaire<\/span><\/strong><\/p><p>L&rsquo;assembl\u00e9e g\u00e9n\u00e9rale ordinaire comprend tous les membres de l&rsquo;association, \u00e0 quelque titre qu&rsquo;ils soient. <br \/>Elle se r\u00e9unit chaque ann\u00e9e. Quinze jours au moins avant la date fix\u00e9e, les membres de l&rsquo;association sont convoqu\u00e9s par les soins du secr\u00e9taire. L&rsquo;ordre du jour figure sur les convocations. Le pr\u00e9sident, assist\u00e9 des membres du bureau, pr\u00e9side l&rsquo;Assembl\u00e9e et expose la situation morale ou l&rsquo;activit\u00e9 de l&rsquo;association. <br \/>Le tr\u00e9sorier rend compte de sa gestion et soumet les comptes annuels (bilan, compte de r\u00e9sultats) \u00e0 l&rsquo;approbation de l&rsquo;assembl\u00e9e. <br \/>L&rsquo;assembl\u00e9e g\u00e9n\u00e9rale fixe le montant des cotisations annuelles \u00e0 verser par les diff\u00e9rentes cat\u00e9gories de membres. Ne peuvent \u00eatre abord\u00e9es que les questions soumises \u00e0 l&rsquo;ordre du jour. L&rsquo;assembl\u00e9e g\u00e9n\u00e9rale \u00e9lit les membres du bureau. <br \/>Il est proc\u00e9d\u00e9, apr\u00e8s \u00e9puisement de l&rsquo;ordre du jour, au renouvellement des membres sortants du bureau. Les d\u00e9cisions sont prises \u00e0 la majorit\u00e9 absolue des voix des membres pr\u00e9sents ou repr\u00e9sent\u00e9s selon les modalit\u00e9s fix\u00e9es par le r\u00e8glement int\u00e9rieur. Le scrutin secret est de droit si un membre le demande.<\/p><p><strong><span style=\"color: #5ca152;\">Article 9 &#8211; Assembl\u00e9e g\u00e9n\u00e9rale extraordinaire <\/span><\/strong><\/p><p>Si besoin est, ou sur la demande de la moiti\u00e9 plus un des membres inscrits, le pr\u00e9sident peut convoquer une assembl\u00e9e g\u00e9n\u00e9rale extraordinaire, suivant les modalit\u00e9s pr\u00e9vues aux pr\u00e9sents statuts et uniquement pour la modification des statuts ou la dissolution de l&rsquo;Association. Les d\u00e9cisions sont prises \u00e0 la majorit\u00e9 des deux tiers des membres pr\u00e9sents ou repr\u00e9sent\u00e9s selon les modalit\u00e9s fix\u00e9es par le r\u00e8glement int\u00e9rieur. Le scrutin secret est de droit si un membre le demande.<\/p><p><strong><span style=\"color: #5ca152;\">Article 10 &#8211; Indemnit\u00e9s <\/span><\/strong><\/p><p>Toutes les fonctions, et notamment celles des membres du bureau, sont gratuites et b\u00e9n\u00e9voles. <br \/>Seuls les frais occasionn\u00e9s par l&rsquo;accomplissement de leurs missions relatives \u00e0 l&rsquo;association peuvent \u00eatre rembours\u00e9s aux membres selon les modalit\u00e9s fix\u00e9es par le r\u00e8glement int\u00e9rieur.<\/p><p><strong><span style=\"color: #5ca152;\">Article 11 &#8211; R\u00e8glement int\u00e9rieur<\/span><\/strong><\/p><p>Un r\u00e8glement int\u00e9rieur est \u00e9tabli par le bureau, qui le fait alors approuver par l&rsquo;Assembl\u00e9e G\u00e9n\u00e9rale. <br \/>Ce r\u00e8glement est destin\u00e9 \u00e0 fixer les divers points non pr\u00e9vus par les statuts, notamment ceux qui ont trait \u00e0 l&rsquo;administration interne de l&rsquo;association.<\/p><p><strong><span style=\"color: #5ca152;\">Article 12 -Dissolution de l&rsquo;association <\/span><\/strong><\/p><p>La dissolution de l&rsquo;association, comme toute modification des statuts, ne peut \u00eatre prononc\u00e9e que par les trois quarts des membres pr\u00e9sents ou repr\u00e9sent\u00e9s lors d&rsquo;une assembl\u00e9e g\u00e9n\u00e9rale extraordinaire qui devra r\u00e9unir la moiti\u00e9 plus un des membres inscrits. Si cette derni\u00e8re condition n&rsquo;\u00e9tait pas remplie, une deuxi\u00e8me convocation serait alors adress\u00e9e et l&rsquo;Assembl\u00e9e d\u00e9lib\u00e9rerait quel que soit le nombre des membres pr\u00e9sents. <br \/>La dissolution pourrait alors \u00eatre prononc\u00e9e \u00e0 la majorit\u00e9 des membres pr\u00e9sents ou repr\u00e9sent\u00e9s. A l&rsquo;issue de l&rsquo;Assembl\u00e9e G\u00e9n\u00e9rale extraordinaire, un ou plusieurs liquidateurs sont nomm\u00e9s par celle-ci, et l&rsquo;actif, s&rsquo;il y a lieu, est d\u00e9volu \u00e0 l&rsquo;association ou \u00e0 d\u00e9faut, \u00e0 une association poursuivant un objectif similaire.<\/p><p><\/p><p style=\"text-align: center;\"><span style=\"color: #5ca152;\"><strong>REGLEMENT INTERIEUR<\/strong><\/span><\/p><p><strong><span style=\"color: #5ca152;\">Article 1er &#8211; Adh\u00e9sion des nouveaux membres\u00a0<\/span><\/strong><\/p><p>La demande afin d\u2019\u00eatre agr\u00e9\u00e9 membre de l\u2019association, la demande doit \u00eatre formul\u00e9e par courrier ou courrier \u00e9lectronique aupr\u00e8s du Coll\u00e8ge.<\/p><p>Le bureau statue lors de chacune de ses r\u00e9unions sur les demandes d\u2019admission pr\u00e9sent\u00e9es.<\/p><p><strong style=\"caret-color: #5ca152; color: #5ca152;\">Article 2 &#8211; Radiation<\/strong><\/p><p>La d\u00e9mission doit \u00eatre adress\u00e9e par courrier ou courrier \u00e9lectronique au pr\u00e9sident de l\u2019association. Elle n\u2019a pas \u00e0 \u00eatre motiv\u00e9e par le membre d\u00e9missionnaire.<\/p><p>Comme il est indiqu\u00e9 \u00e0 l\u2019article 6 des statuts, l\u2019exclusion d\u2019un membre peut \u00eatre prononc\u00e9e par le bureau. Sont notamment r\u00e9put\u00e9s constituer des motifs d\u2019exclusion :<\/p><ul><li>Refus de paiement de la cotisation annuelle, apr\u00e8s rappel adress\u00e9 \u00e0 l\u2019int\u00e9ress\u00e9 par lettre recommand\u00e9e avec accus\u00e9 de r\u00e9ception ;<\/li><li>Condamnation p\u00e9nale ou disciplinaire ;<\/li><li>Toute action de nature \u00e0 porter pr\u00e9judice, directement ou indirectement, aux activit\u00e9s de l\u2019association ou \u00e0 sa r\u00e9putation.<\/li><li>La cotisation vers\u00e9e \u00e0 l\u2019association est d\u00e9finitivement acquise, m\u00eame en cas de d\u00e9mission ou d\u2019exclusion.<\/li><\/ul><div><strong style=\"caret-color: #5ca152; color: #5ca152;\">Article 3 &#8211; Convocation<\/strong><\/div><div>Les convocations sont adress\u00e9es par courriel \u00e0 l\u2019ensemble des membres de l\u2019association, au moins deux semaines avant la tenue des diff\u00e9rentes assembl\u00e9es ou r\u00e9unions.<\/div><div><\/div><div><strong style=\"caret-color: #5ca152; color: #5ca152;\">Article 4 &#8211; Modalit\u00e9s applicables aux votes\u00a0<\/strong><\/div><div><div>Seuls les membres \u00e0 jour de leur cotisation ont un droit de vote.<\/div><div>Les votes ne sont valides que si le quorum est atteint au moment du vote<\/div><ol><li><strong>Quorum<\/strong><ol><li><div>Pour les Assembl\u00e9es G\u00e9n\u00e9rales :<\/div><div>Afin de pouvoir d\u00e9lib\u00e9rer, les assembl\u00e9es doivent r\u00e9unir le quart au moins des membres inscrits. Si ce quorum n\u2019est pas atteint, l\u2019Assembl\u00e9e g\u00e9n\u00e9rale serait convoqu\u00e9e de nouveau et pourrait d\u00e9lib\u00e9rer quel que soit le nombre de membres pr\u00e9sents ou repr\u00e9sent\u00e9s.\u00a0<\/div><\/li><li><div>Pour les Assembl\u00e9es G\u00e9n\u00e9rales Extraordinaires :<\/div><div>Les deux tiers des membres sont n\u00e9cessaires. Si ce quorum n\u2019est pas atteint, l\u2019Assembl\u00e9e G\u00e9n\u00e9rale Extraordinaire serait convoqu\u00e9e de nouveau et pourrait d\u00e9lib\u00e9rer quel que soit le nombre de membres pr\u00e9sents ou repr\u00e9sent\u00e9s.\u00a0<\/div><\/li><\/ol><\/li><li><div><strong>Vote par procuration<\/strong><\/div><div>Tout membre peut recevoir un pouvoir \u00e9mis par d\u2019autres membres, en vue d\u2019\u00eatre repr\u00e9sent\u00e9 aux assembl\u00e9es, sans que le nombre de voix dont il dispose en tant que mandataire puisse \u00eatre sup\u00e9rieur \u00e0 3.<\/div><\/li><\/ol><div><strong style=\"caret-color: #5ca152; color: #5ca152;\">Article 5 &#8211; Indemnit\u00e9s de remboursement\u00a0<\/strong><\/div><div>Sur d\u00e9cision du bureau, les membres \u00e9lus du bureau et\/ou des membres individuels peuvent pr\u00e9tendre au remboursement des frais engag\u00e9s dans le cadre de leurs fonctions, travaux ou missions et sur justificatifs. Le r\u00e9gime le plus \u00e9conomique doit primer.<\/div><div><\/div><div><strong style=\"caret-color: #5ca152; color: #5ca152;\">Article 6 &#8211; Commissions de travail et r\u00e9unions pl\u00e9ni\u00e8res<\/strong><\/div><div>Elles ont pour mission de remplir les objectifs statutaires de l\u2019association.<br \/>Des commissions de travail peuvent \u00eatre constitu\u00e9es par d\u00e9cision du bureau.<br \/>Le bureau peut aussi demander la tenue de r\u00e9unions pl\u00e9ni\u00e8res.<\/div><\/div><div><\/div><p style=\"text-align: right;\">d<\/p>\t\t\t\t\t\t\t\t<\/div>\n\t\t\t\t<\/div>\n\t\t\t\t\t<\/div>\n\t\t<\/div>\n\t\t\t\t\t<\/div>\n\t\t<\/section>\n\t\t\t\t<\/div>\n\t\t","protected":false},"excerpt":{"rendered":"<p>STATUTS Article 1er &#8211; Nom de l&rsquo;association\u00a0 Sous le nom de Coll\u00e8ge des conseillers et Ma\u00eetres de stage en Pharmacie d&rsquo;Angers (C2OMPA), il est fond\u00e9, pr\u00e8s du d\u00e9partement Pharmacie de l&rsquo;UFR Sant\u00e9 d&rsquo;Angers, une association en vue d&rsquo;assurer la formation professionnelle des \u00e9tudiants stagiaires en pharmacie d&rsquo;officine.\u00a0 Elle est r\u00e9gie [&hellip;]<\/p>\n","protected":false},"author":1,"featured_media":0,"parent":0,"menu_order":0,"comment_status":"closed","ping_status":"closed","template":"","meta":{"footnotes":""},"class_list":["post-13","page","type-page","status-publish","hentry"],"_links":{"self":[{"href":"https:\/\/cpcms.fr\/associations\/angers\/wp-json\/wp\/v2\/pages\/13","targetHints":{"allow":["GET"]}}],"collection":[{"href":"https:\/\/cpcms.fr\/associations\/angers\/wp-json\/wp\/v2\/pages"}],"about":[{"href":"https:\/\/cpcms.fr\/associations\/angers\/wp-json\/wp\/v2\/types\/page"}],"author":[{"embeddable":true,"href":"https:\/\/cpcms.fr\/associations\/angers\/wp-json\/wp\/v2\/users\/1"}],"replies":[{"embeddable":true,"href":"https:\/\/cpcms.fr\/associations\/angers\/wp-json\/wp\/v2\/comments?post=13"}],"version-history":[{"count":19,"href":"https:\/\/cpcms.fr\/associations\/angers\/wp-json\/wp\/v2\/pages\/13\/revisions"}],"predecessor-version":[{"id":305,"href":"https:\/\/cpcms.fr\/associations\/angers\/wp-json\/wp\/v2\/pages\/13\/revisions\/305"}],"wp:attachment":[{"href":"https:\/\/cpcms.fr\/associations\/angers\/wp-json\/wp\/v2\/media?parent=13"}],"curies":[{"name":"wp","href":"https:\/\/api.w.org\/{rel}","templated":true}]}}