{"id":9,"date":"2023-02-23T10:55:51","date_gmt":"2023-02-23T09:55:51","guid":{"rendered":"https:\/\/cpcms.fr\/associations\/angers\/?page_id=9"},"modified":"2026-03-14T12:16:51","modified_gmt":"2026-03-14T11:16:51","slug":"qui-sommes-nous","status":"publish","type":"page","link":"https:\/\/cpcms.fr\/associations\/angers\/","title":{"rendered":"Qui sommes-nous"},"content":{"rendered":"<style>\/*! elementor - v3.11.3 - 07-03-2023 *\/<br \/>\n.elementor-widget-image{text-align:center}.elementor-widget-image a{display:inline-block}.elementor-widget-image a img[src$=\".svg\"]{width:48px}.elementor-widget-image img{vertical-align:middle;display:inline-block}<\/style>\n<p>\t\t\t\t\t\t\t\t\t\t\t\t<img loading=\"lazy\" decoding=\"async\" width=\"750\" height=\"500\" src=\"https:\/\/cpcms.fr\/associations\/angers\/wp-content\/uploads\/2023\/03\/5d7b8e560000000000000013_BIG.jpg\" alt=\"\" loading=\"lazy\" srcset=\"https:\/\/cpcms.fr\/associations\/angers\/wp-content\/uploads\/2023\/03\/5d7b8e560000000000000013_BIG.jpg 900w, https:\/\/cpcms.fr\/associations\/angers\/wp-content\/uploads\/2023\/03\/5d7b8e560000000000000013_BIG-300x200.jpg 300w, https:\/\/cpcms.fr\/associations\/angers\/wp-content\/uploads\/2023\/03\/5d7b8e560000000000000013_BIG-768x512.jpg 768w, https:\/\/cpcms.fr\/associations\/angers\/wp-content\/uploads\/2023\/03\/5d7b8e560000000000000013_BIG-360x240.jpg 360w\" sizes=\"auto, (max-width: 750px) 100vw, 750px\"><\/p>\n<p style=\"text-align: center;\"><strong style=\"font-size: inherit;\">Le Coll\u00e8ge des conseillers et Ma\u00eetres de stage en Pharmacie d\u2019Angers (C<sup>2<\/sup>OMPA)&nbsp;<\/strong><strong style=\"font-size: inherit;\">est heureux de vous accueillir sur son nouveau site Internet !&nbsp;<\/strong><\/p>\n<p>&nbsp;<\/p>\n<p>Ayant vocation \u00e0 \u00e9tudier toutes questions int\u00e9ressant les stages en pharmacie, leur organisation, leur perfectionnement et formuler des propositions ou des v\u0153ux en ce sens,&nbsp;C2OMPA&nbsp;se veut \u00eatre un relais entre les ma\u00eetres de stage et les autres instances.<\/p>\n<p>Elle veillera \u00e0&nbsp;participer \u00e0 la formation des \u00e9tudiants stagiaires par toute mesure pouvant se rapporter \u00e0 l&rsquo;enseignement ou \u00e0 la bonne pratique du stage, mais \u00e9galement \u00e0 organiser et participer \u00e0 l&rsquo;enseignement post-universitaire des pharmaciens dans le cadre de la formation continue.<\/p>\n<p>\u00c0 cela s&rsquo;ajoute la d\u00e9fense des int\u00e9r\u00eats de ses membres (en ce qu&rsquo;ils tiennent aux questions de stage) et les repr\u00e9senter aupr\u00e8s de l&rsquo;Universit\u00e9 d&rsquo;Angers, de l&rsquo;Ordre des Pharmaciens, du Coll\u00e8ge des Pharmaciens et Conseillers Ma\u00eetres de Stage et de toute autre organisation professionnelle.<\/p>\n<p>Enfin,&nbsp;C2OMPA&nbsp;aura pour mission de&nbsp;promouvoir et d&rsquo;animer les projets n\u00e9cessitant une implication professionnelle des pharmaciens et prendre toute initiative de nature \u00e0 favoriser la r\u00e9alisation de ces projets.<\/p>\n<p>Nathalie DILE,<\/p>\n<p>Pr\u00e9sidente du&nbsp;C<sup>2<\/sup>OMPA<\/p>\n","protected":false},"excerpt":{"rendered":"<p>Le Coll\u00e8ge des conseillers et Ma\u00eetres de stage en Pharmacie d\u2019Angers (C2OMPA)&nbsp;est heureux de vous accueillir sur son nouveau site Internet !&nbsp; &nbsp; Ayant vocation \u00e0 \u00e9tudier toutes questions int\u00e9ressant les stages en pharmacie, leur organisation, leur perfectionnement et formuler des propositions ou des v\u0153ux en ce sens,&nbsp;C2OMPA&nbsp;se veut \u00eatre [&hellip;]<\/p>\n","protected":false},"author":1,"featured_media":0,"parent":0,"menu_order":0,"comment_status":"closed","ping_status":"closed","template":"","meta":{"footnotes":""},"class_list":["post-9","page","type-page","status-publish","hentry"],"_links":{"self":[{"href":"https:\/\/cpcms.fr\/associations\/angers\/wp-json\/wp\/v2\/pages\/9","targetHints":{"allow":["GET"]}}],"collection":[{"href":"https:\/\/cpcms.fr\/associations\/angers\/wp-json\/wp\/v2\/pages"}],"about":[{"href":"https:\/\/cpcms.fr\/associations\/angers\/wp-json\/wp\/v2\/types\/page"}],"author":[{"embeddable":true,"href":"https:\/\/cpcms.fr\/associations\/angers\/wp-json\/wp\/v2\/users\/1"}],"replies":[{"embeddable":true,"href":"https:\/\/cpcms.fr\/associations\/angers\/wp-json\/wp\/v2\/comments?post=9"}],"version-history":[{"count":32,"href":"https:\/\/cpcms.fr\/associations\/angers\/wp-json\/wp\/v2\/pages\/9\/revisions"}],"predecessor-version":[{"id":302,"href":"https:\/\/cpcms.fr\/associations\/angers\/wp-json\/wp\/v2\/pages\/9\/revisions\/302"}],"wp:attachment":[{"href":"https:\/\/cpcms.fr\/associations\/angers\/wp-json\/wp\/v2\/media?parent=9"}],"curies":[{"name":"wp","href":"https:\/\/api.w.org\/{rel}","templated":true}]}}