{"id":17,"date":"2023-03-13T10:31:36","date_gmt":"2023-03-13T09:31:36","guid":{"rendered":"https:\/\/cpcms.fr\/associations\/clermont\/?page_id=17"},"modified":"2026-01-19T10:40:52","modified_gmt":"2026-01-19T09:40:52","slug":"qui-sommes-nous","status":"publish","type":"page","link":"https:\/\/cpcms.fr\/associations\/clermont\/","title":{"rendered":"Qui sommes-nous"},"content":{"rendered":"\t\t<div data-elementor-type=\"wp-post\" data-elementor-id=\"17\" class=\"elementor elementor-17\" data-elementor-post-type=\"page\">\n\t\t\t\t\t\t<section class=\"elementor-section elementor-top-section elementor-element elementor-element-8630a60 elementor-section-boxed elementor-section-height-default elementor-section-height-default\" data-id=\"8630a60\" data-element_type=\"section\">\n\t\t\t\t\t\t<div class=\"elementor-container elementor-column-gap-default\">\n\t\t\t\t\t<div class=\"elementor-column elementor-col-100 elementor-top-column elementor-element elementor-element-6764e34\" data-id=\"6764e34\" data-element_type=\"column\">\n\t\t\t<div class=\"elementor-widget-wrap elementor-element-populated\">\n\t\t\t\t\t\t<div class=\"elementor-element elementor-element-31a39f1 elementor-widget elementor-widget-image\" data-id=\"31a39f1\" data-element_type=\"widget\" data-widget_type=\"image.default\">\n\t\t\t\t<div class=\"elementor-widget-container\">\n\t\t\t\t\t\t\t\t\t\t\t\t\t<img fetchpriority=\"high\" decoding=\"async\" width=\"750\" height=\"317\" src=\"https:\/\/cpcms.fr\/associations\/clermont\/wp-content\/uploads\/2023\/10\/massif-sancy-banniere-1024x433.jpg\" class=\"attachment-large size-large wp-image-215\" alt=\"\" srcset=\"https:\/\/cpcms.fr\/associations\/clermont\/wp-content\/uploads\/2023\/10\/massif-sancy-banniere-1024x433.jpg 1024w, https:\/\/cpcms.fr\/associations\/clermont\/wp-content\/uploads\/2023\/10\/massif-sancy-banniere-300x127.jpg 300w, https:\/\/cpcms.fr\/associations\/clermont\/wp-content\/uploads\/2023\/10\/massif-sancy-banniere-768x325.jpg 768w, https:\/\/cpcms.fr\/associations\/clermont\/wp-content\/uploads\/2023\/10\/massif-sancy-banniere.jpg 1140w\" sizes=\"(max-width: 750px) 100vw, 750px\" \/>\t\t\t\t\t\t\t\t\t\t\t\t\t<\/div>\n\t\t\t\t<\/div>\n\t\t\t\t\t<\/div>\n\t\t<\/div>\n\t\t\t\t\t<\/div>\n\t\t<\/section>\n\t\t\t\t<section class=\"elementor-section elementor-top-section elementor-element elementor-element-bf8cfd0 elementor-section-boxed elementor-section-height-default elementor-section-height-default\" data-id=\"bf8cfd0\" data-element_type=\"section\">\n\t\t\t\t\t\t<div class=\"elementor-container elementor-column-gap-default\">\n\t\t\t\t\t<div class=\"elementor-column elementor-col-33 elementor-top-column elementor-element elementor-element-010644a\" data-id=\"010644a\" data-element_type=\"column\">\n\t\t\t<div class=\"elementor-widget-wrap\">\n\t\t\t\t\t\t\t<\/div>\n\t\t<\/div>\n\t\t\t\t<div class=\"elementor-column elementor-col-66 elementor-top-column elementor-element elementor-element-1162f84\" data-id=\"1162f84\" data-element_type=\"column\">\n\t\t\t<div class=\"elementor-widget-wrap elementor-element-populated\">\n\t\t\t\t\t\t<div class=\"elementor-element elementor-element-b1557f8 elementor-widget elementor-widget-heading\" data-id=\"b1557f8\" data-element_type=\"widget\" data-widget_type=\"heading.default\">\n\t\t\t\t<div class=\"elementor-widget-container\">\n\t\t\t<h2 class=\"elementor-heading-title elementor-size-default\">Le mot du Pr\u00e9sident<\/h2>\t\t<\/div>\n\t\t\t\t<\/div>\n\t\t\t\t\t<\/div>\n\t\t<\/div>\n\t\t\t\t\t<\/div>\n\t\t<\/section>\n\t\t\t\t<section class=\"elementor-section elementor-top-section elementor-element elementor-element-4a5df99 elementor-section-boxed elementor-section-height-default elementor-section-height-default\" data-id=\"4a5df99\" data-element_type=\"section\">\n\t\t\t\t\t\t<div class=\"elementor-container elementor-column-gap-default\">\n\t\t\t\t\t<div class=\"elementor-column elementor-col-33 elementor-top-column elementor-element elementor-element-e19b142\" data-id=\"e19b142\" data-element_type=\"column\">\n\t\t\t<div class=\"elementor-widget-wrap elementor-element-populated\">\n\t\t\t\t\t\t<div class=\"elementor-element elementor-element-a10427c elementor-widget elementor-widget-image\" data-id=\"a10427c\" data-element_type=\"widget\" data-widget_type=\"image.default\">\n\t\t\t\t<div class=\"elementor-widget-container\">\n\t\t\t\t\t\t\t\t\t\t\t\t\t\t<a href=\"https:\/\/www.helloasso.com\/associations\/association-des-pharmaciens-conseillers-et-maitres-de-stage-agrees-d-auvergne\/adhesions\/adhesion-apms-auvergne-2026\">\n\t\t\t\t\t\t\t<img decoding=\"async\" width=\"295\" height=\"427\" src=\"https:\/\/cpcms.fr\/associations\/clermont\/wp-content\/uploads\/2026\/01\/Capture-decran-2026-01-19-a-10.39.49.png\" class=\"attachment-large size-large wp-image-594\" alt=\"\" srcset=\"https:\/\/cpcms.fr\/associations\/clermont\/wp-content\/uploads\/2026\/01\/Capture-decran-2026-01-19-a-10.39.49.png 295w, https:\/\/cpcms.fr\/associations\/clermont\/wp-content\/uploads\/2026\/01\/Capture-decran-2026-01-19-a-10.39.49-207x300.png 207w\" sizes=\"(max-width: 295px) 100vw, 295px\" \/>\t\t\t\t\t\t\t\t<\/a>\n\t\t\t\t\t\t\t\t\t\t\t\t\t<\/div>\n\t\t\t\t<\/div>\n\t\t\t\t\t<\/div>\n\t\t<\/div>\n\t\t\t\t<div class=\"elementor-column elementor-col-66 elementor-top-column elementor-element elementor-element-e938b2c\" data-id=\"e938b2c\" data-element_type=\"column\">\n\t\t\t<div class=\"elementor-widget-wrap elementor-element-populated\">\n\t\t\t\t\t\t<div class=\"elementor-element elementor-element-cc69ec0 elementor-widget elementor-widget-text-editor\" data-id=\"cc69ec0\" data-element_type=\"widget\" data-widget_type=\"text-editor.default\">\n\t\t\t\t<div class=\"elementor-widget-container\">\n\t\t\t\t\t\t\t<p>Membre de l\u2019AMS depuis ma premi\u00e8re installation en 2018<\/p><p>\u00c9lu pr\u00e9sident en 2024, \u00e0 la suite de Bruno BORDAS<\/p><p>Nous avons constitu\u00e9 un nouveau bureau avec Sabrina BEDHOMME (vice pr\u00e9sidente),\u00a0 Bruno BORDAS (tr\u00e9sorier), Jean-Baptiste BRUNEAU (secr\u00e9taire),\u00a0 Catherine FELGINES (universitaire \u00e0 Clermont Ferrand) et Elodie LAFARGE (universitaire \u00e0 Clermont Ferrand)<\/p><p>Depuis cette nouvelle fonction, je me rend r\u00e9guli\u00e8rement \u00e0 Paris aux r\u00e9unions du CPCMS (coll\u00e8ge des pharmaciens conseillers et ma\u00eetres de stage).<\/p><p>J\u2019ai ainsi pris la mesure de notre mission quant \u00e0 la formation et l\u2019information des ma\u00eetres de stage.\u00a0<\/p><p>Ainsi nous avons mis en place des formations en soir\u00e9e lors des diff\u00e9rents stages des \u00e9tudiants en pharmacie, afin de renforcer nos comp\u00e9tences et d&rsquo;accompagner au mieux nos stagiaires sur le terrain.<\/p><p>Au plaisir de vous rencontrer lors de nos diff\u00e9rents \u00e9v\u00e8nements<\/p><p>Pierre-Yves PERRIN<\/p>\t\t\t\t\t\t<\/div>\n\t\t\t\t<\/div>\n\t\t\t\t\t<\/div>\n\t\t<\/div>\n\t\t\t\t\t<\/div>\n\t\t<\/section>\n\t\t\t\t<\/div>\n\t\t","protected":false},"excerpt":{"rendered":"<p>Le mot du Pr\u00e9sident Membre de l\u2019AMS depuis ma premi\u00e8re installation en 2018 \u00c9lu pr\u00e9sident en 2024, \u00e0 la suite de Bruno BORDAS Nous avons constitu\u00e9 un nouveau bureau avec Sabrina BEDHOMME (vice pr\u00e9sidente),\u00a0 Bruno BORDAS (tr\u00e9sorier), Jean-Baptiste BRUNEAU (secr\u00e9taire),\u00a0 Catherine FELGINES (universitaire \u00e0 Clermont Ferrand) et Elodie LAFARGE (universitaire [&hellip;]<\/p>\n","protected":false},"author":1,"featured_media":0,"parent":0,"menu_order":0,"comment_status":"closed","ping_status":"closed","template":"page-templates\/template-pagebuilder-full-width.php","meta":{"footnotes":""},"class_list":["post-17","page","type-page","status-publish","hentry"],"_links":{"self":[{"href":"https:\/\/cpcms.fr\/associations\/clermont\/wp-json\/wp\/v2\/pages\/17","targetHints":{"allow":["GET"]}}],"collection":[{"href":"https:\/\/cpcms.fr\/associations\/clermont\/wp-json\/wp\/v2\/pages"}],"about":[{"href":"https:\/\/cpcms.fr\/associations\/clermont\/wp-json\/wp\/v2\/types\/page"}],"author":[{"embeddable":true,"href":"https:\/\/cpcms.fr\/associations\/clermont\/wp-json\/wp\/v2\/users\/1"}],"replies":[{"embeddable":true,"href":"https:\/\/cpcms.fr\/associations\/clermont\/wp-json\/wp\/v2\/comments?post=17"}],"version-history":[{"count":76,"href":"https:\/\/cpcms.fr\/associations\/clermont\/wp-json\/wp\/v2\/pages\/17\/revisions"}],"predecessor-version":[{"id":598,"href":"https:\/\/cpcms.fr\/associations\/clermont\/wp-json\/wp\/v2\/pages\/17\/revisions\/598"}],"wp:attachment":[{"href":"https:\/\/cpcms.fr\/associations\/clermont\/wp-json\/wp\/v2\/media?parent=17"}],"curies":[{"name":"wp","href":"https:\/\/api.w.org\/{rel}","templated":true}]}}