{"id":19,"date":"2023-03-13T10:31:46","date_gmt":"2023-03-13T09:31:46","guid":{"rendered":"https:\/\/cpcms.fr\/associations\/clermont\/?page_id=19"},"modified":"2025-10-03T14:29:10","modified_gmt":"2025-10-03T12:29:10","slug":"ressources","status":"publish","type":"page","link":"https:\/\/cpcms.fr\/associations\/clermont\/ressources\/","title":{"rendered":"Ressources"},"content":{"rendered":"\t\t<div data-elementor-type=\"wp-page\" data-elementor-id=\"19\" class=\"elementor elementor-19\" data-elementor-post-type=\"page\">\n\t\t\t\t\t\t<section class=\"elementor-section elementor-top-section elementor-element elementor-element-f4b3a09 elementor-section-boxed elementor-section-height-default elementor-section-height-default\" data-id=\"f4b3a09\" data-element_type=\"section\">\n\t\t\t\t\t\t<div class=\"elementor-container elementor-column-gap-default\">\n\t\t\t\t\t<div class=\"elementor-column elementor-col-100 elementor-top-column elementor-element elementor-element-d1eb059\" data-id=\"d1eb059\" data-element_type=\"column\">\n\t\t\t<div class=\"elementor-widget-wrap elementor-element-populated\">\n\t\t\t\t\t\t<div class=\"elementor-element elementor-element-e47fade elementor-align-center elementor-widget elementor-widget-button\" data-id=\"e47fade\" data-element_type=\"widget\" data-widget_type=\"button.default\">\n\t\t\t\t<div class=\"elementor-widget-container\">\n\t\t\t\t\t\t\t<div class=\"elementor-button-wrapper\">\n\t\t\t\t\t<a class=\"elementor-button elementor-button-link elementor-size-xl\" href=\"https:\/\/pharmacie.uca.fr\/formation\/stages-en-officine\/maitres-de-stage-et-conseillers-de-stage\">\n\t\t\t\t\t\t<span class=\"elementor-button-content-wrapper\">\n\t\t\t\t\t\t\t\t\t<span class=\"elementor-button-text\">Comment devenir ma\u00eetre de stage ?<br><br>cliquer ici <\/span>\n\t\t\t\t\t<\/span>\n\t\t\t\t\t<\/a>\n\t\t\t\t<\/div>\n\t\t\t\t\t\t<\/div>\n\t\t\t\t<\/div>\n\t\t\t\t\t<\/div>\n\t\t<\/div>\n\t\t\t\t\t<\/div>\n\t\t<\/section>\n\t\t\t\t<section class=\"elementor-section elementor-top-section elementor-element elementor-element-c1d4b72 elementor-section-boxed elementor-section-height-default elementor-section-height-default\" data-id=\"c1d4b72\" data-element_type=\"section\">\n\t\t\t\t\t\t<div class=\"elementor-container elementor-column-gap-default\">\n\t\t\t\t\t<div class=\"elementor-column elementor-col-100 elementor-top-column elementor-element elementor-element-f4dabf3\" data-id=\"f4dabf3\" data-element_type=\"column\">\n\t\t\t<div class=\"elementor-widget-wrap elementor-element-populated\">\n\t\t\t\t\t\t<div class=\"elementor-element elementor-element-9b7742b elementor-align-center elementor-widget__width-inherit elementor-widget elementor-widget-button\" data-id=\"9b7742b\" data-element_type=\"widget\" data-widget_type=\"button.default\">\n\t\t\t\t<div class=\"elementor-widget-container\">\n\t\t\t\t\t\t\t<div class=\"elementor-button-wrapper\">\n\t\t\t\t\t<a class=\"elementor-button elementor-button-link elementor-size-xl\" href=\"https:\/\/cpcms.fr\/associations\/clermont\/wp-content\/uploads\/2025\/10\/TABLEAU-AGREMENTS-MDS-24.06.2025.pdf\" target=\"_blank\">\n\t\t\t\t\t\t<span class=\"elementor-button-content-wrapper\">\n\t\t\t\t\t\t\t\t\t<span class=\"elementor-button-text\"><br>Ma\u00eetres de stage agr\u00e9\u00e9s <br><br>par le CROP<br><br>et<br><br> l'UFR de Pharmacie<br><br><br>Version du 24\/06\/2025<br><br><br>CLIQUEZ ICI<\/span>\n\t\t\t\t\t<\/span>\n\t\t\t\t\t<\/a>\n\t\t\t\t<\/div>\n\t\t\t\t\t\t<\/div>\n\t\t\t\t<\/div>\n\t\t\t\t\t<\/div>\n\t\t<\/div>\n\t\t\t\t\t<\/div>\n\t\t<\/section>\n\t\t\t\t<\/div>\n\t\t","protected":false},"excerpt":{"rendered":"<p>Comment devenir ma\u00eetre de stage ? cliquer ici Ma\u00eetres de stage agr\u00e9\u00e9s par le CROP et l&rsquo;UFR de Pharmacie Version du 24\/06\/2025 CLIQUEZ ICI<\/p>\n","protected":false},"author":1,"featured_media":0,"parent":0,"menu_order":0,"comment_status":"closed","ping_status":"closed","template":"page-templates\/template-pagebuilder-full-width.php","meta":{"footnotes":""},"class_list":["post-19","page","type-page","status-publish","hentry"],"_links":{"self":[{"href":"https:\/\/cpcms.fr\/associations\/clermont\/wp-json\/wp\/v2\/pages\/19","targetHints":{"allow":["GET"]}}],"collection":[{"href":"https:\/\/cpcms.fr\/associations\/clermont\/wp-json\/wp\/v2\/pages"}],"about":[{"href":"https:\/\/cpcms.fr\/associations\/clermont\/wp-json\/wp\/v2\/types\/page"}],"author":[{"embeddable":true,"href":"https:\/\/cpcms.fr\/associations\/clermont\/wp-json\/wp\/v2\/users\/1"}],"replies":[{"embeddable":true,"href":"https:\/\/cpcms.fr\/associations\/clermont\/wp-json\/wp\/v2\/comments?post=19"}],"version-history":[{"count":100,"href":"https:\/\/cpcms.fr\/associations\/clermont\/wp-json\/wp\/v2\/pages\/19\/revisions"}],"predecessor-version":[{"id":579,"href":"https:\/\/cpcms.fr\/associations\/clermont\/wp-json\/wp\/v2\/pages\/19\/revisions\/579"}],"wp:attachment":[{"href":"https:\/\/cpcms.fr\/associations\/clermont\/wp-json\/wp\/v2\/media?parent=19"}],"curies":[{"name":"wp","href":"https:\/\/api.w.org\/{rel}","templated":true}]}}