{"id":21,"date":"2023-03-13T10:31:57","date_gmt":"2023-03-13T09:31:57","guid":{"rendered":"https:\/\/cpcms.fr\/associations\/clermont\/?page_id=21"},"modified":"2023-12-01T11:50:32","modified_gmt":"2023-12-01T10:50:32","slug":"statuts-ri","status":"publish","type":"page","link":"https:\/\/cpcms.fr\/associations\/clermont\/statuts-ri\/","title":{"rendered":"Statuts\/RI"},"content":{"rendered":"\t\t<div data-elementor-type=\"wp-page\" data-elementor-id=\"21\" class=\"elementor elementor-21\" data-elementor-post-type=\"page\">\n\t\t\t\t\t\t<section class=\"elementor-section elementor-top-section elementor-element elementor-element-be63625 elementor-section-boxed elementor-section-height-default elementor-section-height-default\" data-id=\"be63625\" data-element_type=\"section\">\n\t\t\t\t\t\t<div class=\"elementor-container elementor-column-gap-default\">\n\t\t\t\t\t<div class=\"elementor-column elementor-col-100 elementor-top-column elementor-element elementor-element-4c470b3\" data-id=\"4c470b3\" data-element_type=\"column\">\n\t\t\t<div class=\"elementor-widget-wrap elementor-element-populated\">\n\t\t\t\t\t\t<div class=\"elementor-element elementor-element-d710471 elementor-widget elementor-widget-heading\" data-id=\"d710471\" data-element_type=\"widget\" data-widget_type=\"heading.default\">\n\t\t\t\t<div class=\"elementor-widget-container\">\n\t\t\t<h2 class=\"elementor-heading-title elementor-size-default\">Statuts AMS Auvergne<\/h2>\t\t<\/div>\n\t\t\t\t<\/div>\n\t\t\t\t\t<\/div>\n\t\t<\/div>\n\t\t\t\t\t<\/div>\n\t\t<\/section>\n\t\t\t\t<section class=\"elementor-section elementor-top-section elementor-element elementor-element-10410a6 elementor-section-boxed elementor-section-height-default elementor-section-height-default\" data-id=\"10410a6\" data-element_type=\"section\">\n\t\t\t\t\t\t<div class=\"elementor-container elementor-column-gap-default\">\n\t\t\t\t\t<div class=\"elementor-column elementor-col-100 elementor-top-column elementor-element elementor-element-92370ee\" data-id=\"92370ee\" data-element_type=\"column\">\n\t\t\t<div class=\"elementor-widget-wrap elementor-element-populated\">\n\t\t\t\t\t\t<div class=\"elementor-element elementor-element-7ab396a elementor-widget elementor-widget-text-editor\" data-id=\"7ab396a\" data-element_type=\"widget\" data-widget_type=\"text-editor.default\">\n\t\t\t\t<div class=\"elementor-widget-container\">\n\t\t\t\t\t\t\t<div data-test-id=\"message-view-body\" class=\"I_ZkbNhI D_FY W_6D6F\"><div class=\"msg-body P_wpofO mq_AS\" data-test-id=\"message-view-body-content\"><div class=\"jb_0 X_6MGW N_6Fd5\"><div dir=\"ltr\"><\/div><div dir=\"ltr\" style=\"text-align: center;\"><span style=\"color: #000080;\"><b>I \u2014 OBJET DE L\u2018ASSOCIATION<\/b><\/span><\/div><div dir=\"ltr\">Article 1: Sous le nom d\u2018Association des Pharmaciens Conseillers et Ma\u00eetres de Stage<\/div><div dir=\"ltr\">agr\u00e9\u00e9s d\u2018Auvergne, il est fond\u00e9, pr\u00e8s la Facult\u00e9 de Pharmacie de Clermont\u2014Ferrand, une association<\/div><div dir=\"ltr\">en vue de la formation professionnelle des \u00e9tudiants en Pharmacie, r\u00e9gie par la loi du 1\u201d juiller 1901<\/div><div dir=\"ltr\">et le d\u00e9cret du 16 ao\u00fbt 1901.<\/div><div dir=\"ltr\">Le si\u00e8ge social de l\u2018association est fix\u00e9 au Conseil R\u00e9pional de l\u2018Ordre des Pharmaciens<\/div><div dir=\"ltr\">d\u2018Auvergne, 66 avenue Julien \u2014 63000 Clermont\u2014Ferrand et peut \u00eatre transf\u00e9r\u00e9 en tout autre lieu sur<\/div><div dir=\"ltr\">d\u00e9cision du bureau.<\/div><div dir=\"ltr\"><\/div><div dir=\"ltr\">Article 2 : Cette association a pour but :<\/div><div dir=\"ltr\">\u00a0 \u00a0 \u2014 d\u2018\u00e9tudier toutes questions int\u00e9ressant les stages en pharmacie, feur organisation, leur<\/div><div dir=\"ltr\">perfectionnement, et de formuler des propositions ou des v\u0153ux en ce sens,<\/div><div dir=\"ltr\">\u00a0 \u00a0 \u2014 de d\u00e9fendre les int\u00e9r\u00eats de ses membres (en ce qu\u2018ils tiennent aux questions de stage)<\/div><div dir=\"ltr\">et de les repr\u00e9senter aupr\u00e8s des Pouvoirs Publics, Universit\u00e9s, Ordre des Pharmaciens,<\/div><div dir=\"ltr\">Groupements et Associations Professionnelles ou Administratives,<\/div><div dir=\"ltr\">d\u2018aider \u00e0 la formation professionnelle des \u00e9tudiants stagiaires par l\u2018attribution de<\/div><div dir=\"ltr\">r\u00e9compenses et toutes autres mesures pouvant se rapporter \u00e0 l\u2018enseignement ou \u00e0 la<\/div><div dir=\"ltr\">pratique des stages,<\/div><div dir=\"ltr\">de participer \u00e0 l\u2018enseignement post\u2014universitaire des pharmaciens, dans le cadre de la<\/div><div dir=\"ltr\">formation continue ou de toute Association dont le but est le perfectionnement de la<\/div><div dir=\"ltr\">formation des pharmaciens.<\/div><div dir=\"ltr\" style=\"text-align: center;\"><strong><span style=\"color: #000080;\">II \u2014 CONDITIONS D\u2018ADMISSION<\/span><\/strong><\/div><div dir=\"ltr\">Tout pharmacien officinal, hospitalier ou r\u00e9partiteur exer\u00e7ant en Auvergne, agr\u00e9\u00e9, apr\u00e8s avis<\/div><div dir=\"ltr\">du Conseil de l\u2018Ordre et du Conseil de Gestion de la Facult\u00e9 de Pharmacie de Clermont\u2014Ferrand,<\/div><div dir=\"ltr\">peut \u00eatre admis de plein droit au titre de membre actif, de m\u00eame que tout enseignant ayant qualit\u00e9<\/div><div dir=\"ltr\">de conseiller de stage.<\/div><div dir=\"ltr\">Les pharmaciens non agr\u00e9\u00e9s, officinaux, enseignants ou autres, ou n\u2019exer\u00e7ant: plus la<\/div><div dir=\"ltr\">profession, les Facult\u00e9s de Pharmacie, les soci\u00e9t\u00e9s commerciales, industrielles ou professionnelles,<\/div><div dir=\"ltr\">les groupements divers, peuvent \u00eatre admis au titre de membres honoraires.<\/div><div dir=\"ltr\">Les cotisations des membres actifs et honoraires sont fix\u00e9es chaque ann\u00e9e par l\u2018association<\/div><div dir=\"ltr\">lors de l Assembl\u00e9e G\u00e9n\u00e9rale, sur proposition du bureau.<\/div><div dir=\"ltr\" style=\"text-align: center;\"><span style=\"color: #000080;\"><strong>II \u2014 PERTE DE LA QUALITE DE MEMBRE<\/strong><\/span><\/div><div dir=\"ltr\">\u00a0 \u00a0\u2014 Par lettre de d\u00e9mission adress\u00e9e au Pr\u00e9sident<\/div><div dir=\"ltr\">\u00a0 \u00a0\u2014 Par exclusion constat\u00e9e par l\u2018 Assembl\u00e9e G\u00e9n\u00e9rale pour les motifs suivants :<\/div><div dir=\"ltr\">non respect de la cotisation au plus tard le jour de l\u2018Assembl\u00e9e G\u00e9n\u00e9rale,<\/div><div dir=\"ltr\">r\u00e9vocation de l\u2018agr\u00e9ment de ma\u00eetre de stage.<\/div><div dir=\"ltr\" style=\"text-align: center;\"><strong><span style=\"color: #000080;\">IY \u2014 FONDS DE L\u2018ASSOCIATION<\/span><\/strong><\/div><div dir=\"ltr\">Les fonds de l\u2018Association (cotisations, subventions et dons) sont employ\u00e9s aux frais<\/div><div dir=\"ltr\">d\u2018administration, convocations, communication, aux r\u00e9compenses (prix de stage) et g\u00e9n\u00e9ralement \u00e0<\/div><div dir=\"ltr\">toutes mesures rentrant dans l\u2018objet propre de l\u2018Association.<\/div><div dir=\"ltr\">Le Tr\u00e9sorier les emploie, en accord avec te Pr\u00e9sident et fait approuver ses comptes au moins<\/div><div dir=\"ltr\">une fois par an, lors de l\u2018Assembl\u00e9e de l\u2018Association pr\u00e9vue par les pr\u00e9sents statuts.<\/div><div dir=\"ltr\" style=\"text-align: center;\"><span style=\"color: #000080;\"><strong>V \u2014 ADMINISTRATION DE L\u2018ASSOCIATION<\/strong><\/span><\/div><div dir=\"ltr\">L\u2018association est dirig\u00e9e par un Conseil d\u2018Administration de 20 membres au maximum, \u00e9lus<\/div><div dir=\"ltr\">par l\u2018Assembl\u00e9e G\u00e9n\u00e9rale parmi les membres de l\u2018Association, pour une dur\u00e9e de trois ans et<\/div><div dir=\"ltr\">r\u00e9\u00e9ligibles, et par trois membres de droit.<\/div><div dir=\"ltr\">Sont membres de droit du Conseil d\u2018Administration :<\/div><div dir=\"ltr\">\u00a0 \u00a0\u2014 Le Doyen de la Facult\u00e9 de Pharmacie, ou son repr\u00e9sentant,<\/div><div dir=\"ltr\">\u00a0 \u00a0\u2014 Le Pr\u00e9sident du Conseil R\u00e9gional de l\u2018Ordre ou son repr\u00e9sentant qu\u2018il d\u00e9signe,<\/div><div dir=\"ltr\">\u00a0 \u00a0\u2014 Le Pr\u00e9sident de la Commission des stages.<\/div><div dir=\"ltr\">Parmi les membres \u00e9lus, doivent figurer :<\/div><div dir=\"ltr\">\u00a0 \u00a0\u2014 Deux Professeurs de la Facult\u00e9 de Pharmacie de Clermont\u2014Ferrand,<\/div><div dir=\"ltr\">\u00a0 \u00a0\u2014 Un membre du Conseil de l\u2018Ordre des Pharmaciens pour chacun des quatre<\/div><div dir=\"ltr\">d\u00e9partements de la R\u00e9gion Auvergne.<\/div><div dir=\"ltr\">Le Conseil d\u2018Administration choisit parmi ses membres un Bureau comprenant :<\/div><div dir=\"ltr\">\u00a0 \u00a0\u2014 Un Pr\u00e9sident<\/div><div dir=\"ltr\">\u00a0 \u00a0\u2014 Un Vice\u2014Pr\u00e9sident<\/div><div dir=\"ltr\">\u00a0 \u00a0\u2014 Un Secr\u00e9taire<\/div><div dir=\"ltr\">\u00a0 \u00a0\u2014 Un Tr\u00e9sorier<\/div><div dir=\"ltr\">\u00a0 \u00a0\u2014 Le cas \u00e9ch\u00e9ant, un Secr\u00e9taire\u2014Adjoint, un Tr\u00e9sorier-Adjoint<\/div><div dir=\"ltr\">Le Conseil d\u2018Administration peut \u00e9tablir un r\u00e8glement int\u00e9rieur, fixant divers points non<\/div><div dir=\"ltr\">pr\u00e9vus par les statuts, notamment ceux qui concernent l\u2018administration interne de l\u2018Association.<\/div><div dir=\"ltr\">L\u2018Assembl\u00e9e G\u00e9n\u00e9rale se r\u00e9unit au moins une fois par an, sur convocation du Pr\u00e9sident.<\/div><div dir=\"ltr\">Si besoin est, ou sur demande d\u2018un tiers au moins des membres de l\u2018Association, le<\/div><div dir=\"ltr\">Pr\u00e9sident convoque une Assembl\u00e9e G\u00e9n\u00e9rale Extraordinaire.<\/div><div dir=\"ltr\" style=\"text-align: center;\"><strong><span style=\"color: #000080;\">VI \u2014 REUNIONS<\/span><\/strong><\/div><div dir=\"ltr\">Pour toutes les Assembl\u00e9es, les convocations doivent \u00eatre envoy\u00e9es au moins huit jours \u00e0<\/div><div dir=\"ltr\">l\u2018avance en mentionnant l\u2018ordre du jour.<\/div><div dir=\"ltr\">En outre, toute proposition portant la signature d\u2018au moins 1\/5 des membres et remise au<\/div><div dir=\"ltr\">Pr\u00e9sident ou \u00e0 son repr\u00e9sentant au moins 4 jours avant la r\u00e9union, devra \u00eatre soumise \u00e0<\/div><div dir=\"ltr\">l\u2018Assembl\u00e9e.<\/div><div dir=\"ltr\">Tout membre peut recevoir des pouvoirs \u00e9mis par d\u2018autres membres en vue d\u2018\u00eatre<\/div><div dir=\"ltr\">repr\u00e9sent\u00e9s aux Assembl\u00e9es, sans que le nombre de voix dont il dispose en tant que mandataire<\/div><div dir=\"ltr\">puisse \u00eatre sup\u00e9rieur \u00e0 3.<\/div><div dir=\"ltr\">L\u2018Association se r\u00e9unit obligatoirement en Assembl\u00e9e G\u00e9n\u00e9rale Ordinaire chaque fois que le<\/div><div dir=\"ltr\">bureau le jugera n\u00e9cessaire, mais au moins une fois par an.<\/div><div dir=\"ltr\">Sur demande du bureau ou du tiers des membres inscrits, le Pr\u00e9sident doit convoquer les<\/div><div dir=\"ltr\">adh\u00e9rents en Assembl\u00e9e G\u00e9n\u00e9rale Extraordinaire,<\/div><div dir=\"ltr\">Afin de pouvoir d\u00e9lib\u00e9rer, les Assembl\u00e9es doivent r\u00e9unir le quart au moins des membres<\/div><div dir=\"ltr\">inscrits. Si ce quorum n\u2018\u00e9tait pas atteint, l\u2018Assembl\u00e9e serait convoqu\u00e9e de nouveau et pourrait<\/div><div dir=\"ltr\">d\u00e9lib\u00e9rer quel que soit le nombre de membres pr\u00e9sents ou repr\u00e9sent\u00e9s.<\/div><div dir=\"ltr\">Le scrutin secret est de droit si un membre le demande.<\/div><div dir=\"ltr\">Dans tous les cas, les d\u00e9lib\u00e9rations sont prises \u00e0 la majorit\u00e9 absolue des membres pr\u00e9sents<\/div><div dir=\"ltr\">ou repr\u00e9sent\u00e9s.<\/div><div dir=\"ltr\" style=\"text-align: center;\"><strong><span style=\"color: #000080;\">VII \u2014 DESSOLUTION DE L\u2018ASSOCIATION<\/span><\/strong><\/div><div dir=\"ltr\">La dissolution de l\u2018Association, comme toute modification des statuts, ne peut \u00eatre<\/div><div dir=\"ltr\">prononc\u00e9e que par les trois quarts des membres pr\u00e9sents ou repr\u00e9sent\u00e9s d\u2018une Assembl\u00e9e G\u00e9n\u00e9rale<\/div><div dir=\"ltr\">Extraordinaire qui devra r\u00e9unir la moiti\u00e9 plus un des membres inscrits.<\/div><div dir=\"ltr\">Si cette derni\u00e8re condition n\u2018\u00e9tait pas remplie, une deuxi\u00e8me convocation serait alors<\/div><div dir=\"ltr\">adress\u00e9e et l\u2018Assembl\u00e9e d\u00e9lib\u00e9rerait quel que soit le nombre des membres pr\u00e9sents et la dissolution<\/div><div dir=\"ltr\">pourrait \u00eatre prononc\u00e9e \u00e0 la majorit\u00e9 des membres pr\u00e9sents ou repr\u00e9sent\u00e9s.<\/div><div dir=\"ltr\">A l\u2018issue de l\u2018Assembl\u00e9s G\u00e9n\u00e9rale Extraordinaire, un ou plusieurs liquidateurs sont nomm\u00e9s<\/div><div dir=\"ltr\">par celle\u2014ci et l\u2018actif, s\u2018it y a lieu, est d\u00e9volu \u00e0 l\u2018Association ou, \u00e0 d\u00e9faut, \u00e0 une Association<\/div><div dir=\"ltr\">poursuivant un objet similaire,<\/div><div dir=\"ltr\" style=\"text-align: center;\"><strong><span style=\"color: #000080;\">VIII \u2014 REGLEMENT INTERIEUR<\/span><\/strong><\/div><div dir=\"ltr\">Un r\u00e8glement int\u00e9rieur approuv\u00e9 par l\u2018Assembl\u00e9e G\u00e9n\u00e9rale pourra d\u00e9terminer les d\u00e9tails<\/div><div dir=\"ltr\">d\u2018ex\u00e9cution des statuts.<\/div><div dir=\"ltr\">A l&rsquo;issue de l&rsquo;assembl\u00e9e G\u00e9n\u00e9rale Extraordinaire, un ou plusieurs liquidateurs<\/div><div dir=\"ltr\">sont nomm\u00e9s par celle\u2014ci et l\u2018actif, s\u2018il y a lieu, est d\u00e9volu<\/div><div dir=\"ltr\">\u00e0 une Association poursuivant<\/div><div dir=\"ltr\">un objet similaire.<\/div><\/div><\/div><\/div><div class=\"H_7jIs D_F ab_C Q_69H5 E_36RhU\" data-test-id=\"toolbar-hover-area\"><div class=\"D_F W_6D6F r_BN gl_C\" data-test-id=\"card-toolbar\"><\/div><\/div>\t\t\t\t\t\t<\/div>\n\t\t\t\t<\/div>\n\t\t\t\t\t<\/div>\n\t\t<\/div>\n\t\t\t\t\t<\/div>\n\t\t<\/section>\n\t\t\t\t<\/div>\n\t\t","protected":false},"excerpt":{"rendered":"<p>Statuts AMS Auvergne I \u2014 OBJET DE L\u2018ASSOCIATIONArticle 1: Sous le nom d\u2018Association des Pharmaciens Conseillers et Ma\u00eetres de Stageagr\u00e9\u00e9s d\u2018Auvergne, il est fond\u00e9, pr\u00e8s la Facult\u00e9 de Pharmacie de Clermont\u2014Ferrand, une associationen vue de la formation professionnelle des \u00e9tudiants en Pharmacie, r\u00e9gie par la loi du 1\u201d juiller 1901et [&hellip;]<\/p>\n","protected":false},"author":1,"featured_media":0,"parent":0,"menu_order":0,"comment_status":"closed","ping_status":"closed","template":"page-templates\/template-pagebuilder-full-width.php","meta":{"footnotes":""},"class_list":["post-21","page","type-page","status-publish","hentry"],"_links":{"self":[{"href":"https:\/\/cpcms.fr\/associations\/clermont\/wp-json\/wp\/v2\/pages\/21","targetHints":{"allow":["GET"]}}],"collection":[{"href":"https:\/\/cpcms.fr\/associations\/clermont\/wp-json\/wp\/v2\/pages"}],"about":[{"href":"https:\/\/cpcms.fr\/associations\/clermont\/wp-json\/wp\/v2\/types\/page"}],"author":[{"embeddable":true,"href":"https:\/\/cpcms.fr\/associations\/clermont\/wp-json\/wp\/v2\/users\/1"}],"replies":[{"embeddable":true,"href":"https:\/\/cpcms.fr\/associations\/clermont\/wp-json\/wp\/v2\/comments?post=21"}],"version-history":[{"count":28,"href":"https:\/\/cpcms.fr\/associations\/clermont\/wp-json\/wp\/v2\/pages\/21\/revisions"}],"predecessor-version":[{"id":293,"href":"https:\/\/cpcms.fr\/associations\/clermont\/wp-json\/wp\/v2\/pages\/21\/revisions\/293"}],"wp:attachment":[{"href":"https:\/\/cpcms.fr\/associations\/clermont\/wp-json\/wp\/v2\/media?parent=21"}],"curies":[{"name":"wp","href":"https:\/\/api.w.org\/{rel}","templated":true}]}}