{"id":8,"date":"2023-03-13T10:30:46","date_gmt":"2023-03-13T09:30:46","guid":{"rendered":"https:\/\/cpcms.fr\/associations\/clermont\/?page_id=8"},"modified":"2024-09-07T12:02:56","modified_gmt":"2024-09-07T10:02:56","slug":"bureau","status":"publish","type":"page","link":"https:\/\/cpcms.fr\/associations\/clermont\/bureau\/","title":{"rendered":"Bureau"},"content":{"rendered":"\t\t<div data-elementor-type=\"wp-page\" data-elementor-id=\"8\" class=\"elementor elementor-8\" data-elementor-post-type=\"page\">\n\t\t\t\t\t\t<section class=\"elementor-section elementor-top-section elementor-element elementor-element-dc78a71 elementor-section-boxed elementor-section-height-default elementor-section-height-default\" data-id=\"dc78a71\" data-element_type=\"section\">\n\t\t\t\t\t\t<div class=\"elementor-container elementor-column-gap-default\">\n\t\t\t\t\t<div class=\"elementor-column elementor-col-33 elementor-top-column elementor-element elementor-element-a312cb4\" data-id=\"a312cb4\" data-element_type=\"column\">\n\t\t\t<div class=\"elementor-widget-wrap elementor-element-populated\">\n\t\t\t\t\t\t<div class=\"elementor-element elementor-element-69d4f0e elementor-widget elementor-widget-image\" data-id=\"69d4f0e\" data-element_type=\"widget\" data-widget_type=\"image.default\">\n\t\t\t\t<div class=\"elementor-widget-container\">\n\t\t\t\t\t\t\t\t\t\t\t\t\t<img decoding=\"async\" src=\"https:\/\/cpcms.fr\/associations\/clermont\/wp-content\/uploads\/elementor\/thumbs\/IMG_3716-3-scaled-qtnjrjykrqkrfvp1vfbzupty31y6fd4mxbll8yi5ts.jpg\" title=\"IMG_3716 3\" alt=\"IMG_3716 3\" loading=\"lazy\" \/>\t\t\t\t\t\t\t\t\t\t\t\t\t<\/div>\n\t\t\t\t<\/div>\n\t\t\t\t<div class=\"elementor-element elementor-element-501fb81 elementor-widget elementor-widget-text-editor\" data-id=\"501fb81\" data-element_type=\"widget\" data-widget_type=\"text-editor.default\">\n\t\t\t\t<div class=\"elementor-widget-container\">\n\t\t\t\t\t\t\t<p style=\"text-align: center;\"><strong>Pierre-Yves PERRIN<\/strong>\u00a0<br \/>Pr\u00e9sident<\/p>\t\t\t\t\t\t<\/div>\n\t\t\t\t<\/div>\n\t\t\t\t\t<\/div>\n\t\t<\/div>\n\t\t\t\t<div class=\"elementor-column elementor-col-33 elementor-top-column elementor-element elementor-element-1f480a7\" data-id=\"1f480a7\" data-element_type=\"column\">\n\t\t\t<div class=\"elementor-widget-wrap elementor-element-populated\">\n\t\t\t\t\t\t<div class=\"elementor-element elementor-element-8bbc726 elementor-widget elementor-widget-image\" data-id=\"8bbc726\" data-element_type=\"widget\" data-widget_type=\"image.default\">\n\t\t\t\t<div class=\"elementor-widget-container\">\n\t\t\t\t\t\t\t\t\t\t\t\t\t<img decoding=\"async\" src=\"https:\/\/cpcms.fr\/associations\/clermont\/wp-content\/uploads\/elementor\/thumbs\/image-qtnjl8hmttxde8vgrp0a3b8ebt3com1le1q33zvfnk.jpg\" title=\"image\" alt=\"image\" loading=\"lazy\" \/>\t\t\t\t\t\t\t\t\t\t\t\t\t<\/div>\n\t\t\t\t<\/div>\n\t\t\t\t<div class=\"elementor-element elementor-element-a95bfc6 elementor-widget elementor-widget-text-editor\" data-id=\"a95bfc6\" data-element_type=\"widget\" data-widget_type=\"text-editor.default\">\n\t\t\t\t<div class=\"elementor-widget-container\">\n\t\t\t\t\t\t\t<p style=\"text-align: center;\"><strong>Bruno BORDAS\u00a0\u00a0<\/strong><br \/>Tr\u00e9sorier<\/p>\t\t\t\t\t\t<\/div>\n\t\t\t\t<\/div>\n\t\t\t\t\t<\/div>\n\t\t<\/div>\n\t\t\t\t<div class=\"elementor-column elementor-col-33 elementor-top-column elementor-element elementor-element-fff9d6e\" data-id=\"fff9d6e\" data-element_type=\"column\">\n\t\t\t<div class=\"elementor-widget-wrap elementor-element-populated\">\n\t\t\t\t\t\t<div class=\"elementor-element elementor-element-0527460 elementor-widget elementor-widget-image\" data-id=\"0527460\" data-element_type=\"widget\" data-widget_type=\"image.default\">\n\t\t\t\t<div class=\"elementor-widget-container\">\n\t\t\t\t\t\t\t\t\t\t\t\t\t<img decoding=\"async\" src=\"https:\/\/cpcms.fr\/associations\/clermont\/wp-content\/uploads\/elementor\/thumbs\/Sabrina-scaled-e1701423511493-qg5yd83alisrrf41zffexj89at1gaicd1e7xomuvb4.jpg\" title=\"Sabrina\" alt=\"Sabrina\" loading=\"lazy\" \/>\t\t\t\t\t\t\t\t\t\t\t\t\t<\/div>\n\t\t\t\t<\/div>\n\t\t\t\t<div class=\"elementor-element elementor-element-b870cea elementor-widget elementor-widget-text-editor\" data-id=\"b870cea\" data-element_type=\"widget\" data-widget_type=\"text-editor.default\">\n\t\t\t\t<div class=\"elementor-widget-container\">\n\t\t\t\t\t\t\t<p style=\"text-align: center;\"><strong>Sabrina BEHOMME<\/strong><br>Vice-pr\u00e9sidente<\/p>\t\t\t\t\t\t<\/div>\n\t\t\t\t<\/div>\n\t\t\t\t\t<\/div>\n\t\t<\/div>\n\t\t\t\t\t<\/div>\n\t\t<\/section>\n\t\t\t\t<section class=\"elementor-section elementor-top-section elementor-element elementor-element-babc1e1 elementor-section-boxed elementor-section-height-default elementor-section-height-default\" data-id=\"babc1e1\" data-element_type=\"section\">\n\t\t\t\t\t\t<div class=\"elementor-container elementor-column-gap-default\">\n\t\t\t\t\t<div class=\"elementor-column elementor-col-33 elementor-top-column elementor-element elementor-element-99a65ab\" data-id=\"99a65ab\" data-element_type=\"column\">\n\t\t\t<div class=\"elementor-widget-wrap elementor-element-populated\">\n\t\t\t\t\t\t<div class=\"elementor-element elementor-element-bd5540d elementor-widget elementor-widget-image\" data-id=\"bd5540d\" data-element_type=\"widget\" data-widget_type=\"image.default\">\n\t\t\t\t<div class=\"elementor-widget-container\">\n\t\t\t\t\t\t\t\t\t\t\t\t\t<img decoding=\"async\" width=\"196\" height=\"214\" src=\"https:\/\/cpcms.fr\/associations\/clermont\/wp-content\/uploads\/2024\/09\/IMG_3756.jpg\" class=\"attachment-medium_large size-medium_large wp-image-448\" alt=\"\" \/>\t\t\t\t\t\t\t\t\t\t\t\t\t<\/div>\n\t\t\t\t<\/div>\n\t\t\t\t<div class=\"elementor-element elementor-element-f3aacc8 elementor-widget elementor-widget-text-editor\" data-id=\"f3aacc8\" data-element_type=\"widget\" data-widget_type=\"text-editor.default\">\n\t\t\t\t<div class=\"elementor-widget-container\">\n\t\t\t\t\t\t\t<p style=\"text-align: center;\"><strong>Jean-Baptiste BRUNEAU<\/strong><br \/>Secr\u00e9taire<\/p>\t\t\t\t\t\t<\/div>\n\t\t\t\t<\/div>\n\t\t\t\t\t<\/div>\n\t\t<\/div>\n\t\t\t\t<div class=\"elementor-column elementor-col-33 elementor-top-column elementor-element elementor-element-662994f\" data-id=\"662994f\" data-element_type=\"column\">\n\t\t\t<div class=\"elementor-widget-wrap elementor-element-populated\">\n\t\t\t\t\t\t<div class=\"elementor-element elementor-element-93abbd2 elementor-widget elementor-widget-image\" data-id=\"93abbd2\" data-element_type=\"widget\" data-widget_type=\"image.default\">\n\t\t\t\t<div class=\"elementor-widget-container\">\n\t\t\t\t\t\t\t\t\t\t\t\t\t<img decoding=\"async\" src=\"https:\/\/cpcms.fr\/associations\/clermont\/wp-content\/uploads\/elementor\/thumbs\/Photo-C.-Felgines-AMS-scaled-qtnjgsp2jzumkjbkorxpbfk1cayyc2f842tjiygd1c.jpg\" title=\"Photo C. Felgines (AMS)\" alt=\"Photo C. Felgines (AMS)\" loading=\"lazy\" \/>\t\t\t\t\t\t\t\t\t\t\t\t\t<\/div>\n\t\t\t\t<\/div>\n\t\t\t\t<div class=\"elementor-element elementor-element-96b43ac elementor-widget elementor-widget-text-editor\" data-id=\"96b43ac\" data-element_type=\"widget\" data-widget_type=\"text-editor.default\">\n\t\t\t\t<div class=\"elementor-widget-container\">\n\t\t\t\t\t\t\t<p style=\"text-align: center;\"><strong>Catherine FELGINES<\/strong><br \/><span>Tr\u00e9sori\u00e8re adjointe<\/span><\/p>\t\t\t\t\t\t<\/div>\n\t\t\t\t<\/div>\n\t\t\t\t\t<\/div>\n\t\t<\/div>\n\t\t\t\t<div class=\"elementor-column elementor-col-33 elementor-top-column elementor-element elementor-element-081f0c8\" data-id=\"081f0c8\" data-element_type=\"column\">\n\t\t\t<div class=\"elementor-widget-wrap elementor-element-populated\">\n\t\t\t\t\t\t<div class=\"elementor-element elementor-element-134108d elementor-widget elementor-widget-image\" data-id=\"134108d\" data-element_type=\"widget\" data-widget_type=\"image.default\">\n\t\t\t\t<div class=\"elementor-widget-container\">\n\t\t\t\t\t\t\t\t\t\t\t\t\t<img decoding=\"async\" src=\"https:\/\/cpcms.fr\/associations\/clermont\/wp-content\/uploads\/elementor\/thumbs\/LAFARGE_Elodie-qtnhbhgyfk0ln5md4uvdqfw6ee148ai0hf4tin32tc.png\" title=\"LAFARGE_Elodie\" alt=\"LAFARGE_Elodie\" loading=\"lazy\" \/>\t\t\t\t\t\t\t\t\t\t\t\t\t<\/div>\n\t\t\t\t<\/div>\n\t\t\t\t<div class=\"elementor-element elementor-element-7a0560c elementor-widget elementor-widget-text-editor\" data-id=\"7a0560c\" data-element_type=\"widget\" data-widget_type=\"text-editor.default\">\n\t\t\t\t<div class=\"elementor-widget-container\">\n\t\t\t\t\t\t\t<p style=\"text-align: center;\"><b>Elodie LAFARGE<\/b><br \/><span>Secr\u00e9taire adjointe<\/span><\/p>\t\t\t\t\t\t<\/div>\n\t\t\t\t<\/div>\n\t\t\t\t\t<\/div>\n\t\t<\/div>\n\t\t\t\t\t<\/div>\n\t\t<\/section>\n\t\t\t\t<section class=\"elementor-section elementor-top-section elementor-element elementor-element-f53acdc elementor-section-boxed elementor-section-height-default elementor-section-height-default\" data-id=\"f53acdc\" data-element_type=\"section\">\n\t\t\t\t\t\t<div class=\"elementor-container elementor-column-gap-default\">\n\t\t\t\t\t<div class=\"elementor-column elementor-col-100 elementor-top-column elementor-element elementor-element-b98ee2c\" data-id=\"b98ee2c\" data-element_type=\"column\">\n\t\t\t<div class=\"elementor-widget-wrap\">\n\t\t\t\t\t\t\t<\/div>\n\t\t<\/div>\n\t\t\t\t\t<\/div>\n\t\t<\/section>\n\t\t\t\t<\/div>\n\t\t","protected":false},"excerpt":{"rendered":"<p>Pierre-Yves PERRIN\u00a0Pr\u00e9sident Bruno BORDAS\u00a0\u00a0Tr\u00e9sorier Sabrina BEHOMMEVice-pr\u00e9sidente Jean-Baptiste BRUNEAUSecr\u00e9taire Catherine FELGINESTr\u00e9sori\u00e8re adjointe Elodie LAFARGESecr\u00e9taire adjointe<\/p>\n","protected":false},"author":1,"featured_media":0,"parent":0,"menu_order":0,"comment_status":"closed","ping_status":"closed","template":"page-templates\/template-pagebuilder-full-width.php","meta":{"footnotes":""},"class_list":["post-8","page","type-page","status-publish","hentry"],"_links":{"self":[{"href":"https:\/\/cpcms.fr\/associations\/clermont\/wp-json\/wp\/v2\/pages\/8","targetHints":{"allow":["GET"]}}],"collection":[{"href":"https:\/\/cpcms.fr\/associations\/clermont\/wp-json\/wp\/v2\/pages"}],"about":[{"href":"https:\/\/cpcms.fr\/associations\/clermont\/wp-json\/wp\/v2\/types\/page"}],"author":[{"embeddable":true,"href":"https:\/\/cpcms.fr\/associations\/clermont\/wp-json\/wp\/v2\/users\/1"}],"replies":[{"embeddable":true,"href":"https:\/\/cpcms.fr\/associations\/clermont\/wp-json\/wp\/v2\/comments?post=8"}],"version-history":[{"count":106,"href":"https:\/\/cpcms.fr\/associations\/clermont\/wp-json\/wp\/v2\/pages\/8\/revisions"}],"predecessor-version":[{"id":451,"href":"https:\/\/cpcms.fr\/associations\/clermont\/wp-json\/wp\/v2\/pages\/8\/revisions\/451"}],"wp:attachment":[{"href":"https:\/\/cpcms.fr\/associations\/clermont\/wp-json\/wp\/v2\/media?parent=8"}],"curies":[{"name":"wp","href":"https:\/\/api.w.org\/{rel}","templated":true}]}}