{"id":18,"date":"2023-03-13T10:43:01","date_gmt":"2023-03-13T09:43:01","guid":{"rendered":"https:\/\/cpcms.fr\/associations\/lyon\/?page_id=18"},"modified":"2025-02-04T15:45:32","modified_gmt":"2025-02-04T14:45:32","slug":"statuts-ri","status":"publish","type":"page","link":"https:\/\/cpcms.fr\/associations\/lyon\/statuts-ri\/","title":{"rendered":"Statuts\/RI"},"content":{"rendered":"\t\t<div data-elementor-type=\"wp-page\" data-elementor-id=\"18\" class=\"elementor elementor-18\" data-elementor-post-type=\"page\">\n\t\t\t\t\t\t<section class=\"elementor-section elementor-top-section elementor-element elementor-element-0ecf9ce elementor-section-boxed elementor-section-height-default elementor-section-height-default\" data-id=\"0ecf9ce\" data-element_type=\"section\">\n\t\t\t\t\t\t<div class=\"elementor-container elementor-column-gap-default\">\n\t\t\t\t\t<div class=\"elementor-column elementor-col-100 elementor-top-column elementor-element elementor-element-d3a9696\" data-id=\"d3a9696\" data-element_type=\"column\">\n\t\t\t<div class=\"elementor-widget-wrap elementor-element-populated\">\n\t\t\t\t\t\t<div class=\"elementor-element elementor-element-9d9b593 elementor-widget elementor-widget-text-editor\" data-id=\"9d9b593\" data-element_type=\"widget\" data-widget_type=\"text-editor.default\">\n\t\t\t\t<div class=\"elementor-widget-container\">\n\t\t\t\t\t\t\t<p><u><strong>Article<\/strong><b> 1er<\/b><\/u> :<\/p><p>Il est fond\u00e9 entre les adh\u00e9rents aux pr\u00e9sents statuts une association r\u00e9gie par la loi du 1er juillet 1901 et le d\u00e9cret du 16 ao\u00fbt 1901, ayant pour titre \u00ab\u00a0Association des Pharmaciens, agr\u00e9\u00e9s ma\u00eetres de stage de la Facult\u00e9 de Pharmacie de Lyon 1.<\/p><p><\/p><p><u><b>Article 2 <\/b><\/u>:<\/p><p>Cet association a pour but<\/p><p>&#8211; d&rsquo;\u00e9tudier toutes les questions int\u00e9ressant les stages en Pharmacie, leur organisation, leur perfectionnement, et de formuler des propositions ou des voeux en ce sens;<\/p><p>&#8211; de d\u00e9fendre les int\u00e9r\u00eats de ses membres (en ce qu&rsquo;il tiennent aux questions de stage) et de les repr\u00e9senter aupr\u00e8s des pouvoirs publics, facult\u00e9, groupements et associations professionnelles ou administrations;<\/p><p>&#8211; d&rsquo;organiser et de participer \u00e0 l&rsquo;enseignement post-universitaire des pharmaciens, dans le cadre de la formation continue ou de toute association dont le but est le perfectionnement de la formation des pharmaciens.<\/p><p><\/p><p><u><b>Article 3<\/b><\/u> :<i> <b>Si\u00e8ge social<\/b><\/i><\/p><p>Le si\u00e8ge social est fix\u00e9 \u00e0 : <b>CONSEIL DE L&rsquo;ORDRE REGIONAL DES PHARMACIENS AUVERGNE-RHONE-ALPES, 13bis place Jules Ferry-BP86008-69411 Lyon cedex 06<\/b><\/p><p>Il pourra \u00eatre transf\u00e9r\u00e9 par simple d\u00e9cision du Conseil d&rsquo;Administration, la ratification par l&rsquo;Assembl\u00e9e g\u00e9n\u00e9rale sera n\u00e9cessaire.<\/p><p><\/p><p><u><b>Article 4<\/b><\/u> :<\/p><p>L&rsquo;association se compose de :<\/p><p>* <span style=\"text-decoration: underline;\"><em>membres actifs<\/em><\/span> :<\/p><p>&#8211; tout pharmacien agr\u00e9\u00e9 ma\u00eetre de stage dans le ressort de l&rsquo;UFR de Pharmacie Lyon 1, admis de plein droit par le bureau au titre de membre actif.<\/p><p>* <span style=\"text-decoration: underline;\"><em>membres de droit<\/em><\/span> :<\/p><p>&#8211; le ou les responsables de la fili\u00e8re officine et des stages en officine<\/p><p>&#8211; le directeur de l&rsquo;ISPB ayant qualit\u00e9 de doyen de la facult\u00e9 de pharmacie de Lyon 1<\/p><p>* <span style=\"text-decoration: underline;\"><em>membres bienfaiteurs<\/em><\/span> :<\/p><p>&#8211; toute personne physique ou morale contribuant aux ressources financi\u00e8res du coll\u00e8ge. Les demandes d&rsquo;adh\u00e9sion sont examin\u00e9es par le bureau.<\/p><p>* <span style=\"text-decoration: underline;\"><em>membres honoraires<\/em><\/span>:<\/p><p>&#8211; tout pharmacien ma\u00eetre de stage ancien pr\u00e9sident du coll\u00e8ge des ma\u00eetres de stage de la facult\u00e9 de pharmacie de Lyon 1<\/p><p><\/p><p><u><b>Article 5<\/b><\/u> : <b><i>Admission<\/i><\/b><\/p><p>Tout Pharmacien officinal, hospitalier, autoris\u00e9 \u00e0 exercer en France et agr\u00e9\u00e9 Ma\u00eetre de stage ainsi que tout pharmacien adjoint ayant d\u00e9l\u00e9gation pour encadrer les \u00e9tudiants en pharmacie \u00e0 l&rsquo;officine dans le ressort de l&rsquo;UFR de Pharmacie peut \u00eatre admis de plein droit au titre de membre actif, de m\u00eame que tout enseignant ayant qualit\u00e9 de conseiller de stage.<\/p><p>Les pharmaciens Conseillers et Ma\u00eetres de stage n&rsquo;ayant pas ou n&rsquo;ayant plus la qualit\u00e9 de Ma\u00eetre de stage, les pharmaciens non agr\u00e9\u00e9s, officinaux, enseignants ou autres n&rsquo;exer\u00e7ant plus la profession, peuvent \u00eatre admis au titre de membres honoraires. Ils poss\u00e8dent les m\u00eames droits que les membres actifs.<\/p><p>Le coll\u00e8ge peut \u00e9galement accepter des membres bienfaiteurs.<b><i><br \/><\/i><\/b><\/p><p><b><i>\u00a0<\/i><\/b><\/p><p><u><b>Article 6<\/b><\/u> : <b><i>Les membres<\/i><\/b><\/p><p>Sont membres d&rsquo;honneur, ceux qui ont rendu des services signal\u00e9s \u00e0 l&rsquo;association ; ils sont dispens\u00e9s de cotisation.<\/p><p>Sont membres bienfaiteurs, les personnes qui versent un droit d&rsquo;entr\u00e9e et une cotisation fix\u00e9e chaque ann\u00e9e par l&rsquo;assembl\u00e9e g\u00e9n\u00e9rale.<\/p><p>Sont membres actifs, ceux qui ont pris l&rsquo;engagement de verser annuellement une cotisation fix\u00e9e par l&rsquo;assembl\u00e9e g\u00e9n\u00e9rale.<\/p><p><u><b>Article 7<\/b><\/u> : <b><i>Radiations<\/i><\/b><\/p><p>La qualit\u00e9 de membre se perd par :<\/p><p>&#8211; d\u00e9mission<\/p><p>&#8211; d\u00e9c\u00e8s<\/p><p>&#8211; radiation prononc\u00e9e par le conseil d&rsquo;administration pour non-paiement de la cotisation ou pour motif grave, l&rsquo;int\u00e9ress\u00e9 ayant \u00e9t\u00e9 invit\u00e9 par lettre recommand\u00e9e \u00e0 se pr\u00e9senter devant le bureau pour fournir les explications.<\/p><p><u><b>Article 8<\/b><\/u> :<\/p><p>Les ressources de l&rsquo;association comprennent :<\/p><p>&#8211; le montant des droits d&rsquo;entr\u00e9e et des cotisations<\/p><p>&#8211; les subventions de l&rsquo;\u00e9tat, des d\u00e9partements et des communes<\/p><p>&#8211; toutes ressources autoris\u00e9es par la loi<\/p><p><u><b>Article 9<\/b><\/u> :<\/p><p>L&rsquo;association est dirig\u00e9e par un conseil de membres, \u00e9lus pour trois ann\u00e9es par l&rsquo;assembl\u00e9e g\u00e9n\u00e9rale, les membres sont r\u00e9\u00e9ligibles.<\/p><p>Le conseil d&rsquo;administration choisit parmi ses membres, au scrutin secret un bureau compos\u00e9 de :<\/p><p>&#8211; Un pr\u00e9sident<\/p><p>&#8211; Un ou plusieurs vice-pr\u00e9sidents, s&rsquo;il y a lieu<\/p><p>&#8211; Un secr\u00e9taire et s&rsquo;il y lieu, un secr\u00e9taire adjoint<\/p><p>&#8211; Un tr\u00e9sorier, et si besoin est, un tr\u00e9sorier adjoint<\/p><p>En cas de vacances, le conseil pourvoit provisoirement au remplacement de ses membres. Il est proc\u00e9d\u00e9 \u00e0 leur remplacement d\u00e9finitif par la plus prochaine assembl\u00e9e g\u00e9n\u00e9rale. Les pouvoirs des membres ainsi \u00e9lus prennent fin \u00e0 l&rsquo;\u00e9poque o\u00f9 devrait normalement expirer le mandat des membres remplac\u00e9s.<\/p><p><u><b>Article 10<\/b><\/u> : <b><i>R\u00e9union du conseil d&rsquo;administration<\/i><\/b><\/p><p>Le conseil d&rsquo;administration se r\u00e9unit une fois par an, sur convocation du pr\u00e9sident, ou sur demande du quart de ses membres.<\/p><p>Les d\u00e9cisions sont prises \u00e0 la majorit\u00e9 des voix : en cas de partage, la voix du pr\u00e9sident est pr\u00e9pond\u00e9rante.<\/p><p>Tout membre du comit\u00e9 qui, sans excuse, n&rsquo;aura pas assist\u00e9 \u00e0 trois des r\u00e9unions cons\u00e9cutives, pourra \u00eatre consid\u00e9r\u00e9 comme d\u00e9missionnaire.<\/p><p>Nul ne peut faire partie du conseil s&rsquo;il n&rsquo;est pas majeur.<\/p><p><u><b>Article 11 <\/b><\/u>: <b><i>Assembl\u00e9e g\u00e9n\u00e9rale ordinaire<\/i><\/b><\/p><p>L&rsquo;Assembl\u00e9e g\u00e9n\u00e9rale ordinaire comprend tous les membres de l&rsquo;association \u00e0 quelque titre qu&rsquo;ils y soient affili\u00e9s et se r\u00e9unit chaque ann\u00e9e.<\/p><p>Quinze jours au moins avant la date fix\u00e9e, les membres de l&rsquo;association sont convoqu\u00e9s par les soins du secr\u00e9taire. L&rsquo;ordre du jour est indiqu\u00e9 sur les convocations.<\/p><p>Le pr\u00e9sident, assist\u00e9 des membres du comit\u00e9, pr\u00e9side l&rsquo;assembl\u00e9e et expose la situation morale de l&rsquo;association.<\/p><p>Le tr\u00e9sorier rend compte de sa gestion et soumet le bilan \u00e0 l&rsquo;approbation de l&rsquo;assembl\u00e9e.<\/p><p>Il est proc\u00e9d\u00e9, apr\u00e8s \u00e9puisement de l&rsquo;ordre du jour, au remplacement, au scrutin, des membres du conseil sortants.<\/p><p>Ne devront \u00eatre trait\u00e9es, lors de l&rsquo;assembl\u00e9e g\u00e9n\u00e9rale, que les questions soumises \u00e0 l&rsquo;ordre du jour.<\/p><p><u><b>Article 12<\/b><\/u> : <i><b>Assembl\u00e9e g\u00e9n\u00e9rale extraordinaire<\/b><\/i><\/p><p>Si besoin est, ou sur demande de la moiti\u00e9 plus un des membres inscrits, le pr\u00e9sident peut convoquer une assembl\u00e9e g\u00e9n\u00e9rale extraordinaire, suivant les formalit\u00e9s pr\u00e9vues par l&rsquo;article 10.<\/p><p><u><b>Article 13<\/b><\/u> : <i><b>R\u00e8glement int\u00e9rieur<\/b><\/i><\/p><p>Un r\u00e8glement int\u00e9rieur peut \u00eatre \u00e9tabli par le conseil d&rsquo;administration qui le fait alors approuver par l&rsquo;assembl\u00e9e g\u00e9n\u00e9rale.<\/p><p>Ce r\u00e8glement \u00e9ventuel est destin\u00e9 \u00e0 fixer les divers points non pr\u00e9vus par les statuts, notamment ceux qui ont trait \u00e0 l&rsquo;administration interne de l&rsquo;association.<\/p><p><u><b>Article 14<\/b><\/u> : <i><b>Dissolution<\/b><\/i><\/p><p>En cas de dissolution prononc\u00e9e par les deux tiers au moins des membres pr\u00e9sents \u00e0 l&rsquo;assembl\u00e9e g\u00e9n\u00e9rale, un ou plusieurs liquidateurs sont nomm\u00e9s par celle-ci et l&rsquo;actif, s&rsquo;il y a lieu, est d\u00e9volu conform\u00e9ment \u00e0 l&rsquo;article 9\u00a0 de la loi du 1er juillet 1901 et au d\u00e9cret du 16 ao\u00fbt 1901.<\/p>\t\t\t\t\t\t<\/div>\n\t\t\t\t<\/div>\n\t\t\t\t\t<\/div>\n\t\t<\/div>\n\t\t\t\t\t<\/div>\n\t\t<\/section>\n\t\t\t\t<\/div>\n\t\t","protected":false},"excerpt":{"rendered":"<p>Article 1er : Il est fond\u00e9 entre les adh\u00e9rents aux pr\u00e9sents statuts une association r\u00e9gie par la loi du 1er juillet 1901 et le d\u00e9cret du 16 ao\u00fbt 1901, ayant pour titre \u00ab\u00a0Association des Pharmaciens, agr\u00e9\u00e9s ma\u00eetres de stage de la Facult\u00e9 de Pharmacie de Lyon 1. Article 2 : [&hellip;]<\/p>\n","protected":false},"author":1,"featured_media":0,"parent":0,"menu_order":0,"comment_status":"closed","ping_status":"closed","template":"page-templates\/template-pagebuilder-full-width.php","meta":{"footnotes":""},"class_list":["post-18","page","type-page","status-publish","hentry"],"_links":{"self":[{"href":"https:\/\/cpcms.fr\/associations\/lyon\/wp-json\/wp\/v2\/pages\/18","targetHints":{"allow":["GET"]}}],"collection":[{"href":"https:\/\/cpcms.fr\/associations\/lyon\/wp-json\/wp\/v2\/pages"}],"about":[{"href":"https:\/\/cpcms.fr\/associations\/lyon\/wp-json\/wp\/v2\/types\/page"}],"author":[{"embeddable":true,"href":"https:\/\/cpcms.fr\/associations\/lyon\/wp-json\/wp\/v2\/users\/1"}],"replies":[{"embeddable":true,"href":"https:\/\/cpcms.fr\/associations\/lyon\/wp-json\/wp\/v2\/comments?post=18"}],"version-history":[{"count":22,"href":"https:\/\/cpcms.fr\/associations\/lyon\/wp-json\/wp\/v2\/pages\/18\/revisions"}],"predecessor-version":[{"id":280,"href":"https:\/\/cpcms.fr\/associations\/lyon\/wp-json\/wp\/v2\/pages\/18\/revisions\/280"}],"wp:attachment":[{"href":"https:\/\/cpcms.fr\/associations\/lyon\/wp-json\/wp\/v2\/media?parent=18"}],"curies":[{"name":"wp","href":"https:\/\/api.w.org\/{rel}","templated":true}]}}