{"id":8,"date":"2023-03-13T10:42:13","date_gmt":"2023-03-13T09:42:13","guid":{"rendered":"https:\/\/cpcms.fr\/associations\/lyon\/?page_id=8"},"modified":"2026-01-25T18:31:11","modified_gmt":"2026-01-25T17:31:11","slug":"bureau","status":"publish","type":"page","link":"https:\/\/cpcms.fr\/associations\/lyon\/bureau\/","title":{"rendered":"Bureau"},"content":{"rendered":"\t\t<div data-elementor-type=\"wp-page\" data-elementor-id=\"8\" class=\"elementor elementor-8\" data-elementor-post-type=\"page\">\n\t\t\t\t\t\t<section class=\"elementor-section elementor-top-section elementor-element elementor-element-a06c1c6 elementor-section-boxed elementor-section-height-default elementor-section-height-default\" data-id=\"a06c1c6\" data-element_type=\"section\">\n\t\t\t\t\t\t<div class=\"elementor-container elementor-column-gap-default\">\n\t\t\t\t\t<div class=\"elementor-column elementor-col-33 elementor-top-column elementor-element elementor-element-bc7945f\" data-id=\"bc7945f\" data-element_type=\"column\">\n\t\t\t<div class=\"elementor-widget-wrap elementor-element-populated\">\n\t\t\t\t\t\t<div class=\"elementor-element elementor-element-f6dd03f elementor-widget elementor-widget-image\" data-id=\"f6dd03f\" data-element_type=\"widget\" data-widget_type=\"image.default\">\n\t\t\t\t<div class=\"elementor-widget-container\">\n\t\t\t\t\t\t\t\t\t\t\t\t\t<img decoding=\"async\" src=\"https:\/\/cpcms.fr\/associations\/lyon\/wp-content\/uploads\/elementor\/thumbs\/1623769909506-qgnr7eebe5bm4l5f0iyq5oecwt3ghjrlj22kuqsfug.jpg\" title=\"1623769909506\" alt=\"1623769909506\" loading=\"lazy\" \/>\t\t\t\t\t\t\t\t\t\t\t\t\t<\/div>\n\t\t\t\t<\/div>\n\t\t\t\t\t<\/div>\n\t\t<\/div>\n\t\t\t\t<div class=\"elementor-column elementor-col-33 elementor-top-column elementor-element elementor-element-d0eaebb\" data-id=\"d0eaebb\" data-element_type=\"column\">\n\t\t\t<div class=\"elementor-widget-wrap elementor-element-populated\">\n\t\t\t\t\t\t<div class=\"elementor-element elementor-element-1be908a elementor-widget elementor-widget-image\" data-id=\"1be908a\" data-element_type=\"widget\" data-widget_type=\"image.default\">\n\t\t\t\t<div class=\"elementor-widget-container\">\n\t\t\t\t\t\t\t\t\t\t\t\t\t<img fetchpriority=\"high\" decoding=\"async\" width=\"225\" height=\"300\" src=\"https:\/\/cpcms.fr\/associations\/lyon\/wp-content\/uploads\/2024\/01\/IRGY3901-225x300.jpg\" class=\"attachment-medium size-medium wp-image-219\" alt=\"\" srcset=\"https:\/\/cpcms.fr\/associations\/lyon\/wp-content\/uploads\/2024\/01\/IRGY3901-225x300.jpg 225w, https:\/\/cpcms.fr\/associations\/lyon\/wp-content\/uploads\/2024\/01\/IRGY3901.jpg 768w\" sizes=\"(max-width: 225px) 100vw, 225px\" \/>\t\t\t\t\t\t\t\t\t\t\t\t\t<\/div>\n\t\t\t\t<\/div>\n\t\t\t\t\t<\/div>\n\t\t<\/div>\n\t\t\t\t<div class=\"elementor-column elementor-col-33 elementor-top-column elementor-element elementor-element-86bd74f\" data-id=\"86bd74f\" data-element_type=\"column\">\n\t\t\t<div class=\"elementor-widget-wrap elementor-element-populated\">\n\t\t\t\t\t\t<div class=\"elementor-element elementor-element-2487dc7 elementor-widget elementor-widget-image\" data-id=\"2487dc7\" data-element_type=\"widget\" data-widget_type=\"image.default\">\n\t\t\t\t<div class=\"elementor-widget-container\">\n\t\t\t\t\t\t\t\t\t\t\t\t\t<img decoding=\"async\" src=\"https:\/\/cpcms.fr\/associations\/lyon\/wp-content\/uploads\/elementor\/thumbs\/1561455357859-qqh482b1s9gz2ljlqtbg1wpp0izm73z8q3dsh5vneg.jpg\" title=\"1561455357859\" alt=\"1561455357859\" loading=\"lazy\" \/>\t\t\t\t\t\t\t\t\t\t\t\t\t<\/div>\n\t\t\t\t<\/div>\n\t\t\t\t\t<\/div>\n\t\t<\/div>\n\t\t\t\t\t<\/div>\n\t\t<\/section>\n\t\t\t\t<section class=\"elementor-section elementor-top-section elementor-element elementor-element-3801d9a elementor-section-boxed elementor-section-height-default elementor-section-height-default\" data-id=\"3801d9a\" data-element_type=\"section\">\n\t\t\t\t\t\t<div class=\"elementor-container elementor-column-gap-default\">\n\t\t\t\t\t<div class=\"elementor-column elementor-col-33 elementor-top-column elementor-element elementor-element-62203c6\" data-id=\"62203c6\" data-element_type=\"column\">\n\t\t\t<div class=\"elementor-widget-wrap elementor-element-populated\">\n\t\t\t\t\t\t<div class=\"elementor-element elementor-element-df3555a elementor-widget elementor-widget-text-editor\" data-id=\"df3555a\" data-element_type=\"widget\" data-widget_type=\"text-editor.default\">\n\t\t\t\t<div class=\"elementor-widget-container\">\n\t\t\t\t\t\t\t<p style=\"text-align: center;\"><strong>Dr Th\u00e9o LEFEVRE, <\/strong><\/p><p style=\"text-align: center;\">Pharmacien Titulaire (Lozanne)<\/p><p style=\"text-align: center;\"><em><strong>Pr\u00e9sident<\/strong><\/em><\/p>\t\t\t\t\t\t<\/div>\n\t\t\t\t<\/div>\n\t\t\t\t\t<\/div>\n\t\t<\/div>\n\t\t\t\t<div class=\"elementor-column elementor-col-33 elementor-top-column elementor-element elementor-element-66a30e7\" data-id=\"66a30e7\" data-element_type=\"column\">\n\t\t\t<div class=\"elementor-widget-wrap elementor-element-populated\">\n\t\t\t\t\t\t<div class=\"elementor-element elementor-element-696ab60 elementor-widget elementor-widget-text-editor\" data-id=\"696ab60\" data-element_type=\"widget\" data-widget_type=\"text-editor.default\">\n\t\t\t\t<div class=\"elementor-widget-container\">\n\t\t\t\t\t\t\t<p style=\"text-align: center;\"><strong>Dr Antoine REY-COQUAIS, <\/strong><\/p><p style=\"text-align: center;\">Pharmacien Titulaire (Saint-Fons)<\/p><p style=\"text-align: center;\"><em><strong>Tr\u00e9sorier<\/strong><\/em><\/p>\t\t\t\t\t\t<\/div>\n\t\t\t\t<\/div>\n\t\t\t\t\t<\/div>\n\t\t<\/div>\n\t\t\t\t<div class=\"elementor-column elementor-col-33 elementor-top-column elementor-element elementor-element-ae9a0ec\" data-id=\"ae9a0ec\" data-element_type=\"column\">\n\t\t\t<div class=\"elementor-widget-wrap elementor-element-populated\">\n\t\t\t\t\t\t<div class=\"elementor-element elementor-element-435b94d elementor-widget elementor-widget-text-editor\" data-id=\"435b94d\" data-element_type=\"widget\" data-widget_type=\"text-editor.default\">\n\t\t\t\t<div class=\"elementor-widget-container\">\n\t\t\t\t\t\t\t<p style=\"text-align: center;\"><strong>Dr J\u00e9r\u00e9mie ASSAYAG,<br \/><\/strong><\/p><p>\u00a0\u00a0\u00a0\u00a0\u00a0\u00a0\u00a0\u00a0\u00a0\u00a0\u00a0\u00a0\u00a0\u00a0\u00a0\u00a0\u00a0\u00a0\u00a0\u00a0\u00a0\u00a0\u00a0 Pharmacien Titulaire (Lyon 8e)<\/p><p><\/p><p style=\"text-align: center;\"><strong> <\/strong><\/p>\t\t\t\t\t\t<\/div>\n\t\t\t\t<\/div>\n\t\t\t\t\t<\/div>\n\t\t<\/div>\n\t\t\t\t\t<\/div>\n\t\t<\/section>\n\t\t\t\t<section class=\"elementor-section elementor-top-section elementor-element elementor-element-e7f50fd elementor-section-boxed elementor-section-height-default elementor-section-height-default\" data-id=\"e7f50fd\" data-element_type=\"section\">\n\t\t\t\t\t\t<div class=\"elementor-container elementor-column-gap-default\">\n\t\t\t\t\t<div class=\"elementor-column elementor-col-33 elementor-top-column elementor-element elementor-element-c57ba70\" data-id=\"c57ba70\" data-element_type=\"column\">\n\t\t\t<div class=\"elementor-widget-wrap elementor-element-populated\">\n\t\t\t\t\t\t<div class=\"elementor-element elementor-element-46e5ca0 elementor-widget elementor-widget-image\" data-id=\"46e5ca0\" data-element_type=\"widget\" data-widget_type=\"image.default\">\n\t\t\t\t<div class=\"elementor-widget-container\">\n\t\t\t\t\t\t\t\t\t\t<figure class=\"wp-caption\">\n\t\t\t\t\t\t\t\t\t\t<img decoding=\"async\" width=\"225\" height=\"300\" src=\"https:\/\/cpcms.fr\/associations\/lyon\/wp-content\/uploads\/2024\/01\/FCKY6369-225x300.jpg\" class=\"attachment-medium size-medium wp-image-215\" alt=\"\" srcset=\"https:\/\/cpcms.fr\/associations\/lyon\/wp-content\/uploads\/2024\/01\/FCKY6369-225x300.jpg 225w, https:\/\/cpcms.fr\/associations\/lyon\/wp-content\/uploads\/2024\/01\/FCKY6369.jpg 768w\" sizes=\"(max-width: 225px) 100vw, 225px\" \/>\t\t\t\t\t\t\t\t\t\t\t<figcaption class=\"widget-image-caption wp-caption-text\"><\/figcaption>\n\t\t\t\t\t\t\t\t\t\t<\/figure>\n\t\t\t\t\t\t\t<\/div>\n\t\t\t\t<\/div>\n\t\t\t\t\t<\/div>\n\t\t<\/div>\n\t\t\t\t<div class=\"elementor-column elementor-col-33 elementor-top-column elementor-element elementor-element-7c1a9f6\" data-id=\"7c1a9f6\" data-element_type=\"column\">\n\t\t\t<div class=\"elementor-widget-wrap elementor-element-populated\">\n\t\t\t\t\t\t<div class=\"elementor-element elementor-element-f4ecf45 elementor-widget elementor-widget-image\" data-id=\"f4ecf45\" data-element_type=\"widget\" data-widget_type=\"image.default\">\n\t\t\t\t<div class=\"elementor-widget-container\">\n\t\t\t\t\t\t\t\t\t\t\t\t\t<img decoding=\"async\" width=\"225\" height=\"300\" src=\"https:\/\/cpcms.fr\/associations\/lyon\/wp-content\/uploads\/2024\/01\/XKOV7749-225x300.jpg\" class=\"attachment-medium size-medium wp-image-221\" alt=\"\" srcset=\"https:\/\/cpcms.fr\/associations\/lyon\/wp-content\/uploads\/2024\/01\/XKOV7749-225x300.jpg 225w, https:\/\/cpcms.fr\/associations\/lyon\/wp-content\/uploads\/2024\/01\/XKOV7749.jpg 768w\" sizes=\"(max-width: 225px) 100vw, 225px\" \/>\t\t\t\t\t\t\t\t\t\t\t\t\t<\/div>\n\t\t\t\t<\/div>\n\t\t\t\t\t<\/div>\n\t\t<\/div>\n\t\t\t\t<div class=\"elementor-column elementor-col-33 elementor-top-column elementor-element elementor-element-3778116\" data-id=\"3778116\" data-element_type=\"column\">\n\t\t\t<div class=\"elementor-widget-wrap elementor-element-populated\">\n\t\t\t\t\t\t<div class=\"elementor-element elementor-element-8fc40bf elementor-widget elementor-widget-image\" data-id=\"8fc40bf\" data-element_type=\"widget\" data-widget_type=\"image.default\">\n\t\t\t\t<div class=\"elementor-widget-container\">\n\t\t\t\t\t\t\t\t\t\t\t\t\t<img loading=\"lazy\" decoding=\"async\" width=\"225\" height=\"300\" src=\"https:\/\/cpcms.fr\/associations\/lyon\/wp-content\/uploads\/2024\/01\/PMJN4815-225x300.jpg\" class=\"attachment-medium size-medium wp-image-222\" alt=\"\" srcset=\"https:\/\/cpcms.fr\/associations\/lyon\/wp-content\/uploads\/2024\/01\/PMJN4815-225x300.jpg 225w, https:\/\/cpcms.fr\/associations\/lyon\/wp-content\/uploads\/2024\/01\/PMJN4815.jpg 768w\" sizes=\"(max-width: 225px) 100vw, 225px\" \/>\t\t\t\t\t\t\t\t\t\t\t\t\t<\/div>\n\t\t\t\t<\/div>\n\t\t\t\t\t<\/div>\n\t\t<\/div>\n\t\t\t\t\t<\/div>\n\t\t<\/section>\n\t\t\t\t<section class=\"elementor-section elementor-top-section elementor-element elementor-element-92a0586 elementor-section-boxed elementor-section-height-default elementor-section-height-default\" data-id=\"92a0586\" data-element_type=\"section\">\n\t\t\t\t\t\t<div class=\"elementor-container elementor-column-gap-default\">\n\t\t\t\t\t<div class=\"elementor-column elementor-col-33 elementor-top-column elementor-element elementor-element-6d73736\" data-id=\"6d73736\" data-element_type=\"column\">\n\t\t\t<div class=\"elementor-widget-wrap elementor-element-populated\">\n\t\t\t\t\t\t<div class=\"elementor-element elementor-element-1f35a49 elementor-widget elementor-widget-text-editor\" data-id=\"1f35a49\" data-element_type=\"widget\" data-widget_type=\"text-editor.default\">\n\t\t\t\t<div class=\"elementor-widget-container\">\n\t\t\t\t\t\t\t<p><strong>Dr Estelle FRERY,<\/strong><\/p><p>Pharmacien Titulaire (Lyon 3e)<\/p><p><em><strong>Vice-Pr\u00e9sidente<\/strong><\/em><\/p>\t\t\t\t\t\t<\/div>\n\t\t\t\t<\/div>\n\t\t\t\t\t<\/div>\n\t\t<\/div>\n\t\t\t\t<div class=\"elementor-column elementor-col-33 elementor-top-column elementor-element elementor-element-f3ee7b6\" data-id=\"f3ee7b6\" data-element_type=\"column\">\n\t\t\t<div class=\"elementor-widget-wrap elementor-element-populated\">\n\t\t\t\t\t\t<div class=\"elementor-element elementor-element-e335698 elementor-widget elementor-widget-text-editor\" data-id=\"e335698\" data-element_type=\"widget\" data-widget_type=\"text-editor.default\">\n\t\t\t\t<div class=\"elementor-widget-container\">\n\t\t\t\t\t\t\t<p><strong>Dr Elise VIBERT,<\/strong><\/p><p>Pharmacien Titulaire (Grigny)<\/p><p><em><strong>Secr\u00e9taire<\/strong><\/em><\/p>\t\t\t\t\t\t<\/div>\n\t\t\t\t<\/div>\n\t\t\t\t\t<\/div>\n\t\t<\/div>\n\t\t\t\t<div class=\"elementor-column elementor-col-33 elementor-top-column elementor-element elementor-element-390656a\" data-id=\"390656a\" data-element_type=\"column\">\n\t\t\t<div class=\"elementor-widget-wrap elementor-element-populated\">\n\t\t\t\t\t\t<div class=\"elementor-element elementor-element-d3a66ec elementor-widget elementor-widget-text-editor\" data-id=\"d3a66ec\" data-element_type=\"widget\" data-widget_type=\"text-editor.default\">\n\t\t\t\t<div class=\"elementor-widget-container\">\n\t\t\t\t\t\t\t<p><strong>Dr H\u00e9l\u00e8ne JUSTAMON,<\/strong> <\/p><p>Pharmacien Titulaire (Charbonni\u00e8res les Bains)<\/p>\t\t\t\t\t\t<\/div>\n\t\t\t\t<\/div>\n\t\t\t\t\t<\/div>\n\t\t<\/div>\n\t\t\t\t\t<\/div>\n\t\t<\/section>\n\t\t\t\t<section class=\"elementor-section elementor-top-section elementor-element elementor-element-3e61eaf elementor-section-boxed elementor-section-height-default elementor-section-height-default\" data-id=\"3e61eaf\" data-element_type=\"section\">\n\t\t\t\t\t\t<div class=\"elementor-container elementor-column-gap-default\">\n\t\t\t\t\t<div class=\"elementor-column elementor-col-100 elementor-top-column elementor-element elementor-element-32d3aac\" data-id=\"32d3aac\" data-element_type=\"column\">\n\t\t\t<div class=\"elementor-widget-wrap elementor-element-populated\">\n\t\t\t\t\t\t<div class=\"elementor-element elementor-element-2880239 elementor-widget elementor-widget-text-editor\" data-id=\"2880239\" data-element_type=\"widget\" data-widget_type=\"text-editor.default\">\n\t\t\t\t<div class=\"elementor-widget-container\">\n\t\t\t\t\t\t\t<p><span style=\"text-decoration: underline;\">Membres de droit<\/span> :<\/p><p><strong>Pr Claude DUSSART<\/strong>, directeur de l&rsquo;ISPB, doyen de la Facult\u00e9 de Pharmacie Lyon 1<\/p><p><strong>Pr Audrey Janloy-Dumenil<\/strong>, PU-PH Pharmacie Clinique, co-responsable de la fili\u00e8re officine ISPB<\/p><p><b>Dr C\u00e9line Prunet-Spano<\/b>, MCU Pharmacie Clinique, co-responsable de la fili\u00e8re officine ISPB<\/p>\t\t\t\t\t\t<\/div>\n\t\t\t\t<\/div>\n\t\t\t\t\t<\/div>\n\t\t<\/div>\n\t\t\t\t\t<\/div>\n\t\t<\/section>\n\t\t\t\t<section class=\"elementor-section elementor-top-section elementor-element elementor-element-83b94be elementor-section-boxed elementor-section-height-default elementor-section-height-default\" data-id=\"83b94be\" data-element_type=\"section\">\n\t\t\t\t\t\t<div class=\"elementor-container elementor-column-gap-default\">\n\t\t\t\t\t<div class=\"elementor-column elementor-col-100 elementor-top-column elementor-element elementor-element-61d3114\" data-id=\"61d3114\" data-element_type=\"column\">\n\t\t\t<div class=\"elementor-widget-wrap elementor-element-populated\">\n\t\t\t\t\t\t<div class=\"elementor-element elementor-element-2998509 elementor-widget elementor-widget-text-editor\" data-id=\"2998509\" data-element_type=\"widget\" data-widget_type=\"text-editor.default\">\n\t\t\t\t<div class=\"elementor-widget-container\">\n\t\t\t\t\t\t\t<p><span style=\"text-decoration: underline;\"><strong>Historique de Pr\u00e9sidence de l&rsquo;association des pharmaciens agr\u00e9\u00e9s ma\u00eetres de stage de la facult\u00e9 de Lyon<\/strong><\/span> :<\/p><p>1994 \u00e0 1999 : <strong>Alain DOMBRIS<\/strong>, membre d&rsquo;honneur<\/p><p>1999 \u00e0 2015 : <strong>Marie-Christine MOREAU<\/strong>, membre d&rsquo;honneur<\/p><p>2015 \u00e0 2017 : <strong>Alexandra FACCIOLI<\/strong>, membre d&rsquo;honneur<\/p>\t\t\t\t\t\t<\/div>\n\t\t\t\t<\/div>\n\t\t\t\t\t<\/div>\n\t\t<\/div>\n\t\t\t\t\t<\/div>\n\t\t<\/section>\n\t\t\t\t<section class=\"elementor-section elementor-top-section elementor-element elementor-element-3f5548e elementor-section-boxed elementor-section-height-default elementor-section-height-default\" data-id=\"3f5548e\" data-element_type=\"section\">\n\t\t\t\t\t\t<div class=\"elementor-container elementor-column-gap-default\">\n\t\t\t\t\t<div class=\"elementor-column elementor-col-100 elementor-top-column elementor-element elementor-element-6f83e6c\" data-id=\"6f83e6c\" data-element_type=\"column\">\n\t\t\t<div class=\"elementor-widget-wrap elementor-element-populated\">\n\t\t\t\t\t\t<div class=\"elementor-element elementor-element-2f64852 elementor-widget elementor-widget-text-editor\" data-id=\"2f64852\" data-element_type=\"widget\" data-widget_type=\"text-editor.default\">\n\t\t\t\t<div class=\"elementor-widget-container\">\n\t\t\t\t\t\t\t<p><strong><span style=\"text-decoration: underline;\">Membre d&rsquo;honneur pour services rendus \u00e0 l&rsquo;association<\/span> :<\/strong><\/p><p>Christianne Coudray<\/p>\t\t\t\t\t\t<\/div>\n\t\t\t\t<\/div>\n\t\t\t\t\t<\/div>\n\t\t<\/div>\n\t\t\t\t\t<\/div>\n\t\t<\/section>\n\t\t\t\t<\/div>\n\t\t","protected":false},"excerpt":{"rendered":"<p>Dr Th\u00e9o LEFEVRE, Pharmacien Titulaire (Lozanne) Pr\u00e9sident Dr Antoine REY-COQUAIS, Pharmacien Titulaire (Saint-Fons) Tr\u00e9sorier Dr J\u00e9r\u00e9mie ASSAYAG, \u00a0\u00a0\u00a0\u00a0\u00a0\u00a0\u00a0\u00a0\u00a0\u00a0\u00a0\u00a0\u00a0\u00a0\u00a0\u00a0\u00a0\u00a0\u00a0\u00a0\u00a0\u00a0\u00a0 Pharmacien Titulaire (Lyon 8e) Dr Estelle FRERY, Pharmacien Titulaire (Lyon 3e) Vice-Pr\u00e9sidente Dr Elise VIBERT, Pharmacien Titulaire (Grigny) Secr\u00e9taire Dr H\u00e9l\u00e8ne JUSTAMON, Pharmacien Titulaire (Charbonni\u00e8res les Bains) Membres de droit : Pr [&hellip;]<\/p>\n","protected":false},"author":1,"featured_media":0,"parent":0,"menu_order":0,"comment_status":"closed","ping_status":"closed","template":"page-templates\/template-pagebuilder-full-width.php","meta":{"footnotes":""},"class_list":["post-8","page","type-page","status-publish","hentry"],"_links":{"self":[{"href":"https:\/\/cpcms.fr\/associations\/lyon\/wp-json\/wp\/v2\/pages\/8","targetHints":{"allow":["GET"]}}],"collection":[{"href":"https:\/\/cpcms.fr\/associations\/lyon\/wp-json\/wp\/v2\/pages"}],"about":[{"href":"https:\/\/cpcms.fr\/associations\/lyon\/wp-json\/wp\/v2\/types\/page"}],"author":[{"embeddable":true,"href":"https:\/\/cpcms.fr\/associations\/lyon\/wp-json\/wp\/v2\/users\/1"}],"replies":[{"embeddable":true,"href":"https:\/\/cpcms.fr\/associations\/lyon\/wp-json\/wp\/v2\/comments?post=8"}],"version-history":[{"count":64,"href":"https:\/\/cpcms.fr\/associations\/lyon\/wp-json\/wp\/v2\/pages\/8\/revisions"}],"predecessor-version":[{"id":288,"href":"https:\/\/cpcms.fr\/associations\/lyon\/wp-json\/wp\/v2\/pages\/8\/revisions\/288"}],"wp:attachment":[{"href":"https:\/\/cpcms.fr\/associations\/lyon\/wp-json\/wp\/v2\/media?parent=8"}],"curies":[{"name":"wp","href":"https:\/\/api.w.org\/{rel}","templated":true}]}}