{"id":18,"date":"2023-03-13T10:46:42","date_gmt":"2023-03-13T09:46:42","guid":{"rendered":"https:\/\/cpcms.fr\/associations\/nancy\/?page_id=18"},"modified":"2023-07-07T08:54:12","modified_gmt":"2023-07-07T06:54:12","slug":"bureau","status":"publish","type":"page","link":"https:\/\/cpcms.fr\/associations\/nancy\/bureau\/","title":{"rendered":"Bureau"},"content":{"rendered":"\t\t<div data-elementor-type=\"wp-page\" data-elementor-id=\"18\" class=\"elementor elementor-18\" data-elementor-post-type=\"page\">\n\t\t\t\t\t\t<section class=\"elementor-section elementor-top-section elementor-element elementor-element-c8efd1d elementor-section-boxed elementor-section-height-default elementor-section-height-default\" data-id=\"c8efd1d\" data-element_type=\"section\">\n\t\t\t\t\t\t<div class=\"elementor-container elementor-column-gap-default\">\n\t\t\t\t\t<div class=\"elementor-column elementor-col-33 elementor-top-column elementor-element elementor-element-5c190b5\" data-id=\"5c190b5\" data-element_type=\"column\">\n\t\t\t<div class=\"elementor-widget-wrap elementor-element-populated\">\n\t\t\t\t\t\t<div class=\"elementor-element elementor-element-2de2f22 elementor-widget elementor-widget-image\" data-id=\"2de2f22\" data-element_type=\"widget\" data-widget_type=\"image.default\">\n\t\t\t\t<div class=\"elementor-widget-container\">\n\t\t\t\t\t\t\t\t\t\t\t\t\t\t\t<img decoding=\"async\" width=\"194\" height=\"194\" src=\"https:\/\/cpcms.fr\/associations\/nancy\/wp-content\/uploads\/2023\/03\/Pharmacien-02.png\" class=\"attachment-large size-large wp-image-91\" alt=\"\" srcset=\"https:\/\/cpcms.fr\/associations\/nancy\/wp-content\/uploads\/2023\/03\/Pharmacien-02.png 194w, https:\/\/cpcms.fr\/associations\/nancy\/wp-content\/uploads\/2023\/03\/Pharmacien-02-150x150.png 150w\" sizes=\"(max-width: 194px) 100vw, 194px\" \/>\t\t\t\t\t\t\t\t\t\t\t\t\t\t\t<\/div>\n\t\t\t\t<\/div>\n\t\t\t\t\t<\/div>\n\t\t<\/div>\n\t\t\t\t<div class=\"elementor-column elementor-col-33 elementor-top-column elementor-element elementor-element-67ecb08\" data-id=\"67ecb08\" data-element_type=\"column\">\n\t\t\t<div class=\"elementor-widget-wrap elementor-element-populated\">\n\t\t\t\t\t\t<div class=\"elementor-element elementor-element-19492b6 elementor-widget elementor-widget-image\" data-id=\"19492b6\" data-element_type=\"widget\" data-widget_type=\"image.default\">\n\t\t\t\t<div class=\"elementor-widget-container\">\n\t\t\t\t\t\t\t\t\t\t\t\t\t\t\t<img decoding=\"async\" width=\"194\" height=\"194\" src=\"https:\/\/cpcms.fr\/associations\/nancy\/wp-content\/uploads\/2023\/03\/Pharmacien-04.png\" class=\"attachment-large size-large wp-image-93\" alt=\"\" srcset=\"https:\/\/cpcms.fr\/associations\/nancy\/wp-content\/uploads\/2023\/03\/Pharmacien-04.png 194w, https:\/\/cpcms.fr\/associations\/nancy\/wp-content\/uploads\/2023\/03\/Pharmacien-04-150x150.png 150w\" sizes=\"(max-width: 194px) 100vw, 194px\" \/>\t\t\t\t\t\t\t\t\t\t\t\t\t\t\t<\/div>\n\t\t\t\t<\/div>\n\t\t\t\t\t<\/div>\n\t\t<\/div>\n\t\t\t\t<div class=\"elementor-column elementor-col-33 elementor-top-column elementor-element elementor-element-a9b5b68\" data-id=\"a9b5b68\" data-element_type=\"column\">\n\t\t\t<div class=\"elementor-widget-wrap elementor-element-populated\">\n\t\t\t\t\t\t<div class=\"elementor-element elementor-element-7e79ce4 elementor-widget elementor-widget-image\" data-id=\"7e79ce4\" data-element_type=\"widget\" data-widget_type=\"image.default\">\n\t\t\t\t<div class=\"elementor-widget-container\">\n\t\t\t\t\t\t\t\t\t\t\t\t\t\t\t<img decoding=\"async\" width=\"194\" height=\"194\" src=\"https:\/\/cpcms.fr\/associations\/nancy\/wp-content\/uploads\/2023\/03\/Pharmacien-03.png\" class=\"attachment-large size-large wp-image-92\" alt=\"\" srcset=\"https:\/\/cpcms.fr\/associations\/nancy\/wp-content\/uploads\/2023\/03\/Pharmacien-03.png 194w, https:\/\/cpcms.fr\/associations\/nancy\/wp-content\/uploads\/2023\/03\/Pharmacien-03-150x150.png 150w\" sizes=\"(max-width: 194px) 100vw, 194px\" \/>\t\t\t\t\t\t\t\t\t\t\t\t\t\t\t<\/div>\n\t\t\t\t<\/div>\n\t\t\t\t\t<\/div>\n\t\t<\/div>\n\t\t\t\t\t<\/div>\n\t\t<\/section>\n\t\t\t\t<section class=\"elementor-section elementor-top-section elementor-element elementor-element-d36de40 elementor-section-boxed elementor-section-height-default elementor-section-height-default\" data-id=\"d36de40\" data-element_type=\"section\">\n\t\t\t\t\t\t<div class=\"elementor-container elementor-column-gap-default\">\n\t\t\t\t\t<div class=\"elementor-column elementor-col-33 elementor-top-column elementor-element elementor-element-0b5b774\" data-id=\"0b5b774\" data-element_type=\"column\">\n\t\t\t<div class=\"elementor-widget-wrap elementor-element-populated\">\n\t\t\t\t\t\t<div class=\"elementor-element elementor-element-3452f19 elementor-widget elementor-widget-text-editor\" data-id=\"3452f19\" data-element_type=\"widget\" data-widget_type=\"text-editor.default\">\n\t\t\t\t<div class=\"elementor-widget-container\">\n\t\t\t\t\t\t\t\t\t<p class=\"p1\" style=\"text-align: center;\">Pr\u00e9sident<br \/><strong>GRAVOULET Julien<\/strong><br \/>Officinal<\/p>\t\t\t\t\t\t\t\t<\/div>\n\t\t\t\t<\/div>\n\t\t\t\t\t<\/div>\n\t\t<\/div>\n\t\t\t\t<div class=\"elementor-column elementor-col-33 elementor-top-column elementor-element elementor-element-522b8f2\" data-id=\"522b8f2\" data-element_type=\"column\">\n\t\t\t<div class=\"elementor-widget-wrap elementor-element-populated\">\n\t\t\t\t\t\t<div class=\"elementor-element elementor-element-29ace0d elementor-widget elementor-widget-text-editor\" data-id=\"29ace0d\" data-element_type=\"widget\" data-widget_type=\"text-editor.default\">\n\t\t\t\t<div class=\"elementor-widget-container\">\n\t\t\t\t\t\t\t\t\t<p class=\"p1\" style=\"text-align: center;\">Vice-Pr\u00e9sident<br \/><strong>DUPUIS Fran\u00e7ois<\/strong><br \/>Enseignant<\/p>\t\t\t\t\t\t\t\t<\/div>\n\t\t\t\t<\/div>\n\t\t\t\t\t<\/div>\n\t\t<\/div>\n\t\t\t\t<div class=\"elementor-column elementor-col-33 elementor-top-column elementor-element elementor-element-f1098de\" data-id=\"f1098de\" data-element_type=\"column\">\n\t\t\t<div class=\"elementor-widget-wrap elementor-element-populated\">\n\t\t\t\t\t\t<div class=\"elementor-element elementor-element-e0d2451 elementor-widget elementor-widget-text-editor\" data-id=\"e0d2451\" data-element_type=\"widget\" data-widget_type=\"text-editor.default\">\n\t\t\t\t<div class=\"elementor-widget-container\">\n\t\t\t\t\t\t\t\t\t<p class=\"p1\" style=\"text-align: center;\">Tr\u00e9sorier<br \/><strong>SANNER Lo\u00efc<\/strong><br \/>Officinal<\/p>\t\t\t\t\t\t\t\t<\/div>\n\t\t\t\t<\/div>\n\t\t\t\t\t<\/div>\n\t\t<\/div>\n\t\t\t\t\t<\/div>\n\t\t<\/section>\n\t\t\t\t<section class=\"elementor-section elementor-top-section elementor-element elementor-element-df090db elementor-section-boxed elementor-section-height-default elementor-section-height-default\" data-id=\"df090db\" data-element_type=\"section\">\n\t\t\t\t\t\t<div class=\"elementor-container elementor-column-gap-default\">\n\t\t\t\t\t<div class=\"elementor-column elementor-col-33 elementor-top-column elementor-element elementor-element-0a4c284\" data-id=\"0a4c284\" data-element_type=\"column\">\n\t\t\t<div class=\"elementor-widget-wrap elementor-element-populated\">\n\t\t\t\t\t\t<div class=\"elementor-element elementor-element-2725ed2 elementor-widget elementor-widget-image\" data-id=\"2725ed2\" data-element_type=\"widget\" data-widget_type=\"image.default\">\n\t\t\t\t<div class=\"elementor-widget-container\">\n\t\t\t\t\t\t\t\t\t\t\t\t\t\t\t<img loading=\"lazy\" decoding=\"async\" width=\"194\" height=\"194\" src=\"https:\/\/cpcms.fr\/associations\/nancy\/wp-content\/uploads\/2023\/03\/Pharmacienne-02.png\" class=\"attachment-large size-large wp-image-95\" alt=\"\" srcset=\"https:\/\/cpcms.fr\/associations\/nancy\/wp-content\/uploads\/2023\/03\/Pharmacienne-02.png 194w, https:\/\/cpcms.fr\/associations\/nancy\/wp-content\/uploads\/2023\/03\/Pharmacienne-02-150x150.png 150w\" sizes=\"(max-width: 194px) 100vw, 194px\" \/>\t\t\t\t\t\t\t\t\t\t\t\t\t\t\t<\/div>\n\t\t\t\t<\/div>\n\t\t\t\t\t<\/div>\n\t\t<\/div>\n\t\t\t\t<div class=\"elementor-column elementor-col-33 elementor-top-column elementor-element elementor-element-3e4cae9\" data-id=\"3e4cae9\" data-element_type=\"column\">\n\t\t\t<div class=\"elementor-widget-wrap elementor-element-populated\">\n\t\t\t\t\t\t<div class=\"elementor-element elementor-element-e7175ae elementor-widget elementor-widget-image\" data-id=\"e7175ae\" data-element_type=\"widget\" data-widget_type=\"image.default\">\n\t\t\t\t<div class=\"elementor-widget-container\">\n\t\t\t\t\t\t\t\t\t\t\t\t\t\t\t<img decoding=\"async\" width=\"194\" height=\"194\" src=\"https:\/\/cpcms.fr\/associations\/nancy\/wp-content\/uploads\/2023\/03\/Pharmacien-02.png\" class=\"attachment-large size-large wp-image-91\" alt=\"\" srcset=\"https:\/\/cpcms.fr\/associations\/nancy\/wp-content\/uploads\/2023\/03\/Pharmacien-02.png 194w, https:\/\/cpcms.fr\/associations\/nancy\/wp-content\/uploads\/2023\/03\/Pharmacien-02-150x150.png 150w\" sizes=\"(max-width: 194px) 100vw, 194px\" \/>\t\t\t\t\t\t\t\t\t\t\t\t\t\t\t<\/div>\n\t\t\t\t<\/div>\n\t\t\t\t\t<\/div>\n\t\t<\/div>\n\t\t\t\t<div class=\"elementor-column elementor-col-33 elementor-top-column elementor-element elementor-element-f94335e\" data-id=\"f94335e\" data-element_type=\"column\">\n\t\t\t<div class=\"elementor-widget-wrap elementor-element-populated\">\n\t\t\t\t\t\t<div class=\"elementor-element elementor-element-c48225b elementor-widget elementor-widget-image\" data-id=\"c48225b\" data-element_type=\"widget\" data-widget_type=\"image.default\">\n\t\t\t\t<div class=\"elementor-widget-container\">\n\t\t\t\t\t\t\t\t\t\t\t\t\t\t\t<img loading=\"lazy\" decoding=\"async\" width=\"194\" height=\"194\" src=\"https:\/\/cpcms.fr\/associations\/nancy\/wp-content\/uploads\/2023\/03\/Pharmacien-01.png\" class=\"attachment-large size-large wp-image-90\" alt=\"\" srcset=\"https:\/\/cpcms.fr\/associations\/nancy\/wp-content\/uploads\/2023\/03\/Pharmacien-01.png 194w, https:\/\/cpcms.fr\/associations\/nancy\/wp-content\/uploads\/2023\/03\/Pharmacien-01-150x150.png 150w\" sizes=\"(max-width: 194px) 100vw, 194px\" \/>\t\t\t\t\t\t\t\t\t\t\t\t\t\t\t<\/div>\n\t\t\t\t<\/div>\n\t\t\t\t\t<\/div>\n\t\t<\/div>\n\t\t\t\t\t<\/div>\n\t\t<\/section>\n\t\t\t\t<section class=\"elementor-section elementor-top-section elementor-element elementor-element-854bc03 elementor-section-boxed elementor-section-height-default elementor-section-height-default\" data-id=\"854bc03\" data-element_type=\"section\">\n\t\t\t\t\t\t<div class=\"elementor-container elementor-column-gap-default\">\n\t\t\t\t\t<div class=\"elementor-column elementor-col-33 elementor-top-column elementor-element elementor-element-21cfb18\" data-id=\"21cfb18\" data-element_type=\"column\">\n\t\t\t<div class=\"elementor-widget-wrap elementor-element-populated\">\n\t\t\t\t\t\t<div class=\"elementor-element elementor-element-ae2d9da elementor-widget elementor-widget-text-editor\" data-id=\"ae2d9da\" data-element_type=\"widget\" data-widget_type=\"text-editor.default\">\n\t\t\t\t<div class=\"elementor-widget-container\">\n\t\t\t\t\t\t\t\t\t<p class=\"p1\" style=\"text-align: center;\">Tr\u00e9sorier adjoint<br \/><strong>DUVAL-EHRENFELD Nicole<\/strong><br \/>Officinal<\/p>\t\t\t\t\t\t\t\t<\/div>\n\t\t\t\t<\/div>\n\t\t\t\t\t<\/div>\n\t\t<\/div>\n\t\t\t\t<div class=\"elementor-column elementor-col-33 elementor-top-column elementor-element elementor-element-b0022f2\" data-id=\"b0022f2\" data-element_type=\"column\">\n\t\t\t<div class=\"elementor-widget-wrap elementor-element-populated\">\n\t\t\t\t\t\t<div class=\"elementor-element elementor-element-2537d97 elementor-widget elementor-widget-text-editor\" data-id=\"2537d97\" data-element_type=\"widget\" data-widget_type=\"text-editor.default\">\n\t\t\t\t<div class=\"elementor-widget-container\">\n\t\t\t\t\t\t\t\t\t<p class=\"p1\" style=\"text-align: center;\">Secr\u00e9taire<br \/><strong>WILCKE Christophe<\/strong><br \/>Officinal<\/p>\t\t\t\t\t\t\t\t<\/div>\n\t\t\t\t<\/div>\n\t\t\t\t\t<\/div>\n\t\t<\/div>\n\t\t\t\t<div class=\"elementor-column elementor-col-33 elementor-top-column elementor-element elementor-element-9241b0e\" data-id=\"9241b0e\" data-element_type=\"column\">\n\t\t\t<div class=\"elementor-widget-wrap elementor-element-populated\">\n\t\t\t\t\t\t<div class=\"elementor-element elementor-element-21d5ccc elementor-widget elementor-widget-text-editor\" data-id=\"21d5ccc\" data-element_type=\"widget\" data-widget_type=\"text-editor.default\">\n\t\t\t\t<div class=\"elementor-widget-container\">\n\t\t\t\t\t\t\t\t\t<p class=\"p1\" style=\"text-align: center;\">Membre de droit<br \/><strong>DUVAL Rapha\u00ebl<\/strong><br \/>Enseignant<br \/>Doyen de la Facult\u00e9<\/p>\t\t\t\t\t\t\t\t<\/div>\n\t\t\t\t<\/div>\n\t\t\t\t\t<\/div>\n\t\t<\/div>\n\t\t\t\t\t<\/div>\n\t\t<\/section>\n\t\t\t\t<section class=\"elementor-section elementor-top-section elementor-element elementor-element-22390c2 elementor-section-boxed elementor-section-height-default elementor-section-height-default\" data-id=\"22390c2\" data-element_type=\"section\">\n\t\t\t\t\t\t<div class=\"elementor-container elementor-column-gap-default\">\n\t\t\t\t\t<div class=\"elementor-column elementor-col-33 elementor-top-column elementor-element elementor-element-91b38a2\" data-id=\"91b38a2\" data-element_type=\"column\">\n\t\t\t<div class=\"elementor-widget-wrap elementor-element-populated\">\n\t\t\t\t\t\t<div class=\"elementor-element elementor-element-f1d5d14 elementor-widget elementor-widget-image\" data-id=\"f1d5d14\" data-element_type=\"widget\" data-widget_type=\"image.default\">\n\t\t\t\t<div class=\"elementor-widget-container\">\n\t\t\t\t\t\t\t\t\t\t\t\t\t\t\t<img decoding=\"async\" width=\"194\" height=\"194\" src=\"https:\/\/cpcms.fr\/associations\/nancy\/wp-content\/uploads\/2023\/03\/Pharmacien-04.png\" class=\"attachment-large size-large wp-image-93\" alt=\"\" srcset=\"https:\/\/cpcms.fr\/associations\/nancy\/wp-content\/uploads\/2023\/03\/Pharmacien-04.png 194w, https:\/\/cpcms.fr\/associations\/nancy\/wp-content\/uploads\/2023\/03\/Pharmacien-04-150x150.png 150w\" sizes=\"(max-width: 194px) 100vw, 194px\" \/>\t\t\t\t\t\t\t\t\t\t\t\t\t\t\t<\/div>\n\t\t\t\t<\/div>\n\t\t\t\t\t<\/div>\n\t\t<\/div>\n\t\t\t\t<div class=\"elementor-column elementor-col-33 elementor-top-column elementor-element elementor-element-73a5f76\" data-id=\"73a5f76\" data-element_type=\"column\">\n\t\t\t<div class=\"elementor-widget-wrap elementor-element-populated\">\n\t\t\t\t\t\t<div class=\"elementor-element elementor-element-46350da elementor-widget elementor-widget-image\" data-id=\"46350da\" data-element_type=\"widget\" data-widget_type=\"image.default\">\n\t\t\t\t<div class=\"elementor-widget-container\">\n\t\t\t\t\t\t\t\t\t\t\t\t\t\t\t<img loading=\"lazy\" decoding=\"async\" width=\"194\" height=\"194\" src=\"https:\/\/cpcms.fr\/associations\/nancy\/wp-content\/uploads\/2023\/03\/Pharmacienne-03.png\" class=\"attachment-large size-large wp-image-96\" alt=\"\" srcset=\"https:\/\/cpcms.fr\/associations\/nancy\/wp-content\/uploads\/2023\/03\/Pharmacienne-03.png 194w, https:\/\/cpcms.fr\/associations\/nancy\/wp-content\/uploads\/2023\/03\/Pharmacienne-03-150x150.png 150w\" sizes=\"(max-width: 194px) 100vw, 194px\" \/>\t\t\t\t\t\t\t\t\t\t\t\t\t\t\t<\/div>\n\t\t\t\t<\/div>\n\t\t\t\t\t<\/div>\n\t\t<\/div>\n\t\t\t\t<div class=\"elementor-column elementor-col-33 elementor-top-column elementor-element elementor-element-be8cc93\" data-id=\"be8cc93\" data-element_type=\"column\">\n\t\t\t<div class=\"elementor-widget-wrap elementor-element-populated\">\n\t\t\t\t\t\t<div class=\"elementor-element elementor-element-00630b5 elementor-widget elementor-widget-image\" data-id=\"00630b5\" data-element_type=\"widget\" data-widget_type=\"image.default\">\n\t\t\t\t<div class=\"elementor-widget-container\">\n\t\t\t\t\t\t\t\t\t\t\t\t\t\t\t<img loading=\"lazy\" decoding=\"async\" width=\"194\" height=\"194\" src=\"https:\/\/cpcms.fr\/associations\/nancy\/wp-content\/uploads\/2023\/03\/Pharmacienne-01.png\" class=\"attachment-large size-large wp-image-94\" alt=\"\" srcset=\"https:\/\/cpcms.fr\/associations\/nancy\/wp-content\/uploads\/2023\/03\/Pharmacienne-01.png 194w, https:\/\/cpcms.fr\/associations\/nancy\/wp-content\/uploads\/2023\/03\/Pharmacienne-01-150x150.png 150w\" sizes=\"(max-width: 194px) 100vw, 194px\" \/>\t\t\t\t\t\t\t\t\t\t\t\t\t\t\t<\/div>\n\t\t\t\t<\/div>\n\t\t\t\t\t<\/div>\n\t\t<\/div>\n\t\t\t\t\t<\/div>\n\t\t<\/section>\n\t\t\t\t<section class=\"elementor-section elementor-top-section elementor-element elementor-element-6943055 elementor-section-boxed elementor-section-height-default elementor-section-height-default\" data-id=\"6943055\" data-element_type=\"section\">\n\t\t\t\t\t\t<div class=\"elementor-container elementor-column-gap-default\">\n\t\t\t\t\t<div class=\"elementor-column elementor-col-33 elementor-top-column elementor-element elementor-element-2d55a07\" data-id=\"2d55a07\" data-element_type=\"column\">\n\t\t\t<div class=\"elementor-widget-wrap elementor-element-populated\">\n\t\t\t\t\t\t<div class=\"elementor-element elementor-element-18018f0 elementor-widget elementor-widget-text-editor\" data-id=\"18018f0\" data-element_type=\"widget\" data-widget_type=\"text-editor.default\">\n\t\t\t\t<div class=\"elementor-widget-container\">\n\t\t\t\t\t\t\t\t\t<p class=\"p1\" style=\"text-align: center;\">Membre de droit<br \/><strong>BARTH Christian<\/strong><br \/>Officinal<br \/>Pr\u00e9sident Conseil de l&rsquo;Ordre des Pharmaciens<\/p>\t\t\t\t\t\t\t\t<\/div>\n\t\t\t\t<\/div>\n\t\t\t\t\t<\/div>\n\t\t<\/div>\n\t\t\t\t<div class=\"elementor-column elementor-col-33 elementor-top-column elementor-element elementor-element-31ef273\" data-id=\"31ef273\" data-element_type=\"column\">\n\t\t\t<div class=\"elementor-widget-wrap elementor-element-populated\">\n\t\t\t\t\t\t<div class=\"elementor-element elementor-element-485c814 elementor-widget elementor-widget-text-editor\" data-id=\"485c814\" data-element_type=\"widget\" data-widget_type=\"text-editor.default\">\n\t\t\t\t<div class=\"elementor-widget-container\">\n\t\t\t\t\t\t\t\t\t<p class=\"p1\" style=\"text-align: center;\">Administrateur<br \/><strong>BASARAN V\u00e9ronique<\/strong><br \/>Officinal<\/p>\t\t\t\t\t\t\t\t<\/div>\n\t\t\t\t<\/div>\n\t\t\t\t\t<\/div>\n\t\t<\/div>\n\t\t\t\t<div class=\"elementor-column elementor-col-33 elementor-top-column elementor-element elementor-element-01c63bd\" data-id=\"01c63bd\" data-element_type=\"column\">\n\t\t\t<div class=\"elementor-widget-wrap elementor-element-populated\">\n\t\t\t\t\t\t<div class=\"elementor-element elementor-element-95562b5 elementor-widget elementor-widget-text-editor\" data-id=\"95562b5\" data-element_type=\"widget\" data-widget_type=\"text-editor.default\">\n\t\t\t\t<div class=\"elementor-widget-container\">\n\t\t\t\t\t\t\t\t\t<p class=\"p1\" style=\"text-align: center;\">Administrateur<br \/><strong>FAIVRE B\u00e9atrice<\/strong><br \/>Enseignant<\/p>\t\t\t\t\t\t\t\t<\/div>\n\t\t\t\t<\/div>\n\t\t\t\t\t<\/div>\n\t\t<\/div>\n\t\t\t\t\t<\/div>\n\t\t<\/section>\n\t\t\t\t<section class=\"elementor-section elementor-top-section elementor-element elementor-element-63f32a9 elementor-section-boxed elementor-section-height-default elementor-section-height-default\" data-id=\"63f32a9\" data-element_type=\"section\">\n\t\t\t\t\t\t<div class=\"elementor-container elementor-column-gap-default\">\n\t\t\t\t\t<div class=\"elementor-column elementor-col-33 elementor-top-column elementor-element elementor-element-9cec83a\" data-id=\"9cec83a\" data-element_type=\"column\">\n\t\t\t<div class=\"elementor-widget-wrap elementor-element-populated\">\n\t\t\t\t\t\t<div class=\"elementor-element elementor-element-2bfc53a elementor-widget elementor-widget-image\" data-id=\"2bfc53a\" data-element_type=\"widget\" data-widget_type=\"image.default\">\n\t\t\t\t<div class=\"elementor-widget-container\">\n\t\t\t\t\t\t\t\t\t\t\t\t\t\t\t<img loading=\"lazy\" decoding=\"async\" width=\"194\" height=\"194\" src=\"https:\/\/cpcms.fr\/associations\/nancy\/wp-content\/uploads\/2023\/03\/Pharmacienne-04.png\" class=\"attachment-large size-large wp-image-97\" alt=\"\" srcset=\"https:\/\/cpcms.fr\/associations\/nancy\/wp-content\/uploads\/2023\/03\/Pharmacienne-04.png 194w, https:\/\/cpcms.fr\/associations\/nancy\/wp-content\/uploads\/2023\/03\/Pharmacienne-04-150x150.png 150w\" sizes=\"(max-width: 194px) 100vw, 194px\" \/>\t\t\t\t\t\t\t\t\t\t\t\t\t\t\t<\/div>\n\t\t\t\t<\/div>\n\t\t\t\t\t<\/div>\n\t\t<\/div>\n\t\t\t\t<div class=\"elementor-column elementor-col-33 elementor-top-column elementor-element elementor-element-a924aea\" data-id=\"a924aea\" data-element_type=\"column\">\n\t\t\t<div class=\"elementor-widget-wrap elementor-element-populated\">\n\t\t\t\t\t\t<div class=\"elementor-element elementor-element-33496a0 elementor-widget elementor-widget-image\" data-id=\"33496a0\" data-element_type=\"widget\" data-widget_type=\"image.default\">\n\t\t\t\t<div class=\"elementor-widget-container\">\n\t\t\t\t\t\t\t\t\t\t\t\t\t\t\t<img loading=\"lazy\" decoding=\"async\" width=\"194\" height=\"194\" src=\"https:\/\/cpcms.fr\/associations\/nancy\/wp-content\/uploads\/2023\/03\/Pharmacienne-02.png\" class=\"attachment-large size-large wp-image-95\" alt=\"\" srcset=\"https:\/\/cpcms.fr\/associations\/nancy\/wp-content\/uploads\/2023\/03\/Pharmacienne-02.png 194w, https:\/\/cpcms.fr\/associations\/nancy\/wp-content\/uploads\/2023\/03\/Pharmacienne-02-150x150.png 150w\" sizes=\"(max-width: 194px) 100vw, 194px\" \/>\t\t\t\t\t\t\t\t\t\t\t\t\t\t\t<\/div>\n\t\t\t\t<\/div>\n\t\t\t\t\t<\/div>\n\t\t<\/div>\n\t\t\t\t<div class=\"elementor-column elementor-col-33 elementor-top-column elementor-element elementor-element-29b0c4f\" data-id=\"29b0c4f\" data-element_type=\"column\">\n\t\t\t<div class=\"elementor-widget-wrap elementor-element-populated\">\n\t\t\t\t\t\t<div class=\"elementor-element elementor-element-3d2b425 elementor-widget elementor-widget-image\" data-id=\"3d2b425\" data-element_type=\"widget\" data-widget_type=\"image.default\">\n\t\t\t\t<div class=\"elementor-widget-container\">\n\t\t\t\t\t\t\t\t\t\t\t\t\t\t\t<img loading=\"lazy\" decoding=\"async\" width=\"194\" height=\"194\" src=\"https:\/\/cpcms.fr\/associations\/nancy\/wp-content\/uploads\/2023\/03\/Pharmacienne-03.png\" class=\"attachment-large size-large wp-image-96\" alt=\"\" srcset=\"https:\/\/cpcms.fr\/associations\/nancy\/wp-content\/uploads\/2023\/03\/Pharmacienne-03.png 194w, https:\/\/cpcms.fr\/associations\/nancy\/wp-content\/uploads\/2023\/03\/Pharmacienne-03-150x150.png 150w\" sizes=\"(max-width: 194px) 100vw, 194px\" \/>\t\t\t\t\t\t\t\t\t\t\t\t\t\t\t<\/div>\n\t\t\t\t<\/div>\n\t\t\t\t\t<\/div>\n\t\t<\/div>\n\t\t\t\t\t<\/div>\n\t\t<\/section>\n\t\t\t\t<section class=\"elementor-section elementor-top-section elementor-element elementor-element-1226f2b elementor-section-boxed elementor-section-height-default elementor-section-height-default\" data-id=\"1226f2b\" data-element_type=\"section\">\n\t\t\t\t\t\t<div class=\"elementor-container elementor-column-gap-default\">\n\t\t\t\t\t<div class=\"elementor-column elementor-col-33 elementor-top-column elementor-element elementor-element-f372b10\" data-id=\"f372b10\" data-element_type=\"column\">\n\t\t\t<div class=\"elementor-widget-wrap elementor-element-populated\">\n\t\t\t\t\t\t<div class=\"elementor-element elementor-element-08d57de elementor-widget elementor-widget-text-editor\" data-id=\"08d57de\" data-element_type=\"widget\" data-widget_type=\"text-editor.default\">\n\t\t\t\t<div class=\"elementor-widget-container\">\n\t\t\t\t\t\t\t\t\t<p class=\"p1\" style=\"text-align: center;\">Administrateur<br \/><strong>JANKOWSKI Anne-Marie<\/strong><br \/>Officinal<\/p>\t\t\t\t\t\t\t\t<\/div>\n\t\t\t\t<\/div>\n\t\t\t\t\t<\/div>\n\t\t<\/div>\n\t\t\t\t<div class=\"elementor-column elementor-col-33 elementor-top-column elementor-element elementor-element-71dd2f3\" data-id=\"71dd2f3\" data-element_type=\"column\">\n\t\t\t<div class=\"elementor-widget-wrap elementor-element-populated\">\n\t\t\t\t\t\t<div class=\"elementor-element elementor-element-02e912d elementor-widget elementor-widget-text-editor\" data-id=\"02e912d\" data-element_type=\"widget\" data-widget_type=\"text-editor.default\">\n\t\t\t\t<div class=\"elementor-widget-container\">\n\t\t\t\t\t\t\t\t\t<p class=\"p1\" style=\"text-align: center;\">Administrateur<br \/><strong>PELTRE Val\u00e9rie<\/strong><br \/>Officinal<\/p>\t\t\t\t\t\t\t\t<\/div>\n\t\t\t\t<\/div>\n\t\t\t\t\t<\/div>\n\t\t<\/div>\n\t\t\t\t<div class=\"elementor-column elementor-col-33 elementor-top-column elementor-element elementor-element-cf9507a\" data-id=\"cf9507a\" data-element_type=\"column\">\n\t\t\t<div class=\"elementor-widget-wrap elementor-element-populated\">\n\t\t\t\t\t\t<div class=\"elementor-element elementor-element-79522b3 elementor-widget elementor-widget-text-editor\" data-id=\"79522b3\" data-element_type=\"widget\" data-widget_type=\"text-editor.default\">\n\t\t\t\t<div class=\"elementor-widget-container\">\n\t\t\t\t\t\t\t\t\t<p class=\"p2\" style=\"text-align: center;\">Administrateur<br \/><strong>PERRIN-SARRADO Caroline<\/strong><br \/>Enseignant<\/p>\t\t\t\t\t\t\t\t<\/div>\n\t\t\t\t<\/div>\n\t\t\t\t\t<\/div>\n\t\t<\/div>\n\t\t\t\t\t<\/div>\n\t\t<\/section>\n\t\t\t\t<\/div>\n\t\t","protected":false},"excerpt":{"rendered":"<p>Pr\u00e9sidentGRAVOULET JulienOfficinal Vice-Pr\u00e9sidentDUPUIS Fran\u00e7oisEnseignant Tr\u00e9sorierSANNER Lo\u00efcOfficinal Tr\u00e9sorier adjointDUVAL-EHRENFELD NicoleOfficinal Secr\u00e9taireWILCKE ChristopheOfficinal Membre de droitDUVAL Rapha\u00eblEnseignantDoyen de la Facult\u00e9 Membre de droitBARTH ChristianOfficinalPr\u00e9sident Conseil de l&rsquo;Ordre des Pharmaciens AdministrateurBASARAN V\u00e9roniqueOfficinal AdministrateurFAIVRE B\u00e9atriceEnseignant AdministrateurJANKOWSKI Anne-MarieOfficinal AdministrateurPELTRE Val\u00e9rieOfficinal AdministrateurPERRIN-SARRADO CarolineEnseignant<\/p>\n","protected":false},"author":1,"featured_media":0,"parent":0,"menu_order":0,"comment_status":"closed","ping_status":"closed","template":"page-templates\/template-pagebuilder-full-width.php","meta":{"footnotes":""},"class_list":["post-18","page","type-page","status-publish","hentry"],"_links":{"self":[{"href":"https:\/\/cpcms.fr\/associations\/nancy\/wp-json\/wp\/v2\/pages\/18","targetHints":{"allow":["GET"]}}],"collection":[{"href":"https:\/\/cpcms.fr\/associations\/nancy\/wp-json\/wp\/v2\/pages"}],"about":[{"href":"https:\/\/cpcms.fr\/associations\/nancy\/wp-json\/wp\/v2\/types\/page"}],"author":[{"embeddable":true,"href":"https:\/\/cpcms.fr\/associations\/nancy\/wp-json\/wp\/v2\/users\/1"}],"replies":[{"embeddable":true,"href":"https:\/\/cpcms.fr\/associations\/nancy\/wp-json\/wp\/v2\/comments?post=18"}],"version-history":[{"count":11,"href":"https:\/\/cpcms.fr\/associations\/nancy\/wp-json\/wp\/v2\/pages\/18\/revisions"}],"predecessor-version":[{"id":234,"href":"https:\/\/cpcms.fr\/associations\/nancy\/wp-json\/wp\/v2\/pages\/18\/revisions\/234"}],"wp:attachment":[{"href":"https:\/\/cpcms.fr\/associations\/nancy\/wp-json\/wp\/v2\/media?parent=18"}],"curies":[{"name":"wp","href":"https:\/\/api.w.org\/{rel}","templated":true}]}}