{"id":24,"date":"2023-03-13T10:47:14","date_gmt":"2023-03-13T09:47:14","guid":{"rendered":"https:\/\/cpcms.fr\/associations\/nancy\/?page_id=24"},"modified":"2023-03-23T10:41:52","modified_gmt":"2023-03-23T09:41:52","slug":"qui-sommes-nous","status":"publish","type":"page","link":"https:\/\/cpcms.fr\/associations\/nancy\/","title":{"rendered":"Qui sommes-nous"},"content":{"rendered":"\t\t<div data-elementor-type=\"wp-page\" data-elementor-id=\"24\" class=\"elementor elementor-24\" data-elementor-post-type=\"page\">\n\t\t\t\t\t\t<section class=\"elementor-section elementor-top-section elementor-element elementor-element-0c6aa1c elementor-section-boxed elementor-section-height-default elementor-section-height-default\" data-id=\"0c6aa1c\" data-element_type=\"section\">\n\t\t\t\t\t\t<div class=\"elementor-container elementor-column-gap-default\">\n\t\t\t\t\t<div class=\"elementor-column elementor-col-33 elementor-top-column elementor-element elementor-element-8fd40eb\" data-id=\"8fd40eb\" data-element_type=\"column\">\n\t\t\t<div class=\"elementor-widget-wrap elementor-element-populated\">\n\t\t\t\t\t\t<div class=\"elementor-element elementor-element-8778114 elementor-widget elementor-widget-sidebar\" data-id=\"8778114\" data-element_type=\"widget\" data-widget_type=\"sidebar.default\">\n\t\t\t\t<div class=\"elementor-widget-container\">\n\t\t\t\t\t<div id=\"custom_html-3\" class=\"widget_text widget widget_custom_html\"><div class=\"textwidget custom-html-widget\"><\/div><\/div><div id=\"search-2\" class=\"widget widget_search\"><form role=\"search\" method=\"get\" class=\"search-form\" action=\"https:\/\/cpcms.fr\/associations\/nancy\/\">\n\t\t\t\t<label>\n\t\t\t\t\t<span class=\"screen-reader-text\">Rechercher\u00a0:<\/span>\n\t\t\t\t\t<input type=\"search\" class=\"search-field\" placeholder=\"Rechercher\u2026\" value=\"\" name=\"s\" \/>\n\t\t\t\t<\/label>\n\t\t\t\t<input type=\"submit\" class=\"search-submit\" value=\"Rechercher\" \/>\n\t\t\t<\/form><\/div><div id=\"custom_html-2\" class=\"widget_text widget widget_custom_html\"><h5>Adh\u00e9rer \u00e0 l&rsquo;association !<\/h5><div class=\"textwidget custom-html-widget\"><iframe id=\"haWidget\" allowtransparency=\"true\" src=\"https:\/\/www.helloasso.com\/associations\/pharmastage-lorraine\/adhesions\/adhesion-pharmastage-2026\/widget-vignette\" style=\"width: 100%; height: 580px; border: none;\"><\/iframe><\/div><\/div><div id=\"custom_html-4\" class=\"widget_text widget widget_custom_html\"><h5>Partenaires :<\/h5><div class=\"textwidget custom-html-widget\"><div><span style=\"font-family: Calibri,sans-serif; font-size: small;\"><span>\u00a0<\/span><\/span><\/div>\r\n<div><span style=\"font-family: Calibri,sans-serif; font-size: small;\"><span><a href=\"https:\/\/pharma.univ-lorraine.fr\/\" target=\"_blank\" rel=\"noopener noreferrer\">ACCUEIL - FACULT\u00c9 DE PHARMACIE DE NANCY (univ-lorraine.fr)<\/a><\/span><\/span><\/div>\r\n<div><span style=\"font-family: Calibri,sans-serif; font-size: small;\"><span><a href=\"https:\/\/cpcms.fr\/\" target=\"_blank\" rel=\"noopener noreferrer\">Coll\u00e8ge des Pharmaciens Conseillers et Ma\u00eetres de Stage (cpcms.fr)<\/a><\/span><\/span><\/div>\r\n<div><span style=\"font-family: Calibri,sans-serif; font-size: small;\"><span><a href=\"https:\/\/www.urpspharmaciensgrandest.fr\/\" target=\"_blank\" rel=\"noopener noreferrer\">URPS Grand Est - Association Pharmaciens Grand Est (urpspharmaciensgrandest.fr)<\/a><\/span><\/span><\/div>\r\n<div><span style=\"font-family: Calibri,sans-serif; font-size: small;\"><span><a href=\"http:\/\/goldowag.o2switch.net\/amyphar.org\/joomla30\/\" target=\"_blank\" rel=\"noopener noreferrer\">Associations des MYcologues PHARmaciens AMYPHAR<\/a><\/span><\/span><\/div><\/div><\/div>\t\t\t\t<\/div>\n\t\t\t\t<\/div>\n\t\t\t\t\t<\/div>\n\t\t<\/div>\n\t\t\t\t<div class=\"elementor-column elementor-col-66 elementor-top-column elementor-element elementor-element-63fa0cb\" data-id=\"63fa0cb\" data-element_type=\"column\">\n\t\t\t<div class=\"elementor-widget-wrap elementor-element-populated\">\n\t\t\t\t\t\t<div class=\"elementor-element elementor-element-b124b60 elementor-widget elementor-widget-image\" data-id=\"b124b60\" data-element_type=\"widget\" data-widget_type=\"image.default\">\n\t\t\t\t<div class=\"elementor-widget-container\">\n\t\t\t\t\t\t\t\t\t\t\t\t\t\t\t<img fetchpriority=\"high\" decoding=\"async\" width=\"750\" height=\"334\" src=\"https:\/\/cpcms.fr\/associations\/nancy\/wp-content\/uploads\/2023\/03\/Home-C4.jpg\" class=\"attachment-large size-large wp-image-67\" alt=\"\" srcset=\"https:\/\/cpcms.fr\/associations\/nancy\/wp-content\/uploads\/2023\/03\/Home-C4.jpg 868w, https:\/\/cpcms.fr\/associations\/nancy\/wp-content\/uploads\/2023\/03\/Home-C4-300x133.jpg 300w, https:\/\/cpcms.fr\/associations\/nancy\/wp-content\/uploads\/2023\/03\/Home-C4-768x342.jpg 768w\" sizes=\"(max-width: 750px) 100vw, 750px\" \/>\t\t\t\t\t\t\t\t\t\t\t\t\t\t\t<\/div>\n\t\t\t\t<\/div>\n\t\t\t\t<div class=\"elementor-element elementor-element-8288277 elementor-widget elementor-widget-text-editor\" data-id=\"8288277\" data-element_type=\"widget\" data-widget_type=\"text-editor.default\">\n\t\t\t\t<div class=\"elementor-widget-container\">\n\t\t\t\t\t\t\t\t\t<p>Cr\u00e9\u00e9 le 14 juin 2000, Pharmastage Lorraine est l\u2019association des Pharmaciens Conseillers et Ma\u00eetres de Stage Agr\u00e9\u00e9s de Lorraine.<\/p><p>Cette Association a pour but :<\/p><ol><li>d\u2019\u00e9tudier toutes questions int\u00e9ressant les stages en pharmacie, leur organisation, leur<br \/>perfectionnement, et de formuler des propositions ou des voeux en ce sens<\/li><li>de d\u00e9fendre les int\u00e9r\u00eats de ses membres (en ce qu\u2019ils tiennent aux questions de stage)<br \/>et de les repr\u00e9senter aupr\u00e8s des Pouvoirs Publics, Universit\u00e9s, Ordre des Pharmaciens,<br \/>Groupements et Associations professionnelles ou Administrations<\/li><li>d\u2019aider \u00e0 la formation professionnelle des \u00e9tudiants stagiaires par l&rsquo;organisation<br \/>d&rsquo;examens techniques, l&rsquo;attribution de r\u00e9compenses et toutes autres mesures pouvant se<br \/>rapporter \u00e0 l&rsquo;enseignement ou \u00e0 la pratique des stages<\/li><li>de participer \u00e0 l\u2019enseignement post-universitaire des pharmaciens, dans le cadre de la<br \/>formation continue ou de toute Association dont le but est le perfectionnement de la<br \/>formation des pharmaciens<\/li><\/ol>\t\t\t\t\t\t\t\t<\/div>\n\t\t\t\t<\/div>\n\t\t\t\t\t<\/div>\n\t\t<\/div>\n\t\t\t\t\t<\/div>\n\t\t<\/section>\n\t\t\t\t<\/div>\n\t\t","protected":false},"excerpt":{"rendered":"<p>Cr\u00e9\u00e9 le 14 juin 2000, Pharmastage Lorraine est l\u2019association des Pharmaciens Conseillers et Ma\u00eetres de Stage Agr\u00e9\u00e9s de Lorraine. Cette Association a pour but : d\u2019\u00e9tudier toutes questions int\u00e9ressant les stages en pharmacie, leur organisation, leurperfectionnement, et de formuler des propositions ou des voeux en ce sens de d\u00e9fendre les [&hellip;]<\/p>\n","protected":false},"author":1,"featured_media":0,"parent":0,"menu_order":0,"comment_status":"closed","ping_status":"closed","template":"page-templates\/template-pagebuilder-full-width.php","meta":{"footnotes":""},"class_list":["post-24","page","type-page","status-publish","hentry"],"_links":{"self":[{"href":"https:\/\/cpcms.fr\/associations\/nancy\/wp-json\/wp\/v2\/pages\/24","targetHints":{"allow":["GET"]}}],"collection":[{"href":"https:\/\/cpcms.fr\/associations\/nancy\/wp-json\/wp\/v2\/pages"}],"about":[{"href":"https:\/\/cpcms.fr\/associations\/nancy\/wp-json\/wp\/v2\/types\/page"}],"author":[{"embeddable":true,"href":"https:\/\/cpcms.fr\/associations\/nancy\/wp-json\/wp\/v2\/users\/1"}],"replies":[{"embeddable":true,"href":"https:\/\/cpcms.fr\/associations\/nancy\/wp-json\/wp\/v2\/comments?post=24"}],"version-history":[{"count":22,"href":"https:\/\/cpcms.fr\/associations\/nancy\/wp-json\/wp\/v2\/pages\/24\/revisions"}],"predecessor-version":[{"id":165,"href":"https:\/\/cpcms.fr\/associations\/nancy\/wp-json\/wp\/v2\/pages\/24\/revisions\/165"}],"wp:attachment":[{"href":"https:\/\/cpcms.fr\/associations\/nancy\/wp-json\/wp\/v2\/media?parent=24"}],"curies":[{"name":"wp","href":"https:\/\/api.w.org\/{rel}","templated":true}]}}