{"id":28,"date":"2023-03-13T10:47:33","date_gmt":"2023-03-13T09:47:33","guid":{"rendered":"https:\/\/cpcms.fr\/associations\/nancy\/?page_id=28"},"modified":"2024-04-01T16:41:01","modified_gmt":"2024-04-01T14:41:01","slug":"statuts-ri","status":"publish","type":"page","link":"https:\/\/cpcms.fr\/associations\/nancy\/statuts-ri\/","title":{"rendered":"Statuts\/RI"},"content":{"rendered":"\t\t<div data-elementor-type=\"wp-page\" data-elementor-id=\"28\" class=\"elementor elementor-28\" data-elementor-post-type=\"page\">\n\t\t\t\t\t\t<section class=\"elementor-section elementor-top-section elementor-element elementor-element-0eafdf6 elementor-section-boxed elementor-section-height-default elementor-section-height-default\" data-id=\"0eafdf6\" data-element_type=\"section\">\n\t\t\t\t\t\t<div class=\"elementor-container elementor-column-gap-default\">\n\t\t\t\t\t<div class=\"elementor-column elementor-col-33 elementor-top-column elementor-element elementor-element-d831520\" data-id=\"d831520\" data-element_type=\"column\">\n\t\t\t<div class=\"elementor-widget-wrap elementor-element-populated\">\n\t\t\t\t\t\t<div class=\"elementor-element elementor-element-62b3109 elementor-widget elementor-widget-sidebar\" data-id=\"62b3109\" data-element_type=\"widget\" data-widget_type=\"sidebar.default\">\n\t\t\t\t<div class=\"elementor-widget-container\">\n\t\t\t\t\t<div id=\"custom_html-3\" class=\"widget_text widget widget_custom_html\"><div class=\"textwidget custom-html-widget\"><\/div><\/div><div id=\"search-2\" class=\"widget widget_search\"><form role=\"search\" method=\"get\" class=\"search-form\" action=\"https:\/\/cpcms.fr\/associations\/nancy\/\">\n\t\t\t\t<label>\n\t\t\t\t\t<span class=\"screen-reader-text\">Rechercher\u00a0:<\/span>\n\t\t\t\t\t<input type=\"search\" class=\"search-field\" placeholder=\"Rechercher\u2026\" value=\"\" name=\"s\" \/>\n\t\t\t\t<\/label>\n\t\t\t\t<input type=\"submit\" class=\"search-submit\" value=\"Rechercher\" \/>\n\t\t\t<\/form><\/div><div id=\"custom_html-2\" class=\"widget_text widget widget_custom_html\"><h5>Adh\u00e9rer \u00e0 l&rsquo;association !<\/h5><div class=\"textwidget custom-html-widget\"><iframe id=\"haWidget\" allowtransparency=\"true\" src=\"https:\/\/www.helloasso.com\/associations\/pharmastage-lorraine\/adhesions\/adhesion-pharmastage-2026\/widget-vignette\" style=\"width: 100%; height: 580px; border: none;\"><\/iframe><\/div><\/div><div id=\"custom_html-4\" class=\"widget_text widget widget_custom_html\"><h5>Partenaires :<\/h5><div class=\"textwidget custom-html-widget\"><div><span style=\"font-family: Calibri,sans-serif; font-size: small;\"><span>\u00a0<\/span><\/span><\/div>\r\n<div><span style=\"font-family: Calibri,sans-serif; font-size: small;\"><span><a href=\"https:\/\/pharma.univ-lorraine.fr\/\" target=\"_blank\" rel=\"noopener noreferrer\">ACCUEIL - FACULT\u00c9 DE PHARMACIE DE NANCY (univ-lorraine.fr)<\/a><\/span><\/span><\/div>\r\n<div><span style=\"font-family: Calibri,sans-serif; font-size: small;\"><span><a href=\"https:\/\/cpcms.fr\/\" target=\"_blank\" rel=\"noopener noreferrer\">Coll\u00e8ge des Pharmaciens Conseillers et Ma\u00eetres de Stage (cpcms.fr)<\/a><\/span><\/span><\/div>\r\n<div><span style=\"font-family: Calibri,sans-serif; font-size: small;\"><span><a href=\"https:\/\/www.urpspharmaciensgrandest.fr\/\" target=\"_blank\" rel=\"noopener noreferrer\">URPS Grand Est - Association Pharmaciens Grand Est (urpspharmaciensgrandest.fr)<\/a><\/span><\/span><\/div>\r\n<div><span style=\"font-family: Calibri,sans-serif; font-size: small;\"><span><a href=\"http:\/\/goldowag.o2switch.net\/amyphar.org\/joomla30\/\" target=\"_blank\" rel=\"noopener noreferrer\">Associations des MYcologues PHARmaciens AMYPHAR<\/a><\/span><\/span><\/div><\/div><\/div>\t\t\t\t<\/div>\n\t\t\t\t<\/div>\n\t\t\t\t\t<\/div>\n\t\t<\/div>\n\t\t\t\t<div class=\"elementor-column elementor-col-66 elementor-top-column elementor-element elementor-element-7e6fdd7\" data-id=\"7e6fdd7\" data-element_type=\"column\">\n\t\t\t<div class=\"elementor-widget-wrap elementor-element-populated\">\n\t\t\t\t\t\t<div class=\"elementor-element elementor-element-c9e2aa6 elementor-widget elementor-widget-text-editor\" data-id=\"c9e2aa6\" data-element_type=\"widget\" data-widget_type=\"text-editor.default\">\n\t\t\t\t<div class=\"elementor-widget-container\">\n\t\t\t\t\t\t\t\t\t<p>I. OBJET DE L&rsquo;ASSOCIATION<\/p><p>Article 1 : Sous le nom de PHARMASTAGE LORRAINE, il est fond\u00e9, pr\u00e8s la Facult\u00e9 de<\/p><p>Pharmacie de Nancy, une association en vue de la formation professionnelle des \u00e9tudiants<\/p><p>stagiaires en pharmacie, r\u00e9gie par la loi du l er juillet 1901 et le d\u00e9cret du 16 ao\u00fbt 1901.<\/p><p>Le si\u00e8ge social de l&rsquo;association est fix\u00e9 au si\u00e8ge du Conseil R\u00e9gional de ! &lsquo;Ordre des<\/p><p>Pharmaciens de La R\u00e9gion Grand Est, 8 rue Victor Hugo &#8211; 54000 Nancy et peut \u00eatre transf\u00e9r\u00e9<\/p><p>en tout autre lieu sur d\u00e9cision du bureau.<\/p><p>Article 2 : Cette Association a pour but :<\/p><p>1. d&rsquo;\u00e9tudier toutes questions int\u00e9ressant les stages en pharmacie, leur organisation, leur<\/p><p>perfectionnement, et de formuler des propositions ou des voeux en ce sens<\/p><p>2. de d\u00e9fendre les int\u00e9r\u00eats de ses membres (en ce qu&rsquo;ils tiennent aux questions de stage)<\/p><p>et de les repr\u00e9senter aupr\u00e8s des Pouvoirs Publics, Universit\u00e9s, Ordre des Pharmaciens,<\/p><p>Groupements et Associations professionnelles ou Administrations<\/p><p>3. d&rsquo;aider \u00e0 la formation professionnelle des \u00e9tudiants stagiaires par l&rsquo;organisation<\/p><p>d&rsquo;examens techniques, l&rsquo;attribution de r\u00e9compenses et toutes autres mesures pouvant se<\/p><p>rapporter \u00e0 l&rsquo;enseignement ou \u00e0 la pratique des stages<\/p><p>4. de participer \u00e0 l&rsquo;enseignement post-universitaire des pharmaciens, dans le cadre de la<\/p><p>formation continue ou de toute Association dont le but est le perfectionnement de la<\/p><p>formation des pharmaciens<\/p><p>II. CONDITIONS D&rsquo;ADMISSION<\/p><p>Tout pharmacien officinal, hospitalier ou r\u00e9partiteur exer\u00e7ant en Lorraine, agr\u00e9\u00e9 dans le<\/p><p>ressort de la Facult\u00e9 de Pharmacie de Nancy, peut \u00eatre admis de plein droit au titre de membre actif,<\/p><p>de m\u00eame que tout enseignant ayant qualit\u00e9 de conseiller de stage.<\/p><p>Les pharmaciens non agr\u00e9\u00e9s, officinaux, enseignants ou autres, ou n&rsquo;exer\u00e7an~ plus la<\/p><p>profession, les Facult\u00e9s de Pharmacie, les soci\u00e9t\u00e9s commerciales, ind~strielles ou profess10nnelles,<\/p><p>les groupements divers, peuvent \u00eatre admis au titre de membres honoraires.<\/p><p>Les cotisations des membres actifs et honoraires sont fix\u00e9es chaque ann\u00e9e par l&rsquo;association<\/p><p>lors de l&rsquo;Assembl\u00e9e G\u00e9n\u00e9rale, sur proposition du bureau.<\/p><p>III. PERTE DE LA QUALITE DE MEMBRE<\/p><p>III. l. par lettre de d\u00e9mission adress\u00e9e au Pr\u00e9sident.<\/p><p>III.2. par exclusion constat\u00e9e par l&rsquo;Assembl\u00e9e G\u00e9n\u00e9rale pour les motifs suivants :<\/p><p>ID.2.1. refus de paiement de la cotisation annuelle, 15 jours au moins apr\u00e8s une mise en<\/p><p>demeure infructueuse adress\u00e9e \u00e0 l&rsquo;int\u00e9ress\u00e9 par lettre recommand\u00e9e avec accus\u00e9<\/p><p>de r\u00e9ception.<\/p><p>III.2.2. r\u00e9vocation de l&rsquo;agr\u00e9ment de ma\u00eetre de stage.<\/p><p>III.2.3. motif grave de l&rsquo;int\u00e9ress\u00e9 ayant \u00e9t\u00e9 invit\u00e9, par lettre recommand\u00e9e, \u00e0 se pr\u00e9senter<\/p><p>devant le bureau pour fournir des explications.<\/p><p>IV. FONDS DE L&rsquo;ASSOCIATION<\/p><p>Les fonds de l&rsquo;Association ( cotisations, subventions et dons) sont employ\u00e9s aux frais<\/p><p>d&rsquo;administration, convocations, propagande, aux r\u00e9compenses (p1ix de stage) et g\u00e9n\u00e9ralement \u00e0<\/p><p>toutes mesures rentrant dans l&rsquo;objet propre de l&rsquo;Association.<\/p><p>Le Tr\u00e9sorier les emploie, en accord avec le Pr\u00e9sident et fait approuver ses comptes au moins<\/p><p>une fois par an, lors de l&rsquo;Assembl\u00e9e de l&rsquo;Association pr\u00e9vue par les pr\u00e9sents statuts.<\/p><p>V. ADMINISTRATION DE L&rsquo;ASSOCIATION<\/p><p>L&rsquo;Association est dirig\u00e9e par un Conseil &lt;l&rsquo;Administration de 20 membres au maximum, \u00e9lus<\/p><p>par l&rsquo;Assembl\u00e9e G\u00e9n\u00e9rale parmi les membres de l&rsquo;Association, pour une dur\u00e9e de trois ans et<\/p><p>r\u00e9\u00e9ligibles, et par trois membres de droit.<\/p><p>Sont membres de droit du Conseil d&rsquo; Administration :<\/p><p>1. Le Doyen de la Facult\u00e9 de Pharmacie , ou son repr\u00e9sentant, Conseiller de stage qu&rsquo;il<\/p><p>d\u00e9signe<\/p><p>2. Le Pr\u00e9sident du Conseil R\u00e9gional de l&rsquo;Ordre ou son repr\u00e9sentant qu&rsquo;il d\u00e9signe<\/p><p>3. Le Pr\u00e9sident de la Commission des stages<\/p><p>Le Conseil d&rsquo; Administration choisit parmi ses membres un Bureau comprenant :<\/p><p>* un Pr\u00e9sident<\/p><p>* un Vice-Pr\u00e9sident<\/p><p>* un Secr\u00e9taire<\/p><p>* un Tr\u00e9sorier<\/p><p>* le cas \u00e9ch\u00e9ant, un Secr\u00e9taire-Adjoint, un Tr\u00e9sorier-Adjoint<\/p><p>Le Conseil &lt;l&rsquo;Administration peut \u00e9tablir un r\u00e8glement int\u00e9rieur, fixant divers points non<\/p><p>pr\u00e9vus par les statuts, notamment ceux qui concernent l&rsquo;administration interne de l&rsquo;Association.<\/p><p>L&rsquo;Assembl\u00e9e G\u00e9n\u00e9rale se r\u00e9unit au moins une fois par an, sur convocation du Pr\u00e9sident.<\/p><p>Si besoin est, ou sur demande d&rsquo;un tiers au moins des membres de l&rsquo;Association, le Pr\u00e9sident<\/p><p>convoque une Assembl\u00e9e G\u00e9n\u00e9rale Extraordinaire.<\/p><p>VI. REUNIONS<\/p><p>Pour toutes les Assembl\u00e9es, les convocations doivent \u00eatre envoy\u00e9es au moins huit jours \u00e0<\/p><p>l&rsquo;avance en mentionnant l&rsquo;ordre du jour.<\/p><p>En outre, toute proposition portant la signature d&rsquo;au moins 1\/5 des membres et remise au<\/p><p>Pr\u00e9sident ou \u00e0 son repr\u00e9sentant au moins 4 jours avant la r\u00e9union, devra \u00eatre soumise \u00e0 l&rsquo;Assembl\u00e9e.<\/p><p>Tout membre peut recevoir des pouvoirs \u00e9mis par d&rsquo;autres membres en vue d&rsquo;\u00eatre repr\u00e9sent\u00e9s<\/p><p>aux Assembl\u00e9es, sans que le nombre de voix dont il dispose en tant que mandataire puisse \u00eatre<\/p><p>sup\u00e9rieur \u00e0 3.<\/p><p>L&rsquo;Association se r\u00e9unit obligatoirement en Assembl\u00e9e G\u00e9n\u00e9rale Ordinaire chaque fois que le<\/p><p>bureau le jugera n\u00e9cessaire, mais au moins une fois par an.<\/p><p>Sur demande du bureau ou du tiers des membres inscrits, le Pr\u00e9sident doit convoquer les<\/p><p>adh\u00e9rents en Assembl\u00e9e G\u00e9n\u00e9rale Extraordinaire.<\/p><p>Afin de pouvoir d\u00e9lib\u00e9rer, les Assembl\u00e9es doivent r\u00e9unir le quart au moins des membres<\/p><p>inscrits. Si ce quorum n&rsquo;\u00e9tait pas atteint, l&rsquo;Assembl\u00e9e serait convoqu\u00e9e de nouveau et pourrait<\/p><p>d\u00e9lib\u00e9rer quel que soit le nombre de membres pr\u00e9sents ou repr\u00e9sent\u00e9s.<\/p><p>Le scrutin secret est de droit si un membre le demande.<\/p><p>Les d\u00e9lib\u00e9rations des assembl\u00e9es sont consign\u00e9es sur un registre sign\u00e9 par le Pr\u00e9sident et un<\/p><p>membre du bureau.<\/p><p>Dans tous les cas, les d\u00e9lib\u00e9rations sont prises \u00e0 la majorit\u00e9 absolue des membres pr\u00e9sents ou<\/p><p>repr\u00e9sent\u00e9s.<\/p><p>Les fonds de l&rsquo;Association sont employ\u00e9s par le Tr\u00e9sorier (en accord avec le Pr\u00e9sident) qui fait<\/p><p>approuver ses comptes une fois par an, lors de l&rsquo;Assembl\u00e9e G\u00e9n\u00e9rale.<\/p><p>VII. DISSOLUTION DE L&rsquo;ASSOCIATION<\/p><p>La dissolution de l&rsquo;Association, comme toute modification des statuts, ne peut \u00eatre prononc\u00e9e<\/p><p>que par les trois quarts des membres pr\u00e9sents ou repr\u00e9sent\u00e9s d&rsquo;une Assembl\u00e9e G\u00e9n\u00e9rale<\/p><p>Extraordinaire qui devra r\u00e9unir la moiti\u00e9 plus un des membres inscrits.<\/p><p>Si cette derni\u00e8re condition n&rsquo;\u00e9tait pas remplie, une deuxi\u00e8me convocation serait alors adress\u00e9e<\/p><p>et l&rsquo;Assembl\u00e9e d\u00e9lib\u00e9rerait quel que soit le nombre des membres pr\u00e9sents et la dissolution pourrait<\/p><p>\u00eatre prononc\u00e9e \u00e0 la majorit\u00e9 des membres pr\u00e9sents ou repr\u00e9sent\u00e9s.<\/p><p>A l&rsquo;issue de l&rsquo;Assembl\u00e9e G\u00e9n\u00e9rale Extraordinaire, un ou plusieurs liquidateurs sont nomm\u00e9s<\/p><p>par celle-ci et l&rsquo;actif, s&rsquo;il y a lieu, est d\u00e9volu \u00e0 l&rsquo;Association ou, \u00e0 d\u00e9faut, \u00e0 une Association<\/p><p>poursuivant un objet similaire.<\/p><p>VII. REGLEMENT INTERIEUR<\/p><p>Un r\u00e8glement int\u00e9rieur approuv\u00e9 par l&rsquo;Assembl\u00e9e G\u00e9n\u00e9rale pourra d\u00e9terniner les d\u00e9tails<\/p><p>d&rsquo;ex\u00e9cution des statuts.<\/p><p>Statuts adopt\u00e9s \u00e0 l&rsquo;assembl\u00e9e g\u00e9n\u00e9rale extraordinaire de l&rsquo;Association le 06 avril 2021<\/p><p>Fran\u00e7ois DUPUIS, Vice-Pr\u00e9sident Julien GRAVOULET Pr\u00e9sident<\/p>\t\t\t\t\t\t\t\t<\/div>\n\t\t\t\t<\/div>\n\t\t\t\t\t<\/div>\n\t\t<\/div>\n\t\t\t\t\t<\/div>\n\t\t<\/section>\n\t\t\t\t<\/div>\n\t\t","protected":false},"excerpt":{"rendered":"<p>I. OBJET DE L&rsquo;ASSOCIATION Article 1 : Sous le nom de PHARMASTAGE LORRAINE, il est fond\u00e9, pr\u00e8s la Facult\u00e9 de Pharmacie de Nancy, une association en vue de la formation professionnelle des \u00e9tudiants stagiaires en pharmacie, r\u00e9gie par la loi du l er juillet 1901 et le d\u00e9cret du 16 [&hellip;]<\/p>\n","protected":false},"author":1,"featured_media":0,"parent":0,"menu_order":0,"comment_status":"closed","ping_status":"closed","template":"page-templates\/template-pagebuilder-full-width.php","meta":{"footnotes":""},"class_list":["post-28","page","type-page","status-publish","hentry"],"_links":{"self":[{"href":"https:\/\/cpcms.fr\/associations\/nancy\/wp-json\/wp\/v2\/pages\/28","targetHints":{"allow":["GET"]}}],"collection":[{"href":"https:\/\/cpcms.fr\/associations\/nancy\/wp-json\/wp\/v2\/pages"}],"about":[{"href":"https:\/\/cpcms.fr\/associations\/nancy\/wp-json\/wp\/v2\/types\/page"}],"author":[{"embeddable":true,"href":"https:\/\/cpcms.fr\/associations\/nancy\/wp-json\/wp\/v2\/users\/1"}],"replies":[{"embeddable":true,"href":"https:\/\/cpcms.fr\/associations\/nancy\/wp-json\/wp\/v2\/comments?post=28"}],"version-history":[{"count":13,"href":"https:\/\/cpcms.fr\/associations\/nancy\/wp-json\/wp\/v2\/pages\/28\/revisions"}],"predecessor-version":[{"id":251,"href":"https:\/\/cpcms.fr\/associations\/nancy\/wp-json\/wp\/v2\/pages\/28\/revisions\/251"}],"wp:attachment":[{"href":"https:\/\/cpcms.fr\/associations\/nancy\/wp-json\/wp\/v2\/media?parent=28"}],"curies":[{"name":"wp","href":"https:\/\/api.w.org\/{rel}","templated":true}]}}