{"id":234,"date":"2024-02-12T12:20:52","date_gmt":"2024-02-12T11:20:52","guid":{"rendered":"https:\/\/cpcms.fr\/associations\/paris\/?page_id=234"},"modified":"2025-06-25T16:58:49","modified_gmt":"2025-06-25T14:58:49","slug":"elementor-234","status":"publish","type":"page","link":"https:\/\/cpcms.fr\/associations\/paris\/elementor-234\/","title":{"rendered":"STAGES 2026"},"content":{"rendered":"\t\t<div data-elementor-type=\"wp-post\" data-elementor-id=\"234\" class=\"elementor elementor-234\" data-elementor-post-type=\"page\">\n\t\t\t\t\t\t<section class=\"elementor-section elementor-top-section elementor-element elementor-element-54191de elementor-section-boxed elementor-section-height-default elementor-section-height-default\" data-id=\"54191de\" data-element_type=\"section\">\n\t\t\t\t\t\t<div class=\"elementor-container elementor-column-gap-default\">\n\t\t\t\t\t<div class=\"elementor-column elementor-col-100 elementor-top-column elementor-element elementor-element-fe29099\" data-id=\"fe29099\" data-element_type=\"column\">\n\t\t\t<div class=\"elementor-widget-wrap elementor-element-populated\">\n\t\t\t\t\t\t<div class=\"elementor-element elementor-element-809c41d elementor-widget elementor-widget-heading\" data-id=\"809c41d\" data-element_type=\"widget\" data-widget_type=\"heading.default\">\n\t\t\t\t<div class=\"elementor-widget-container\">\n\t\t\t<h2 class=\"elementor-heading-title elementor-size-default\">STAGES 2026<\/h2>\t\t<\/div>\n\t\t\t\t<\/div>\n\t\t\t\t\t<\/div>\n\t\t<\/div>\n\t\t\t\t\t<\/div>\n\t\t<\/section>\n\t\t\t\t<section class=\"elementor-section elementor-top-section elementor-element elementor-element-d1aaafa elementor-section-boxed elementor-section-height-default elementor-section-height-default\" data-id=\"d1aaafa\" data-element_type=\"section\">\n\t\t\t\t\t\t<div class=\"elementor-container elementor-column-gap-default\">\n\t\t\t\t\t<div class=\"elementor-column elementor-col-33 elementor-top-column elementor-element elementor-element-f6a1d4f\" data-id=\"f6a1d4f\" data-element_type=\"column\">\n\t\t\t<div class=\"elementor-widget-wrap elementor-element-populated\">\n\t\t\t\t\t\t<div class=\"elementor-element elementor-element-de6dc7d elementor-widget elementor-widget-image\" data-id=\"de6dc7d\" data-element_type=\"widget\" data-widget_type=\"image.default\">\n\t\t\t\t<div class=\"elementor-widget-container\">\n\t\t\t\t\t\t\t\t\t\t\t\t\t<img decoding=\"async\" width=\"300\" height=\"135\" src=\"https:\/\/cpcms.fr\/associations\/paris\/wp-content\/uploads\/2024\/02\/logo-saclay-300x135.png\" class=\"attachment-medium size-medium wp-image-236\" alt=\"\" srcset=\"https:\/\/cpcms.fr\/associations\/paris\/wp-content\/uploads\/2024\/02\/logo-saclay-300x135.png 300w, https:\/\/cpcms.fr\/associations\/paris\/wp-content\/uploads\/2024\/02\/logo-saclay.png 534w\" sizes=\"(max-width: 300px) 100vw, 300px\" \/>\t\t\t\t\t\t\t\t\t\t\t\t\t<\/div>\n\t\t\t\t<\/div>\n\t\t\t\t\t<\/div>\n\t\t<\/div>\n\t\t\t\t<div class=\"elementor-column elementor-col-33 elementor-top-column elementor-element elementor-element-74f0c35\" data-id=\"74f0c35\" data-element_type=\"column\">\n\t\t\t<div class=\"elementor-widget-wrap elementor-element-populated\">\n\t\t\t\t\t\t<div class=\"elementor-element elementor-element-539ead8 elementor-widget elementor-widget-image\" data-id=\"539ead8\" data-element_type=\"widget\" data-widget_type=\"image.default\">\n\t\t\t\t<div class=\"elementor-widget-container\">\n\t\t\t\t\t\t\t\t\t\t\t\t\t<img fetchpriority=\"high\" decoding=\"async\" width=\"750\" height=\"532\" src=\"https:\/\/cpcms.fr\/associations\/paris\/wp-content\/uploads\/2025\/06\/date-stages-officinaux-25-26-1024x726.png\" class=\"attachment-large size-large wp-image-885\" alt=\"\" srcset=\"https:\/\/cpcms.fr\/associations\/paris\/wp-content\/uploads\/2025\/06\/date-stages-officinaux-25-26-1024x726.png 1024w, https:\/\/cpcms.fr\/associations\/paris\/wp-content\/uploads\/2025\/06\/date-stages-officinaux-25-26-300x213.png 300w, https:\/\/cpcms.fr\/associations\/paris\/wp-content\/uploads\/2025\/06\/date-stages-officinaux-25-26-768x545.png 768w, https:\/\/cpcms.fr\/associations\/paris\/wp-content\/uploads\/2025\/06\/date-stages-officinaux-25-26.png 1087w\" sizes=\"(max-width: 750px) 100vw, 750px\" \/>\t\t\t\t\t\t\t\t\t\t\t\t\t<\/div>\n\t\t\t\t<\/div>\n\t\t\t\t\t<\/div>\n\t\t<\/div>\n\t\t\t\t<div class=\"elementor-column elementor-col-33 elementor-top-column elementor-element elementor-element-bc8c1b4\" data-id=\"bc8c1b4\" data-element_type=\"column\">\n\t\t\t<div class=\"elementor-widget-wrap elementor-element-populated\">\n\t\t\t\t\t\t<div class=\"elementor-element elementor-element-98e344b elementor-widget elementor-widget-image\" data-id=\"98e344b\" data-element_type=\"widget\" data-widget_type=\"image.default\">\n\t\t\t\t<div class=\"elementor-widget-container\">\n\t\t\t\t\t\t\t\t\t\t\t\t\t<img decoding=\"async\" width=\"702\" height=\"221\" src=\"https:\/\/cpcms.fr\/associations\/paris\/wp-content\/uploads\/2024\/02\/logo-UniversiteParisCite_Pharmacie.jpg\" class=\"attachment-large size-large wp-image-237\" alt=\"\" srcset=\"https:\/\/cpcms.fr\/associations\/paris\/wp-content\/uploads\/2024\/02\/logo-UniversiteParisCite_Pharmacie.jpg 702w, https:\/\/cpcms.fr\/associations\/paris\/wp-content\/uploads\/2024\/02\/logo-UniversiteParisCite_Pharmacie-300x94.jpg 300w\" sizes=\"(max-width: 702px) 100vw, 702px\" \/>\t\t\t\t\t\t\t\t\t\t\t\t\t<\/div>\n\t\t\t\t<\/div>\n\t\t\t\t\t<\/div>\n\t\t<\/div>\n\t\t\t\t\t<\/div>\n\t\t<\/section>\n\t\t\t\t<section class=\"elementor-section elementor-top-section elementor-element elementor-element-58c8c7d elementor-section-boxed elementor-section-height-default elementor-section-height-default\" data-id=\"58c8c7d\" data-element_type=\"section\">\n\t\t\t\t\t\t<div class=\"elementor-container elementor-column-gap-default\">\n\t\t\t\t\t<div class=\"elementor-column elementor-col-50 elementor-top-column elementor-element elementor-element-cc03f60\" data-id=\"cc03f60\" data-element_type=\"column\">\n\t\t\t<div class=\"elementor-widget-wrap elementor-element-populated\">\n\t\t\t\t\t\t<div class=\"elementor-element elementor-element-66552fc elementor-widget elementor-widget-text-editor\" data-id=\"66552fc\" data-element_type=\"widget\" data-widget_type=\"text-editor.default\">\n\t\t\t\t<div class=\"elementor-widget-container\">\n\t\t\t\t\t\t\t<h2 class=\"elementor-heading-title elementor-size-default elementor-inline-editing pen\" data-elementor-setting-key=\"title\" contenteditable=\"true\" data-pen-placeholder=\"\u00c9crivez ici...\" style=\"text-align: center;\">extraits de la pr\u00e9sentation aux 6A de Saclay et Cit\u00e9<\/h2>\t\t\t\t\t\t<\/div>\n\t\t\t\t<\/div>\n\t\t\t\t\t<\/div>\n\t\t<\/div>\n\t\t\t\t<div class=\"elementor-column elementor-col-50 elementor-top-column elementor-element elementor-element-88fb67e\" data-id=\"88fb67e\" data-element_type=\"column\">\n\t\t\t<div class=\"elementor-widget-wrap\">\n\t\t\t\t\t\t\t<\/div>\n\t\t<\/div>\n\t\t\t\t\t<\/div>\n\t\t<\/section>\n\t\t\t\t<section class=\"elementor-section elementor-top-section elementor-element elementor-element-255944a elementor-section-boxed elementor-section-height-default elementor-section-height-default\" data-id=\"255944a\" data-element_type=\"section\">\n\t\t\t\t\t\t<div class=\"elementor-container elementor-column-gap-default\">\n\t\t\t\t\t<div class=\"elementor-column elementor-col-25 elementor-top-column elementor-element elementor-element-e089721\" data-id=\"e089721\" data-element_type=\"column\">\n\t\t\t<div class=\"elementor-widget-wrap elementor-element-populated\">\n\t\t\t\t\t\t<div class=\"elementor-element elementor-element-e317780 elementor-widget elementor-widget-image\" data-id=\"e317780\" data-element_type=\"widget\" data-widget_type=\"image.default\">\n\t\t\t\t<div class=\"elementor-widget-container\">\n\t\t\t\t\t\t\t\t\t\t\t\t\t<img loading=\"lazy\" decoding=\"async\" width=\"750\" height=\"425\" src=\"https:\/\/cpcms.fr\/associations\/paris\/wp-content\/uploads\/2024\/09\/ateliers-24-25-2-1024x580.png\" class=\"attachment-large size-large wp-image-749\" alt=\"\" srcset=\"https:\/\/cpcms.fr\/associations\/paris\/wp-content\/uploads\/2024\/09\/ateliers-24-25-2-1024x580.png 1024w, https:\/\/cpcms.fr\/associations\/paris\/wp-content\/uploads\/2024\/09\/ateliers-24-25-2-300x170.png 300w, https:\/\/cpcms.fr\/associations\/paris\/wp-content\/uploads\/2024\/09\/ateliers-24-25-2-768x435.png 768w, https:\/\/cpcms.fr\/associations\/paris\/wp-content\/uploads\/2024\/09\/ateliers-24-25-2.png 1047w\" sizes=\"(max-width: 750px) 100vw, 750px\" \/>\t\t\t\t\t\t\t\t\t\t\t\t\t<\/div>\n\t\t\t\t<\/div>\n\t\t\t\t\t<\/div>\n\t\t<\/div>\n\t\t\t\t<div class=\"elementor-column elementor-col-25 elementor-top-column elementor-element elementor-element-b15ce9a\" data-id=\"b15ce9a\" data-element_type=\"column\">\n\t\t\t<div class=\"elementor-widget-wrap elementor-element-populated\">\n\t\t\t\t\t\t<div class=\"elementor-element elementor-element-89b837e elementor-widget__width-initial elementor-widget elementor-widget-image\" data-id=\"89b837e\" data-element_type=\"widget\" data-widget_type=\"image.default\">\n\t\t\t\t<div class=\"elementor-widget-container\">\n\t\t\t\t\t\t\t\t\t\t\t\t\t<img loading=\"lazy\" decoding=\"async\" width=\"750\" height=\"419\" src=\"https:\/\/cpcms.fr\/associations\/paris\/wp-content\/uploads\/2024\/09\/todo-list-etudiant-1-1024x572.png\" class=\"attachment-large size-large wp-image-748\" alt=\"\" srcset=\"https:\/\/cpcms.fr\/associations\/paris\/wp-content\/uploads\/2024\/09\/todo-list-etudiant-1-1024x572.png 1024w, https:\/\/cpcms.fr\/associations\/paris\/wp-content\/uploads\/2024\/09\/todo-list-etudiant-1-300x168.png 300w, https:\/\/cpcms.fr\/associations\/paris\/wp-content\/uploads\/2024\/09\/todo-list-etudiant-1-768x429.png 768w, https:\/\/cpcms.fr\/associations\/paris\/wp-content\/uploads\/2024\/09\/todo-list-etudiant-1.png 1047w\" sizes=\"(max-width: 750px) 100vw, 750px\" \/>\t\t\t\t\t\t\t\t\t\t\t\t\t<\/div>\n\t\t\t\t<\/div>\n\t\t\t\t<div class=\"elementor-element elementor-element-8d3ce74 elementor-widget elementor-widget-text-editor\" data-id=\"8d3ce74\" data-element_type=\"widget\" data-widget_type=\"text-editor.default\">\n\t\t\t\t<div class=\"elementor-widget-container\">\n\t\t\t\t\t\t\t<p>Lors de cette r\u00e9union, les professeurs ont rappel\u00e9\u00a0 l&rsquo;importance de d\u00e9buter le stage quand la convention est sign\u00e9e, de respecter les horaires, de rechercher une pharmacie qui r\u00e9pond \u00e0 ses\u00a0 crit\u00e8res personnels.<\/p>\t\t\t\t\t\t<\/div>\n\t\t\t\t<\/div>\n\t\t\t\t\t<\/div>\n\t\t<\/div>\n\t\t\t\t<div class=\"elementor-column elementor-col-25 elementor-top-column elementor-element elementor-element-0d66e3a\" data-id=\"0d66e3a\" data-element_type=\"column\">\n\t\t\t<div class=\"elementor-widget-wrap elementor-element-populated\">\n\t\t\t\t\t\t<div class=\"elementor-element elementor-element-230299c elementor-widget elementor-widget-image\" data-id=\"230299c\" data-element_type=\"widget\" data-widget_type=\"image.default\">\n\t\t\t\t<div class=\"elementor-widget-container\">\n\t\t\t\t\t\t\t\t\t\t\t\t\t<img loading=\"lazy\" decoding=\"async\" width=\"750\" height=\"426\" src=\"https:\/\/cpcms.fr\/associations\/paris\/wp-content\/uploads\/2024\/09\/actu-mcspf-1-1024x581.png\" class=\"attachment-large size-large wp-image-743\" alt=\"\" srcset=\"https:\/\/cpcms.fr\/associations\/paris\/wp-content\/uploads\/2024\/09\/actu-mcspf-1-1024x581.png 1024w, https:\/\/cpcms.fr\/associations\/paris\/wp-content\/uploads\/2024\/09\/actu-mcspf-1-300x170.png 300w, https:\/\/cpcms.fr\/associations\/paris\/wp-content\/uploads\/2024\/09\/actu-mcspf-1-768x436.png 768w, https:\/\/cpcms.fr\/associations\/paris\/wp-content\/uploads\/2024\/09\/actu-mcspf-1.png 1040w\" sizes=\"(max-width: 750px) 100vw, 750px\" \/>\t\t\t\t\t\t\t\t\t\t\t\t\t<\/div>\n\t\t\t\t<\/div>\n\t\t\t\t\t<\/div>\n\t\t<\/div>\n\t\t\t\t<div class=\"elementor-column elementor-col-25 elementor-top-column elementor-element elementor-element-33cc6cb\" data-id=\"33cc6cb\" data-element_type=\"column\">\n\t\t\t<div class=\"elementor-widget-wrap elementor-element-populated\">\n\t\t\t\t\t\t<div class=\"elementor-element elementor-element-671911d elementor-widget elementor-widget-image\" data-id=\"671911d\" data-element_type=\"widget\" data-widget_type=\"image.default\">\n\t\t\t\t<div class=\"elementor-widget-container\">\n\t\t\t\t\t\t\t\t\t\t\t\t\t<img loading=\"lazy\" decoding=\"async\" width=\"750\" height=\"425\" src=\"https:\/\/cpcms.fr\/associations\/paris\/wp-content\/uploads\/2024\/09\/charte-1-1024x580.png\" class=\"attachment-large size-large wp-image-745\" alt=\"\" srcset=\"https:\/\/cpcms.fr\/associations\/paris\/wp-content\/uploads\/2024\/09\/charte-1-1024x580.png 1024w, https:\/\/cpcms.fr\/associations\/paris\/wp-content\/uploads\/2024\/09\/charte-1-300x170.png 300w, https:\/\/cpcms.fr\/associations\/paris\/wp-content\/uploads\/2024\/09\/charte-1-768x435.png 768w, https:\/\/cpcms.fr\/associations\/paris\/wp-content\/uploads\/2024\/09\/charte-1.png 1045w\" sizes=\"(max-width: 750px) 100vw, 750px\" \/>\t\t\t\t\t\t\t\t\t\t\t\t\t<\/div>\n\t\t\t\t<\/div>\n\t\t\t\t\t<\/div>\n\t\t<\/div>\n\t\t\t\t\t<\/div>\n\t\t<\/section>\n\t\t\t\t<section class=\"elementor-section elementor-top-section elementor-element elementor-element-000c669 elementor-section-boxed elementor-section-height-default elementor-section-height-default\" data-id=\"000c669\" data-element_type=\"section\">\n\t\t\t\t\t\t<div class=\"elementor-container elementor-column-gap-default\">\n\t\t\t\t\t<div class=\"elementor-column elementor-col-100 elementor-top-column elementor-element elementor-element-a204d88\" data-id=\"a204d88\" data-element_type=\"column\">\n\t\t\t<div class=\"elementor-widget-wrap\">\n\t\t\t\t\t\t\t<\/div>\n\t\t<\/div>\n\t\t\t\t\t<\/div>\n\t\t<\/section>\n\t\t\t\t<section class=\"elementor-section elementor-top-section elementor-element elementor-element-5626c70 elementor-section-boxed elementor-section-height-default elementor-section-height-default\" data-id=\"5626c70\" data-element_type=\"section\">\n\t\t\t\t\t\t<div class=\"elementor-container elementor-column-gap-default\">\n\t\t\t\t\t<div class=\"elementor-column elementor-col-100 elementor-top-column elementor-element elementor-element-071ebcb\" data-id=\"071ebcb\" data-element_type=\"column\">\n\t\t\t<div class=\"elementor-widget-wrap\">\n\t\t\t\t\t\t\t<\/div>\n\t\t<\/div>\n\t\t\t\t\t<\/div>\n\t\t<\/section>\n\t\t\t\t<\/div>\n\t\t","protected":false},"excerpt":{"rendered":"<p>STAGES 2026 extraits de la pr\u00e9sentation aux 6A de Saclay et Cit\u00e9 Lors de cette r\u00e9union, les professeurs ont rappel\u00e9\u00a0 l&rsquo;importance de d\u00e9buter le stage quand la convention est sign\u00e9e, de respecter les horaires, de rechercher une pharmacie qui r\u00e9pond \u00e0 ses\u00a0 crit\u00e8res personnels.<\/p>\n","protected":false},"author":2,"featured_media":885,"parent":0,"menu_order":0,"comment_status":"closed","ping_status":"closed","template":"page-templates\/template-pagebuilder-full-width.php","meta":{"footnotes":""},"class_list":["post-234","page","type-page","status-publish","has-post-thumbnail","hentry"],"_links":{"self":[{"href":"https:\/\/cpcms.fr\/associations\/paris\/wp-json\/wp\/v2\/pages\/234","targetHints":{"allow":["GET"]}}],"collection":[{"href":"https:\/\/cpcms.fr\/associations\/paris\/wp-json\/wp\/v2\/pages"}],"about":[{"href":"https:\/\/cpcms.fr\/associations\/paris\/wp-json\/wp\/v2\/types\/page"}],"author":[{"embeddable":true,"href":"https:\/\/cpcms.fr\/associations\/paris\/wp-json\/wp\/v2\/users\/2"}],"replies":[{"embeddable":true,"href":"https:\/\/cpcms.fr\/associations\/paris\/wp-json\/wp\/v2\/comments?post=234"}],"version-history":[{"count":27,"href":"https:\/\/cpcms.fr\/associations\/paris\/wp-json\/wp\/v2\/pages\/234\/revisions"}],"predecessor-version":[{"id":897,"href":"https:\/\/cpcms.fr\/associations\/paris\/wp-json\/wp\/v2\/pages\/234\/revisions\/897"}],"wp:featuredmedia":[{"embeddable":true,"href":"https:\/\/cpcms.fr\/associations\/paris\/wp-json\/wp\/v2\/media\/885"}],"wp:attachment":[{"href":"https:\/\/cpcms.fr\/associations\/paris\/wp-json\/wp\/v2\/media?parent=234"}],"curies":[{"name":"wp","href":"https:\/\/api.w.org\/{rel}","templated":true}]}}