{"id":9,"date":"2023-03-13T10:51:04","date_gmt":"2023-03-13T09:51:04","guid":{"rendered":"https:\/\/cpcms.fr\/associations\/paris\/?page_id=9"},"modified":"2024-09-20T13:43:23","modified_gmt":"2024-09-20T11:43:23","slug":"bureau","status":"publish","type":"page","link":"https:\/\/cpcms.fr\/associations\/paris\/bureau\/","title":{"rendered":"Bureau 2024."},"content":{"rendered":"\t\t<div data-elementor-type=\"wp-page\" data-elementor-id=\"9\" class=\"elementor elementor-9\" data-elementor-post-type=\"page\">\n\t\t\t\t\t\t<section class=\"elementor-section elementor-top-section elementor-element elementor-element-928ccc7 elementor-section-boxed elementor-section-height-default elementor-section-height-default\" data-id=\"928ccc7\" data-element_type=\"section\">\n\t\t\t\t\t\t<div class=\"elementor-container elementor-column-gap-default\">\n\t\t\t\t\t<div class=\"elementor-column elementor-col-33 elementor-top-column elementor-element elementor-element-503bea1\" data-id=\"503bea1\" data-element_type=\"column\">\n\t\t\t<div class=\"elementor-widget-wrap elementor-element-populated\">\n\t\t\t\t\t\t<div class=\"elementor-element elementor-element-343288b elementor-widget__width-initial elementor-widget elementor-widget-image\" data-id=\"343288b\" data-element_type=\"widget\" data-widget_type=\"image.default\">\n\t\t\t\t<div class=\"elementor-widget-container\">\n\t\t\t\t\t\t\t\t\t\t\t\t\t<img fetchpriority=\"high\" decoding=\"async\" width=\"502\" height=\"696\" src=\"https:\/\/cpcms.fr\/associations\/paris\/wp-content\/uploads\/2024\/09\/vero2023.png\" class=\"attachment-large size-large wp-image-820\" alt=\"\" srcset=\"https:\/\/cpcms.fr\/associations\/paris\/wp-content\/uploads\/2024\/09\/vero2023.png 502w, https:\/\/cpcms.fr\/associations\/paris\/wp-content\/uploads\/2024\/09\/vero2023-216x300.png 216w\" sizes=\"(max-width: 502px) 100vw, 502px\" \/>\t\t\t\t\t\t\t\t\t\t\t\t\t<\/div>\n\t\t\t\t<\/div>\n\t\t\t\t\t<\/div>\n\t\t<\/div>\n\t\t\t\t<div class=\"elementor-column elementor-col-33 elementor-top-column elementor-element elementor-element-07e5de1\" data-id=\"07e5de1\" data-element_type=\"column\">\n\t\t\t<div class=\"elementor-widget-wrap elementor-element-populated\">\n\t\t\t\t\t\t<div class=\"elementor-element elementor-element-c8f4edd elementor-widget__width-initial elementor-widget elementor-widget-image\" data-id=\"c8f4edd\" data-element_type=\"widget\" data-widget_type=\"image.default\">\n\t\t\t\t<div class=\"elementor-widget-container\">\n\t\t\t\t\t\t\t\t\t\t\t\t\t<img decoding=\"async\" width=\"473\" height=\"1024\" src=\"https:\/\/cpcms.fr\/associations\/paris\/wp-content\/uploads\/2024\/09\/florence-473x1024.jpg\" class=\"attachment-large size-large wp-image-816\" alt=\"\" srcset=\"https:\/\/cpcms.fr\/associations\/paris\/wp-content\/uploads\/2024\/09\/florence-473x1024.jpg 473w, https:\/\/cpcms.fr\/associations\/paris\/wp-content\/uploads\/2024\/09\/florence-139x300.jpg 139w, https:\/\/cpcms.fr\/associations\/paris\/wp-content\/uploads\/2024\/09\/florence.jpg 585w\" sizes=\"(max-width: 473px) 100vw, 473px\" \/>\t\t\t\t\t\t\t\t\t\t\t\t\t<\/div>\n\t\t\t\t<\/div>\n\t\t\t\t\t<\/div>\n\t\t<\/div>\n\t\t\t\t<div class=\"elementor-column elementor-col-33 elementor-top-column elementor-element elementor-element-a4f640d\" data-id=\"a4f640d\" data-element_type=\"column\">\n\t\t\t<div class=\"elementor-widget-wrap elementor-element-populated\">\n\t\t\t\t\t\t<div class=\"elementor-element elementor-element-fa82f8a elementor-widget__width-initial elementor-widget elementor-widget-image\" data-id=\"fa82f8a\" data-element_type=\"widget\" data-widget_type=\"image.default\">\n\t\t\t\t<div class=\"elementor-widget-container\">\n\t\t\t\t\t\t\t\t\t\t\t\t\t<img decoding=\"async\" width=\"614\" height=\"1024\" src=\"https:\/\/cpcms.fr\/associations\/paris\/wp-content\/uploads\/2024\/09\/monique-new-614x1024.jpg\" class=\"attachment-large size-large wp-image-819\" alt=\"\" srcset=\"https:\/\/cpcms.fr\/associations\/paris\/wp-content\/uploads\/2024\/09\/monique-new-614x1024.jpg 614w, https:\/\/cpcms.fr\/associations\/paris\/wp-content\/uploads\/2024\/09\/monique-new-180x300.jpg 180w, https:\/\/cpcms.fr\/associations\/paris\/wp-content\/uploads\/2024\/09\/monique-new.jpg 768w\" sizes=\"(max-width: 614px) 100vw, 614px\" \/>\t\t\t\t\t\t\t\t\t\t\t\t\t<\/div>\n\t\t\t\t<\/div>\n\t\t\t\t\t<\/div>\n\t\t<\/div>\n\t\t\t\t\t<\/div>\n\t\t<\/section>\n\t\t\t\t<section class=\"elementor-section elementor-top-section elementor-element elementor-element-ef469cd elementor-section-boxed elementor-section-height-default elementor-section-height-default\" data-id=\"ef469cd\" data-element_type=\"section\">\n\t\t\t\t\t\t<div class=\"elementor-container elementor-column-gap-default\">\n\t\t\t\t\t<div class=\"elementor-column elementor-col-33 elementor-top-column elementor-element elementor-element-e87e464\" data-id=\"e87e464\" data-element_type=\"column\">\n\t\t\t<div class=\"elementor-widget-wrap elementor-element-populated\">\n\t\t\t\t\t\t<div class=\"elementor-element elementor-element-e237b3a elementor-widget elementor-widget-text-editor\" data-id=\"e237b3a\" data-element_type=\"widget\" data-widget_type=\"text-editor.default\">\n\t\t\t\t<div class=\"elementor-widget-container\">\n\t\t\t\t\t\t\t<p style=\"text-align: center;\"><strong>Veronique Dassonneville<\/strong><br \/>Pr\u00e9sidente<\/p>\t\t\t\t\t\t<\/div>\n\t\t\t\t<\/div>\n\t\t\t\t\t<\/div>\n\t\t<\/div>\n\t\t\t\t<div class=\"elementor-column elementor-col-33 elementor-top-column elementor-element elementor-element-f71d116\" data-id=\"f71d116\" data-element_type=\"column\">\n\t\t\t<div class=\"elementor-widget-wrap elementor-element-populated\">\n\t\t\t\t\t\t<div class=\"elementor-element elementor-element-dd44724 elementor-widget__width-initial elementor-widget elementor-widget-text-editor\" data-id=\"dd44724\" data-element_type=\"widget\" data-widget_type=\"text-editor.default\">\n\t\t\t\t<div class=\"elementor-widget-container\">\n\t\t\t\t\t\t\t<p style=\"text-align: center;\"><strong>Florence Loyer<\/strong><br \/>Tr\u00e9sori\u00e8re<\/p>\t\t\t\t\t\t<\/div>\n\t\t\t\t<\/div>\n\t\t\t\t\t<\/div>\n\t\t<\/div>\n\t\t\t\t<div class=\"elementor-column elementor-col-33 elementor-top-column elementor-element elementor-element-b06b846\" data-id=\"b06b846\" data-element_type=\"column\">\n\t\t\t<div class=\"elementor-widget-wrap elementor-element-populated\">\n\t\t\t\t\t\t<div class=\"elementor-element elementor-element-cab8e97 elementor-widget__width-initial elementor-widget elementor-widget-text-editor\" data-id=\"cab8e97\" data-element_type=\"widget\" data-widget_type=\"text-editor.default\">\n\t\t\t\t<div class=\"elementor-widget-container\">\n\t\t\t\t\t\t\t<p style=\"text-align: center;\"><b>Monique Grandati<\/b><br \/>Secr\u00e9taire Coordinatrice<\/p>\t\t\t\t\t\t<\/div>\n\t\t\t\t<\/div>\n\t\t\t\t\t<\/div>\n\t\t<\/div>\n\t\t\t\t\t<\/div>\n\t\t<\/section>\n\t\t\t\t<section class=\"elementor-section elementor-top-section elementor-element elementor-element-a2463a4 elementor-section-boxed elementor-section-height-default elementor-section-height-default\" data-id=\"a2463a4\" data-element_type=\"section\">\n\t\t\t\t\t\t<div class=\"elementor-container elementor-column-gap-default\">\n\t\t\t\t\t<div class=\"elementor-column elementor-col-33 elementor-top-column elementor-element elementor-element-a404b46\" data-id=\"a404b46\" data-element_type=\"column\">\n\t\t\t<div class=\"elementor-widget-wrap elementor-element-populated\">\n\t\t\t\t\t\t<div class=\"elementor-element elementor-element-6335613 elementor-widget__width-initial elementor-widget elementor-widget-image\" data-id=\"6335613\" data-element_type=\"widget\" data-widget_type=\"image.default\">\n\t\t\t\t<div class=\"elementor-widget-container\">\n\t\t\t\t\t\t\t\t\t\t\t\t\t<img loading=\"lazy\" decoding=\"async\" width=\"750\" height=\"724\" src=\"https:\/\/cpcms.fr\/associations\/paris\/wp-content\/uploads\/2024\/09\/beatrice.jpg\" class=\"attachment-large size-large wp-image-815\" alt=\"\" srcset=\"https:\/\/cpcms.fr\/associations\/paris\/wp-content\/uploads\/2024\/09\/beatrice.jpg 916w, https:\/\/cpcms.fr\/associations\/paris\/wp-content\/uploads\/2024\/09\/beatrice-300x290.jpg 300w, https:\/\/cpcms.fr\/associations\/paris\/wp-content\/uploads\/2024\/09\/beatrice-768x741.jpg 768w\" sizes=\"(max-width: 750px) 100vw, 750px\" \/>\t\t\t\t\t\t\t\t\t\t\t\t\t<\/div>\n\t\t\t\t<\/div>\n\t\t\t\t\t<\/div>\n\t\t<\/div>\n\t\t\t\t<div class=\"elementor-column elementor-col-33 elementor-top-column elementor-element elementor-element-eeaff82\" data-id=\"eeaff82\" data-element_type=\"column\">\n\t\t\t<div class=\"elementor-widget-wrap elementor-element-populated\">\n\t\t\t\t\t\t<div class=\"elementor-element elementor-element-a3d79ab elementor-widget__width-initial elementor-widget elementor-widget-image\" data-id=\"a3d79ab\" data-element_type=\"widget\" data-widget_type=\"image.default\">\n\t\t\t\t<div class=\"elementor-widget-container\">\n\t\t\t\t\t\t\t\t\t\t\t\t\t<img loading=\"lazy\" decoding=\"async\" width=\"683\" height=\"1024\" src=\"https:\/\/cpcms.fr\/associations\/paris\/wp-content\/uploads\/2024\/09\/anne-A-683x1024.jpg\" class=\"attachment-large size-large wp-image-814\" alt=\"\" srcset=\"https:\/\/cpcms.fr\/associations\/paris\/wp-content\/uploads\/2024\/09\/anne-A-683x1024.jpg 683w, https:\/\/cpcms.fr\/associations\/paris\/wp-content\/uploads\/2024\/09\/anne-A-200x300.jpg 200w, https:\/\/cpcms.fr\/associations\/paris\/wp-content\/uploads\/2024\/09\/anne-A-768x1152.jpg 768w, https:\/\/cpcms.fr\/associations\/paris\/wp-content\/uploads\/2024\/09\/anne-A-1024x1536.jpg 1024w, https:\/\/cpcms.fr\/associations\/paris\/wp-content\/uploads\/2024\/09\/anne-A-1365x2048.jpg 1365w, https:\/\/cpcms.fr\/associations\/paris\/wp-content\/uploads\/2024\/09\/anne-A-scaled.jpg 1707w\" sizes=\"(max-width: 683px) 100vw, 683px\" \/>\t\t\t\t\t\t\t\t\t\t\t\t\t<\/div>\n\t\t\t\t<\/div>\n\t\t\t\t\t<\/div>\n\t\t<\/div>\n\t\t\t\t<div class=\"elementor-column elementor-col-33 elementor-top-column elementor-element elementor-element-b36ee28\" data-id=\"b36ee28\" data-element_type=\"column\">\n\t\t\t<div class=\"elementor-widget-wrap elementor-element-populated\">\n\t\t\t\t\t\t<div class=\"elementor-element elementor-element-a5982a7 elementor-widget__width-initial elementor-widget elementor-widget-image\" data-id=\"a5982a7\" data-element_type=\"widget\" data-widget_type=\"image.default\">\n\t\t\t\t<div class=\"elementor-widget-container\">\n\t\t\t\t\t\t\t\t\t\t\t\t\t<img loading=\"lazy\" decoding=\"async\" width=\"750\" height=\"695\" src=\"https:\/\/cpcms.fr\/associations\/paris\/wp-content\/uploads\/2024\/09\/florence2.jpg\" class=\"attachment-large size-large wp-image-817\" alt=\"\" srcset=\"https:\/\/cpcms.fr\/associations\/paris\/wp-content\/uploads\/2024\/09\/florence2.jpg 1015w, https:\/\/cpcms.fr\/associations\/paris\/wp-content\/uploads\/2024\/09\/florence2-300x278.jpg 300w, https:\/\/cpcms.fr\/associations\/paris\/wp-content\/uploads\/2024\/09\/florence2-768x711.jpg 768w\" sizes=\"(max-width: 750px) 100vw, 750px\" \/>\t\t\t\t\t\t\t\t\t\t\t\t\t<\/div>\n\t\t\t\t<\/div>\n\t\t\t\t\t<\/div>\n\t\t<\/div>\n\t\t\t\t\t<\/div>\n\t\t<\/section>\n\t\t\t\t<section class=\"elementor-section elementor-top-section elementor-element elementor-element-c372ea7 elementor-section-boxed elementor-section-height-default elementor-section-height-default\" data-id=\"c372ea7\" data-element_type=\"section\">\n\t\t\t\t\t\t<div class=\"elementor-container elementor-column-gap-default\">\n\t\t\t\t\t<div class=\"elementor-column elementor-col-33 elementor-top-column elementor-element elementor-element-d6af48b\" data-id=\"d6af48b\" data-element_type=\"column\">\n\t\t\t<div class=\"elementor-widget-wrap elementor-element-populated\">\n\t\t\t\t\t\t<div class=\"elementor-element elementor-element-f4aec5b elementor-widget__width-initial elementor-widget elementor-widget-text-editor\" data-id=\"f4aec5b\" data-element_type=\"widget\" data-widget_type=\"text-editor.default\">\n\t\t\t\t<div class=\"elementor-widget-container\">\n\t\t\t\t\t\t\t<p style=\"text-align: center;\"><strong><\/strong>B\u00e9atrice CLairaz<br \/>Vice-pr\u00e9sidente<\/p>\t\t\t\t\t\t<\/div>\n\t\t\t\t<\/div>\n\t\t\t\t\t<\/div>\n\t\t<\/div>\n\t\t\t\t<div class=\"elementor-column elementor-col-33 elementor-top-column elementor-element elementor-element-0e35b0b\" data-id=\"0e35b0b\" data-element_type=\"column\">\n\t\t\t<div class=\"elementor-widget-wrap elementor-element-populated\">\n\t\t\t\t\t\t<div class=\"elementor-element elementor-element-a01172b elementor-widget elementor-widget-text-editor\" data-id=\"a01172b\" data-element_type=\"widget\" data-widget_type=\"text-editor.default\">\n\t\t\t\t<div class=\"elementor-widget-container\">\n\t\t\t\t\t\t\t<p style=\"text-align: center;\">Anne Aubijoux, r\u00e9f\u00e9rente DEUST et reconversion<\/p>\t\t\t\t\t\t<\/div>\n\t\t\t\t<\/div>\n\t\t\t\t<div class=\"elementor-element elementor-element-0923335 elementor-widget__width-initial elementor-widget elementor-widget-image\" data-id=\"0923335\" data-element_type=\"widget\" data-widget_type=\"image.default\">\n\t\t\t\t<div class=\"elementor-widget-container\">\n\t\t\t\t\t\t\t\t\t\t\t\t\t<img loading=\"lazy\" decoding=\"async\" width=\"750\" height=\"1000\" src=\"https:\/\/cpcms.fr\/associations\/paris\/wp-content\/uploads\/2024\/09\/marianne-2-768x1024.jpg\" class=\"attachment-large size-large wp-image-818\" alt=\"\" srcset=\"https:\/\/cpcms.fr\/associations\/paris\/wp-content\/uploads\/2024\/09\/marianne-2-768x1023.jpg 768w, https:\/\/cpcms.fr\/associations\/paris\/wp-content\/uploads\/2024\/09\/marianne-2-225x300.jpg 225w, https:\/\/cpcms.fr\/associations\/paris\/wp-content\/uploads\/2024\/09\/marianne-2-1153x1536.jpg 1153w, https:\/\/cpcms.fr\/associations\/paris\/wp-content\/uploads\/2024\/09\/marianne-2.jpg 1200w\" sizes=\"(max-width: 750px) 100vw, 750px\" \/>\t\t\t\t\t\t\t\t\t\t\t\t\t<\/div>\n\t\t\t\t<\/div>\n\t\t\t\t\t<\/div>\n\t\t<\/div>\n\t\t\t\t<div class=\"elementor-column elementor-col-33 elementor-top-column elementor-element elementor-element-40e9b62\" data-id=\"40e9b62\" data-element_type=\"column\">\n\t\t\t<div class=\"elementor-widget-wrap elementor-element-populated\">\n\t\t\t\t\t\t<div class=\"elementor-element elementor-element-a933e01 elementor-widget__width-initial elementor-widget elementor-widget-text-editor\" data-id=\"a933e01\" data-element_type=\"widget\" data-widget_type=\"text-editor.default\">\n\t\t\t\t<div class=\"elementor-widget-container\">\n\t\t\t\t\t\t\t<p style=\"text-align: center;\"><b>Katia Blemus\u00a0<\/b><\/p><p style=\"text-align: center;\">R\u00e9f\u00e9rente Ateliers 6\u00e8me Ann\u00e9e<\/p>\t\t\t\t\t\t<\/div>\n\t\t\t\t<\/div>\n\t\t\t\t\t<\/div>\n\t\t<\/div>\n\t\t\t\t\t<\/div>\n\t\t<\/section>\n\t\t\t\t<section class=\"elementor-section elementor-top-section elementor-element elementor-element-ba9143d elementor-section-boxed elementor-section-height-default elementor-section-height-default\" data-id=\"ba9143d\" data-element_type=\"section\">\n\t\t\t\t\t\t<div class=\"elementor-container elementor-column-gap-default\">\n\t\t\t\t\t<div class=\"elementor-column elementor-col-100 elementor-top-column elementor-element elementor-element-8cd3aaf\" data-id=\"8cd3aaf\" data-element_type=\"column\">\n\t\t\t<div class=\"elementor-widget-wrap elementor-element-populated\">\n\t\t\t\t\t\t<div class=\"elementor-element elementor-element-05ee7fc elementor-widget__width-initial elementor-widget elementor-widget-text-editor\" data-id=\"05ee7fc\" data-element_type=\"widget\" data-widget_type=\"text-editor.default\">\n\t\t\t\t<div class=\"elementor-widget-container\">\n\t\t\t\t\t\t\t<p style=\"text-align: center;\">Marianne Le Bruchec,\u00a0<\/p><p style=\"text-align: center;\">professeur associ\u00e9<\/p><p><\/p>\t\t\t\t\t\t<\/div>\n\t\t\t\t<\/div>\n\t\t\t\t\t<\/div>\n\t\t<\/div>\n\t\t\t\t\t<\/div>\n\t\t<\/section>\n\t\t\t\t<section class=\"elementor-section elementor-top-section elementor-element elementor-element-abfd4be elementor-section-boxed elementor-section-height-default elementor-section-height-default\" data-id=\"abfd4be\" data-element_type=\"section\">\n\t\t\t\t\t\t<div class=\"elementor-container elementor-column-gap-default\">\n\t\t\t\t\t<div class=\"elementor-column elementor-col-100 elementor-top-column elementor-element elementor-element-04e07b1\" data-id=\"04e07b1\" data-element_type=\"column\">\n\t\t\t<div class=\"elementor-widget-wrap\">\n\t\t\t\t\t\t\t<\/div>\n\t\t<\/div>\n\t\t\t\t\t<\/div>\n\t\t<\/section>\n\t\t\t\t<\/div>\n\t\t","protected":false},"excerpt":{"rendered":"<p>Veronique DassonnevillePr\u00e9sidente Florence LoyerTr\u00e9sori\u00e8re Monique GrandatiSecr\u00e9taire Coordinatrice B\u00e9atrice CLairazVice-pr\u00e9sidente Anne Aubijoux, r\u00e9f\u00e9rente DEUST et reconversion Katia Blemus\u00a0 R\u00e9f\u00e9rente Ateliers 6\u00e8me Ann\u00e9e Marianne Le Bruchec,\u00a0 professeur associ\u00e9<\/p>\n","protected":false},"author":1,"featured_media":0,"parent":0,"menu_order":0,"comment_status":"closed","ping_status":"closed","template":"page-templates\/template-pagebuilder-full-width.php","meta":{"footnotes":""},"class_list":["post-9","page","type-page","status-publish","hentry"],"_links":{"self":[{"href":"https:\/\/cpcms.fr\/associations\/paris\/wp-json\/wp\/v2\/pages\/9","targetHints":{"allow":["GET"]}}],"collection":[{"href":"https:\/\/cpcms.fr\/associations\/paris\/wp-json\/wp\/v2\/pages"}],"about":[{"href":"https:\/\/cpcms.fr\/associations\/paris\/wp-json\/wp\/v2\/types\/page"}],"author":[{"embeddable":true,"href":"https:\/\/cpcms.fr\/associations\/paris\/wp-json\/wp\/v2\/users\/1"}],"replies":[{"embeddable":true,"href":"https:\/\/cpcms.fr\/associations\/paris\/wp-json\/wp\/v2\/comments?post=9"}],"version-history":[{"count":45,"href":"https:\/\/cpcms.fr\/associations\/paris\/wp-json\/wp\/v2\/pages\/9\/revisions"}],"predecessor-version":[{"id":826,"href":"https:\/\/cpcms.fr\/associations\/paris\/wp-json\/wp\/v2\/pages\/9\/revisions\/826"}],"wp:attachment":[{"href":"https:\/\/cpcms.fr\/associations\/paris\/wp-json\/wp\/v2\/media?parent=9"}],"curies":[{"name":"wp","href":"https:\/\/api.w.org\/{rel}","templated":true}]}}