{"id":19,"date":"2023-03-13T11:48:41","date_gmt":"2023-03-13T10:48:41","guid":{"rendered":"https:\/\/cpcms.fr\/associations\/rouen\/?page_id=19"},"modified":"2026-04-29T08:59:07","modified_gmt":"2026-04-29T06:59:07","slug":"ressources","status":"publish","type":"page","link":"https:\/\/cpcms.fr\/associations\/rouen\/ressources\/","title":{"rendered":"Ressources"},"content":{"rendered":"\t\t<div data-elementor-type=\"wp-page\" data-elementor-id=\"19\" class=\"elementor elementor-19\">\n\t\t\t\t\t\t\t\t\t<section class=\"elementor-section elementor-top-section elementor-element elementor-element-55ecc36 elementor-section-boxed elementor-section-height-default elementor-section-height-default\" data-id=\"55ecc36\" data-element_type=\"section\">\n\t\t\t\t\t\t<div class=\"elementor-container elementor-column-gap-default\">\n\t\t\t\t\t<div class=\"elementor-column elementor-col-100 elementor-top-column elementor-element elementor-element-f1a5373\" data-id=\"f1a5373\" data-element_type=\"column\">\n\t\t\t<div class=\"elementor-widget-wrap elementor-element-populated\">\n\t\t\t\t\t\t\t\t<div class=\"elementor-element elementor-element-27fb092 elementor-widget elementor-widget-text-editor\" data-id=\"27fb092\" data-element_type=\"widget\" data-widget_type=\"text-editor.default\">\n\t\t\t\t<div class=\"elementor-widget-container\">\n\t\t\t<style>\/*! elementor - v3.11.5 - 14-03-2023 *\/\n.elementor-widget-text-editor.elementor-drop-cap-view-stacked .elementor-drop-cap{background-color:#818a91;color:#fff}.elementor-widget-text-editor.elementor-drop-cap-view-framed .elementor-drop-cap{color:#818a91;border:3px solid;background-color:transparent}.elementor-widget-text-editor:not(.elementor-drop-cap-view-default) .elementor-drop-cap{margin-top:8px}.elementor-widget-text-editor:not(.elementor-drop-cap-view-default) .elementor-drop-cap-letter{width:1em;height:1em}.elementor-widget-text-editor .elementor-drop-cap{float:left;text-align:center;line-height:1;font-size:50px}.elementor-widget-text-editor .elementor-drop-cap-letter{display:inline-block}<\/style>\t\t\t\t<p><a href=\"https:\/\/cpcms.fr\/associations\/rouen\/wp-content\/uploads\/2026\/01\/liste-maitres-de-stage-13-janvier-2026.pdf\">Liste-maitres-de-stage<\/a>: <a href=\"https:\/\/medecine-pharmacie.univ-rouen.fr\/etudiants-en-pharmacie-278839.kjsp\">https:\/\/medecine-pharmacie.univ-rouen.fr\/etudiants-en-pharmacie-278839.kjsp<\/a><a href=\"https:\/\/cpcms.fr\/associations\/rouen\/wp-content\/uploads\/2026\/01\/liste-maitres-de-stage-13-janvier-2026.pdf\"><\/a><\/p><p><a href=\"https:\/\/cpcms.fr\/associations\/rouen\/wp-content\/uploads\/2024\/06\/Guide-de-stage-initiation-ph2.pdf\">Guide de stage initiation ph2<\/a><\/p><p><a href=\"https:\/\/cpcms.fr\/associations\/rouen\/wp-content\/uploads\/2024\/05\/Guide-stage-ph3-douleur-inflammation-et-maladies-metaboliques.pdf\">Guide stage ph3 douleur inflammation et maladies m\u00e9taboliques<\/a><\/p><p><a href=\"https:\/\/cpcms.fr\/associations\/rouen\/wp-content\/uploads\/2024\/04\/Guide-stage-PH4-cardio-infectio-v2.pdf\">Guide stage PH4 cardiologie infectiologie <\/a><\/p><p><a href=\"https:\/\/cpcms.fr\/associations\/rouen\/wp-content\/uploads\/2024\/04\/cahier-du-collegien-vierge.doc\">Cahier du collegien et du lyc\u00e9en<\/a><\/p><p>Les guides version en ligne :\u00a0<a href=\"https:\/\/ladeveloppement.com\/stagespharma\/\">https:\/\/ladeveloppement.com\/stagespharma\/<\/a> (il faut vous cr\u00e9er un compte \u00e0 la premi\u00e8re connexion)<\/p>\t\t\t\t\t\t<\/div>\n\t\t\t\t<\/div>\n\t\t\t\t\t<\/div>\n\t\t<\/div>\n\t\t\t\t\t\t\t<\/div>\n\t\t<\/section>\n\t\t\t\t\t\t\t<\/div>\n\t\t","protected":false},"excerpt":{"rendered":"<p>Liste-maitres-de-stage: https:\/\/medecine-pharmacie.univ-rouen.fr\/etudiants-en-pharmacie-278839.kjsp Guide de stage initiation ph2 Guide stage ph3 douleur inflammation et maladies m\u00e9taboliques Guide stage PH4 cardiologie infectiologie Cahier du collegien et du lyc\u00e9en Les guides version en ligne :\u00a0https:\/\/ladeveloppement.com\/stagespharma\/ (il faut vous cr\u00e9er un compte \u00e0 la premi\u00e8re connexion)<\/p>\n","protected":false},"author":1,"featured_media":0,"parent":0,"menu_order":0,"comment_status":"closed","ping_status":"closed","template":"page-templates\/template-pagebuilder-full-width.php","meta":{"footnotes":""},"class_list":["post-19","page","type-page","status-publish","hentry"],"_links":{"self":[{"href":"https:\/\/cpcms.fr\/associations\/rouen\/wp-json\/wp\/v2\/pages\/19","targetHints":{"allow":["GET"]}}],"collection":[{"href":"https:\/\/cpcms.fr\/associations\/rouen\/wp-json\/wp\/v2\/pages"}],"about":[{"href":"https:\/\/cpcms.fr\/associations\/rouen\/wp-json\/wp\/v2\/types\/page"}],"author":[{"embeddable":true,"href":"https:\/\/cpcms.fr\/associations\/rouen\/wp-json\/wp\/v2\/users\/1"}],"replies":[{"embeddable":true,"href":"https:\/\/cpcms.fr\/associations\/rouen\/wp-json\/wp\/v2\/comments?post=19"}],"version-history":[{"count":76,"href":"https:\/\/cpcms.fr\/associations\/rouen\/wp-json\/wp\/v2\/pages\/19\/revisions"}],"predecessor-version":[{"id":314,"href":"https:\/\/cpcms.fr\/associations\/rouen\/wp-json\/wp\/v2\/pages\/19\/revisions\/314"}],"wp:attachment":[{"href":"https:\/\/cpcms.fr\/associations\/rouen\/wp-json\/wp\/v2\/media?parent=19"}],"curies":[{"name":"wp","href":"https:\/\/api.w.org\/{rel}","templated":true}]}}