{"id":9,"date":"2023-03-13T11:47:57","date_gmt":"2023-03-13T10:47:57","guid":{"rendered":"https:\/\/cpcms.fr\/associations\/rouen\/?page_id=9"},"modified":"2025-03-12T09:55:58","modified_gmt":"2025-03-12T08:55:58","slug":"bureau","status":"publish","type":"page","link":"https:\/\/cpcms.fr\/associations\/rouen\/bureau\/","title":{"rendered":"Bureau"},"content":{"rendered":"\t\t<div data-elementor-type=\"wp-page\" data-elementor-id=\"9\" class=\"elementor elementor-9\">\n\t\t\t\t\t\t\t\t\t<section class=\"elementor-section elementor-top-section elementor-element elementor-element-291d6dc elementor-section-boxed elementor-section-height-default elementor-section-height-default\" data-id=\"291d6dc\" data-element_type=\"section\">\n\t\t\t\t\t\t<div class=\"elementor-container elementor-column-gap-default\">\n\t\t\t\t\t<div class=\"elementor-column elementor-col-33 elementor-top-column elementor-element elementor-element-1764764\" data-id=\"1764764\" data-element_type=\"column\">\n\t\t\t<div class=\"elementor-widget-wrap elementor-element-populated\">\n\t\t\t\t\t\t\t\t<div class=\"elementor-element elementor-element-80a3e29 elementor-widget elementor-widget-image\" data-id=\"80a3e29\" data-element_type=\"widget\" data-widget_type=\"image.default\">\n\t\t\t\t<div class=\"elementor-widget-container\">\n\t\t\t<style>\/*! elementor - v3.11.5 - 14-03-2023 *\/\n.elementor-widget-image{text-align:center}.elementor-widget-image a{display:inline-block}.elementor-widget-image a img[src$=\".svg\"]{width:48px}.elementor-widget-image img{vertical-align:middle;display:inline-block}<\/style>\t\t\t\t\t\t\t\t\t\t\t\t<img loading=\"lazy\" decoding=\"async\" width=\"194\" height=\"194\" src=\"https:\/\/cpcms.fr\/associations\/rouen\/wp-content\/uploads\/2023\/05\/Pharmacienne-05.png\" class=\"attachment-large size-large wp-image-114\" alt=\"\" srcset=\"https:\/\/cpcms.fr\/associations\/rouen\/wp-content\/uploads\/2023\/05\/Pharmacienne-05.png 194w, https:\/\/cpcms.fr\/associations\/rouen\/wp-content\/uploads\/2023\/05\/Pharmacienne-05-150x150.png 150w\" sizes=\"auto, (max-width: 194px) 100vw, 194px\" \/>\t\t\t\t\t\t\t\t\t\t\t\t\t\t\t<\/div>\n\t\t\t\t<\/div>\n\t\t\t\t<div class=\"elementor-element elementor-element-59585e3 elementor-widget elementor-widget-text-editor\" data-id=\"59585e3\" data-element_type=\"widget\" data-widget_type=\"text-editor.default\">\n\t\t\t\t<div class=\"elementor-widget-container\">\n\t\t\t<style>\/*! elementor - v3.11.5 - 14-03-2023 *\/\n.elementor-widget-text-editor.elementor-drop-cap-view-stacked .elementor-drop-cap{background-color:#818a91;color:#fff}.elementor-widget-text-editor.elementor-drop-cap-view-framed .elementor-drop-cap{color:#818a91;border:3px solid;background-color:transparent}.elementor-widget-text-editor:not(.elementor-drop-cap-view-default) .elementor-drop-cap{margin-top:8px}.elementor-widget-text-editor:not(.elementor-drop-cap-view-default) .elementor-drop-cap-letter{width:1em;height:1em}.elementor-widget-text-editor .elementor-drop-cap{float:left;text-align:center;line-height:1;font-size:50px}.elementor-widget-text-editor .elementor-drop-cap-letter{display:inline-block}<\/style>\t\t\t\t<p style=\"text-align: center;\"><strong>Lucile Louin<\/strong><\/p><p style=\"text-align: center;\">Co-pr\u00e9sidente<\/p>\t\t\t\t\t\t<\/div>\n\t\t\t\t<\/div>\n\t\t\t\t\t<\/div>\n\t\t<\/div>\n\t\t\t\t<div class=\"elementor-column elementor-col-33 elementor-top-column elementor-element elementor-element-486602b\" data-id=\"486602b\" data-element_type=\"column\">\n\t\t\t<div class=\"elementor-widget-wrap elementor-element-populated\">\n\t\t\t\t\t\t\t\t<div class=\"elementor-element elementor-element-e647dea elementor-widget elementor-widget-image\" data-id=\"e647dea\" data-element_type=\"widget\" data-widget_type=\"image.default\">\n\t\t\t\t<div class=\"elementor-widget-container\">\n\t\t\t\t\t\t\t\t\t\t\t\t\t\t\t<img loading=\"lazy\" decoding=\"async\" width=\"194\" height=\"194\" src=\"https:\/\/cpcms.fr\/associations\/rouen\/wp-content\/uploads\/2023\/05\/Pharmacienne-01.png\" class=\"attachment-large size-large wp-image-110\" alt=\"\" srcset=\"https:\/\/cpcms.fr\/associations\/rouen\/wp-content\/uploads\/2023\/05\/Pharmacienne-01.png 194w, https:\/\/cpcms.fr\/associations\/rouen\/wp-content\/uploads\/2023\/05\/Pharmacienne-01-150x150.png 150w\" sizes=\"auto, (max-width: 194px) 100vw, 194px\" \/>\t\t\t\t\t\t\t\t\t\t\t\t\t\t\t<\/div>\n\t\t\t\t<\/div>\n\t\t\t\t<div class=\"elementor-element elementor-element-91298ff elementor-widget elementor-widget-text-editor\" data-id=\"91298ff\" data-element_type=\"widget\" data-widget_type=\"text-editor.default\">\n\t\t\t\t<div class=\"elementor-widget-container\">\n\t\t\t\t\t\t\t<p style=\"text-align: center;\"><strong>Sophie Assire<\/strong><\/p><p style=\"text-align: center;\">Co-pr\u00e9sidente<\/p>\t\t\t\t\t\t<\/div>\n\t\t\t\t<\/div>\n\t\t\t\t\t<\/div>\n\t\t<\/div>\n\t\t\t\t<div class=\"elementor-column elementor-col-33 elementor-top-column elementor-element elementor-element-67d5334\" data-id=\"67d5334\" data-element_type=\"column\">\n\t\t\t<div class=\"elementor-widget-wrap elementor-element-populated\">\n\t\t\t\t\t\t\t\t<div class=\"elementor-element elementor-element-dc558d0 elementor-widget elementor-widget-image\" data-id=\"dc558d0\" data-element_type=\"widget\" data-widget_type=\"image.default\">\n\t\t\t\t<div class=\"elementor-widget-container\">\n\t\t\t\t\t\t\t\t\t\t\t\t\t\t\t<img loading=\"lazy\" decoding=\"async\" width=\"194\" height=\"194\" src=\"https:\/\/cpcms.fr\/associations\/rouen\/wp-content\/uploads\/2023\/05\/Pharmacienne-02.png\" class=\"attachment-large size-large wp-image-111\" alt=\"\" srcset=\"https:\/\/cpcms.fr\/associations\/rouen\/wp-content\/uploads\/2023\/05\/Pharmacienne-02.png 194w, https:\/\/cpcms.fr\/associations\/rouen\/wp-content\/uploads\/2023\/05\/Pharmacienne-02-150x150.png 150w\" sizes=\"auto, (max-width: 194px) 100vw, 194px\" \/>\t\t\t\t\t\t\t\t\t\t\t\t\t\t\t<\/div>\n\t\t\t\t<\/div>\n\t\t\t\t<div class=\"elementor-element elementor-element-7640b8d elementor-widget elementor-widget-text-editor\" data-id=\"7640b8d\" data-element_type=\"widget\" data-widget_type=\"text-editor.default\">\n\t\t\t\t<div class=\"elementor-widget-container\">\n\t\t\t\t\t\t\t<p style=\"text-align: center;\"><b>Christelle Maini<\/b><\/p><p style=\"text-align: center;\">Secr\u00e9taire<\/p>\t\t\t\t\t\t<\/div>\n\t\t\t\t<\/div>\n\t\t\t\t\t<\/div>\n\t\t<\/div>\n\t\t\t\t\t\t\t<\/div>\n\t\t<\/section>\n\t\t\t\t<section class=\"elementor-section elementor-top-section elementor-element elementor-element-eb85440 elementor-section-boxed elementor-section-height-default elementor-section-height-default\" data-id=\"eb85440\" data-element_type=\"section\">\n\t\t\t\t\t\t<div class=\"elementor-container elementor-column-gap-default\">\n\t\t\t\t\t<div class=\"elementor-column elementor-col-33 elementor-top-column elementor-element elementor-element-ddca4f7\" data-id=\"ddca4f7\" data-element_type=\"column\">\n\t\t\t<div class=\"elementor-widget-wrap elementor-element-populated\">\n\t\t\t\t\t\t\t\t<div class=\"elementor-element elementor-element-a769b52 elementor-widget elementor-widget-image\" data-id=\"a769b52\" data-element_type=\"widget\" data-widget_type=\"image.default\">\n\t\t\t\t<div class=\"elementor-widget-container\">\n\t\t\t\t\t\t\t\t\t\t\t\t\t\t\t<img loading=\"lazy\" decoding=\"async\" width=\"194\" height=\"194\" src=\"https:\/\/cpcms.fr\/associations\/rouen\/wp-content\/uploads\/2023\/05\/Pharmacienne-04.png\" class=\"attachment-large size-large wp-image-113\" alt=\"\" srcset=\"https:\/\/cpcms.fr\/associations\/rouen\/wp-content\/uploads\/2023\/05\/Pharmacienne-04.png 194w, https:\/\/cpcms.fr\/associations\/rouen\/wp-content\/uploads\/2023\/05\/Pharmacienne-04-150x150.png 150w\" sizes=\"auto, (max-width: 194px) 100vw, 194px\" \/>\t\t\t\t\t\t\t\t\t\t\t\t\t\t\t<\/div>\n\t\t\t\t<\/div>\n\t\t\t\t\t<\/div>\n\t\t<\/div>\n\t\t\t\t<div class=\"elementor-column elementor-col-33 elementor-top-column elementor-element elementor-element-407c01e\" data-id=\"407c01e\" data-element_type=\"column\">\n\t\t\t<div class=\"elementor-widget-wrap elementor-element-populated\">\n\t\t\t\t\t\t\t\t<div class=\"elementor-element elementor-element-9bf92f8 elementor-widget elementor-widget-image\" data-id=\"9bf92f8\" data-element_type=\"widget\" data-widget_type=\"image.default\">\n\t\t\t\t<div class=\"elementor-widget-container\">\n\t\t\t\t\t\t\t\t\t\t\t\t\t\t\t<img loading=\"lazy\" decoding=\"async\" width=\"194\" height=\"194\" src=\"https:\/\/cpcms.fr\/associations\/rouen\/wp-content\/uploads\/2023\/05\/Pharmacien-04.png\" class=\"attachment-large size-large wp-image-109\" alt=\"\" srcset=\"https:\/\/cpcms.fr\/associations\/rouen\/wp-content\/uploads\/2023\/05\/Pharmacien-04.png 194w, https:\/\/cpcms.fr\/associations\/rouen\/wp-content\/uploads\/2023\/05\/Pharmacien-04-150x150.png 150w\" sizes=\"auto, (max-width: 194px) 100vw, 194px\" \/>\t\t\t\t\t\t\t\t\t\t\t\t\t\t\t<\/div>\n\t\t\t\t<\/div>\n\t\t\t\t\t<\/div>\n\t\t<\/div>\n\t\t\t\t<div class=\"elementor-column elementor-col-33 elementor-top-column elementor-element elementor-element-6dd8b7e\" data-id=\"6dd8b7e\" data-element_type=\"column\">\n\t\t\t<div class=\"elementor-widget-wrap elementor-element-populated\">\n\t\t\t\t\t\t\t\t<div class=\"elementor-element elementor-element-4336c12 elementor-widget elementor-widget-image\" data-id=\"4336c12\" data-element_type=\"widget\" data-widget_type=\"image.default\">\n\t\t\t\t<div class=\"elementor-widget-container\">\n\t\t\t\t\t\t\t\t\t\t\t\t\t\t\t<img loading=\"lazy\" decoding=\"async\" width=\"194\" height=\"194\" src=\"https:\/\/cpcms.fr\/associations\/rouen\/wp-content\/uploads\/2023\/03\/Pharmacien-02.png\" class=\"attachment-large size-large wp-image-64\" alt=\"\" srcset=\"https:\/\/cpcms.fr\/associations\/rouen\/wp-content\/uploads\/2023\/03\/Pharmacien-02.png 194w, https:\/\/cpcms.fr\/associations\/rouen\/wp-content\/uploads\/2023\/03\/Pharmacien-02-150x150.png 150w\" sizes=\"auto, (max-width: 194px) 100vw, 194px\" \/>\t\t\t\t\t\t\t\t\t\t\t\t\t\t\t<\/div>\n\t\t\t\t<\/div>\n\t\t\t\t\t<\/div>\n\t\t<\/div>\n\t\t\t\t\t\t\t<\/div>\n\t\t<\/section>\n\t\t\t\t<section class=\"elementor-section elementor-top-section elementor-element elementor-element-61ec7f5 elementor-section-boxed elementor-section-height-default elementor-section-height-default\" data-id=\"61ec7f5\" data-element_type=\"section\">\n\t\t\t\t\t\t<div class=\"elementor-container elementor-column-gap-default\">\n\t\t\t\t\t<div class=\"elementor-column elementor-col-33 elementor-top-column elementor-element elementor-element-4147c50\" data-id=\"4147c50\" data-element_type=\"column\">\n\t\t\t<div class=\"elementor-widget-wrap elementor-element-populated\">\n\t\t\t\t\t\t\t\t<div class=\"elementor-element elementor-element-cbcb4c4 elementor-widget elementor-widget-text-editor\" data-id=\"cbcb4c4\" data-element_type=\"widget\" data-widget_type=\"text-editor.default\">\n\t\t\t\t<div class=\"elementor-widget-container\">\n\t\t\t\t\t\t\t<p style=\"text-align: center;\"><b>Virginie Bessou<\/b><\/p><p style=\"text-align: center;\">Vice secr\u00e9taire<\/p>\t\t\t\t\t\t<\/div>\n\t\t\t\t<\/div>\n\t\t\t\t\t<\/div>\n\t\t<\/div>\n\t\t\t\t<div class=\"elementor-column elementor-col-33 elementor-top-column elementor-element elementor-element-11c823b\" data-id=\"11c823b\" data-element_type=\"column\">\n\t\t\t<div class=\"elementor-widget-wrap elementor-element-populated\">\n\t\t\t\t\t\t\t\t<div class=\"elementor-element elementor-element-4380da3 elementor-widget elementor-widget-text-editor\" data-id=\"4380da3\" data-element_type=\"widget\" data-widget_type=\"text-editor.default\">\n\t\t\t\t<div class=\"elementor-widget-container\">\n\t\t\t\t\t\t\t<p style=\"text-align: center;\"><strong>Nathalie Bosser<\/strong><\/p>\n<p style=\"text-align: center;\">Tr\u00e9sori\u00e8re<\/p>\t\t\t\t\t\t<\/div>\n\t\t\t\t<\/div>\n\t\t\t\t\t<\/div>\n\t\t<\/div>\n\t\t\t\t<div class=\"elementor-column elementor-col-33 elementor-top-column elementor-element elementor-element-11ff1f8\" data-id=\"11ff1f8\" data-element_type=\"column\">\n\t\t\t<div class=\"elementor-widget-wrap elementor-element-populated\">\n\t\t\t\t\t\t\t\t<div class=\"elementor-element elementor-element-357b251 elementor-widget elementor-widget-text-editor\" data-id=\"357b251\" data-element_type=\"widget\" data-widget_type=\"text-editor.default\">\n\t\t\t\t<div class=\"elementor-widget-container\">\n\t\t\t\t\t\t\t<p style=\"text-align: center;\"><strong>Nicolas Choiselle<\/strong><\/p>\n<p style=\"text-align: center;\">Vice tr\u00e9sorier<\/p>\t\t\t\t\t\t<\/div>\n\t\t\t\t<\/div>\n\t\t\t\t\t<\/div>\n\t\t<\/div>\n\t\t\t\t\t\t\t<\/div>\n\t\t<\/section>\n\t\t\t\t\t\t\t<\/div>\n\t\t","protected":false},"excerpt":{"rendered":"<p>Lucile Louin Co-pr\u00e9sidente Sophie Assire Co-pr\u00e9sidente Christelle Maini Secr\u00e9taire Virginie Bessou Vice secr\u00e9taire Nathalie Bosser Tr\u00e9sori\u00e8re Nicolas Choiselle Vice tr\u00e9sorier<\/p>\n","protected":false},"author":1,"featured_media":0,"parent":0,"menu_order":0,"comment_status":"closed","ping_status":"closed","template":"page-templates\/template-pagebuilder-full-width.php","meta":{"footnotes":""},"class_list":["post-9","page","type-page","status-publish","hentry"],"_links":{"self":[{"href":"https:\/\/cpcms.fr\/associations\/rouen\/wp-json\/wp\/v2\/pages\/9","targetHints":{"allow":["GET"]}}],"collection":[{"href":"https:\/\/cpcms.fr\/associations\/rouen\/wp-json\/wp\/v2\/pages"}],"about":[{"href":"https:\/\/cpcms.fr\/associations\/rouen\/wp-json\/wp\/v2\/types\/page"}],"author":[{"embeddable":true,"href":"https:\/\/cpcms.fr\/associations\/rouen\/wp-json\/wp\/v2\/users\/1"}],"replies":[{"embeddable":true,"href":"https:\/\/cpcms.fr\/associations\/rouen\/wp-json\/wp\/v2\/comments?post=9"}],"version-history":[{"count":16,"href":"https:\/\/cpcms.fr\/associations\/rouen\/wp-json\/wp\/v2\/pages\/9\/revisions"}],"predecessor-version":[{"id":286,"href":"https:\/\/cpcms.fr\/associations\/rouen\/wp-json\/wp\/v2\/pages\/9\/revisions\/286"}],"wp:attachment":[{"href":"https:\/\/cpcms.fr\/associations\/rouen\/wp-json\/wp\/v2\/media?parent=9"}],"curies":[{"name":"wp","href":"https:\/\/api.w.org\/{rel}","templated":true}]}}