{"id":17,"date":"2023-03-13T11:50:12","date_gmt":"2023-03-13T10:50:12","guid":{"rendered":"https:\/\/cpcms.fr\/associations\/strasbourg\/?page_id=17"},"modified":"2025-12-15T11:20:38","modified_gmt":"2025-12-15T10:20:38","slug":"qui-sommes-nous","status":"publish","type":"page","link":"https:\/\/cpcms.fr\/associations\/strasbourg\/","title":{"rendered":"Qui sommes-nous"},"content":{"rendered":"\t\t<div data-elementor-type=\"wp-page\" data-elementor-id=\"17\" class=\"elementor elementor-17\">\n\t\t\t\t\t\t\t\t\t<section class=\"elementor-section elementor-top-section elementor-element elementor-element-802535f elementor-section-boxed elementor-section-height-default elementor-section-height-default\" data-id=\"802535f\" data-element_type=\"section\">\n\t\t\t\t\t\t<div class=\"elementor-container elementor-column-gap-default\">\n\t\t\t\t\t<div class=\"elementor-column elementor-col-100 elementor-top-column elementor-element elementor-element-fb93212\" data-id=\"fb93212\" data-element_type=\"column\">\n\t\t\t<div class=\"elementor-widget-wrap elementor-element-populated\">\n\t\t\t\t\t\t\t\t<div class=\"elementor-element elementor-element-d6feb2e elementor-widget elementor-widget-text-editor\" data-id=\"d6feb2e\" data-element_type=\"widget\" data-widget_type=\"text-editor.default\">\n\t\t\t\t<div class=\"elementor-widget-container\">\n\t\t\t<style>\/*! elementor - v3.11.5 - 14-03-2023 *\/\n.elementor-widget-text-editor.elementor-drop-cap-view-stacked .elementor-drop-cap{background-color:#818a91;color:#fff}.elementor-widget-text-editor.elementor-drop-cap-view-framed .elementor-drop-cap{color:#818a91;border:3px solid;background-color:transparent}.elementor-widget-text-editor:not(.elementor-drop-cap-view-default) .elementor-drop-cap{margin-top:8px}.elementor-widget-text-editor:not(.elementor-drop-cap-view-default) .elementor-drop-cap-letter{width:1em;height:1em}.elementor-widget-text-editor .elementor-drop-cap{float:left;text-align:center;line-height:1;font-size:50px}.elementor-widget-text-editor .elementor-drop-cap-letter{display:inline-block}<\/style>\t\t\t\t<strong>L&rsquo;association des Pharmaciens Ma\u00eetres de Stage d&rsquo;Alsace (APMSA)<\/strong> a \u00e9t\u00e9 cr\u00e9\u00e9e en 2005.\n\nElle se compose de pharmaciens conseillers de stage et conseillers universitaires, de ma\u00eetres de stage titulaires et adjoints et d&rsquo;\u00e9tudiants. Et ce, afin d&rsquo;avoir la repr\u00e9sentativit\u00e9 la plus compl\u00e8te vis-\u00e0-vis des terrains de stage.\n\nSon but est :\n\n-&gt; d&rsquo;\u00e9tudier toutes questions int\u00e9ressant les stages officinaux, leur organisation, leur perfectionnement, et de formuler des propositions ou des voeux en ce sens;\n\n-&gt; de d\u00e9fendre les int\u00e9r\u00eats de ses membres sur les questions relatives aux stages et de les repr\u00e9senter aupr\u00e8s des pouvoirs publics, universit\u00e9s, Ordre des Pharmaciens, groupements et associations professionnelles ou administratives;\n\n-&gt; d&rsquo;aider \u00e0 la formation professionnelle des \u00e9tudiants stagiaires en officine par toutes mesures pouvant se rapporter \u00e0 l&rsquo;enseignement ou \u00e0 la pratique des stages, ainsi que par l&rsquo;attribution de r\u00e9compenses.\t\t\t\t\t\t<\/div>\n\t\t\t\t<\/div>\n\t\t\t\t\t<\/div>\n\t\t<\/div>\n\t\t\t\t\t\t\t<\/div>\n\t\t<\/section>\n\t\t\t\t<section class=\"elementor-section elementor-top-section elementor-element elementor-element-f005145 elementor-section-boxed elementor-section-height-default elementor-section-height-default\" data-id=\"f005145\" data-element_type=\"section\">\n\t\t\t\t\t\t<div class=\"elementor-container elementor-column-gap-default\">\n\t\t\t\t\t<div class=\"elementor-column elementor-col-50 elementor-top-column elementor-element elementor-element-1d28149\" data-id=\"1d28149\" data-element_type=\"column\">\n\t\t\t<div class=\"elementor-widget-wrap elementor-element-populated\">\n\t\t\t\t\t\t\t\t<div class=\"elementor-element elementor-element-b6bb78e elementor-widget elementor-widget-image\" data-id=\"b6bb78e\" data-element_type=\"widget\" data-widget_type=\"image.default\">\n\t\t\t\t<div class=\"elementor-widget-container\">\n\t\t\t<style>\/*! elementor - v3.11.5 - 14-03-2023 *\/\n.elementor-widget-image{text-align:center}.elementor-widget-image a{display:inline-block}.elementor-widget-image a img[src$=\".svg\"]{width:48px}.elementor-widget-image img{vertical-align:middle;display:inline-block}<\/style>\t\t\t\t\t\t\t\t\t\t\t\t<img loading=\"lazy\" decoding=\"async\" width=\"750\" height=\"1000\" src=\"https:\/\/cpcms.fr\/associations\/strasbourg\/wp-content\/uploads\/2025\/11\/490961931_1239577561505145_8726795381303059724_n-768x1024.jpg\" class=\"attachment-large size-large wp-image-231\" alt=\"\" srcset=\"https:\/\/cpcms.fr\/associations\/strasbourg\/wp-content\/uploads\/2025\/11\/490961931_1239577561505145_8726795381303059724_n-768x1024.jpg 768w, https:\/\/cpcms.fr\/associations\/strasbourg\/wp-content\/uploads\/2025\/11\/490961931_1239577561505145_8726795381303059724_n-225x300.jpg 225w, https:\/\/cpcms.fr\/associations\/strasbourg\/wp-content\/uploads\/2025\/11\/490961931_1239577561505145_8726795381303059724_n-1152x1536.jpg 1152w, https:\/\/cpcms.fr\/associations\/strasbourg\/wp-content\/uploads\/2025\/11\/490961931_1239577561505145_8726795381303059724_n.jpg 1200w\" sizes=\"auto, (max-width: 750px) 100vw, 750px\" \/>\t\t\t\t\t\t\t\t\t\t\t\t\t\t\t<\/div>\n\t\t\t\t<\/div>\n\t\t\t\t\t<\/div>\n\t\t<\/div>\n\t\t\t\t<div class=\"elementor-column elementor-col-50 elementor-top-column elementor-element elementor-element-e13caaa\" data-id=\"e13caaa\" data-element_type=\"column\">\n\t\t\t<div class=\"elementor-widget-wrap elementor-element-populated\">\n\t\t\t\t\t\t\t\t<div class=\"elementor-element elementor-element-5981b27 elementor-widget elementor-widget-image\" data-id=\"5981b27\" data-element_type=\"widget\" data-widget_type=\"image.default\">\n\t\t\t\t<div class=\"elementor-widget-container\">\n\t\t\t\t\t\t\t\t\t\t\t\t\t\t\t<img loading=\"lazy\" decoding=\"async\" width=\"750\" height=\"1000\" src=\"https:\/\/cpcms.fr\/associations\/strasbourg\/wp-content\/uploads\/2025\/11\/1743451293632-768x1024.jpg\" class=\"attachment-large size-large wp-image-232\" alt=\"\" srcset=\"https:\/\/cpcms.fr\/associations\/strasbourg\/wp-content\/uploads\/2025\/11\/1743451293632-768x1024.jpg 768w, https:\/\/cpcms.fr\/associations\/strasbourg\/wp-content\/uploads\/2025\/11\/1743451293632-225x300.jpg 225w, https:\/\/cpcms.fr\/associations\/strasbourg\/wp-content\/uploads\/2025\/11\/1743451293632-1152x1536.jpg 1152w, https:\/\/cpcms.fr\/associations\/strasbourg\/wp-content\/uploads\/2025\/11\/1743451293632.jpg 1280w\" sizes=\"auto, (max-width: 750px) 100vw, 750px\" \/>\t\t\t\t\t\t\t\t\t\t\t\t\t\t\t<\/div>\n\t\t\t\t<\/div>\n\t\t\t\t\t<\/div>\n\t\t<\/div>\n\t\t\t\t\t\t\t<\/div>\n\t\t<\/section>\n\t\t\t\t<section class=\"elementor-section elementor-top-section elementor-element elementor-element-d94127c elementor-section-boxed elementor-section-height-default elementor-section-height-default\" data-id=\"d94127c\" data-element_type=\"section\">\n\t\t\t\t\t\t<div class=\"elementor-container elementor-column-gap-default\">\n\t\t\t\t\t<div class=\"elementor-column elementor-col-33 elementor-top-column elementor-element elementor-element-9868641\" data-id=\"9868641\" data-element_type=\"column\">\n\t\t\t<div class=\"elementor-widget-wrap elementor-element-populated\">\n\t\t\t\t\t\t\t\t<div class=\"elementor-element elementor-element-d27be07 elementor-widget elementor-widget-image\" data-id=\"d27be07\" data-element_type=\"widget\" data-widget_type=\"image.default\">\n\t\t\t\t<div class=\"elementor-widget-container\">\n\t\t\t\t\t\t\t\t\t\t\t\t\t\t\t<img loading=\"lazy\" decoding=\"async\" width=\"688\" height=\"1024\" src=\"https:\/\/cpcms.fr\/associations\/strasbourg\/wp-content\/uploads\/2025\/11\/1743964616507-688x1024.jpg\" class=\"attachment-large size-large wp-image-235\" alt=\"\" srcset=\"https:\/\/cpcms.fr\/associations\/strasbourg\/wp-content\/uploads\/2025\/11\/1743964616507-688x1024.jpg 688w, https:\/\/cpcms.fr\/associations\/strasbourg\/wp-content\/uploads\/2025\/11\/1743964616507-202x300.jpg 202w, https:\/\/cpcms.fr\/associations\/strasbourg\/wp-content\/uploads\/2025\/11\/1743964616507-768x1142.jpg 768w, https:\/\/cpcms.fr\/associations\/strasbourg\/wp-content\/uploads\/2025\/11\/1743964616507-1033x1536.jpg 1033w, https:\/\/cpcms.fr\/associations\/strasbourg\/wp-content\/uploads\/2025\/11\/1743964616507.jpg 1280w\" sizes=\"auto, (max-width: 688px) 100vw, 688px\" \/>\t\t\t\t\t\t\t\t\t\t\t\t\t\t\t<\/div>\n\t\t\t\t<\/div>\n\t\t\t\t\t<\/div>\n\t\t<\/div>\n\t\t\t\t<div class=\"elementor-column elementor-col-33 elementor-top-column elementor-element elementor-element-876f8d1\" data-id=\"876f8d1\" data-element_type=\"column\">\n\t\t\t<div class=\"elementor-widget-wrap elementor-element-populated\">\n\t\t\t\t\t\t\t\t<div class=\"elementor-element elementor-element-42372a5 elementor-widget elementor-widget-image\" data-id=\"42372a5\" data-element_type=\"widget\" data-widget_type=\"image.default\">\n\t\t\t\t<div class=\"elementor-widget-container\">\n\t\t\t\t\t\t\t\t\t\t\t\t\t\t\t<img loading=\"lazy\" decoding=\"async\" width=\"750\" height=\"1000\" src=\"https:\/\/cpcms.fr\/associations\/strasbourg\/wp-content\/uploads\/2025\/11\/1743964619090-768x1024.jpg\" class=\"attachment-large size-large wp-image-234\" alt=\"\" srcset=\"https:\/\/cpcms.fr\/associations\/strasbourg\/wp-content\/uploads\/2025\/11\/1743964619090-768x1024.jpg 768w, https:\/\/cpcms.fr\/associations\/strasbourg\/wp-content\/uploads\/2025\/11\/1743964619090-225x300.jpg 225w, https:\/\/cpcms.fr\/associations\/strasbourg\/wp-content\/uploads\/2025\/11\/1743964619090-1152x1536.jpg 1152w, https:\/\/cpcms.fr\/associations\/strasbourg\/wp-content\/uploads\/2025\/11\/1743964619090.jpg 1280w\" sizes=\"auto, (max-width: 750px) 100vw, 750px\" \/>\t\t\t\t\t\t\t\t\t\t\t\t\t\t\t<\/div>\n\t\t\t\t<\/div>\n\t\t\t\t\t<\/div>\n\t\t<\/div>\n\t\t\t\t<div class=\"elementor-column elementor-col-33 elementor-top-column elementor-element elementor-element-099643e\" data-id=\"099643e\" data-element_type=\"column\">\n\t\t\t<div class=\"elementor-widget-wrap elementor-element-populated\">\n\t\t\t\t\t\t\t\t<div class=\"elementor-element elementor-element-773ba60 elementor-widget elementor-widget-image\" data-id=\"773ba60\" data-element_type=\"widget\" data-widget_type=\"image.default\">\n\t\t\t\t<div class=\"elementor-widget-container\">\n\t\t\t\t\t\t\t\t\t\t\t\t\t\t\t<img loading=\"lazy\" decoding=\"async\" width=\"688\" height=\"1024\" src=\"https:\/\/cpcms.fr\/associations\/strasbourg\/wp-content\/uploads\/2025\/11\/1743964616228-688x1024.jpg\" class=\"attachment-large size-large wp-image-233\" alt=\"\" srcset=\"https:\/\/cpcms.fr\/associations\/strasbourg\/wp-content\/uploads\/2025\/11\/1743964616228-688x1024.jpg 688w, https:\/\/cpcms.fr\/associations\/strasbourg\/wp-content\/uploads\/2025\/11\/1743964616228-202x300.jpg 202w, https:\/\/cpcms.fr\/associations\/strasbourg\/wp-content\/uploads\/2025\/11\/1743964616228-768x1142.jpg 768w, https:\/\/cpcms.fr\/associations\/strasbourg\/wp-content\/uploads\/2025\/11\/1743964616228-1033x1536.jpg 1033w, https:\/\/cpcms.fr\/associations\/strasbourg\/wp-content\/uploads\/2025\/11\/1743964616228.jpg 1280w\" sizes=\"auto, (max-width: 688px) 100vw, 688px\" \/>\t\t\t\t\t\t\t\t\t\t\t\t\t\t\t<\/div>\n\t\t\t\t<\/div>\n\t\t\t\t\t<\/div>\n\t\t<\/div>\n\t\t\t\t\t\t\t<\/div>\n\t\t<\/section>\n\t\t\t\t<section class=\"elementor-section elementor-top-section elementor-element elementor-element-d64c0c0 elementor-section-boxed elementor-section-height-default elementor-section-height-default\" data-id=\"d64c0c0\" data-element_type=\"section\">\n\t\t\t\t\t\t<div class=\"elementor-container elementor-column-gap-default\">\n\t\t\t\t\t<div class=\"elementor-column elementor-col-100 elementor-top-column elementor-element elementor-element-f88e373\" data-id=\"f88e373\" data-element_type=\"column\">\n\t\t\t<div class=\"elementor-widget-wrap elementor-element-populated\">\n\t\t\t\t\t\t\t\t<div class=\"elementor-element elementor-element-2e23495 elementor-shape-rounded elementor-grid-0 e-grid-align-center elementor-widget elementor-widget-social-icons\" data-id=\"2e23495\" data-element_type=\"widget\" data-widget_type=\"social-icons.default\">\n\t\t\t\t<div class=\"elementor-widget-container\">\n\t\t\t<style>\/*! elementor - v3.11.5 - 14-03-2023 *\/\n.elementor-widget-social-icons.elementor-grid-0 .elementor-widget-container,.elementor-widget-social-icons.elementor-grid-mobile-0 .elementor-widget-container,.elementor-widget-social-icons.elementor-grid-tablet-0 .elementor-widget-container{line-height:1;font-size:0}.elementor-widget-social-icons:not(.elementor-grid-0):not(.elementor-grid-tablet-0):not(.elementor-grid-mobile-0) .elementor-grid{display:inline-grid}.elementor-widget-social-icons .elementor-grid{grid-column-gap:var(--grid-column-gap,5px);grid-row-gap:var(--grid-row-gap,5px);grid-template-columns:var(--grid-template-columns);justify-content:var(--justify-content,center);justify-items:var(--justify-content,center)}.elementor-icon.elementor-social-icon{font-size:var(--icon-size,25px);line-height:var(--icon-size,25px);width:calc(var(--icon-size, 25px) + (2 * var(--icon-padding, .5em)));height:calc(var(--icon-size, 25px) + (2 * var(--icon-padding, .5em)))}.elementor-social-icon{--e-social-icon-icon-color:#fff;display:inline-flex;background-color:#818a91;align-items:center;justify-content:center;text-align:center;cursor:pointer}.elementor-social-icon i{color:var(--e-social-icon-icon-color)}.elementor-social-icon svg{fill:var(--e-social-icon-icon-color)}.elementor-social-icon:last-child{margin:0}.elementor-social-icon:hover{opacity:.9;color:#fff}.elementor-social-icon-android{background-color:#a4c639}.elementor-social-icon-apple{background-color:#999}.elementor-social-icon-behance{background-color:#1769ff}.elementor-social-icon-bitbucket{background-color:#205081}.elementor-social-icon-codepen{background-color:#000}.elementor-social-icon-delicious{background-color:#39f}.elementor-social-icon-deviantart{background-color:#05cc47}.elementor-social-icon-digg{background-color:#005be2}.elementor-social-icon-dribbble{background-color:#ea4c89}.elementor-social-icon-elementor{background-color:#d30c5c}.elementor-social-icon-envelope{background-color:#ea4335}.elementor-social-icon-facebook,.elementor-social-icon-facebook-f{background-color:#3b5998}.elementor-social-icon-flickr{background-color:#0063dc}.elementor-social-icon-foursquare{background-color:#2d5be3}.elementor-social-icon-free-code-camp,.elementor-social-icon-freecodecamp{background-color:#006400}.elementor-social-icon-github{background-color:#333}.elementor-social-icon-gitlab{background-color:#e24329}.elementor-social-icon-globe{background-color:#818a91}.elementor-social-icon-google-plus,.elementor-social-icon-google-plus-g{background-color:#dd4b39}.elementor-social-icon-houzz{background-color:#7ac142}.elementor-social-icon-instagram{background-color:#262626}.elementor-social-icon-jsfiddle{background-color:#487aa2}.elementor-social-icon-link{background-color:#818a91}.elementor-social-icon-linkedin,.elementor-social-icon-linkedin-in{background-color:#0077b5}.elementor-social-icon-medium{background-color:#00ab6b}.elementor-social-icon-meetup{background-color:#ec1c40}.elementor-social-icon-mixcloud{background-color:#273a4b}.elementor-social-icon-odnoklassniki{background-color:#f4731c}.elementor-social-icon-pinterest{background-color:#bd081c}.elementor-social-icon-product-hunt{background-color:#da552f}.elementor-social-icon-reddit{background-color:#ff4500}.elementor-social-icon-rss{background-color:#f26522}.elementor-social-icon-shopping-cart{background-color:#4caf50}.elementor-social-icon-skype{background-color:#00aff0}.elementor-social-icon-slideshare{background-color:#0077b5}.elementor-social-icon-snapchat{background-color:#fffc00}.elementor-social-icon-soundcloud{background-color:#f80}.elementor-social-icon-spotify{background-color:#2ebd59}.elementor-social-icon-stack-overflow{background-color:#fe7a15}.elementor-social-icon-steam{background-color:#00adee}.elementor-social-icon-stumbleupon{background-color:#eb4924}.elementor-social-icon-telegram{background-color:#2ca5e0}.elementor-social-icon-thumb-tack{background-color:#1aa1d8}.elementor-social-icon-tripadvisor{background-color:#589442}.elementor-social-icon-tumblr{background-color:#35465c}.elementor-social-icon-twitch{background-color:#6441a5}.elementor-social-icon-twitter{background-color:#1da1f2}.elementor-social-icon-viber{background-color:#665cac}.elementor-social-icon-vimeo{background-color:#1ab7ea}.elementor-social-icon-vk{background-color:#45668e}.elementor-social-icon-weibo{background-color:#dd2430}.elementor-social-icon-weixin{background-color:#31a918}.elementor-social-icon-whatsapp{background-color:#25d366}.elementor-social-icon-wordpress{background-color:#21759b}.elementor-social-icon-xing{background-color:#026466}.elementor-social-icon-yelp{background-color:#af0606}.elementor-social-icon-youtube{background-color:#cd201f}.elementor-social-icon-500px{background-color:#0099e5}.elementor-shape-rounded .elementor-icon.elementor-social-icon{border-radius:10%}.elementor-shape-circle .elementor-icon.elementor-social-icon{border-radius:50%}<\/style>\t\t<div class=\"elementor-social-icons-wrapper elementor-grid\">\n\t\t\t\t\t\t\t<span class=\"elementor-grid-item\">\n\t\t\t\t\t<a class=\"elementor-icon elementor-social-icon elementor-social-icon-facebook elementor-repeater-item-c78f6d3\" href=\"https:\/\/www.facebook.com\/associationdespharmaciensmaitresdestagedalsace\/?locale=fr_FR\" target=\"_blank\">\n\t\t\t\t\t\t<span class=\"elementor-screen-only\">Facebook<\/span>\n\t\t\t\t\t\t<i class=\"fab fa-facebook\"><\/i>\t\t\t\t\t<\/a>\n\t\t\t\t<\/span>\n\t\t\t\t\t\t\t<span class=\"elementor-grid-item\">\n\t\t\t\t\t<a class=\"elementor-icon elementor-social-icon elementor-social-icon-linkedin elementor-repeater-item-73a5af6\" href=\"https:\/\/www.linkedin.com\/company\/82932793\/admin\/feed\/posts\/\" target=\"_blank\">\n\t\t\t\t\t\t<span class=\"elementor-screen-only\">Linkedin<\/span>\n\t\t\t\t\t\t<i class=\"fab fa-linkedin\"><\/i>\t\t\t\t\t<\/a>\n\t\t\t\t<\/span>\n\t\t\t\t\t<\/div>\n\t\t\t\t<\/div>\n\t\t\t\t<\/div>\n\t\t\t\t\t<\/div>\n\t\t<\/div>\n\t\t\t\t\t\t\t<\/div>\n\t\t<\/section>\n\t\t\t\t\t\t\t<\/div>\n\t\t","protected":false},"excerpt":{"rendered":"<p>L&rsquo;association des Pharmaciens Ma\u00eetres de Stage d&rsquo;Alsace (APMSA) a \u00e9t\u00e9 cr\u00e9\u00e9e en 2005. Elle se compose de pharmaciens conseillers de stage et conseillers universitaires, de ma\u00eetres de stage titulaires et adjoints et d&rsquo;\u00e9tudiants. Et ce, afin d&rsquo;avoir la repr\u00e9sentativit\u00e9 la plus compl\u00e8te vis-\u00e0-vis des terrains de stage. Son but est [&hellip;]<\/p>\n","protected":false},"author":1,"featured_media":0,"parent":0,"menu_order":0,"comment_status":"closed","ping_status":"closed","template":"page-templates\/template-pagebuilder-full-width.php","meta":{"footnotes":""},"class_list":["post-17","page","type-page","status-publish","hentry"],"_links":{"self":[{"href":"https:\/\/cpcms.fr\/associations\/strasbourg\/wp-json\/wp\/v2\/pages\/17","targetHints":{"allow":["GET"]}}],"collection":[{"href":"https:\/\/cpcms.fr\/associations\/strasbourg\/wp-json\/wp\/v2\/pages"}],"about":[{"href":"https:\/\/cpcms.fr\/associations\/strasbourg\/wp-json\/wp\/v2\/types\/page"}],"author":[{"embeddable":true,"href":"https:\/\/cpcms.fr\/associations\/strasbourg\/wp-json\/wp\/v2\/users\/1"}],"replies":[{"embeddable":true,"href":"https:\/\/cpcms.fr\/associations\/strasbourg\/wp-json\/wp\/v2\/comments?post=17"}],"version-history":[{"count":38,"href":"https:\/\/cpcms.fr\/associations\/strasbourg\/wp-json\/wp\/v2\/pages\/17\/revisions"}],"predecessor-version":[{"id":254,"href":"https:\/\/cpcms.fr\/associations\/strasbourg\/wp-json\/wp\/v2\/pages\/17\/revisions\/254"}],"wp:attachment":[{"href":"https:\/\/cpcms.fr\/associations\/strasbourg\/wp-json\/wp\/v2\/media?parent=17"}],"curies":[{"name":"wp","href":"https:\/\/api.w.org\/{rel}","templated":true}]}}