{"id":21,"date":"2023-03-13T11:50:28","date_gmt":"2023-03-13T10:50:28","guid":{"rendered":"https:\/\/cpcms.fr\/associations\/strasbourg\/?page_id=21"},"modified":"2025-11-23T09:59:30","modified_gmt":"2025-11-23T08:59:30","slug":"statuts-ri","status":"publish","type":"page","link":"https:\/\/cpcms.fr\/associations\/strasbourg\/statuts-ri\/","title":{"rendered":"Statuts et r\u00e8glement int\u00e9rieur"},"content":{"rendered":"\n<p>L&rsquo;Association des Pharmaciens Ma\u00eetres de Stage d&rsquo;Alsace (APMSA) a \u00e9t\u00e9 fond\u00e9e le 26 janvier 2005 sous le nom d&rsquo;Association Alsacienne des Pharmaciens Conseillers et Ma\u00eetres de Stage en Officine Agr\u00e9es. Les statuts adopt\u00e9s lors de l&rsquo;assembl\u00e9e g\u00e9n\u00e9rale constitutive de l&rsquo;association sont les suivants.<\/p>\n\n\n\n<div data-wp-interactive=\"core\/file\" class=\"wp-block-file\"><object data-wp-bind--hidden=\"!state.hasPdfPreview\" hidden class=\"wp-block-file__embed\" data=\"https:\/\/cpcms.fr\/associations\/strasbourg\/wp-content\/uploads\/2025\/11\/Statuts-APMSA-2005-01-26.pdf\" type=\"application\/pdf\" style=\"width:100%;height:600px\" aria-label=\"Contenu embarqu\u00e9 Statuts APMSA 2005-01-26.\"><\/object><a id=\"wp-block-file--media-53bf02b9-14e8-49fc-bbdb-4ff47ce57162\" href=\"https:\/\/cpcms.fr\/associations\/strasbourg\/wp-content\/uploads\/2025\/11\/Statuts-APMSA-2005-01-26.pdf\">Statuts APMSA 2005-01-26<\/a><a href=\"https:\/\/cpcms.fr\/associations\/strasbourg\/wp-content\/uploads\/2025\/11\/Statuts-APMSA-2005-01-26.pdf\" class=\"wp-block-file__button wp-element-button\" download aria-describedby=\"wp-block-file--media-53bf02b9-14e8-49fc-bbdb-4ff47ce57162\">T\u00e9l\u00e9charger<\/a><\/div>\n\n\n\n<p>Un avenant aux statuts a permis \u00e0 l&rsquo;association de prendre son nom actuel, l&rsquo;Association des Pharmaciens Ma\u00eetres de Stage d&rsquo;Alsace .<\/p>\n\n\n\n<div data-wp-interactive=\"core\/file\" class=\"wp-block-file\"><object data-wp-bind--hidden=\"!state.hasPdfPreview\" hidden class=\"wp-block-file__embed\" data=\"https:\/\/cpcms.fr\/associations\/strasbourg\/wp-content\/uploads\/2025\/11\/Avenants-du-2019-12-19-aux-statuts-du-26-01-2005-signes.pdf\" type=\"application\/pdf\" style=\"width:100%;height:600px\" aria-label=\"Contenu embarqu\u00e9 Avenants du 2019-12-19 aux statuts du 26-01-2005 signe\u0301s.\"><\/object><a id=\"wp-block-file--media-e925ce1c-90d9-4466-a4ad-4e088739d97e\" href=\"https:\/\/cpcms.fr\/associations\/strasbourg\/wp-content\/uploads\/2025\/11\/Avenants-du-2019-12-19-aux-statuts-du-26-01-2005-signes.pdf\">Avenants du 2019-12-19 aux statuts du 26-01-2005 signe\u0301s<\/a><a href=\"https:\/\/cpcms.fr\/associations\/strasbourg\/wp-content\/uploads\/2025\/11\/Avenants-du-2019-12-19-aux-statuts-du-26-01-2005-signes.pdf\" class=\"wp-block-file__button wp-element-button\" download aria-describedby=\"wp-block-file--media-e925ce1c-90d9-4466-a4ad-4e088739d97e\">T\u00e9l\u00e9charger<\/a><\/div>\n\n\n\n<p>L&rsquo;APMSA est \u00e9galement r\u00e9gie par un r\u00e8glement int\u00e9rieur.<\/p>\n\n\n\n<div class=\"wp-block-file\"><a id=\"wp-block-file--media-19179214-726c-451a-821c-a51e3847b613\" href=\"https:\/\/cpcms.fr\/associations\/strasbourg\/wp-content\/uploads\/2025\/11\/reglement-int-modifie-apmsa.doc\">re\u0300glement int modifie\u0301 apmsa<\/a><a href=\"https:\/\/cpcms.fr\/associations\/strasbourg\/wp-content\/uploads\/2025\/11\/reglement-int-modifie-apmsa.doc\" class=\"wp-block-file__button wp-element-button\" download aria-describedby=\"wp-block-file--media-19179214-726c-451a-821c-a51e3847b613\">T\u00e9l\u00e9charger<\/a><\/div>\n\n\n\n<p>L&rsquo;ensemble de ces documents ont \u00e9t\u00e9 d\u00e9pos\u00e9s aupr\u00e8s du greffe des associations.<\/p>\n","protected":false},"excerpt":{"rendered":"<p>L&rsquo;Association des Pharmaciens Ma\u00eetres de Stage d&rsquo;Alsace (APMSA) a \u00e9t\u00e9 fond\u00e9e le 26 janvier 2005 sous le nom d&rsquo;Association Alsacienne des Pharmaciens Conseillers et Ma\u00eetres de Stage en Officine Agr\u00e9es. Les statuts adopt\u00e9s lors de l&rsquo;assembl\u00e9e g\u00e9n\u00e9rale constitutive de l&rsquo;association sont les suivants. Un avenant aux statuts a permis \u00e0 [&hellip;]<\/p>\n","protected":false},"author":1,"featured_media":0,"parent":0,"menu_order":0,"comment_status":"closed","ping_status":"closed","template":"","meta":{"footnotes":""},"class_list":["post-21","page","type-page","status-publish","hentry"],"_links":{"self":[{"href":"https:\/\/cpcms.fr\/associations\/strasbourg\/wp-json\/wp\/v2\/pages\/21","targetHints":{"allow":["GET"]}}],"collection":[{"href":"https:\/\/cpcms.fr\/associations\/strasbourg\/wp-json\/wp\/v2\/pages"}],"about":[{"href":"https:\/\/cpcms.fr\/associations\/strasbourg\/wp-json\/wp\/v2\/types\/page"}],"author":[{"embeddable":true,"href":"https:\/\/cpcms.fr\/associations\/strasbourg\/wp-json\/wp\/v2\/users\/1"}],"replies":[{"embeddable":true,"href":"https:\/\/cpcms.fr\/associations\/strasbourg\/wp-json\/wp\/v2\/comments?post=21"}],"version-history":[{"count":5,"href":"https:\/\/cpcms.fr\/associations\/strasbourg\/wp-json\/wp\/v2\/pages\/21\/revisions"}],"predecessor-version":[{"id":204,"href":"https:\/\/cpcms.fr\/associations\/strasbourg\/wp-json\/wp\/v2\/pages\/21\/revisions\/204"}],"wp:attachment":[{"href":"https:\/\/cpcms.fr\/associations\/strasbourg\/wp-json\/wp\/v2\/media?parent=21"}],"curies":[{"name":"wp","href":"https:\/\/api.w.org\/{rel}","templated":true}]}}