{"id":124,"date":"2020-02-02T11:52:27","date_gmt":"2020-02-02T10:52:27","guid":{"rendered":"https:\/\/cpcms.fr\/guide-stage\/?page_id=124"},"modified":"2020-02-09T23:26:10","modified_gmt":"2020-02-09T22:26:10","slug":"annexes","status":"publish","type":"page","link":"https:\/\/cpcms.fr\/guide-stage\/annexes\/","title":{"rendered":"Annexes"},"content":{"rendered":"    \t\t<div class=\"hts-messages hts-messages--info  hts-messages--withtitle hts-messages--withicon \"   >\r\n    \t\t\t<span class=\"hts-messages__title\">Liste des m\u00e9dicaments \u00e0 dispensation particuli\u00e8re<\/span>    \t\t\t    \t\t\t\t<p>\r\n    \t\t\t\t\t<a href=\"https:\/\/cpcms.fr\/guide-stage\/wp-content\/uploads\/2020\/02\/12a-2019-liste-des-medicaments-dispensation-particuliere-VD.pdf\">liste des medicaments dispensation particuliere.pdf<\/a>    \t\t\t\t<\/p>\r\n    \t\t\t    \t\t\t\r\n    \t\t<\/div><!-- \/.ht-shortcodes-messages -->\r\n    \t\t\n    \t\t<div class=\"hts-messages hts-messages--info  hts-messages--withtitle hts-messages--withicon \"   >\r\n    \t\t\t<span class=\"hts-messages__title\">vaccination.pdf<\/span>    \t\t\t    \t\t\t\t<p>\r\n    \t\t\t\t\t<a href=\"https:\/\/cpcms.fr\/guide-stage\/wp-content\/uploads\/2020\/02\/Annexe-1-vaccination.pdf\">vaccination.pdf<\/a>    \t\t\t\t<\/p>\r\n    \t\t\t    \t\t\t\r\n    \t\t<\/div><!-- \/.ht-shortcodes-messages -->\r\n    \t\t\n    \t\t<div class=\"hts-messages hts-messages--info  hts-messages--withtitle hts-messages--withicon \"   >\r\n    \t\t\t<span class=\"hts-messages__title\">ressources vaccination.pdf<\/span>    \t\t\t    \t\t\t\t<p>\r\n    \t\t\t\t\t<a href=\"https:\/\/cpcms.fr\/guide-stage\/wp-content\/uploads\/2020\/02\/ANNEXE-2-ressources-vaccination.pdf\">ressources vaccination.pdf<\/a>    \t\t\t\t<\/p>\r\n    \t\t\t    \t\t\t\r\n    \t\t<\/div><!-- \/.ht-shortcodes-messages -->\r\n    \t\t\n    \t\t<div class=\"hts-messages hts-messages--info  hts-messages--withtitle hts-messages--withicon \"   >\r\n    \t\t\t<span class=\"hts-messages__title\">Bibliographie<\/span>    \t\t\t    \t\t\t\t<p>\r\n    \t\t\t\t\t<a href=\"https:\/\/cpcms.fr\/guide-stage\/wp-content\/uploads\/2020\/02\/BIBLIOGRAPHIE.pdf\">Bibliographie.pdf<\/a>    \t\t\t\t<\/p>\r\n    \t\t\t    \t\t\t\r\n    \t\t<\/div><!-- \/.ht-shortcodes-messages -->\r\n    \t\t\n    \t\t<div class=\"hts-messages hts-messages--info  hts-messages--withtitle hts-messages--withicon \"   >\r\n    \t\t\t<span class=\"hts-messages__title\">Le conseil hom\u00e9opathique<\/span>    \t\t\t    \t\t\t\t<p>\r\n    \t\t\t\t\t<a href=\"https:\/\/cpcms.fr\/guide-stage\/wp-content\/uploads\/2020\/02\/LES-INCONTOURNABLES-DU-CONSEIL-HOM\u00c9OPATHIQUE-.pdf\">Le conseil hom\u00e9opathique.pdf<\/a>    \t\t\t\t<\/p>\r\n    \t\t\t    \t\t\t\r\n    \t\t<\/div><!-- \/.ht-shortcodes-messages -->\r\n    \t\t\n    \t\t<div class=\"hts-messages hts-messages--info  hts-messages--withtitle hts-messages--withicon \"   >\r\n    \t\t\t<span class=\"hts-messages__title\">Liste des posologies.pdf<\/span>    \t\t\t    \t\t\t\t<p>\r\n    \t\t\t\t\t<a href=\"https:\/\/cpcms.fr\/guide-stage\/wp-content\/uploads\/2020\/02\/Liste-des-posologies-2019_2020_PH6.pdf\">Liste des posologies.pdf<\/a>    \t\t\t\t<\/p>\r\n    \t\t\t    \t\t\t\r\n    \t\t<\/div><!-- \/.ht-shortcodes-messages -->\r\n    \t\t\n    \t\t<div class=\"hts-messages hts-messages--info  hts-messages--withtitle hts-messages--withicon \"   >\r\n    \t\t\t<span class=\"hts-messages__title\">Tableau des stup\u00e9fiants<\/span>    \t\t\t    \t\t\t\t<p>\r\n    \t\t\t\t\t<a href=\"https:\/\/cpcms.fr\/guide-stage\/wp-content\/uploads\/2020\/02\/Tableau-des-stup\u00e9fiants.pdf\">Tableau des stup\u00e9fiants.pdf<\/a>    \t\t\t\t<\/p>\r\n    \t\t\t    \t\t\t\r\n    \t\t<\/div><!-- \/.ht-shortcodes-messages -->\r\n    \t\t\n    \t\t<div class=\"hts-messages hts-messages--info  hts-messages--withtitle hts-messages--withicon \"   >\r\n    \t\t\t<span class=\"hts-messages__title\">Tableau des assimil\u00e9s stup\u00e9fiants<\/span>    \t\t\t    \t\t\t\t<p>\r\n    \t\t\t\t\t<a href=\"https:\/\/cpcms.fr\/guide-stage\/wp-content\/uploads\/2020\/02\/Tableau-des-assimil\u00e9s-stup\u00e9fiants.pdf\">Tableau des assimil\u00e9s stup\u00e9fiants.pdf<\/a>    \t\t\t\t<\/p>\r\n    \t\t\t    \t\t\t\r\n    \t\t<\/div><!-- \/.ht-shortcodes-messages -->\r\n    \t\t\n\n\n<p><\/p>\n","protected":false},"excerpt":{"rendered":"","protected":false},"author":1,"featured_media":0,"parent":0,"menu_order":0,"comment_status":"closed","ping_status":"closed","template":"","meta":{"om_disable_all_campaigns":false,"_monsterinsights_skip_tracking":false,"_monsterinsights_sitenote_active":false,"_monsterinsights_sitenote_note":"","_monsterinsights_sitenote_category":0,"_uf_show_specific_survey":0,"_uf_disable_surveys":false,"footnotes":""},"aioseo_notices":[],"_links":{"self":[{"href":"https:\/\/cpcms.fr\/guide-stage\/wp-json\/wp\/v2\/pages\/124"}],"collection":[{"href":"https:\/\/cpcms.fr\/guide-stage\/wp-json\/wp\/v2\/pages"}],"about":[{"href":"https:\/\/cpcms.fr\/guide-stage\/wp-json\/wp\/v2\/types\/page"}],"author":[{"embeddable":true,"href":"https:\/\/cpcms.fr\/guide-stage\/wp-json\/wp\/v2\/users\/1"}],"replies":[{"embeddable":true,"href":"https:\/\/cpcms.fr\/guide-stage\/wp-json\/wp\/v2\/comments?post=124"}],"version-history":[{"count":15,"href":"https:\/\/cpcms.fr\/guide-stage\/wp-json\/wp\/v2\/pages\/124\/revisions"}],"predecessor-version":[{"id":316,"href":"https:\/\/cpcms.fr\/guide-stage\/wp-json\/wp\/v2\/pages\/124\/revisions\/316"}],"wp:attachment":[{"href":"https:\/\/cpcms.fr\/guide-stage\/wp-json\/wp\/v2\/media?parent=124"}],"curies":[{"name":"wp","href":"https:\/\/api.w.org\/{rel}","templated":true}]}}